{"id":40479,"date":"2026-04-08T23:21:36","date_gmt":"2026-04-08T21:21:36","guid":{"rendered":"https:\/\/www.linneelektronik.com\/utvalda-produkter-2\/"},"modified":"2026-04-08T23:21:36","modified_gmt":"2026-04-08T21:21:36","slug":"utvalda-produkter-2","status":"publish","type":"page","link":"https:\/\/www.linneelektronik.com\/da\/utvalda-produkter-2\/","title":{"rendered":"Udvalgte produkter"},"content":{"rendered":"        <section class=\"lp-hero\">\n            <div class=\"lp-container\">\n                                <h1>ELEKTRONIK TILL R\u00c4TT <span class=\"lp-accent\">PRIS<\/span><\/h1>\n                                                                    <a href=\"https:\/\/www.linneelektronik.com\/da\/butik\/\" class=\"lp-cta\">Se alla produkter &rarr;<\/a>\n                            <\/div>\n        <\/section>\n        \n<p>Vores team har h\u00e5ndplukket de bedste produkter i hver kategori. Her finder du produkter der udm\u00e6rker sig i kvalitet, ydeevne og v\u00e6rdi for pengene. Uanset om du leder efter de bedste budgethovedtelefoner eller det mest avancerede smartwatch \u2014 vi har gjort research for dig.<\/p>\n        <section class=\"lp-section\">\n            <div class=\"lp-container\">\n                \n                                                                                <div class=\"lp-products-grid\" style=\"grid-template-columns:repeat(4,1fr);\">\n                            <div class=\"lp-product-card\">\n            <a href=\"https:\/\/www.linneelektronik.com\/butik\/apple-airpods-pro-andra-generationen-2023-med-magsafe-fodral-usb-c\/\" class=\"lp-product-card__link\">\n                <div class=\"lp-product-card__img\">\n                    <img decoding=\"async\" src=\"https:\/\/www.linneelektronik.com\/wp-content\/uploads\/2025\/10\/163274250-298300434-11453-org-1-1-247x247.jpg\" alt=\"Apple AirPods Pro (andra generationen) 2023 med MagSafe-fodral (USB-C)\" loading=\"lazy\" \/>\n                <\/div>\n                <div class=\"lp-product-card__body\">\n                                            <div class=\"lp-product-card__category\">AirPods \u00b7 AirPods Pro \u00b7 Apple \u00b7 Hovedtelefoner \u00b7 In-Ear<\/div>\n                                        <div class=\"lp-product-card__name\">Apple AirPods Pro (andra generationen) 2023 med MagSafe-fodral (USB-C)<\/div>\n                                        <div class=\"lp-product-card__price-row\">\n                        <div class=\"lp-product-card__price\">\n                            1 582 <small>kr<\/small>\n                        <\/div>\n                                                    <span class=\"lwa-stock is-low\">\n                                <span class=\"lwa-stock__dot\"><\/span>\n                                F\u00e5 tilbage                            <\/span>\n                                            <\/div>\n                <\/div>\n                <span class=\"lp-product-card__btn\">Visa<\/span>\n            <\/a>\n            <div class=\"lp-product-card__dots\"><\/div>        <\/div>\n                <div class=\"lp-product-card\">\n            <a href=\"https:\/\/www.linneelektronik.com\/butik\/apple-airpods-4-active-noise-cancellation-wireless-in-ear\/\" class=\"lp-product-card__link\">\n                <div class=\"lp-product-card__img\">\n                    <img decoding=\"async\" src=\"https:\/\/www.linneelektronik.com\/wp-content\/uploads\/2025\/10\/195290293-337857416-11453-org-1-1-247x232.jpg\" alt=\"Apple AirPods 4 Active Noise Cancellation Wireless In-ear\" loading=\"lazy\" \/>\n                <\/div>\n                <div class=\"lp-product-card__body\">\n                                            <div class=\"lp-product-card__category\">AirPods \u00b7 AirPods 4 \u00b7 Apple \u00b7 Hovedtelefoner \u00b7 In-Ear<\/div>\n                                        <div class=\"lp-product-card__name\">Apple AirPods 4 Active Noise Cancellation Wireless In-ear<\/div>\n                                        <div class=\"lp-product-card__price-row\">\n                        <div class=\"lp-product-card__price\">\n                            1 298 <small>kr<\/small>\n                        <\/div>\n                                                    <span class=\"lwa-stock is-available\">\n                                <span class=\"lwa-stock__dot\"><\/span>\n                                P\u00e5 lager                            <\/span>\n                                            <\/div>\n                <\/div>\n                <span class=\"lp-product-card__btn\">Visa<\/span>\n            <\/a>\n            <div class=\"lp-product-card__dots\"><\/div>        <\/div>\n                <div class=\"lp-product-card\">\n            <a href=\"https:\/\/www.linneelektronik.com\/butik\/apple-airpods-andra-generation-med-lightning-laddningsetui\/\" class=\"lp-product-card__link\">\n                <div class=\"lp-product-card__img\">\n                    <img decoding=\"async\" src=\"https:\/\/www.linneelektronik.com\/wp-content\/uploads\/2025\/10\/163274019-298300416-11453-org-1-1-247x247.jpg\" alt=\"Apple AirPods (2nd Generation) Wireless In-ear med Lightning Laddningsetui\" loading=\"lazy\" \/>\n                <\/div>\n                <div class=\"lp-product-card__body\">\n                                            <div class=\"lp-product-card__category\">AirPods \u00b7 Apple \u00b7 Hovedtelefoner \u00b7 In-Ear<\/div>\n                                        <div class=\"lp-product-card__name\">Apple AirPods (2nd Generation) Wireless In-ear med Lightning Laddningsetui<\/div>\n                                        <div class=\"lp-product-card__price-row\">\n                        <div class=\"lp-product-card__price\">\n                            1 399 <small>kr<\/small>\n                        <\/div>\n                                                    <span class=\"lwa-stock is-available\">\n                                <span class=\"lwa-stock__dot\"><\/span>\n                                P\u00e5 lager                            <\/span>\n                                            <\/div>\n                <\/div>\n                <span class=\"lp-product-card__btn\">Visa<\/span>\n            <\/a>\n            <div class=\"lp-product-card__dots\"><\/div>        <\/div>\n                <div class=\"lp-product-card\">\n            <a href=\"https:\/\/www.linneelektronik.com\/butik\/apple-airpods-pro-3-2025-hp4\/\" class=\"lp-product-card__link\">\n                <div class=\"lp-product-card__img\">\n                    <img decoding=\"async\" src=\"https:\/\/www.linneelektronik.com\/wp-content\/uploads\/2025\/10\/15415649-1-247x247.jpg\" alt=\"Apple AirPods Pro 3 2025\" loading=\"lazy\" \/>\n                <\/div>\n                <div class=\"lp-product-card__body\">\n                                            <div class=\"lp-product-card__category\">AirPods \u00b7 AirPods Pro 3 \u00b7 Apple \u00b7 Hovedtelefoner \u00b7 In-Ear<\/div>\n                                        <div class=\"lp-product-card__name\">Apple AirPods Pro 3 2025<\/div>\n                                        <div class=\"lp-product-card__price-row\">\n                        <div class=\"lp-product-card__price\">\n                            1 793 <small>kr<\/small>\n                        <\/div>\n                                                    <span class=\"lwa-stock is-available\">\n                                <span class=\"lwa-stock__dot\"><\/span>\n                                P\u00e5 lager                            <\/span>\n                                            <\/div>\n                <\/div>\n                <span class=\"lp-product-card__btn\">Visa<\/span>\n            <\/a>\n            <div class=\"lp-product-card__dots\"><\/div>        <\/div>\n                <div class=\"lp-product-card\">\n            <a href=\"https:\/\/www.linneelektronik.com\/butik\/apple-airtag-4-pack\/\" class=\"lp-product-card__link\">\n                <div class=\"lp-product-card__img\">\n                    <img decoding=\"async\" src=\"https:\/\/www.linneelektronik.com\/wp-content\/uploads\/2025\/10\/197849328-348748586-11453-org-1-1-247x247.jpg\" alt=\"Apple AirTag 4-pack\" loading=\"lazy\" \/>\n                <\/div>\n                <div class=\"lp-product-card__body\">\n                                            <div class=\"lp-product-card__category\">AirTag \u00b7 Apple \u00b7 Tags \u00b7 Tillbeh\u00f6r<\/div>\n                                        <div class=\"lp-product-card__name\">Apple AirTag 4-pack<\/div>\n                                        <div class=\"lp-product-card__price-row\">\n                        <div class=\"lp-product-card__price\">\n                            692 <small>kr<\/small>\n                        <\/div>\n                                                    <span class=\"lwa-stock is-available\">\n                                <span class=\"lwa-stock__dot\"><\/span>\n                                P\u00e5 lager                            <\/span>\n                                            <\/div>\n                <\/div>\n                <span class=\"lp-product-card__btn\">Visa<\/span>\n            <\/a>\n            <div class=\"lp-product-card__dots\"><\/div>        <\/div>\n                <div class=\"lp-product-card\">\n            <a href=\"https:\/\/www.linneelektronik.com\/butik\/sony-playstation-5-pro-ps5-2tb\/\" class=\"lp-product-card__link\">\n                <div class=\"lp-product-card__img\">\n                    <img decoding=\"async\" src=\"https:\/\/www.linneelektronik.com\/wp-content\/uploads\/2025\/10\/13395263-1-247x213.jpg\" alt=\"Sony PlayStation 5 Pro (PS5) 2TB\" loading=\"lazy\" \/>\n                <\/div>\n                <div class=\"lp-product-card__body\">\n                                            <div class=\"lp-product-card__category\">PlayStation \u00b7 PlayStation 5 Pro \u00b7 Sony \u00b7 Spelkonsoller<\/div>\n                                        <div class=\"lp-product-card__name\">Sony PlayStation 5 Pro (PS5) 2TB<\/div>\n                                        <div class=\"lp-product-card__price-row\">\n                        <div class=\"lp-product-card__price\">\n                            6 859 <small>kr<\/small>\n                        <\/div>\n                                                    <span class=\"lwa-stock is-low\">\n                                <span class=\"lwa-stock__dot\"><\/span>\n                                F\u00e5 tilbage                            <\/span>\n                                            <\/div>\n                <\/div>\n                <span class=\"lp-product-card__btn\">Visa<\/span>\n            <\/a>\n            <div class=\"lp-product-card__dots\"><\/div>        <\/div>\n                <div class=\"lp-product-card\">\n            <a href=\"https:\/\/www.linneelektronik.com\/butik\/pokemon-inferno-x-box-japansk-4521329431529\/\" class=\"lp-product-card__link\">\n                <div class=\"lp-product-card__img\">\n                    <img decoding=\"async\" src=\"https:\/\/www.linneelektronik.com\/wp-content\/uploads\/2025\/10\/ok-ryutsu_4521329431529-1-247x247.jpg\" alt=\"POKEMON Inferno X Box Japansk - 4521329431529\" loading=\"lazy\" \/>\n                <\/div>\n                <div class=\"lp-product-card__body\">\n                                            <div class=\"lp-product-card__category\">Samlekort (TCG)<\/div>\n                                        <div class=\"lp-product-card__name\">POKEMON Inferno X Box Japansk - 4521329431529<\/div>\n                                        <div class=\"lp-product-card__price-row\">\n                        <div class=\"lp-product-card__price\">\n                            1 246 <small>kr<\/small>\n                        <\/div>\n                                                    <span class=\"lwa-stock is-available\">\n                                <span class=\"lwa-stock__dot\"><\/span>\n                                P\u00e5 lager                            <\/span>\n                                            <\/div>\n                <\/div>\n                <span class=\"lp-product-card__btn\">Visa<\/span>\n            <\/a>\n            <div class=\"lp-product-card__dots\"><\/div>        <\/div>\n                <div class=\"lp-product-card\">\n            <a href=\"https:\/\/www.linneelektronik.com\/butik\/apple-iphone-17-5g-8gb-ram-256gb-lila-lavender-mg6a4\/\" class=\"lp-product-card__link\">\n                <div class=\"lp-product-card__img\">\n                    <img decoding=\"async\" src=\"https:\/\/www.linneelektronik.com\/wp-content\/uploads\/2025\/10\/purple-1-247x247.jpg\" alt=\"Apple iPhone 17 256GB - Lila (eSIM)\" loading=\"lazy\" \/>\n                <\/div>\n                <div class=\"lp-product-card__body\">\n                                            <div class=\"lp-product-card__category\">Apple \u00b7 iPhone \u00b7 iPhone 17 \u00b7 Mobiltelefoner<\/div>\n                                        <div class=\"lp-product-card__name\">Apple iPhone 17 256GB - Lila (eSIM)<\/div>\n                                        <div class=\"lp-product-card__price-row\">\n                        <div class=\"lp-product-card__price\">\n                            7 254 <small>kr<\/small>\n                        <\/div>\n                                                    <span class=\"lwa-stock is-low\">\n                                <span class=\"lwa-stock__dot\"><\/span>\n                                F\u00e5 tilbage                            <\/span>\n                                            <\/div>\n                <\/div>\n                <span class=\"lp-product-card__btn\">Visa<\/span>\n            <\/a>\n            <div class=\"lp-product-card__dots\"><\/div>        <\/div>\n                <div class=\"lp-product-card\">\n            <a href=\"https:\/\/www.linneelektronik.com\/butik\/meta-quest-3s-256gb\/\" class=\"lp-product-card__link\">\n                <div class=\"lp-product-card__img\">\n                    <img decoding=\"async\" src=\"https:\/\/www.linneelektronik.com\/wp-content\/uploads\/2025\/10\/13791506-1-247x247.jpg\" alt=\"Meta Quest 3S 256GB\" loading=\"lazy\" \/>\n                <\/div>\n                <div class=\"lp-product-card__body\">\n                                            <div class=\"lp-product-card__category\">VR<\/div>\n                                        <div class=\"lp-product-card__name\">Meta Quest 3S 256GB<\/div>\n                                        <div class=\"lp-product-card__price-row\">\n                        <div class=\"lp-product-card__price\">\n                            3 203 <small>kr<\/small>\n                        <\/div>\n                                                    <span class=\"lwa-stock is-available\">\n                                <span class=\"lwa-stock__dot\"><\/span>\n                                P\u00e5 lager                            <\/span>\n                                            <\/div>\n                <\/div>\n                <span class=\"lp-product-card__btn\">Visa<\/span>\n            <\/a>\n            <div class=\"lp-product-card__dots\"><\/div>        <\/div>\n                <div class=\"lp-product-card\">\n            <a href=\"https:\/\/www.linneelektronik.com\/butik\/samsung-galaxy-s26-256gb-5g\/\" class=\"lp-product-card__link\">\n                <div class=\"lp-product-card__img\">\n                    <img decoding=\"async\" src=\"https:\/\/www.linneelektronik.com\/wp-content\/uploads\/samsung_s26_black_1-247x300.jpg\" alt=\"Samsung Galaxy S26 256GB 5G Svart\" loading=\"lazy\" \/>\n                <\/div>\n                <div class=\"lp-product-card__body\">\n                                            <div class=\"lp-product-card__category\">Galaxy S \u00b7 Galaxy S26 \u00b7 Mobiltelefoner \u00b7 Samsung<\/div>\n                                        <div class=\"lp-product-card__name\">Samsung Galaxy S26 256GB 5G Svart<\/div>\n                                        <div class=\"lp-product-card__price-row\">\n                        <div class=\"lp-product-card__price\">\n                            6 602 <small>kr<\/small>\n                        <\/div>\n                                                    <span class=\"lwa-stock is-available\">\n                                <span class=\"lwa-stock__dot\"><\/span>\n                                P\u00e5 lager                            <\/span>\n                                            <\/div>\n                <\/div>\n                <span class=\"lp-product-card__btn\">Visa<\/span>\n            <\/a>\n            <div class=\"lp-product-card__dots\"><\/div>        <\/div>\n                <div class=\"lp-product-card\">\n            <a href=\"https:\/\/www.linneelektronik.com\/butik\/sony-playstation-dualsense-svart-black-ps5\/\" class=\"lp-product-card__link\">\n                <div class=\"lp-product-card__img\">\n                    <img decoding=\"async\" src=\"https:\/\/www.linneelektronik.com\/wp-content\/uploads\/2025\/11\/Black-247x247.jpg\" alt=\"Sony PlayStation DualSense - Svart (Black) (PS5)\" loading=\"lazy\" \/>\n                <\/div>\n                <div class=\"lp-product-card__body\">\n                                            <div class=\"lp-product-card__category\">DualSense \u00b7 PlayStation \u00b7 PlayStation 5 \u00b7 Sony \u00b7 Spelkonsoller<\/div>\n                                        <div class=\"lp-product-card__name\">Sony PlayStation DualSense - Svart (Black) (PS5)<\/div>\n                                        <div class=\"lp-product-card__price-row\">\n                        <div class=\"lp-product-card__price\">\n                            550 <small>kr<\/small>\n                        <\/div>\n                                                    <span class=\"lwa-stock is-available\">\n                                <span class=\"lwa-stock__dot\"><\/span>\n                                P\u00e5 lager                            <\/span>\n                                            <\/div>\n                <\/div>\n                <span class=\"lp-product-card__btn\">Visa<\/span>\n            <\/a>\n            <div class=\"lp-product-card__dots\"><\/div>        <\/div>\n                <div class=\"lp-product-card\">\n            <a href=\"https:\/\/www.linneelektronik.com\/butik\/samsung-galaxy-trifold-161tb-svart-crafted-black-f9680\/\" class=\"lp-product-card__link\">\n                <div class=\"lp-product-card__img\">\n                    <img decoding=\"async\" src=\"https:\/\/www.linneelektronik.com\/wp-content\/uploads\/F9680-1TB-247x247.png\" alt=\"Samsung Galaxy Z TriFold 16+1TB - Svart (Crafted Black) F9680\" loading=\"lazy\" \/>\n                <\/div>\n                <div class=\"lp-product-card__body\">\n                                            <div class=\"lp-product-card__category\">Galaxy Z \u00b7 Galaxy Z TriFold \u00b7 Mobiltelefoner \u00b7 Samsung<\/div>\n                                        <div class=\"lp-product-card__name\">Samsung Galaxy Z TriFold 16+1TB - Svart (Crafted Black) F9680<\/div>\n                                        <div class=\"lp-product-card__price-row\">\n                        <div class=\"lp-product-card__price\">\n                            59 999 <small>kr<\/small>\n                        <\/div>\n                                                    <span class=\"lwa-stock is-low\">\n                                <span class=\"lwa-stock__dot\"><\/span>\n                                F\u00e5 tilbage                            <\/span>\n                                            <\/div>\n                <\/div>\n                <span class=\"lp-product-card__btn\">Visa<\/span>\n            <\/a>\n            <div class=\"lp-product-card__dots\"><\/div>        <\/div>\n                        <\/div>\n                                                \n                            <\/div>\n        <\/section>\n        \n        <section class=\"lp-trustpilot\" style=\"padding:30px 0;text-align:center;\">\n            <div class=\"lp-container\">\n                                <div class=\"trustpilot-widget\"\n                    data-locale=\"da-DK\"\n                    data-template-id=\"56278e9abfbbba0bdcd568bc\"\n                    data-businessunit-id=\"5f0713c40c72e600019c4542\"\n                    data-style-height=\"28px\"\n                    data-style-width=\"100%\"\n                    data-theme=\"light\"\n                    data-stars=\"4,5\">\n                    <a href=\"https:\/\/www.trustpilot.com\/review\/linneelektronik.com\" target=\"_blank\" rel=\"noopener\">Trustpilot<\/a>\n                <\/div>\n            <\/div>\n        <\/section>\n        <script type=\"text\/javascript\" src=\"\/\/widget.trustpilot.com\/bootstrap\/v5\/tp.widget.bootstrap.min.js\" async><\/script>\n        \n","protected":false},"excerpt":{"rendered":"<p>Vores team har h\u00e5ndplukket de bedste produkter i hver kategori. Her finder du produkter der udm\u00e6rker sig i kvalitet, ydeevne og v\u00e6rdi for pengene. Uanset om du leder efter de bedste budgethovedtelefoner eller det mest avancerede smartwatch \u2014 vi har gjort research for dig.<\/p>\n","protected":false},"author":0,"featured_media":0,"parent":0,"menu_order":0,"comment_status":"closed","ping_status":"closed","template":"","meta":{"_uag_custom_page_level_css":"","footnotes":""},"class_list":["post-40479","page","type-page","status-publish","hentry"],"aioseo_notices":[],"uagb_featured_image_src":{"full":false,"thumbnail":false,"medium":false,"medium_large":false,"large":false,"1536x1536":false,"2048x2048":false,"woocommerce_thumbnail":false,"woocommerce_single":false,"woocommerce_gallery_thumbnail":false},"uagb_author_info":{"display_name":"Lasse p\u00e5 Linn\u00e9 Elektronikhandel","author_link":"https:\/\/www.linneelektronik.com\/da\/author\/"},"uagb_comment_info":0,"uagb_excerpt":"Vores team har h\u00e5ndplukket de bedste produkter i hver kategori. Her finder du produkter der udm\u00e6rker sig i kvalitet, ydeevne og v\u00e6rdi for pengene. Uanset om du leder efter de bedste budgethovedtelefoner eller det mest avancerede smartwatch \u2014 vi har gjort research for dig.","jetpack_sharing_enabled":true,"_links":{"self":[{"href":"https:\/\/www.linneelektronik.com\/da\/wp-json\/wp\/v2\/pages\/40479","targetHints":{"allow":["GET"]}}],"collection":[{"href":"https:\/\/www.linneelektronik.com\/da\/wp-json\/wp\/v2\/pages"}],"about":[{"href":"https:\/\/www.linneelektronik.com\/da\/wp-json\/wp\/v2\/types\/page"}],"replies":[{"embeddable":true,"href":"https:\/\/www.linneelektronik.com\/da\/wp-json\/wp\/v2\/comments?post=40479"}],"version-history":[{"count":0,"href":"https:\/\/www.linneelektronik.com\/da\/wp-json\/wp\/v2\/pages\/40479\/revisions"}],"wp:attachment":[{"href":"https:\/\/www.linneelektronik.com\/da\/wp-json\/wp\/v2\/media?parent=40479"}],"curies":[{"name":"wp","href":"https:\/\/api.w.org\/{rel}","templated":true}]}}