{"id":41396,"date":"2026-04-11T19:00:06","date_gmt":"2026-04-11T17:00:06","guid":{"rendered":"https:\/\/www.linneelektronik.com\/samsung-2\/galaxy-buds\/"},"modified":"2026-04-11T21:46:14","modified_gmt":"2026-04-11T19:46:14","slug":"galaxy-buds","status":"publish","type":"page","link":"https:\/\/www.linneelektronik.com\/da\/samsung-2\/horlurar\/galaxy-buds\/","title":{"rendered":"Samsung Galaxy Buds"},"content":{"rendered":"<h1>Samsung Galaxy Buds<\/h1>\n<p>Samsung Galaxy Buds hos Linn\u00e9 Elektronik. 30 dagars \u00f6ppet k\u00f6p och fri frakt \u00f6ver 1 000 kr.<\/p>\n        <section class=\"lp-section\">\n            <div class=\"lp-container\">\n                                    <div class=\"lp-section__header\">\n                        <h2>V\u00e4lj din <span class=\"lp-accent\">modell<\/span><\/h2>\n                                                    <p>Alla varianter och f\u00e4rger<\/p>\n                                                <div class=\"lp-section__divider\"><\/div>\n                    <\/div>\n                \n                                                                                <div class=\"lp-products-grid\" style=\"grid-template-columns:repeat(4,1fr);\">\n                                    <\/div>\n                                                                <div style=\"margin-top:32px;padding-top:24px;border-top:2px solid #e5e7eb;opacity:0.7\">\n                    <div class=\"lp-section__header\" style=\"margin-bottom:16px\">\n                        <h3 style=\"font-size:18px;color:#9ca3af\">Udsolgte<\/h3>\n                        <p style=\"font-size:13px;color:#9ca3af\">Disse varianter er ikke p\u00e5 lager lige nu<\/p>\n                    <\/div>\n                    <div class=\"lp-products-grid\" style=\"grid-template-columns:repeat(4,1fr);\">\n                                <div class=\"lp-product-card\">\n            <a href=\"https:\/\/www.linneelektronik.com\/da\/butik\/samsung-galaxy-buds3-hvid-white-r530\/\" class=\"lp-product-card__link\">\n                <div class=\"lp-product-card__img\">\n                    <img decoding=\"async\" src=\"https:\/\/www.linneelektronik.com\/wp-content\/uploads\/2025\/10\/2-2-247x185.webp\" alt=\"Samsung Galaxy Buds3 - Hvid (White) R530\" loading=\"lazy\" \/>\n                <\/div>\n                <div class=\"lp-product-card__body\">\n                                            <div class=\"lp-product-card__category\">Hovedtelefoner \u00b7 In-Ear<\/div>\n                                        <div class=\"lp-product-card__name\">Samsung Galaxy Buds3 - Hvid (White) R530<\/div>\n                                        <div class=\"lp-product-card__price-row\">\n                        <div class=\"lp-product-card__price\">\n                            679 <small>kr<\/small>\n                        <\/div>\n                                                    <span class=\"lwa-stock is-out\">\n                                <span class=\"lwa-stock__dot\"><\/span>\n                                Slut                            <\/span>\n                                            <\/div>\n                <\/div>\n                <span class=\"lp-product-card__btn\">Visa<\/span>\n            <\/a>\n            <div class=\"lp-product-card__dots\"><div class=\"lwa-catalog-color-dots\"><a class=\"lwa-catalog-dot is-current is-out-of-stock\" href=\"https:\/\/www.linneelektronik.com\/da\/butik\/samsung-galaxy-buds3-hvid-white-r530\/\" title=\"Hvid\"><img loading=\"lazy\" decoding=\"async\" width=\"32\" height=\"32\" src=\"https:\/\/www.linneelektronik.com\/wp-content\/uploads\/2025\/10\/2-2-100x100.webp\" class=\"lwa-catalog-dot__img\" alt=\"\" srcset=\"https:\/\/www.linneelektronik.com\/wp-content\/uploads\/2025\/10\/2-2-100x100.webp 100w, https:\/\/www.linneelektronik.com\/wp-content\/uploads\/2025\/10\/2-2-150x150.webp 150w\" sizes=\"auto, (max-width: 32px) 100vw, 32px\" \/><\/a><a class=\"lwa-catalog-dot is-out-of-stock\" href=\"https:\/\/www.linneelektronik.com\/da\/butik\/samsung-galaxy-buds3-soelv-silver-r530\/\" title=\"S\u00f8lv\"><img loading=\"lazy\" decoding=\"async\" width=\"32\" height=\"32\" src=\"https:\/\/www.linneelektronik.com\/wp-content\/uploads\/2025\/10\/2-1-1-100x100.jpg\" class=\"lwa-catalog-dot__img\" alt=\"\" srcset=\"https:\/\/www.linneelektronik.com\/wp-content\/uploads\/2025\/10\/2-1-1-100x100.jpg 100w, https:\/\/www.linneelektronik.com\/wp-content\/uploads\/2025\/10\/2-1-1-247x251.jpg 247w, https:\/\/www.linneelektronik.com\/wp-content\/uploads\/2025\/10\/2-1-1-510x518.jpg 510w, https:\/\/www.linneelektronik.com\/wp-content\/uploads\/2025\/10\/2-1-1.jpg 591w\" sizes=\"auto, (max-width: 32px) 100vw, 32px\" \/><\/a><\/div><\/div>        <\/div>\n                <div class=\"lp-product-card\">\n            <a href=\"https:\/\/www.linneelektronik.com\/da\/butik\/samsung-galaxy-buds3-solv-silver-r530-kopia\/\" class=\"lp-product-card__link\">\n                <div class=\"lp-product-card__img\">\n                    <img decoding=\"async\" src=\"https:\/\/www.linneelektronik.com\/wp-content\/uploads\/2025\/10\/2-1-1-247x251.jpg\" alt=\"Samsung Galaxy Buds3 \u2013 S\u00f8lv (Silver) R530\" loading=\"lazy\" \/>\n                <\/div>\n                <div class=\"lp-product-card__body\">\n                                            <div class=\"lp-product-card__category\">Hovedtelefoner \u00b7 Open Box<\/div>\n                                        <div class=\"lp-product-card__name\">Samsung Galaxy Buds3 \u2013 S\u00f8lv (Silver) R530<\/div>\n                                        <div class=\"lp-product-card__fynd\">\n                        <span class=\"lp-product-card__fynd-badge lp-product-card__fynd-grade-0\">Tilbudsprodukt \u2013 \u00c5bnet emballage<\/span>\n                        <span class=\"lp-product-card__fynd-desc\">\u00c5bnet eller returneret vare i ny-tilstand. Kontrolleret og testet.<\/span>\n                    <\/div>\n                                        <div class=\"lp-product-card__price-row\">\n                        <div class=\"lp-product-card__price\">\n                            724 <small>kr<\/small>\n                        <\/div>\n                                                    <span class=\"lwa-stock is-out\">\n                                <span class=\"lwa-stock__dot\"><\/span>\n                                Slut                            <\/span>\n                                            <\/div>\n                <\/div>\n                <span class=\"lp-product-card__btn\">Visa<\/span>\n            <\/a>\n            <div class=\"lp-product-card__dots\"><\/div>        <\/div>\n                <div class=\"lp-product-card\">\n            <a href=\"https:\/\/www.linneelektronik.com\/da\/butik\/samsung-galaxy-buds3-soelv-silver-r530\/\" class=\"lp-product-card__link\">\n                <div class=\"lp-product-card__img\">\n                    <img decoding=\"async\" src=\"https:\/\/www.linneelektronik.com\/wp-content\/uploads\/2025\/10\/2-1-1-247x251.jpg\" alt=\"Samsung Galaxy Buds3 \u2013 S\u00f8lv (Silver) R530\" loading=\"lazy\" \/>\n                <\/div>\n                <div class=\"lp-product-card__body\">\n                                            <div class=\"lp-product-card__category\">Hovedtelefoner \u00b7 In-Ear<\/div>\n                                        <div class=\"lp-product-card__name\">Samsung Galaxy Buds3 \u2013 S\u00f8lv (Silver) R530<\/div>\n                                        <div class=\"lp-product-card__price-row\">\n                        <div class=\"lp-product-card__price\">\n                            749 <small>kr<\/small>\n                        <\/div>\n                                                    <span class=\"lwa-stock is-out\">\n                                <span class=\"lwa-stock__dot\"><\/span>\n                                Slut                            <\/span>\n                                            <\/div>\n                <\/div>\n                <span class=\"lp-product-card__btn\">Visa<\/span>\n            <\/a>\n            <div class=\"lp-product-card__dots\"><div class=\"lwa-catalog-color-dots\"><a class=\"lwa-catalog-dot is-out-of-stock\" href=\"https:\/\/www.linneelektronik.com\/da\/butik\/samsung-galaxy-buds3-hvid-white-r530\/\" title=\"Hvid\"><img loading=\"lazy\" decoding=\"async\" width=\"32\" height=\"32\" src=\"https:\/\/www.linneelektronik.com\/wp-content\/uploads\/2025\/10\/2-2-100x100.webp\" class=\"lwa-catalog-dot__img\" alt=\"\" srcset=\"https:\/\/www.linneelektronik.com\/wp-content\/uploads\/2025\/10\/2-2-100x100.webp 100w, https:\/\/www.linneelektronik.com\/wp-content\/uploads\/2025\/10\/2-2-150x150.webp 150w\" sizes=\"auto, (max-width: 32px) 100vw, 32px\" \/><\/a><a class=\"lwa-catalog-dot is-current is-out-of-stock\" href=\"https:\/\/www.linneelektronik.com\/da\/butik\/samsung-galaxy-buds3-soelv-silver-r530\/\" title=\"S\u00f8lv\"><img loading=\"lazy\" decoding=\"async\" width=\"32\" height=\"32\" src=\"https:\/\/www.linneelektronik.com\/wp-content\/uploads\/2025\/10\/2-1-1-100x100.jpg\" class=\"lwa-catalog-dot__img\" alt=\"\" srcset=\"https:\/\/www.linneelektronik.com\/wp-content\/uploads\/2025\/10\/2-1-1-100x100.jpg 100w, https:\/\/www.linneelektronik.com\/wp-content\/uploads\/2025\/10\/2-1-1-247x251.jpg 247w, https:\/\/www.linneelektronik.com\/wp-content\/uploads\/2025\/10\/2-1-1-510x518.jpg 510w, https:\/\/www.linneelektronik.com\/wp-content\/uploads\/2025\/10\/2-1-1.jpg 591w\" sizes=\"auto, (max-width: 32px) 100vw, 32px\" \/><\/a><\/div><\/div>        <\/div>\n                <div class=\"lp-product-card\">\n            <a href=\"https:\/\/www.linneelektronik.com\/da\/butik\/samsung-galaxy-buds3-pro-solv-solv-r630\/\" class=\"lp-product-card__link\">\n                <div class=\"lp-product-card__img\">\n                    <img decoding=\"async\" src=\"https:\/\/www.linneelektronik.com\/wp-content\/uploads\/2025\/10\/1-4-247x251.jpg\" alt=\"Samsung Galaxy Buds3 Pro - S\u00f8lv (S\u00f8lv) R630\" loading=\"lazy\" \/>\n                <\/div>\n                <div class=\"lp-product-card__body\">\n                                            <div class=\"lp-product-card__category\">Hovedtelefoner \u00b7 In-Ear<\/div>\n                                        <div class=\"lp-product-card__name\">Samsung Galaxy Buds3 Pro - S\u00f8lv (S\u00f8lv) R630<\/div>\n                                        <div class=\"lp-product-card__price-row\">\n                        <div class=\"lp-product-card__price\">\n                            1 145 <small>kr<\/small>\n                        <\/div>\n                                                    <span class=\"lwa-stock is-out\">\n                                <span class=\"lwa-stock__dot\"><\/span>\n                                Slut                            <\/span>\n                                            <\/div>\n                <\/div>\n                <span class=\"lp-product-card__btn\">Visa<\/span>\n            <\/a>\n            <div class=\"lp-product-card__dots\"><\/div>        <\/div>\n                <div class=\"lp-product-card\">\n            <a href=\"https:\/\/www.linneelektronik.com\/da\/butik\/samsung-galaxy-buds3-pro-vit-white-r630\/\" class=\"lp-product-card__link\">\n                <div class=\"lp-product-card__img\">\n                    <img decoding=\"async\" src=\"https:\/\/www.linneelektronik.com\/wp-content\/uploads\/2025\/10\/1-5-247x247.jpg\" alt=\"Samsung Galaxy Buds3 Pro - Hvid (White) R630\" loading=\"lazy\" \/>\n                <\/div>\n                <div class=\"lp-product-card__body\">\n                                            <div class=\"lp-product-card__category\">Hovedtelefoner \u00b7 In-Ear<\/div>\n                                        <div class=\"lp-product-card__name\">Samsung Galaxy Buds3 Pro - Hvid (White) R630<\/div>\n                                        <div class=\"lp-product-card__price-row\">\n                        <div class=\"lp-product-card__price\">\n                            1 215 <small>kr<\/small>\n                        <\/div>\n                                                    <span class=\"lwa-stock is-out\">\n                                <span class=\"lwa-stock__dot\"><\/span>\n                                Slut                            <\/span>\n                                            <\/div>\n                <\/div>\n                <span class=\"lp-product-card__btn\">Visa<\/span>\n            <\/a>\n            <div class=\"lp-product-card__dots\"><\/div>        <\/div>\n                            <\/div>\n                <\/div>\n                \n                            <\/div>\n        <\/section>\n        \n        <section class=\"lp-trust\">\n            <div class=\"lp-container\">\n                <h2>Varf\u00f6r handla hos Linn\u00e9?<\/h2>\n                                    <p class=\"lp-trust__text\">Vi erbjuder elektronik till konkurrenskraftiga priser med snabb leverans fr\u00e5n v\u00e5rt lager i G\u00f6teborg.<\/p>\n                                <div class=\"lp-trust__usps\">\n                                            <div class=\"lp-trust__usp\">\n                            <span class=\"lp-trust__check\">&#10003;<\/span>\n                            Hurtig levering                        <\/div>\n                                            <div class=\"lp-trust__usp\">\n                            <span class=\"lp-trust__check\">&#10003;<\/span>\n                            Bestil f\u00f8r 14:00 \u2014 sendes samme dag                        <\/div>\n                                            <div class=\"lp-trust__usp\">\n                            <span class=\"lp-trust__check\">&#10003;<\/span>\n                            30 dages \u00e5bent k\u00f8b                        <\/div>\n                                            <div class=\"lp-trust__usp\">\n                            <span class=\"lp-trust__check\">&#10003;<\/span>\n                            Sikker betaling                        <\/div>\n                                    <\/div>\n                                    <a href=\"https:\/\/www.linneelektronik.com\/da\/butik\/\" class=\"lp-cta\">Utforska hela sortimentet &rarr;<\/a>\n                            <\/div>\n        <\/section>\n        \n","protected":false},"excerpt":{"rendered":"<p>Samsung Galaxy Buds Samsung Galaxy Buds hos Linn\u00e9 Elektronik. 30 dagars \u00f6ppet k\u00f6p och fri frakt \u00f6ver 1 000 kr.<\/p>\n","protected":false},"author":2,"featured_media":0,"parent":41515,"menu_order":0,"comment_status":"closed","ping_status":"closed","template":"","meta":{"_uag_custom_page_level_css":"","footnotes":""},"class_list":["post-41396","page","type-page","status-publish","hentry"],"aioseo_notices":[],"uagb_featured_image_src":{"full":false,"thumbnail":false,"medium":false,"medium_large":false,"large":false,"1536x1536":false,"2048x2048":false,"woocommerce_thumbnail":false,"woocommerce_single":false,"woocommerce_gallery_thumbnail":false},"uagb_author_info":{"display_name":"Marcus","author_link":"https:\/\/www.linneelektronik.com\/da\/author\/marcus\/"},"uagb_comment_info":0,"uagb_excerpt":"Samsung Galaxy Buds Samsung Galaxy Buds hos Linn\u00e9 Elektronik. 30 dagars \u00f6ppet k\u00f6p och fri frakt \u00f6ver 1 000 kr.","jetpack_sharing_enabled":true,"_links":{"self":[{"href":"https:\/\/www.linneelektronik.com\/da\/wp-json\/wp\/v2\/pages\/41396","targetHints":{"allow":["GET"]}}],"collection":[{"href":"https:\/\/www.linneelektronik.com\/da\/wp-json\/wp\/v2\/pages"}],"about":[{"href":"https:\/\/www.linneelektronik.com\/da\/wp-json\/wp\/v2\/types\/page"}],"author":[{"embeddable":true,"href":"https:\/\/www.linneelektronik.com\/da\/wp-json\/wp\/v2\/users\/2"}],"replies":[{"embeddable":true,"href":"https:\/\/www.linneelektronik.com\/da\/wp-json\/wp\/v2\/comments?post=41396"}],"version-history":[{"count":0,"href":"https:\/\/www.linneelektronik.com\/da\/wp-json\/wp\/v2\/pages\/41396\/revisions"}],"up":[{"embeddable":true,"href":"https:\/\/www.linneelektronik.com\/da\/wp-json\/wp\/v2\/pages\/41515"}],"wp:attachment":[{"href":"https:\/\/www.linneelektronik.com\/da\/wp-json\/wp\/v2\/media?parent=41396"}],"curies":[{"name":"wp","href":"https:\/\/api.w.org\/{rel}","templated":true}]}}