{"id":41402,"date":"2026-04-11T19:00:01","date_gmt":"2026-04-11T17:00:01","guid":{"rendered":"https:\/\/www.linneelektronik.com\/samsung-2\/galaxy-s25-ultra\/"},"modified":"2026-04-11T21:46:14","modified_gmt":"2026-04-11T19:46:14","slug":"galaxy-s25-ultra","status":"publish","type":"page","link":"https:\/\/www.linneelektronik.com\/da\/samsung-2\/mobiltelefoner\/galaxy-s25-ultra\/","title":{"rendered":"Samsung Galaxy S25 Ultra"},"content":{"rendered":"<h1>Samsung Galaxy S25 Ultra<\/h1>\n<p>Samsung Galaxy S25 Ultra hos Linn\u00e9 Elektronik. 30 dagars \u00f6ppet k\u00f6p och fri frakt \u00f6ver 1 000 kr.<\/p>\n        <section class=\"lp-section\">\n            <div class=\"lp-container\">\n                                    <div class=\"lp-section__header\">\n                        <h2>V\u00e4lj din <span class=\"lp-accent\">modell<\/span><\/h2>\n                                                    <p>Alla varianter och f\u00e4rger<\/p>\n                                                <div class=\"lp-section__divider\"><\/div>\n                    <\/div>\n                \n                                                                                <div class=\"lp-products-grid\" style=\"grid-template-columns:repeat(4,1fr);\">\n                            <div class=\"lp-product-card\">\n            <a href=\"https:\/\/www.linneelektronik.com\/da\/butik\/samsung-galaxy-s25-ultra-5g-12gb-ram-4\/\" class=\"lp-product-card__link\">\n                <div class=\"lp-product-card__img\">\n                    <img decoding=\"async\" src=\"https:\/\/www.linneelektronik.com\/wp-content\/uploads\/2025\/10\/13866328-2-1-247x247.jpg\" alt=\"Samsung Galaxy S25 Ultra 5G 12+512GB - Sort\" loading=\"lazy\" \/>\n                <\/div>\n                <div class=\"lp-product-card__body\">\n                                            <div class=\"lp-product-card__category\">Mobiltelefoner<\/div>\n                                        <div class=\"lp-product-card__name\">Samsung Galaxy S25 Ultra 5G 12+512GB - Sort<\/div>\n                                        <div class=\"lp-product-card__price-row\">\n                        <div class=\"lp-product-card__price\">\n                            8 621 <small>kr<\/small>\n                        <\/div>\n                                                    <span class=\"lwa-stock is-low\">\n                                <span class=\"lwa-stock__dot\"><\/span>\n                                F\u00e5 tilbage                            <\/span>\n                                            <\/div>\n                <\/div>\n                <span class=\"lp-product-card__btn\">Visa<\/span>\n            <\/a>\n            <div class=\"lp-product-card__dots\"><div class=\"lwa-catalog-color-dots\"><a class=\"lwa-catalog-dot is-current\" href=\"https:\/\/www.linneelektronik.com\/da\/butik\/samsung-galaxy-s25-ultra-5g-12gb-ram-4\/\" title=\"Sort\"><img loading=\"lazy\" decoding=\"async\" width=\"32\" height=\"32\" src=\"https:\/\/www.linneelektronik.com\/wp-content\/uploads\/2025\/10\/13866328-2-1-100x100.jpg\" class=\"lwa-catalog-dot__img\" alt=\"\" srcset=\"https:\/\/www.linneelektronik.com\/wp-content\/uploads\/2025\/10\/13866328-2-1-100x100.jpg 100w, https:\/\/www.linneelektronik.com\/wp-content\/uploads\/2025\/10\/13866328-2-1-247x247.jpg 247w, https:\/\/www.linneelektronik.com\/wp-content\/uploads\/2025\/10\/13866328-2-1-510x510.jpg 510w, https:\/\/www.linneelektronik.com\/wp-content\/uploads\/2025\/10\/13866328-2-1-300x300.jpg 300w, https:\/\/www.linneelektronik.com\/wp-content\/uploads\/2025\/10\/13866328-2-1-150x150.jpg 150w, https:\/\/www.linneelektronik.com\/wp-content\/uploads\/2025\/10\/13866328-2-1.jpg 599w\" sizes=\"auto, (max-width: 32px) 100vw, 32px\" \/><\/a><a class=\"lwa-catalog-dot is-out-of-stock\" href=\"https:\/\/www.linneelektronik.com\/da\/butik\/samsung-galaxy-s25-ultra-12256gb-jet-svart-jet-black-s938\/\" title=\"Jet Black\"><img loading=\"lazy\" decoding=\"async\" width=\"32\" height=\"32\" src=\"https:\/\/www.linneelektronik.com\/wp-content\/uploads\/2025\/10\/13866328-2-1-100x100.jpg\" class=\"lwa-catalog-dot__img\" alt=\"\" srcset=\"https:\/\/www.linneelektronik.com\/wp-content\/uploads\/2025\/10\/13866328-2-1-100x100.jpg 100w, https:\/\/www.linneelektronik.com\/wp-content\/uploads\/2025\/10\/13866328-2-1-247x247.jpg 247w, https:\/\/www.linneelektronik.com\/wp-content\/uploads\/2025\/10\/13866328-2-1-510x510.jpg 510w, https:\/\/www.linneelektronik.com\/wp-content\/uploads\/2025\/10\/13866328-2-1-300x300.jpg 300w, https:\/\/www.linneelektronik.com\/wp-content\/uploads\/2025\/10\/13866328-2-1-150x150.jpg 150w, https:\/\/www.linneelektronik.com\/wp-content\/uploads\/2025\/10\/13866328-2-1.jpg 599w\" sizes=\"auto, (max-width: 32px) 100vw, 32px\" \/><\/a><a class=\"lwa-catalog-dot is-out-of-stock\" href=\"https:\/\/www.linneelektronik.com\/da\/butik\/samsung-galaxy-s25-ultra-5g-12gb-ram-2\/\" title=\"Bl\u00e5\"><img loading=\"lazy\" decoding=\"async\" width=\"32\" height=\"32\" src=\"https:\/\/www.linneelektronik.com\/wp-content\/uploads\/2025\/10\/201694020-358642104-11453-org-1-1-100x100.jpg\" class=\"lwa-catalog-dot__img\" alt=\"\" srcset=\"https:\/\/www.linneelektronik.com\/wp-content\/uploads\/2025\/10\/201694020-358642104-11453-org-1-1-100x100.jpg 100w, https:\/\/www.linneelektronik.com\/wp-content\/uploads\/2025\/10\/201694020-358642104-11453-org-1-1-247x247.jpg 247w, https:\/\/www.linneelektronik.com\/wp-content\/uploads\/2025\/10\/201694020-358642104-11453-org-1-1-510x510.jpg 510w, https:\/\/www.linneelektronik.com\/wp-content\/uploads\/2025\/10\/201694020-358642104-11453-org-1-1-300x300.jpg 300w, https:\/\/www.linneelektronik.com\/wp-content\/uploads\/2025\/10\/201694020-358642104-11453-org-1-1-150x150.jpg 150w, https:\/\/www.linneelektronik.com\/wp-content\/uploads\/2025\/10\/201694020-358642104-11453-org-1-1.jpg 748w\" sizes=\"auto, (max-width: 32px) 100vw, 32px\" \/><\/a><span class=\"lwa-catalog-dot lwa-catalog-dot--more\">+1<\/span><\/div><\/div>        <\/div>\n                        <\/div>\n                                                                <div style=\"margin-top:32px;padding-top:24px;border-top:2px solid #e5e7eb;opacity:0.7\">\n                    <div class=\"lp-section__header\" style=\"margin-bottom:16px\">\n                        <h3 style=\"font-size:18px;color:#9ca3af\">Udsolgte<\/h3>\n                        <p style=\"font-size:13px;color:#9ca3af\">Disse varianter er ikke p\u00e5 lager lige nu<\/p>\n                    <\/div>\n                    <div class=\"lp-products-grid\" style=\"grid-template-columns:repeat(4,1fr);\">\n                                <div class=\"lp-product-card\">\n            <a href=\"https:\/\/www.linneelektronik.com\/da\/butik\/samsung-galaxy-s25-ultra-12256gb-jet-svart-jet-black-s938\/\" class=\"lp-product-card__link\">\n                <div class=\"lp-product-card__img\">\n                    <img decoding=\"async\" src=\"https:\/\/www.linneelektronik.com\/wp-content\/uploads\/2025\/10\/13866328-2-1-247x247.jpg\" alt=\"Samsung Galaxy S25 Ultra 12+256GB - Jet Svart\" loading=\"lazy\" \/>\n                <\/div>\n                <div class=\"lp-product-card__body\">\n                                            <div class=\"lp-product-card__category\">Mobiltelefoner<\/div>\n                                        <div class=\"lp-product-card__name\">Samsung Galaxy S25 Ultra 12+256GB - Jet Svart<\/div>\n                                        <div class=\"lp-product-card__price-row\">\n                        <div class=\"lp-product-card__price\">\n                            7 589 <small>kr<\/small>\n                        <\/div>\n                                                    <span class=\"lwa-stock is-out\">\n                                <span class=\"lwa-stock__dot\"><\/span>\n                                Slut                            <\/span>\n                                            <\/div>\n                <\/div>\n                <span class=\"lp-product-card__btn\">Visa<\/span>\n            <\/a>\n            <div class=\"lp-product-card__dots\"><div class=\"lwa-catalog-color-dots\"><a class=\"lwa-catalog-dot\" href=\"https:\/\/www.linneelektronik.com\/da\/butik\/samsung-galaxy-s25-ultra-5g-12gb-ram-4\/\" title=\"Sort\"><img loading=\"lazy\" decoding=\"async\" width=\"32\" height=\"32\" src=\"https:\/\/www.linneelektronik.com\/wp-content\/uploads\/2025\/10\/13866328-2-1-100x100.jpg\" class=\"lwa-catalog-dot__img\" alt=\"\" srcset=\"https:\/\/www.linneelektronik.com\/wp-content\/uploads\/2025\/10\/13866328-2-1-100x100.jpg 100w, https:\/\/www.linneelektronik.com\/wp-content\/uploads\/2025\/10\/13866328-2-1-247x247.jpg 247w, https:\/\/www.linneelektronik.com\/wp-content\/uploads\/2025\/10\/13866328-2-1-510x510.jpg 510w, https:\/\/www.linneelektronik.com\/wp-content\/uploads\/2025\/10\/13866328-2-1-300x300.jpg 300w, https:\/\/www.linneelektronik.com\/wp-content\/uploads\/2025\/10\/13866328-2-1-150x150.jpg 150w, https:\/\/www.linneelektronik.com\/wp-content\/uploads\/2025\/10\/13866328-2-1.jpg 599w\" sizes=\"auto, (max-width: 32px) 100vw, 32px\" \/><\/a><a class=\"lwa-catalog-dot is-current is-out-of-stock\" href=\"https:\/\/www.linneelektronik.com\/da\/butik\/samsung-galaxy-s25-ultra-12256gb-jet-svart-jet-black-s938\/\" title=\"Jet Black\"><img loading=\"lazy\" decoding=\"async\" width=\"32\" height=\"32\" src=\"https:\/\/www.linneelektronik.com\/wp-content\/uploads\/2025\/10\/13866328-2-1-100x100.jpg\" class=\"lwa-catalog-dot__img\" alt=\"\" srcset=\"https:\/\/www.linneelektronik.com\/wp-content\/uploads\/2025\/10\/13866328-2-1-100x100.jpg 100w, https:\/\/www.linneelektronik.com\/wp-content\/uploads\/2025\/10\/13866328-2-1-247x247.jpg 247w, https:\/\/www.linneelektronik.com\/wp-content\/uploads\/2025\/10\/13866328-2-1-510x510.jpg 510w, https:\/\/www.linneelektronik.com\/wp-content\/uploads\/2025\/10\/13866328-2-1-300x300.jpg 300w, https:\/\/www.linneelektronik.com\/wp-content\/uploads\/2025\/10\/13866328-2-1-150x150.jpg 150w, https:\/\/www.linneelektronik.com\/wp-content\/uploads\/2025\/10\/13866328-2-1.jpg 599w\" sizes=\"auto, (max-width: 32px) 100vw, 32px\" \/><\/a><a class=\"lwa-catalog-dot is-out-of-stock\" href=\"https:\/\/www.linneelektronik.com\/da\/butik\/samsung-galaxy-s25-ultra-5g-12gb-ram-2\/\" title=\"Bl\u00e5\"><img loading=\"lazy\" decoding=\"async\" width=\"32\" height=\"32\" src=\"https:\/\/www.linneelektronik.com\/wp-content\/uploads\/2025\/10\/201694020-358642104-11453-org-1-1-100x100.jpg\" class=\"lwa-catalog-dot__img\" alt=\"\" srcset=\"https:\/\/www.linneelektronik.com\/wp-content\/uploads\/2025\/10\/201694020-358642104-11453-org-1-1-100x100.jpg 100w, https:\/\/www.linneelektronik.com\/wp-content\/uploads\/2025\/10\/201694020-358642104-11453-org-1-1-247x247.jpg 247w, https:\/\/www.linneelektronik.com\/wp-content\/uploads\/2025\/10\/201694020-358642104-11453-org-1-1-510x510.jpg 510w, https:\/\/www.linneelektronik.com\/wp-content\/uploads\/2025\/10\/201694020-358642104-11453-org-1-1-300x300.jpg 300w, https:\/\/www.linneelektronik.com\/wp-content\/uploads\/2025\/10\/201694020-358642104-11453-org-1-1-150x150.jpg 150w, https:\/\/www.linneelektronik.com\/wp-content\/uploads\/2025\/10\/201694020-358642104-11453-org-1-1.jpg 748w\" sizes=\"auto, (max-width: 32px) 100vw, 32px\" \/><\/a><span class=\"lwa-catalog-dot lwa-catalog-dot--more\">+1<\/span><\/div><\/div>        <\/div>\n                <div class=\"lp-product-card\">\n            <a href=\"https:\/\/www.linneelektronik.com\/da\/butik\/samsung-galaxy-s25-ultra-5g-12gb-ram-2\/\" class=\"lp-product-card__link\">\n                <div class=\"lp-product-card__img\">\n                    <img decoding=\"async\" src=\"https:\/\/www.linneelektronik.com\/wp-content\/uploads\/2025\/10\/201694020-358642104-11453-org-1-1-247x247.jpg\" alt=\"Samsung Galaxy S25 Ultra 5G 12+256GB \u2013 Bl\u00e5\" loading=\"lazy\" \/>\n                <\/div>\n                <div class=\"lp-product-card__body\">\n                                            <div class=\"lp-product-card__category\">Mobiltelefoner<\/div>\n                                        <div class=\"lp-product-card__name\">Samsung Galaxy S25 Ultra 5G 12+256GB \u2013 Bl\u00e5<\/div>\n                                        <div class=\"lp-product-card__price-row\">\n                        <div class=\"lp-product-card__price\">\n                            7 589 <small>kr<\/small>\n                        <\/div>\n                                                    <span class=\"lwa-stock is-out\">\n                                <span class=\"lwa-stock__dot\"><\/span>\n                                Slut                            <\/span>\n                                            <\/div>\n                <\/div>\n                <span class=\"lp-product-card__btn\">Visa<\/span>\n            <\/a>\n            <div class=\"lp-product-card__dots\"><div class=\"lwa-catalog-color-dots\"><a class=\"lwa-catalog-dot\" href=\"https:\/\/www.linneelektronik.com\/da\/butik\/samsung-galaxy-s25-ultra-5g-12gb-ram-4\/\" title=\"Sort\"><img loading=\"lazy\" decoding=\"async\" width=\"32\" height=\"32\" src=\"https:\/\/www.linneelektronik.com\/wp-content\/uploads\/2025\/10\/13866328-2-1-100x100.jpg\" class=\"lwa-catalog-dot__img\" alt=\"\" srcset=\"https:\/\/www.linneelektronik.com\/wp-content\/uploads\/2025\/10\/13866328-2-1-100x100.jpg 100w, https:\/\/www.linneelektronik.com\/wp-content\/uploads\/2025\/10\/13866328-2-1-247x247.jpg 247w, https:\/\/www.linneelektronik.com\/wp-content\/uploads\/2025\/10\/13866328-2-1-510x510.jpg 510w, https:\/\/www.linneelektronik.com\/wp-content\/uploads\/2025\/10\/13866328-2-1-300x300.jpg 300w, https:\/\/www.linneelektronik.com\/wp-content\/uploads\/2025\/10\/13866328-2-1-150x150.jpg 150w, https:\/\/www.linneelektronik.com\/wp-content\/uploads\/2025\/10\/13866328-2-1.jpg 599w\" sizes=\"auto, (max-width: 32px) 100vw, 32px\" \/><\/a><a class=\"lwa-catalog-dot is-out-of-stock\" href=\"https:\/\/www.linneelektronik.com\/da\/butik\/samsung-galaxy-s25-ultra-12256gb-jet-svart-jet-black-s938\/\" title=\"Jet Black\"><img loading=\"lazy\" decoding=\"async\" width=\"32\" height=\"32\" src=\"https:\/\/www.linneelektronik.com\/wp-content\/uploads\/2025\/10\/13866328-2-1-100x100.jpg\" class=\"lwa-catalog-dot__img\" alt=\"\" srcset=\"https:\/\/www.linneelektronik.com\/wp-content\/uploads\/2025\/10\/13866328-2-1-100x100.jpg 100w, https:\/\/www.linneelektronik.com\/wp-content\/uploads\/2025\/10\/13866328-2-1-247x247.jpg 247w, https:\/\/www.linneelektronik.com\/wp-content\/uploads\/2025\/10\/13866328-2-1-510x510.jpg 510w, https:\/\/www.linneelektronik.com\/wp-content\/uploads\/2025\/10\/13866328-2-1-300x300.jpg 300w, https:\/\/www.linneelektronik.com\/wp-content\/uploads\/2025\/10\/13866328-2-1-150x150.jpg 150w, https:\/\/www.linneelektronik.com\/wp-content\/uploads\/2025\/10\/13866328-2-1.jpg 599w\" sizes=\"auto, (max-width: 32px) 100vw, 32px\" \/><\/a><a class=\"lwa-catalog-dot is-current is-out-of-stock\" href=\"https:\/\/www.linneelektronik.com\/da\/butik\/samsung-galaxy-s25-ultra-5g-12gb-ram-2\/\" title=\"Bl\u00e5\"><img loading=\"lazy\" decoding=\"async\" width=\"32\" height=\"32\" src=\"https:\/\/www.linneelektronik.com\/wp-content\/uploads\/2025\/10\/201694020-358642104-11453-org-1-1-100x100.jpg\" class=\"lwa-catalog-dot__img\" alt=\"\" srcset=\"https:\/\/www.linneelektronik.com\/wp-content\/uploads\/2025\/10\/201694020-358642104-11453-org-1-1-100x100.jpg 100w, https:\/\/www.linneelektronik.com\/wp-content\/uploads\/2025\/10\/201694020-358642104-11453-org-1-1-247x247.jpg 247w, https:\/\/www.linneelektronik.com\/wp-content\/uploads\/2025\/10\/201694020-358642104-11453-org-1-1-510x510.jpg 510w, https:\/\/www.linneelektronik.com\/wp-content\/uploads\/2025\/10\/201694020-358642104-11453-org-1-1-300x300.jpg 300w, https:\/\/www.linneelektronik.com\/wp-content\/uploads\/2025\/10\/201694020-358642104-11453-org-1-1-150x150.jpg 150w, https:\/\/www.linneelektronik.com\/wp-content\/uploads\/2025\/10\/201694020-358642104-11453-org-1-1.jpg 748w\" sizes=\"auto, (max-width: 32px) 100vw, 32px\" \/><\/a><span class=\"lwa-catalog-dot lwa-catalog-dot--more\">+1<\/span><\/div><\/div>        <\/div>\n                <div class=\"lp-product-card\">\n            <a href=\"https:\/\/www.linneelektronik.com\/da\/butik\/samsung-galaxy-s25-ultra-256gb-titanium-black\/\" class=\"lp-product-card__link\">\n                <div class=\"lp-product-card__img\">\n                    <img decoding=\"async\" src=\"https:\/\/www.linneelektronik.com\/wp-content\/uploads\/2025\/10\/13866328-2-1-247x247.jpg\" alt=\"Samsung Galaxy S25 Ultra 12+256GB - Sort (Titanium Black) S938\" loading=\"lazy\" \/>\n                <\/div>\n                <div class=\"lp-product-card__body\">\n                                            <div class=\"lp-product-card__category\">Mobiltelefoner<\/div>\n                                        <div class=\"lp-product-card__name\">Samsung Galaxy S25 Ultra 12+256GB - Sort (Titanium Black) S938<\/div>\n                                        <div class=\"lp-product-card__price-row\">\n                        <div class=\"lp-product-card__price\">\n                            7 589 <small>kr<\/small>\n                        <\/div>\n                                                    <span class=\"lwa-stock is-out\">\n                                <span class=\"lwa-stock__dot\"><\/span>\n                                Slut                            <\/span>\n                                            <\/div>\n                <\/div>\n                <span class=\"lp-product-card__btn\">Visa<\/span>\n            <\/a>\n            <div class=\"lp-product-card__dots\"><div class=\"lwa-catalog-color-dots\"><a class=\"lwa-catalog-dot is-current is-out-of-stock\" href=\"https:\/\/www.linneelektronik.com\/da\/butik\/samsung-galaxy-s25-ultra-256gb-titanium-black\/\" title=\"Sort\"><img loading=\"lazy\" decoding=\"async\" width=\"32\" height=\"32\" src=\"https:\/\/www.linneelektronik.com\/wp-content\/uploads\/2025\/10\/13866328-2-1-100x100.jpg\" class=\"lwa-catalog-dot__img\" alt=\"\" srcset=\"https:\/\/www.linneelektronik.com\/wp-content\/uploads\/2025\/10\/13866328-2-1-100x100.jpg 100w, https:\/\/www.linneelektronik.com\/wp-content\/uploads\/2025\/10\/13866328-2-1-247x247.jpg 247w, https:\/\/www.linneelektronik.com\/wp-content\/uploads\/2025\/10\/13866328-2-1-510x510.jpg 510w, https:\/\/www.linneelektronik.com\/wp-content\/uploads\/2025\/10\/13866328-2-1-300x300.jpg 300w, https:\/\/www.linneelektronik.com\/wp-content\/uploads\/2025\/10\/13866328-2-1-150x150.jpg 150w, https:\/\/www.linneelektronik.com\/wp-content\/uploads\/2025\/10\/13866328-2-1.jpg 599w\" sizes=\"auto, (max-width: 32px) 100vw, 32px\" \/><\/a><a class=\"lwa-catalog-dot is-out-of-stock\" href=\"https:\/\/www.linneelektronik.com\/da\/butik\/samsung-galaxy-s25-ultra-12256gb-jet-svart-jet-black-s938\/\" title=\"Jet Black\"><img loading=\"lazy\" decoding=\"async\" width=\"32\" height=\"32\" src=\"https:\/\/www.linneelektronik.com\/wp-content\/uploads\/2025\/10\/13866328-2-1-100x100.jpg\" class=\"lwa-catalog-dot__img\" alt=\"\" srcset=\"https:\/\/www.linneelektronik.com\/wp-content\/uploads\/2025\/10\/13866328-2-1-100x100.jpg 100w, https:\/\/www.linneelektronik.com\/wp-content\/uploads\/2025\/10\/13866328-2-1-247x247.jpg 247w, https:\/\/www.linneelektronik.com\/wp-content\/uploads\/2025\/10\/13866328-2-1-510x510.jpg 510w, https:\/\/www.linneelektronik.com\/wp-content\/uploads\/2025\/10\/13866328-2-1-300x300.jpg 300w, https:\/\/www.linneelektronik.com\/wp-content\/uploads\/2025\/10\/13866328-2-1-150x150.jpg 150w, https:\/\/www.linneelektronik.com\/wp-content\/uploads\/2025\/10\/13866328-2-1.jpg 599w\" sizes=\"auto, (max-width: 32px) 100vw, 32px\" \/><\/a><a class=\"lwa-catalog-dot is-out-of-stock\" href=\"https:\/\/www.linneelektronik.com\/da\/butik\/samsung-galaxy-s25-ultra-5g-12gb-ram-2\/\" title=\"Bl\u00e5\"><img loading=\"lazy\" decoding=\"async\" width=\"32\" height=\"32\" src=\"https:\/\/www.linneelektronik.com\/wp-content\/uploads\/2025\/10\/201694020-358642104-11453-org-1-1-100x100.jpg\" class=\"lwa-catalog-dot__img\" alt=\"\" srcset=\"https:\/\/www.linneelektronik.com\/wp-content\/uploads\/2025\/10\/201694020-358642104-11453-org-1-1-100x100.jpg 100w, https:\/\/www.linneelektronik.com\/wp-content\/uploads\/2025\/10\/201694020-358642104-11453-org-1-1-247x247.jpg 247w, https:\/\/www.linneelektronik.com\/wp-content\/uploads\/2025\/10\/201694020-358642104-11453-org-1-1-510x510.jpg 510w, https:\/\/www.linneelektronik.com\/wp-content\/uploads\/2025\/10\/201694020-358642104-11453-org-1-1-300x300.jpg 300w, https:\/\/www.linneelektronik.com\/wp-content\/uploads\/2025\/10\/201694020-358642104-11453-org-1-1-150x150.jpg 150w, https:\/\/www.linneelektronik.com\/wp-content\/uploads\/2025\/10\/201694020-358642104-11453-org-1-1.jpg 748w\" sizes=\"auto, (max-width: 32px) 100vw, 32px\" \/><\/a><span class=\"lwa-catalog-dot lwa-catalog-dot--more\">+1<\/span><\/div><\/div>        <\/div>\n                <div class=\"lp-product-card\">\n            <a href=\"https:\/\/www.linneelektronik.com\/da\/butik\/samsung-galaxy-s25-ultra-5g-12512gb-svart-titanium-black-s938b-fyndvara\/\" class=\"lp-product-card__link\">\n                <div class=\"lp-product-card__img\">\n                    <img decoding=\"async\" src=\"https:\/\/www.linneelektronik.com\/wp-content\/uploads\/2025\/10\/13866328-2-1-247x247.jpg\" alt=\"Samsung Galaxy S25 Ultra 5G 12+512GB - Sort (Titanium Black) S938B (Open Box)\" loading=\"lazy\" \/>\n                <\/div>\n                <div class=\"lp-product-card__body\">\n                                            <div class=\"lp-product-card__category\">Mobiltelefoner \u00b7 Open Box<\/div>\n                                        <div class=\"lp-product-card__name\">Samsung Galaxy S25 Ultra 5G 12+512GB - Sort (Titanium Black) S938B (Open Box)<\/div>\n                                        <div class=\"lp-product-card__fynd\">\n                        <span class=\"lp-product-card__fynd-badge lp-product-card__fynd-grade-0\">Tilbudsprodukt \u2013 \u00c5bnet emballage<\/span>\n                        <span class=\"lp-product-card__fynd-desc\">\u00c5bnet eller returneret vare i ny-tilstand. Kontrolleret og testet.<\/span>\n                    <\/div>\n                                        <div class=\"lp-product-card__price-row\">\n                        <div class=\"lp-product-card__price\">\n                            8 627 <small>kr<\/small>\n                        <\/div>\n                                                    <span class=\"lwa-stock is-out\">\n                                <span class=\"lwa-stock__dot\"><\/span>\n                                Slut                            <\/span>\n                                            <\/div>\n                <\/div>\n                <span class=\"lp-product-card__btn\">Visa<\/span>\n            <\/a>\n            <div class=\"lp-product-card__dots\"><\/div>        <\/div>\n                            <\/div>\n                <\/div>\n                \n                            <\/div>\n        <\/section>\n        \n        <section class=\"lp-trust\">\n            <div class=\"lp-container\">\n                <h2>Varf\u00f6r handla hos Linn\u00e9?<\/h2>\n                                    <p class=\"lp-trust__text\">Vi erbjuder elektronik till konkurrenskraftiga priser med snabb leverans fr\u00e5n v\u00e5rt lager i G\u00f6teborg.<\/p>\n                                <div class=\"lp-trust__usps\">\n                                            <div class=\"lp-trust__usp\">\n                            <span class=\"lp-trust__check\">&#10003;<\/span>\n                            Hurtig levering                        <\/div>\n                                            <div class=\"lp-trust__usp\">\n                            <span class=\"lp-trust__check\">&#10003;<\/span>\n                            Bestil f\u00f8r 14:00 \u2014 sendes samme dag                        <\/div>\n                                            <div class=\"lp-trust__usp\">\n                            <span class=\"lp-trust__check\">&#10003;<\/span>\n                            30 dages \u00e5bent k\u00f8b                        <\/div>\n                                            <div class=\"lp-trust__usp\">\n                            <span class=\"lp-trust__check\">&#10003;<\/span>\n                            Sikker betaling                        <\/div>\n                                    <\/div>\n                                    <a href=\"https:\/\/www.linneelektronik.com\/da\/butik\/\" class=\"lp-cta\">Utforska hela sortimentet &rarr;<\/a>\n                            <\/div>\n        <\/section>\n        \n","protected":false},"excerpt":{"rendered":"<p>Samsung Galaxy S25 Ultra Samsung Galaxy S25 Ultra hos Linn\u00e9 Elektronik. 30 dagars \u00f6ppet k\u00f6p och fri frakt \u00f6ver 1 000 kr.<\/p>\n","protected":false},"author":2,"featured_media":0,"parent":41509,"menu_order":0,"comment_status":"closed","ping_status":"closed","template":"","meta":{"_uag_custom_page_level_css":"","footnotes":""},"class_list":["post-41402","page","type-page","status-publish","hentry"],"aioseo_notices":[],"uagb_featured_image_src":{"full":false,"thumbnail":false,"medium":false,"medium_large":false,"large":false,"1536x1536":false,"2048x2048":false,"woocommerce_thumbnail":false,"woocommerce_single":false,"woocommerce_gallery_thumbnail":false},"uagb_author_info":{"display_name":"Marcus","author_link":"https:\/\/www.linneelektronik.com\/da\/author\/marcus\/"},"uagb_comment_info":0,"uagb_excerpt":"Samsung Galaxy S25 Ultra Samsung Galaxy S25 Ultra hos Linn\u00e9 Elektronik. 30 dagars \u00f6ppet k\u00f6p och fri frakt \u00f6ver 1 000 kr.","jetpack_sharing_enabled":true,"_links":{"self":[{"href":"https:\/\/www.linneelektronik.com\/da\/wp-json\/wp\/v2\/pages\/41402","targetHints":{"allow":["GET"]}}],"collection":[{"href":"https:\/\/www.linneelektronik.com\/da\/wp-json\/wp\/v2\/pages"}],"about":[{"href":"https:\/\/www.linneelektronik.com\/da\/wp-json\/wp\/v2\/types\/page"}],"author":[{"embeddable":true,"href":"https:\/\/www.linneelektronik.com\/da\/wp-json\/wp\/v2\/users\/2"}],"replies":[{"embeddable":true,"href":"https:\/\/www.linneelektronik.com\/da\/wp-json\/wp\/v2\/comments?post=41402"}],"version-history":[{"count":0,"href":"https:\/\/www.linneelektronik.com\/da\/wp-json\/wp\/v2\/pages\/41402\/revisions"}],"up":[{"embeddable":true,"href":"https:\/\/www.linneelektronik.com\/da\/wp-json\/wp\/v2\/pages\/41509"}],"wp:attachment":[{"href":"https:\/\/www.linneelektronik.com\/da\/wp-json\/wp\/v2\/media?parent=41402"}],"curies":[{"name":"wp","href":"https:\/\/api.w.org\/{rel}","templated":true}]}}