{"id":41527,"date":"2026-04-11T23:33:43","date_gmt":"2026-04-11T21:33:43","guid":{"rendered":"https:\/\/www.linneelektronik.com\/apple\/ipad\/ipad-pro\/"},"modified":"2026-04-11T23:33:43","modified_gmt":"2026-04-11T21:33:43","slug":"ipad-pro","status":"publish","type":"page","link":"https:\/\/www.linneelektronik.com\/da\/apple\/ipad\/ipad-pro\/","title":{"rendered":"iPad Pro"},"content":{"rendered":"<h1>iPad Pro<\/h1>\n<p>Apple iPad Pro med M4\/M5-chip \u2014 den kraftfullaste iPaden med ProMotion XDR-display, Thunderbolt och Apple Pencil Pro-st\u00f6d.<\/p>\n\n        <section class=\"lp-trust\">\n            <div class=\"lp-container\">\n                <h2>Varf\u00f6r handla hos Linn\u00e9?<\/h2>\n                                    <p class=\"lp-trust__text\">Vi erbjuder elektronik till konkurrenskraftiga priser med snabb leverans fr\u00e5n v\u00e5rt lager i G\u00f6teborg.<\/p>\n                                <div class=\"lp-trust__usps\">\n                                            <div class=\"lp-trust__usp\">\n                            <span class=\"lp-trust__check\">&#10003;<\/span>\n                            Hurtig levering                        <\/div>\n                                            <div class=\"lp-trust__usp\">\n                            <span class=\"lp-trust__check\">&#10003;<\/span>\n                            Bestil f\u00f8r 14:00 \u2014 sendes samme dag                        <\/div>\n                                            <div class=\"lp-trust__usp\">\n                            <span class=\"lp-trust__check\">&#10003;<\/span>\n                            30 dages \u00e5bent k\u00f8b                        <\/div>\n                                            <div class=\"lp-trust__usp\">\n                            <span class=\"lp-trust__check\">&#10003;<\/span>\n                            Sikker betaling                        <\/div>\n                                    <\/div>\n                                    <a href=\"https:\/\/www.linneelektronik.com\/da\/butik\/\" class=\"lp-cta\">Utforska hela sortimentet &rarr;<\/a>\n                            <\/div>\n        <\/section>\n        \n","protected":false},"excerpt":{"rendered":"<p>iPad Pro Apple iPad Pro med M4\/M5-chip \u2014 den kraftfullaste iPaden med ProMotion XDR-display, Thunderbolt och Apple Pencil Pro-st\u00f6d.<\/p>\n","protected":false},"author":0,"featured_media":0,"parent":41387,"menu_order":0,"comment_status":"closed","ping_status":"closed","template":"","meta":{"_uag_custom_page_level_css":"","footnotes":""},"class_list":["post-41527","page","type-page","status-publish","hentry"],"aioseo_notices":[],"uagb_featured_image_src":{"full":false,"thumbnail":false,"medium":false,"medium_large":false,"large":false,"1536x1536":false,"2048x2048":false,"woocommerce_thumbnail":false,"woocommerce_single":false,"woocommerce_gallery_thumbnail":false},"uagb_author_info":{"display_name":"","author_link":"https:\/\/www.linneelektronik.com\/da\/author\/"},"uagb_comment_info":0,"uagb_excerpt":"iPad Pro Apple iPad Pro med M4\/M5-chip \u2014 den kraftfullaste iPaden med ProMotion XDR-display, Thunderbolt och Apple Pencil Pro-st\u00f6d.","jetpack_sharing_enabled":true,"_links":{"self":[{"href":"https:\/\/www.linneelektronik.com\/da\/wp-json\/wp\/v2\/pages\/41527","targetHints":{"allow":["GET"]}}],"collection":[{"href":"https:\/\/www.linneelektronik.com\/da\/wp-json\/wp\/v2\/pages"}],"about":[{"href":"https:\/\/www.linneelektronik.com\/da\/wp-json\/wp\/v2\/types\/page"}],"replies":[{"embeddable":true,"href":"https:\/\/www.linneelektronik.com\/da\/wp-json\/wp\/v2\/comments?post=41527"}],"version-history":[{"count":0,"href":"https:\/\/www.linneelektronik.com\/da\/wp-json\/wp\/v2\/pages\/41527\/revisions"}],"up":[{"embeddable":true,"href":"https:\/\/www.linneelektronik.com\/da\/wp-json\/wp\/v2\/pages\/41387"}],"wp:attachment":[{"href":"https:\/\/www.linneelektronik.com\/da\/wp-json\/wp\/v2\/media?parent=41527"}],"curies":[{"name":"wp","href":"https:\/\/api.w.org\/{rel}","templated":true}]}}