{"id":20133,"date":"2025-06-26T16:12:13","date_gmt":"2025-06-26T14:12:13","guid":{"rendered":"https:\/\/www.linneelektronik.com\/butik\/apple-watch-series-10-46mm-aluminium-med-sport-loop-mwwp3-us-version\/"},"modified":"2025-12-08T22:00:23","modified_gmt":"2025-12-08T21:00:23","slug":"apple-watch-series-10-46mm-aluminium-med-sport-loop-mwwp3-us-version","status":"publish","type":"product","link":"https:\/\/www.linneelektronik.com\/da\/butik\/apple-watch-series-10-46mm-aluminium-med-sport-loop-mwwp3-us-version\/","title":{"rendered":"Apple Watch Series 10 46mm Aluminium med Sport Loop MWWP3 (US Version)"},"content":{"rendered":"<h2 data-start=\"184\" data-end=\"244\"><strong data-start=\"187\" data-end=\"244\">Apple Watch Series 10 (46mm) Aluminium med Sport Loop<\/strong><\/h2>\n<p data-start=\"246\" data-end=\"517\"><strong data-start=\"246\" data-end=\"271\">Apple Watch Series 10<\/strong> tager personlig teknologi til n\u00e6ste niveau \u2013 tyndere, lettere og mere kraftfuld end nogensinde. Det elegante <strong data-start=\"372\" data-end=\"392\">aluminiumkabinet<\/strong> kombineres med det komfortable <strong data-start=\"420\" data-end=\"444\">Sport Loop-armb\u00e5nd<\/strong>, hvilket giver en perfekt balance mellem stil, komfort og funktionalitet. <\/p>\n<p data-start=\"519\" data-end=\"746\">Den store og lysst\u00e6rke <strong data-start=\"544\" data-end=\"569\">1,9-tommer OLED-sk\u00e6rm<\/strong> tilbyder h\u00f8j kontrast og fantastisk farvegengivelse, mens <strong data-start=\"630\" data-end=\"648\">Apple Watch OS<\/strong> giver adgang til avancerede sundhedsfunktioner, tr\u00e6ning, notifikationer og apps \u2013 direkte p\u00e5 h\u00e5ndleddet.<\/p>\n<p data-start=\"748\" data-end=\"979\">Med indbygget <strong data-start=\"760\" data-end=\"774\">pulsm\u00e5ler<\/strong>, <strong data-start=\"776\" data-end=\"783\">GPS<\/strong>, <strong data-start=\"785\" data-end=\"802\">Bluetooth 5.3<\/strong>, <strong data-start=\"804\" data-end=\"813\">Wi-Fi<\/strong> og <strong data-start=\"818\" data-end=\"825\">NFC<\/strong> f\u00e5r du alt, hvad du beh\u00f8ver for at holde styr p\u00e5 sundhed, aktivitet og kontakt med omverdenen. Batteriet holder op til <strong data-start=\"941\" data-end=\"954\">18 timer<\/strong> ved normal brug. <\/p>\n<hr data-start=\"981\" data-end=\"984\">\n<h3 data-start=\"986\" data-end=\"1009\"><strong data-start=\"990\" data-end=\"1009\">Specifikationer<\/strong><\/h3>\n<ul data-start=\"1010\" data-end=\"1367\">\n<li data-start=\"1010\" data-end=\"1040\">\n<p data-start=\"1012\" data-end=\"1040\"><strong data-start=\"1012\" data-end=\"1022\">Kabinet:<\/strong> 46 mm aluminium<\/p>\n<\/li>\n<li data-start=\"1041\" data-end=\"1104\">\n<p data-start=\"1043\" data-end=\"1104\"><strong data-start=\"1043\" data-end=\"1055\">Armb\u00e5nd:<\/strong> Sport Loop (justerbart, \u00e5ndbart materiale)<\/p>\n<\/li>\n<li data-start=\"1105\" data-end=\"1139\">\n<p data-start=\"1107\" data-end=\"1139\"><strong data-start=\"1107\" data-end=\"1117\">Sk\u00e6rm:<\/strong> 1,9\u2033 OLED (496\u00d7416)<\/p>\n<\/li>\n<li data-start=\"1140\" data-end=\"1162\">\n<p data-start=\"1142\" data-end=\"1162\"><strong data-start=\"1142\" data-end=\"1154\">Lagring:<\/strong> 64 GB<\/p>\n<\/li>\n<li data-start=\"1163\" data-end=\"1206\">\n<p data-start=\"1165\" data-end=\"1206\"><strong data-start=\"1165\" data-end=\"1178\">Tr\u00e5dl\u00f8s:<\/strong> Bluetooth 5.3, Wi-Fi, NFC<\/p>\n<\/li>\n<li data-start=\"1207\" data-end=\"1254\">\n<p data-start=\"1209\" data-end=\"1254\"><strong data-start=\"1209\" data-end=\"1224\">Navigation:<\/strong> GPS, Galileo, GLONASS, QZSS<\/p>\n<\/li>\n<li data-start=\"1255\" data-end=\"1293\">\n<p data-start=\"1257\" data-end=\"1293\"><strong data-start=\"1257\" data-end=\"1272\">Batteritid:<\/strong> Op til 18 timer<\/p>\n<\/li>\n<li data-start=\"1294\" data-end=\"1314\">\n<p data-start=\"1296\" data-end=\"1314\"><strong data-start=\"1296\" data-end=\"1305\">V\u00e6gt:<\/strong> 36,4 g<\/p>\n<\/li>\n<li data-start=\"1315\" data-end=\"1340\">\n<p data-start=\"1317\" data-end=\"1340\"><strong data-start=\"1317\" data-end=\"1333\">Vandbeskyttelse:<\/strong> IPX6<\/p>\n<\/li>\n<li data-start=\"1341\" data-end=\"1367\">\n<p data-start=\"1343\" data-end=\"1367\"><strong data-start=\"1343\" data-end=\"1360\">Lancerings\u00e5r:<\/strong> 2024<\/p>\n<\/li>\n<\/ul>\n<hr data-start=\"1369\" data-end=\"1372\">\n<p data-start=\"1374\" data-end=\"1479\"><strong data-start=\"1374\" data-end=\"1382\">Bem\u00e6rk:<\/strong> Dette er en <strong data-start=\"1395\" data-end=\"1416\">amerikansk model<\/strong> \u2013 funktionen for <strong data-start=\"1434\" data-end=\"1469\">blodiltm\u00e5ling (Blood Oxygen)<\/strong> mangler.<\/p>\n","protected":false},"excerpt":{"rendered":"<p>Apple Watch Series 10 (46mm) Aluminium med Sport Loop Apple Watch Series 10 tager personlig teknologi til n\u00e6ste niveau \u2013 tyndere, lettere og mere kraftfuld end nogensinde. Det elegante aluminiumkabinet kombineres med det komfortable Sport Loop-armb\u00e5nd, hvilket giver en perfekt balance mellem stil, komfort og funktionalitet. Den store og lysst\u00e6rke 1,9-tommer OLED-sk\u00e6rm tilbyder h\u00f8j kontrast [&#8230;]\n","protected":false},"featured_media":20137,"comment_status":"open","ping_status":"closed","template":"","meta":{"_uag_custom_page_level_css":""},"product_brand":[1158],"product_cat":[840],"product_tag":[],"woo-feed-brand":[],"class_list":{"0":"post-20133","1":"product","2":"type-product","3":"status-publish","4":"has-post-thumbnail","6":"product_brand-apple","7":"product_cat-smartwatches","8":"product_shipping_class-shipping-class-01","10":"first","11":"instock","12":"taxable","13":"shipping-taxable","14":"purchasable","15":"product-type-simple"},"aioseo_notices":[],"uagb_featured_image_src":{"full":["https:\/\/www.linneelektronik.com\/wp-content\/uploads\/2025\/10\/201318037-357081836-11453-org-1-1.jpg",1000,1161,false],"thumbnail":["https:\/\/www.linneelektronik.com\/wp-content\/uploads\/2025\/10\/201318037-357081836-11453-org-1-1-150x150.jpg",150,150,true],"medium":["https:\/\/www.linneelektronik.com\/wp-content\/uploads\/2025\/10\/201318037-357081836-11453-org-1-1-258x300.jpg",258,300,true],"medium_large":["https:\/\/www.linneelektronik.com\/wp-content\/uploads\/2025\/10\/201318037-357081836-11453-org-1-1-768x892.jpg",768,892,true],"large":["https:\/\/www.linneelektronik.com\/wp-content\/uploads\/2025\/10\/201318037-357081836-11453-org-1-1-882x1024.jpg",882,1024,true],"1536x1536":["https:\/\/www.linneelektronik.com\/wp-content\/uploads\/2025\/10\/201318037-357081836-11453-org-1-1.jpg",1000,1161,false],"2048x2048":["https:\/\/www.linneelektronik.com\/wp-content\/uploads\/2025\/10\/201318037-357081836-11453-org-1-1.jpg",1000,1161,false],"woocommerce_thumbnail":["https:\/\/www.linneelektronik.com\/wp-content\/uploads\/2025\/10\/201318037-357081836-11453-org-1-1-247x287.jpg",247,287,true],"woocommerce_single":["https:\/\/www.linneelektronik.com\/wp-content\/uploads\/2025\/10\/201318037-357081836-11453-org-1-1-510x592.jpg",510,592,true],"woocommerce_gallery_thumbnail":["https:\/\/www.linneelektronik.com\/wp-content\/uploads\/2025\/10\/201318037-357081836-11453-org-1-1-100x100.jpg",100,100,true]},"uagb_author_info":{"display_name":"Admin","author_link":"https:\/\/www.linneelektronik.com\/da\/author\/"},"uagb_comment_info":0,"uagb_excerpt":"Apple Watch Series 10 (46mm) Aluminium med Sport Loop Apple Watch Series 10 tager personlig teknologi til n\u00e6ste niveau \u2013 tyndere, lettere og mere kraftfuld end nogensinde. Det elegante aluminiumkabinet kombineres med det komfortable Sport Loop-armb\u00e5nd, hvilket giver en perfekt balance mellem stil, komfort og funktionalitet. Den store og lysst\u00e6rke 1,9-tommer OLED-sk\u00e6rm tilbyder h\u00f8j kontrast&hellip;","jetpack_sharing_enabled":true,"_links":{"self":[{"href":"https:\/\/www.linneelektronik.com\/da\/wp-json\/wp\/v2\/product\/20133","targetHints":{"allow":["GET"]}}],"collection":[{"href":"https:\/\/www.linneelektronik.com\/da\/wp-json\/wp\/v2\/product"}],"about":[{"href":"https:\/\/www.linneelektronik.com\/da\/wp-json\/wp\/v2\/types\/product"}],"replies":[{"embeddable":true,"href":"https:\/\/www.linneelektronik.com\/da\/wp-json\/wp\/v2\/comments?post=20133"}],"wp:featuredmedia":[{"embeddable":true,"href":"https:\/\/www.linneelektronik.com\/da\/wp-json\/wp\/v2\/media\/20137"}],"wp:attachment":[{"href":"https:\/\/www.linneelektronik.com\/da\/wp-json\/wp\/v2\/media?parent=20133"}],"wp:term":[{"taxonomy":"product_brand","embeddable":true,"href":"https:\/\/www.linneelektronik.com\/da\/wp-json\/wp\/v2\/product_brand?post=20133"},{"taxonomy":"product_cat","embeddable":true,"href":"https:\/\/www.linneelektronik.com\/da\/wp-json\/wp\/v2\/product_cat?post=20133"},{"taxonomy":"product_tag","embeddable":true,"href":"https:\/\/www.linneelektronik.com\/da\/wp-json\/wp\/v2\/product_tag?post=20133"},{"taxonomy":"woo-feed-brand","embeddable":true,"href":"https:\/\/www.linneelektronik.com\/da\/wp-json\/wp\/v2\/woo-feed-brand?post=20133"}],"curies":[{"name":"wp","href":"https:\/\/api.w.org\/{rel}","templated":true}]}}