{"id":27039,"date":"2025-10-26T17:12:26","date_gmt":"2025-10-26T16:12:26","guid":{"rendered":"https:\/\/www.linneelektronik.com\/butik\/apple-ipad-pro-m5-13-2025-wi-fi-256gb-silver-silver-mdyk4\/"},"modified":"2026-04-08T08:06:54","modified_gmt":"2026-04-08T06:06:54","slug":"apple-ipad-pro-m5-13-2025-wi-fi-256gb-silver-silver-mdyk4","status":"publish","type":"product","link":"https:\/\/www.linneelektronik.com\/da\/butik\/apple-ipad-pro-m5-13-2025-wi-fi-256gb-silver-silver-mdyk4\/","title":{"rendered":"Apple iPad Pro M5 13&#8243; 2025 Wi-Fi 256GB &#8211; S\u00f8lv (S\u00f8lv)"},"content":{"rendered":"<p><strong>iPad Pro (M5)<\/strong><\/p>\n<p>Kraftfuld tablet til arbejde og kreativitet \u2013 hurtig respons, professionelle apps og en fantastisk sk\u00e6rm. Passer til b\u00e5de studier, rejser og kr\u00e6vende arbejdsgange.<\/p>\n<ul>\n<li><strong>Ydelse &amp; lager:<\/strong> M5-chippen leverer n\u00e6ste generations hastighed og AI p\u00e5 enheden til alt fra redigering til multitasking.<\/li>\n<li><strong>iPadOS:<\/strong> K\u00f8r professionelle apps og arbejd flydende i iPadOS 26 med Liquid Glass-design og fleksible vinduer, der g\u00f8r det nemt at organisere arbejdsgange.<\/li>\n<li><strong>Apple Intelligence:<\/strong> Personligt intelligenssystem, der hj\u00e6lper dig med at skrive, opsummere og f\u00e5 ting gjort \u2013 med st\u00e6rk beskyttelse af privatliv.<\/li>\n<li><strong>Ultra Retina XDR-sk\u00e6rm:<\/strong> Ekstrem lysstyrke og pr\u00e6cis kontrast med ProMotion (op til 120 Hz), P3-farverum og True Tone for naturlige farver.<\/li>\n<li><strong>Kameraer &amp; lyd:<\/strong> 12 MP frontkamera i liggende tilstand med Center Stage samt 12 MP vidvinkel bag med adaptivt True Tone-blitz. Fire mikrofoner i studiekvalitet og lyd med fire h\u00f8jttalere.<\/li>\n<li><strong>Face ID:<\/strong> L\u00e5s op, godkend k\u00f8b og log ind i apps sikkert \u2013 med bare et blik.<\/li>\n<\/ul>\n<p><strong>V\u00e6lg den model, der passer til dig:<\/strong><br \/>Lagring op til 2 TB, Wi-Fi eller Wi-Fi + Cellular (5G) og flere farvevalg afh\u00e6ngigt af model.<\/p>\n","protected":false},"excerpt":{"rendered":"<p>Oplader s\u00e6lges separat<\/p>\n","protected":false},"featured_media":26982,"comment_status":"open","ping_status":"closed","template":"","meta":{"_uag_custom_page_level_css":""},"product_brand":[1158],"product_cat":[847],"product_tag":[],"woo-feed-brand":[],"class_list":{"0":"post-27039","1":"product","2":"type-product","3":"status-publish","4":"has-post-thumbnail","6":"product_brand-apple","7":"product_cat-tablets","8":"product_shipping_class-shipping-class-01","10":"first","11":"instock","12":"taxable","13":"shipping-taxable","14":"purchasable","15":"product-type-simple"},"aioseo_notices":[],"uagb_featured_image_src":{"full":["https:\/\/www.linneelektronik.com\/wp-content\/uploads\/2025\/10\/Silver-4031621_2-scaled-2.jpg",2560,2560,false],"thumbnail":["https:\/\/www.linneelektronik.com\/wp-content\/uploads\/2025\/10\/Silver-4031621_2-scaled-2-150x150.jpg",150,150,true],"medium":["https:\/\/www.linneelektronik.com\/wp-content\/uploads\/2025\/10\/Silver-4031621_2-scaled-2-300x300.jpg",300,300,true],"medium_large":["https:\/\/www.linneelektronik.com\/wp-content\/uploads\/2025\/10\/Silver-4031621_2-scaled-2-768x768.jpg",768,768,true],"large":["https:\/\/www.linneelektronik.com\/wp-content\/uploads\/2025\/10\/Silver-4031621_2-scaled-2-1024x1024.jpg",1020,1020,true],"1536x1536":["https:\/\/www.linneelektronik.com\/wp-content\/uploads\/2025\/10\/Silver-4031621_2-scaled-2-1536x1536.jpg",1536,1536,true],"2048x2048":["https:\/\/www.linneelektronik.com\/wp-content\/uploads\/2025\/10\/Silver-4031621_2-scaled-2-2048x2048.jpg",2048,2048,true],"woocommerce_thumbnail":["https:\/\/www.linneelektronik.com\/wp-content\/uploads\/2025\/10\/Silver-4031621_2-scaled-2-247x247.jpg",247,247,true],"woocommerce_single":["https:\/\/www.linneelektronik.com\/wp-content\/uploads\/2025\/10\/Silver-4031621_2-scaled-2-510x510.jpg",510,510,true],"woocommerce_gallery_thumbnail":["https:\/\/www.linneelektronik.com\/wp-content\/uploads\/2025\/10\/Silver-4031621_2-scaled-2-100x100.jpg",100,100,true]},"uagb_author_info":{"display_name":"Admin","author_link":"https:\/\/www.linneelektronik.com\/da\/author\/"},"uagb_comment_info":0,"uagb_excerpt":"Oplader s\u00e6lges separat","jetpack_sharing_enabled":true,"_links":{"self":[{"href":"https:\/\/www.linneelektronik.com\/da\/wp-json\/wp\/v2\/product\/27039","targetHints":{"allow":["GET"]}}],"collection":[{"href":"https:\/\/www.linneelektronik.com\/da\/wp-json\/wp\/v2\/product"}],"about":[{"href":"https:\/\/www.linneelektronik.com\/da\/wp-json\/wp\/v2\/types\/product"}],"replies":[{"embeddable":true,"href":"https:\/\/www.linneelektronik.com\/da\/wp-json\/wp\/v2\/comments?post=27039"}],"wp:featuredmedia":[{"embeddable":true,"href":"https:\/\/www.linneelektronik.com\/da\/wp-json\/wp\/v2\/media\/26982"}],"wp:attachment":[{"href":"https:\/\/www.linneelektronik.com\/da\/wp-json\/wp\/v2\/media?parent=27039"}],"wp:term":[{"taxonomy":"product_brand","embeddable":true,"href":"https:\/\/www.linneelektronik.com\/da\/wp-json\/wp\/v2\/product_brand?post=27039"},{"taxonomy":"product_cat","embeddable":true,"href":"https:\/\/www.linneelektronik.com\/da\/wp-json\/wp\/v2\/product_cat?post=27039"},{"taxonomy":"product_tag","embeddable":true,"href":"https:\/\/www.linneelektronik.com\/da\/wp-json\/wp\/v2\/product_tag?post=27039"},{"taxonomy":"woo-feed-brand","embeddable":true,"href":"https:\/\/www.linneelektronik.com\/da\/wp-json\/wp\/v2\/woo-feed-brand?post=27039"}],"curies":[{"name":"wp","href":"https:\/\/api.w.org\/{rel}","templated":true}]}}