{"id":36586,"date":"2025-06-26T16:11:57","date_gmt":"2025-06-26T14:11:57","guid":{"rendered":"https:\/\/www.linneelektronik.com\/butik\/samsung-galaxy-watch-ultra-47mm-lte-gris-open-box-l705\/"},"modified":"2026-03-24T15:16:30","modified_gmt":"2026-03-24T14:16:30","slug":"samsung-galaxy-watch-ultra-47mm-lte-gris-open-box-l705","status":"publish","type":"product","link":"https:\/\/www.linneelektronik.com\/fr-ch\/butik\/samsung-galaxy-watch-ultra-47mm-lte-gris-open-box-l705\/","title":{"rendered":"Samsung Galaxy Watch Ultra 47mm LTE &#8211; Gris &#8211; Open Box L705"},"content":{"rendered":"<p><strong>Note : L\u2019emballage a ouvert, mais le produit est neuf.<\/strong><\/p>\n<p>Samsung Galaxy Watch \u2013 Votre compagnon intelligent pour la vie quotidienne et la forme physique La Samsung Galaxy Watch allie un design \u00e9l\u00e9gant \u00e0 des fonctionnalit\u00e9s intelligentes pour vous aider \u00e0 rester en alerte \u00e0 la fois sur la sant\u00e9 et la vie quotidienne. Que vous soyez au travail, que vous fassiez de l\u2019exercice ou que vous souhaitiez simplement mieux surveiller vos notifications, la Galaxy Watch est le choix parfait. Un design \u00e9l\u00e9gant pour toutes les occasions La Samsung Galaxy Watch est disponible dans une gamme de tailles et de couleurs, avec des bracelets interchangeables qui vous permettent de personnaliser le style selon vos go\u00fbts.  <\/p>\n<p>L\u2019\u00e9cran AMOLED rond est \u00e0 la fois lumineux et \u00e9conome en \u00e9nergie \u2013 parfait pour visualiser les informations dans toutes les conditions d\u2019\u00e9clairage. Gr\u00e2ce \u00e0 des fonctionnalit\u00e9s avanc\u00e9es de sant\u00e9 telles que la surveillance de la fr\u00e9quence cardiaque, le suivi du sommeil, la gestion du stress et le suivi SpO2, vous b\u00e9n\u00e9ficierez d\u2019informations sur votre bien-\u00eatre \u2014 24h\/24. Le tracker de fitness int\u00e9gr\u00e9 d\u00e9tecte automatiquement vos activit\u00e9s et vous aide \u00e0 atteindre vos objectifs, que vous couriez, faisiez du v\u00e9lo ou vous entra\u00eeniez \u00e0 la salle de sport.  <\/p>\n<p>Fonctionnalit\u00e9s intelligentes pour une vie plus simple : associez la Galaxy Watch \u00e0 votre t\u00e9l\u00e9phone Samsung Galaxy ou \u00e0 un autre appareil Android pour recevoir des notifications, r\u00e9pondre aux appels, contr\u00f4ler la musique et utiliser des applications \u2013 directement depuis votre poignet. Avec le support de Samsung Pay, vous pouvez m\u00eame payer sans avoir \u00e0 retirer votre portefeuille. Autonomie et durabilit\u00e9 de la batterie La Galaxy Watch est con\u00e7ue pour r\u00e9sister aux rigueurs du quotidien, avec protection contre l\u2019eau et la poussi\u00e8re (IP68 et MIL-STD-810G).  <\/p>\n<p>La batterie dure plusieurs jours selon l\u2019utilisation et le mod\u00e8le, vous pouvez donc vous concentrer sur la vie \u2013 pas sur la recharge.<\/p>\n","protected":false},"excerpt":{"rendered":"<p>Note : L\u2019emballage a ouvert, mais le produit est neuf. Samsung Galaxy Watch \u2013 Votre compagnon intelligent pour la vie quotidienne et la forme physique La Samsung Galaxy Watch allie un design \u00e9l\u00e9gant \u00e0 des fonctionnalit\u00e9s intelligentes pour vous aider \u00e0 rester en alerte \u00e0 la fois sur la sant\u00e9 et la vie quotidienne. Que [&#8230;]\n","protected":false},"featured_media":36588,"comment_status":"open","ping_status":"closed","template":"","meta":{"_uag_custom_page_level_css":""},"product_brand":[4513],"product_cat":[2498],"product_tag":[],"woo-feed-brand":[],"class_list":{"0":"post-36586","1":"product","2":"type-product","3":"status-publish","4":"has-post-thumbnail","6":"product_brand-samsung","7":"product_cat-montres-connectees-fr-ch","9":"first","10":"instock","11":"taxable","12":"shipping-taxable","13":"purchasable","14":"product-type-simple"},"aioseo_notices":[],"uagb_featured_image_src":{"full":["https:\/\/www.linneelektronik.com\/wp-content\/uploads\/2025\/10\/200632159-355584614-11453-org-1-1.jpg",523,600,false],"thumbnail":["https:\/\/www.linneelektronik.com\/wp-content\/uploads\/2025\/10\/200632159-355584614-11453-org-1-1-150x150.jpg",150,150,true],"medium":["https:\/\/www.linneelektronik.com\/wp-content\/uploads\/2025\/10\/200632159-355584614-11453-org-1-1-262x300.jpg",262,300,true],"medium_large":["https:\/\/www.linneelektronik.com\/wp-content\/uploads\/2025\/10\/200632159-355584614-11453-org-1-1.jpg",523,600,false],"large":["https:\/\/www.linneelektronik.com\/wp-content\/uploads\/2025\/10\/200632159-355584614-11453-org-1-1.jpg",523,600,false],"1536x1536":["https:\/\/www.linneelektronik.com\/wp-content\/uploads\/2025\/10\/200632159-355584614-11453-org-1-1.jpg",523,600,false],"2048x2048":["https:\/\/www.linneelektronik.com\/wp-content\/uploads\/2025\/10\/200632159-355584614-11453-org-1-1.jpg",523,600,false],"woocommerce_thumbnail":["https:\/\/www.linneelektronik.com\/wp-content\/uploads\/2025\/10\/200632159-355584614-11453-org-1-1-247x283.jpg",247,283,true],"woocommerce_single":["https:\/\/www.linneelektronik.com\/wp-content\/uploads\/2025\/10\/200632159-355584614-11453-org-1-1-510x585.jpg",510,585,true],"woocommerce_gallery_thumbnail":["https:\/\/www.linneelektronik.com\/wp-content\/uploads\/2025\/10\/200632159-355584614-11453-org-1-1-100x100.jpg",100,100,true]},"uagb_author_info":{"display_name":"Admin","author_link":"https:\/\/www.linneelektronik.com\/fr-ch\/author\/"},"uagb_comment_info":0,"uagb_excerpt":"Note : L\u2019emballage a ouvert, mais le produit est neuf. Samsung Galaxy Watch \u2013 Votre compagnon intelligent pour la vie quotidienne et la forme physique La Samsung Galaxy Watch allie un design \u00e9l\u00e9gant \u00e0 des fonctionnalit\u00e9s intelligentes pour vous aider \u00e0 rester en alerte \u00e0 la fois sur la sant\u00e9 et la vie quotidienne. Que&hellip;","jetpack_sharing_enabled":true,"_links":{"self":[{"href":"https:\/\/www.linneelektronik.com\/fr-ch\/wp-json\/wp\/v2\/product\/36586","targetHints":{"allow":["GET"]}}],"collection":[{"href":"https:\/\/www.linneelektronik.com\/fr-ch\/wp-json\/wp\/v2\/product"}],"about":[{"href":"https:\/\/www.linneelektronik.com\/fr-ch\/wp-json\/wp\/v2\/types\/product"}],"replies":[{"embeddable":true,"href":"https:\/\/www.linneelektronik.com\/fr-ch\/wp-json\/wp\/v2\/comments?post=36586"}],"wp:featuredmedia":[{"embeddable":true,"href":"https:\/\/www.linneelektronik.com\/fr-ch\/wp-json\/wp\/v2\/media\/36588"}],"wp:attachment":[{"href":"https:\/\/www.linneelektronik.com\/fr-ch\/wp-json\/wp\/v2\/media?parent=36586"}],"wp:term":[{"taxonomy":"product_brand","embeddable":true,"href":"https:\/\/www.linneelektronik.com\/fr-ch\/wp-json\/wp\/v2\/product_brand?post=36586"},{"taxonomy":"product_cat","embeddable":true,"href":"https:\/\/www.linneelektronik.com\/fr-ch\/wp-json\/wp\/v2\/product_cat?post=36586"},{"taxonomy":"product_tag","embeddable":true,"href":"https:\/\/www.linneelektronik.com\/fr-ch\/wp-json\/wp\/v2\/product_tag?post=36586"},{"taxonomy":"woo-feed-brand","embeddable":true,"href":"https:\/\/www.linneelektronik.com\/fr-ch\/wp-json\/wp\/v2\/woo-feed-brand?post=36586"}],"curies":[{"name":"wp","href":"https:\/\/api.w.org\/{rel}","templated":true}]}}