{"id":30102,"date":"2026-02-18T09:24:20","date_gmt":"2026-02-18T08:24:20","guid":{"rendered":"https:\/\/www.linneelektronik.com\/a-propos-de-nous\/"},"modified":"2026-03-17T21:24:46","modified_gmt":"2026-03-17T20:24:46","slug":"a-propos-de-nous","status":"publish","type":"page","link":"https:\/\/www.linneelektronik.com\/fr\/a-propos-de-nous\/","title":{"rendered":"\u00c0 propos de nous"},"content":{"rendered":"<p><strong>\u00c0 propos de nous \u2013 Linn\u00e9 Elektronikhandel AB<\/strong><\/p>\n<p>Linn\u00e9 Elektronikhandel AB est une entreprise familiale qui a \u00e9t\u00e9 fond\u00e9e \u00e0 Linn\u00e9, G\u00f6teborg, en se concentrant sur le march\u00e9 nordique. Depuis le d\u00e9but, notre ambition a \u00e9t\u00e9 claire \u2013 offrir des produits de qualit\u00e9 aux prix les plus comp\u00e9titifs possible.<\/p>\n<p>Nous travaillons activement pour trouver les meilleurs prix d&rsquo;achat possibles sur des produits originaux aupr\u00e8s de fournisseurs du monde entier. Gr\u00e2ce \u00e0 des partenariats soigneusement s\u00e9lectionn\u00e9s, des achats efficaces et une gestion intelligente des stocks, nous pouvons r\u00e9duire nos co\u00fbts et offrir \u00e0 nos clients des prix aussi bas que possible \u2013 sans compromettre la qualit\u00e9 des produits.<\/p>\n<p>Notre entrep\u00f4t se trouve \u00e0 G\u00f6teborg, ce qui nous permet de traiter les commandes rapidement et facilement. Le service personnel, les livraisons s\u00fbres et les relations clients \u00e0 long terme font naturellement partie de notre activit\u00e9.<\/p>\n<p>Bienvenue chez nous pour vos achats!<\/p>\n","protected":false},"excerpt":{"rendered":"<p>\u00c0 propos de nous \u2013 Linn\u00e9 Elektronikhandel AB Linn\u00e9 Elektronikhandel AB est une entreprise familiale qui a \u00e9t\u00e9 fond\u00e9e \u00e0 Linn\u00e9, G\u00f6teborg, en se concentrant sur le march\u00e9 nordique. Depuis le d\u00e9but, notre ambition a \u00e9t\u00e9 claire \u2013 offrir des produits de qualit\u00e9 aux prix les plus comp\u00e9titifs possible. Nous travaillons activement pour trouver les [&#8230;]\n","protected":false},"author":7,"featured_media":0,"parent":0,"menu_order":0,"comment_status":"closed","ping_status":"closed","template":"","meta":{"_uag_custom_page_level_css":"","footnotes":""},"class_list":["post-30102","page","type-page","status-publish","hentry"],"aioseo_notices":[],"uagb_featured_image_src":{"full":false,"thumbnail":false,"medium":false,"medium_large":false,"large":false,"1536x1536":false,"2048x2048":false,"woocommerce_thumbnail":false,"woocommerce_single":false,"woocommerce_gallery_thumbnail":false},"uagb_author_info":{"display_name":"Kristin","author_link":"https:\/\/www.linneelektronik.com\/fr\/author\/kristin\/"},"uagb_comment_info":0,"uagb_excerpt":"\u00c0 propos de nous \u2013 Linn\u00e9 Elektronikhandel AB Linn\u00e9 Elektronikhandel AB est une entreprise familiale qui a \u00e9t\u00e9 fond\u00e9e \u00e0 Linn\u00e9, G\u00f6teborg, en se concentrant sur le march\u00e9 nordique. Depuis le d\u00e9but, notre ambition a \u00e9t\u00e9 claire \u2013 offrir des produits de qualit\u00e9 aux prix les plus comp\u00e9titifs possible. Nous travaillons activement pour trouver les\u2026","jetpack_sharing_enabled":true,"_links":{"self":[{"href":"https:\/\/www.linneelektronik.com\/fr\/wp-json\/wp\/v2\/pages\/30102","targetHints":{"allow":["GET"]}}],"collection":[{"href":"https:\/\/www.linneelektronik.com\/fr\/wp-json\/wp\/v2\/pages"}],"about":[{"href":"https:\/\/www.linneelektronik.com\/fr\/wp-json\/wp\/v2\/types\/page"}],"author":[{"embeddable":true,"href":"https:\/\/www.linneelektronik.com\/fr\/wp-json\/wp\/v2\/users\/7"}],"replies":[{"embeddable":true,"href":"https:\/\/www.linneelektronik.com\/fr\/wp-json\/wp\/v2\/comments?post=30102"}],"version-history":[{"count":3,"href":"https:\/\/www.linneelektronik.com\/fr\/wp-json\/wp\/v2\/pages\/30102\/revisions"}],"predecessor-version":[{"id":35766,"href":"https:\/\/www.linneelektronik.com\/fr\/wp-json\/wp\/v2\/pages\/30102\/revisions\/35766"}],"wp:attachment":[{"href":"https:\/\/www.linneelektronik.com\/fr\/wp-json\/wp\/v2\/media?parent=30102"}],"curies":[{"name":"wp","href":"https:\/\/api.w.org\/{rel}","templated":true}]}}