{"id":31038,"date":"2025-07-31T14:30:59","date_gmt":"2025-07-31T12:30:59","guid":{"rendered":"https:\/\/www.linneelektronik.com\/conditions-de-livraison\/"},"modified":"2026-03-05T16:06:10","modified_gmt":"2026-03-05T15:06:10","slug":"conditions-de-livraison","status":"publish","type":"page","link":"https:\/\/www.linneelektronik.com\/fr\/conditions-de-livraison\/","title":{"rendered":"Conditions de livraison"},"content":{"rendered":"\n<p>Le magasin d\u2019\u00e9lectronique Linnaeus traite g\u00e9n\u00e9ralement les commandes le m\u00eame jour de la semaine si le(s) produit(s) sont en stock en ligne et que la commande est pass\u00e9e avant midi. 18:00. Le d\u00e9lai de livraison varie selon l\u2019option d\u2019exp\u00e9dition choisie (0-3 jours ouvrables). Si l\u2019article est en retard, le d\u00e9lai de livraison peut \u00eatre nettement plus long. <br\/><br\/>Nous utilisons Bring &amp; Schenker.  <br\/><br\/>Pour plus de questions, veuillez envoyer un e-mail \u00e0 info@linneelektronik.com<\/p>\n","protected":false},"excerpt":{"rendered":"<p>Le magasin d\u2019\u00e9lectronique Linnaeus traite g\u00e9n\u00e9ralement les commandes le m\u00eame jour de la semaine si le(s) produit(s) sont en stock en ligne et que la commande est pass\u00e9e avant midi. 18:00. Le d\u00e9lai de livraison varie selon l\u2019option d\u2019exp\u00e9dition choisie (0-3 jours ouvrables). Si l\u2019article est en retard, le d\u00e9lai de livraison peut \u00eatre nettement [&#8230;]\n","protected":false},"author":1,"featured_media":0,"parent":0,"menu_order":0,"comment_status":"closed","ping_status":"closed","template":"","meta":{"_uag_custom_page_level_css":"","footnotes":""},"class_list":["post-31038","page","type-page","status-publish","hentry"],"aioseo_notices":[],"uagb_featured_image_src":{"full":false,"thumbnail":false,"medium":false,"medium_large":false,"large":false,"1536x1536":false,"2048x2048":false,"woocommerce_thumbnail":false,"woocommerce_single":false,"woocommerce_gallery_thumbnail":false},"uagb_author_info":{"display_name":"Admin","author_link":"https:\/\/www.linneelektronik.com\/fr\/author\/user\/"},"uagb_comment_info":0,"uagb_excerpt":"Le magasin d\u2019\u00e9lectronique Linnaeus traite g\u00e9n\u00e9ralement les commandes le m\u00eame jour de la semaine si le(s) produit(s) sont en stock en ligne et que la commande est pass\u00e9e avant midi. 18:00. Le d\u00e9lai de livraison varie selon l\u2019option d\u2019exp\u00e9dition choisie (0-3 jours ouvrables). Si l\u2019article est en retard, le d\u00e9lai de livraison peut \u00eatre nettement\u2026","jetpack_sharing_enabled":true,"_links":{"self":[{"href":"https:\/\/www.linneelektronik.com\/fr\/wp-json\/wp\/v2\/pages\/31038","targetHints":{"allow":["GET"]}}],"collection":[{"href":"https:\/\/www.linneelektronik.com\/fr\/wp-json\/wp\/v2\/pages"}],"about":[{"href":"https:\/\/www.linneelektronik.com\/fr\/wp-json\/wp\/v2\/types\/page"}],"author":[{"embeddable":true,"href":"https:\/\/www.linneelektronik.com\/fr\/wp-json\/wp\/v2\/users\/1"}],"replies":[{"embeddable":true,"href":"https:\/\/www.linneelektronik.com\/fr\/wp-json\/wp\/v2\/comments?post=31038"}],"version-history":[{"count":1,"href":"https:\/\/www.linneelektronik.com\/fr\/wp-json\/wp\/v2\/pages\/31038\/revisions"}],"predecessor-version":[{"id":31039,"href":"https:\/\/www.linneelektronik.com\/fr\/wp-json\/wp\/v2\/pages\/31038\/revisions\/31039"}],"wp:attachment":[{"href":"https:\/\/www.linneelektronik.com\/fr\/wp-json\/wp\/v2\/media?parent=31038"}],"curies":[{"name":"wp","href":"https:\/\/api.w.org\/{rel}","templated":true}]}}