{"id":41176,"date":"2026-04-11T15:09:03","date_gmt":"2026-04-11T13:09:03","guid":{"rendered":"https:\/\/www.linneelektronik.com\/apple-2\/iphone\/iphone-17-pro-max\/"},"modified":"2026-04-11T16:43:07","modified_gmt":"2026-04-11T14:43:07","slug":"iphone-17-pro-max","status":"publish","type":"page","link":"https:\/\/www.linneelektronik.com\/fr\/apple\/iphone\/iphone-17-pro-max\/","title":{"rendered":"iPhone 17 Pro Max"},"content":{"rendered":"<h1>Apple iPhone 17 Pro Max<\/h1>\n<p>iPhone 17 Pro Max \u00e4r Apples mest avancerade iPhone med st\u00f6rsta sk\u00e4rmen, l\u00e4ngsta batteritiden och kraftfullaste kamerasystemet. A19 Pro-chip, 5x optisk zoom med tetraprisma-objektiv, upp till 1 TB lagring. Titan-design i Cosmic Orange, Deep Blue och Silver.<\/p>\n        <section class=\"lp-section\">\n            <div class=\"lp-container\">\n                                    <div class=\"lp-section__header\">\n                        <h2>V\u00e4lj din iPhone 17 Pro <span class=\"lp-accent\">Max<\/span><\/h2>\n                                                    <p>Alla varianter och f\u00e4rger<\/p>\n                                                <div class=\"lp-section__divider\"><\/div>\n                    <\/div>\n                \n                                                                                <div class=\"lp-products-grid\" style=\"grid-template-columns:repeat(4,1fr);\">\n                            <div class=\"lp-product-card\">\n            <a href=\"https:\/\/www.linneelektronik.com\/da\/butik\/apple-iphone-17-pro-max-5g-12gb-ram-256gb-kosmisk-orange\/\" class=\"lp-product-card__link\">\n                <div class=\"lp-product-card__img\">\n                    <img decoding=\"async\" src=\"https:\/\/www.linneelektronik.com\/wp-content\/uploads\/2025\/10\/Orange-1-247x247.jpg\" alt=\"Apple iPhone 17 Pro Max 256GB - Kosmisk orange\" loading=\"lazy\" \/>\n                <\/div>\n                <div class=\"lp-product-card__body\">\n                                            <div class=\"lp-product-card__category\">Mobiltelefoner<\/div>\n                                        <div class=\"lp-product-card__name\">Apple iPhone 17 Pro Max 256GB - Kosmisk orange<\/div>\n                                        <div class=\"lp-product-card__price-row\">\n                        <div class=\"lp-product-card__price\">\n                            1 451 <small>&euro;<\/small>\n                        <\/div>\n                                                    <span class=\"lwa-stock is-low\">\n                                <span class=\"lwa-stock__dot\"><\/span>\n                                Stock limit\u00e9                            <\/span>\n                                            <\/div>\n                <\/div>\n                <span class=\"lp-product-card__btn\">Visa<\/span>\n            <\/a>\n            <div class=\"lp-product-card__dots\"><\/div>        <\/div>\n                <div class=\"lp-product-card\">\n            <a href=\"https:\/\/www.linneelektronik.com\/da\/butik\/apple-iphone-17-pro-max-5g-12gb-ram-256gb-silver-silver-mfy84\/\" class=\"lp-product-card__link\">\n                <div class=\"lp-product-card__img\">\n                    <img decoding=\"async\" src=\"https:\/\/www.linneelektronik.com\/wp-content\/uploads\/2025\/10\/4157304_2_1200x1200_w_g-1-247x247.jpg\" alt=\"Apple iPhone 17 Pro Max 256GB - Silver\" loading=\"lazy\" \/>\n                <\/div>\n                <div class=\"lp-product-card__body\">\n                                            <div class=\"lp-product-card__category\">iPhone 17 Pro Max \u00b7 Mobiltelefoner<\/div>\n                                        <div class=\"lp-product-card__name\">Apple iPhone 17 Pro Max 256GB - Silver<\/div>\n                                        <div class=\"lp-product-card__price-row\">\n                        <div class=\"lp-product-card__price\">\n                            1 642 <small>&euro;<\/small>\n                        <\/div>\n                                                    <span class=\"lwa-stock is-low\">\n                                <span class=\"lwa-stock__dot\"><\/span>\n                                Stock limit\u00e9                            <\/span>\n                                            <\/div>\n                <\/div>\n                <span class=\"lp-product-card__btn\">Visa<\/span>\n            <\/a>\n            <div class=\"lp-product-card__dots\"><\/div>        <\/div>\n                <div class=\"lp-product-card\">\n            <a href=\"https:\/\/www.linneelektronik.com\/da\/butik\/apple-iphone-17-pro-max-5g-12gb-ram-512gb-blaa-deep-blue-mfye4\/\" class=\"lp-product-card__link\">\n                <div class=\"lp-product-card__img\">\n                    <img decoding=\"async\" src=\"https:\/\/www.linneelektronik.com\/wp-content\/uploads\/2025\/10\/blue-2-1-247x247.jpg\" alt=\"Apple iPhone 17 Pro Max 512GB - Bl\u00e5 (Deep blue)\" loading=\"lazy\" \/>\n                <\/div>\n                <div class=\"lp-product-card__body\">\n                                            <div class=\"lp-product-card__category\">Mobiltelefoner<\/div>\n                                        <div class=\"lp-product-card__name\">Apple iPhone 17 Pro Max 512GB - Bl\u00e5 (Deep blue)<\/div>\n                                        <div class=\"lp-product-card__price-row\">\n                        <div class=\"lp-product-card__price\">\n                            1 936 <small>&euro;<\/small>\n                        <\/div>\n                                                    <span class=\"lwa-stock is-low\">\n                                <span class=\"lwa-stock__dot\"><\/span>\n                                Stock limit\u00e9                            <\/span>\n                                            <\/div>\n                <\/div>\n                <span class=\"lp-product-card__btn\">Visa<\/span>\n            <\/a>\n            <div class=\"lp-product-card__dots\"><\/div>        <\/div>\n                        <\/div>\n                                                                <div style=\"margin-top:32px;padding-top:24px;border-top:2px solid #e5e7eb;opacity:0.7\">\n                    <div class=\"lp-section__header\" style=\"margin-bottom:16px\">\n                        <h3 style=\"font-size:18px;color:#9ca3af\">\u00c9puis\u00e9s<\/h3>\n                        <p style=\"font-size:13px;color:#9ca3af\">Ces variantes ne sont pas en stock actuellement<\/p>\n                    <\/div>\n                    <div class=\"lp-products-grid\" style=\"grid-template-columns:repeat(4,1fr);\">\n                                <div class=\"lp-product-card\">\n            <a href=\"https:\/\/www.linneelektronik.com\/da\/butik\/apple-iphone-17-pro-max-5g-12gb-ram-256gb-soelv-soelv-mfym4\/\" class=\"lp-product-card__link\">\n                <div class=\"lp-product-card__img\">\n                    <img decoding=\"async\" src=\"https:\/\/www.linneelektronik.com\/wp-content\/uploads\/2025\/10\/4157304_2_1200x1200_w_g-1-247x247.jpg\" alt=\"Apple iPhone 17 Pro Max 256GB - S\u00f8lv (S\u00f8lv)\" loading=\"lazy\" \/>\n                <\/div>\n                <div class=\"lp-product-card__body\">\n                                            <div class=\"lp-product-card__category\">Mobiltelefoner<\/div>\n                                        <div class=\"lp-product-card__name\">Apple iPhone 17 Pro Max 256GB - S\u00f8lv (S\u00f8lv)<\/div>\n                                        <div class=\"lp-product-card__price-row\">\n                        <div class=\"lp-product-card__price\">\n                            1 451 <small>&euro;<\/small>\n                        <\/div>\n                                                    <span class=\"lwa-stock is-out\">\n                                <span class=\"lwa-stock__dot\"><\/span>\n                                Slut                            <\/span>\n                                            <\/div>\n                <\/div>\n                <span class=\"lp-product-card__btn\">Visa<\/span>\n            <\/a>\n            <div class=\"lp-product-card__dots\"><\/div>        <\/div>\n                <div class=\"lp-product-card\">\n            <a href=\"https:\/\/www.linneelektronik.com\/da\/butik\/apple-iphone-17-pro-max-5g-12gb-ram-256gb-blaa-deep-blue-mfyp4\/\" class=\"lp-product-card__link\">\n                <div class=\"lp-product-card__img\">\n                    <img decoding=\"async\" src=\"https:\/\/www.linneelektronik.com\/wp-content\/uploads\/2025\/10\/blue-2-1-247x247.jpg\" alt=\"Apple iPhone 17 Pro Max 256GB - Bl\u00e5 (Deep blue)\" loading=\"lazy\" \/>\n                <\/div>\n                <div class=\"lp-product-card__body\">\n                                            <div class=\"lp-product-card__category\">Mobiltelefoner<\/div>\n                                        <div class=\"lp-product-card__name\">Apple iPhone 17 Pro Max 256GB - Bl\u00e5 (Deep blue)<\/div>\n                                        <div class=\"lp-product-card__price-row\">\n                        <div class=\"lp-product-card__price\">\n                            1 451 <small>&euro;<\/small>\n                        <\/div>\n                                                    <span class=\"lwa-stock is-out\">\n                                <span class=\"lwa-stock__dot\"><\/span>\n                                Slut                            <\/span>\n                                            <\/div>\n                <\/div>\n                <span class=\"lp-product-card__btn\">Visa<\/span>\n            <\/a>\n            <div class=\"lp-product-card__dots\"><\/div>        <\/div>\n                <div class=\"lp-product-card\">\n            <a href=\"https:\/\/www.linneelektronik.com\/da\/butik\/apple-iphone-17-pro-max-5g-12gb-ram-256gb-blaa-dybblaa-mfya4\/\" class=\"lp-product-card__link\">\n                <div class=\"lp-product-card__img\">\n                    <img decoding=\"async\" src=\"https:\/\/www.linneelektronik.com\/wp-content\/uploads\/2025\/10\/blue-2-1-247x247.jpg\" alt=\"Apple iPhone 17 Pro Max 256GB - Bl\u00e5 (Dybbl\u00e5)\" loading=\"lazy\" \/>\n                <\/div>\n                <div class=\"lp-product-card__body\">\n                                            <div class=\"lp-product-card__category\">Mobiltelefoner<\/div>\n                                        <div class=\"lp-product-card__name\">Apple iPhone 17 Pro Max 256GB - Bl\u00e5 (Dybbl\u00e5)<\/div>\n                                        <div class=\"lp-product-card__price-row\">\n                        <div class=\"lp-product-card__price\">\n                            1 642 <small>&euro;<\/small>\n                        <\/div>\n                                                    <span class=\"lwa-stock is-out\">\n                                <span class=\"lwa-stock__dot\"><\/span>\n                                Slut                            <\/span>\n                                            <\/div>\n                <\/div>\n                <span class=\"lp-product-card__btn\">Visa<\/span>\n            <\/a>\n            <div class=\"lp-product-card__dots\"><\/div>        <\/div>\n                <div class=\"lp-product-card\">\n            <a href=\"https:\/\/www.linneelektronik.com\/da\/butik\/apple-iphone-17-pro-max-5g-12gb-ram-256gb-kosmisk-orange-cosmic-orange-mfy94\/\" class=\"lp-product-card__link\">\n                <div class=\"lp-product-card__img\">\n                    <img decoding=\"async\" src=\"https:\/\/www.linneelektronik.com\/wp-content\/uploads\/2025\/10\/Orange-1-247x247.jpg\" alt=\"Apple iPhone 17 Pro Max 256GB - Kosmisk orange (Cosmic orange)\" loading=\"lazy\" \/>\n                <\/div>\n                <div class=\"lp-product-card__body\">\n                                            <div class=\"lp-product-card__category\">Mobiltelefoner<\/div>\n                                        <div class=\"lp-product-card__name\">Apple iPhone 17 Pro Max 256GB - Kosmisk orange (Cosmic orange)<\/div>\n                                        <div class=\"lp-product-card__price-row\">\n                        <div class=\"lp-product-card__price\">\n                            1 642 <small>&euro;<\/small>\n                        <\/div>\n                                                    <span class=\"lwa-stock is-out\">\n                                <span class=\"lwa-stock__dot\"><\/span>\n                                Slut                            <\/span>\n                                            <\/div>\n                <\/div>\n                <span class=\"lp-product-card__btn\">Visa<\/span>\n            <\/a>\n            <div class=\"lp-product-card__dots\"><\/div>        <\/div>\n                <div class=\"lp-product-card\">\n            <a href=\"https:\/\/www.linneelektronik.com\/da\/butik\/apple-iphone-17-pro-max-5g-12gb-ram-512gb-kosmisk-orange-cosmic-orange-mfyd4\/\" class=\"lp-product-card__link\">\n                <div class=\"lp-product-card__img\">\n                    <img decoding=\"async\" src=\"https:\/\/www.linneelektronik.com\/wp-content\/uploads\/2025\/10\/Orange-1-247x247.jpg\" alt=\"Apple iPhone 17 Pro Max 512GB - Kosmisk orange (Cosmic orange)\" loading=\"lazy\" \/>\n                <\/div>\n                <div class=\"lp-product-card__body\">\n                                            <div class=\"lp-product-card__category\">Mobiltelefoner<\/div>\n                                        <div class=\"lp-product-card__name\">Apple iPhone 17 Pro Max 512GB - Kosmisk orange (Cosmic orange)<\/div>\n                                        <div class=\"lp-product-card__price-row\">\n                        <div class=\"lp-product-card__price\">\n                            1 946 <small>&euro;<\/small>\n                        <\/div>\n                                                    <span class=\"lwa-stock is-out\">\n                                <span class=\"lwa-stock__dot\"><\/span>\n                                Slut                            <\/span>\n                                            <\/div>\n                <\/div>\n                <span class=\"lp-product-card__btn\">Visa<\/span>\n            <\/a>\n            <div class=\"lp-product-card__dots\"><\/div>        <\/div>\n                <div class=\"lp-product-card\">\n            <a href=\"https:\/\/www.linneelektronik.com\/da\/butik\/apple-iphone-17-pro-max-5g-12gb-ram-512gb-soelv-silver-mfyc4\/\" class=\"lp-product-card__link\">\n                <div class=\"lp-product-card__img\">\n                    <img decoding=\"async\" src=\"https:\/\/www.linneelektronik.com\/wp-content\/uploads\/2025\/10\/4157304_2_1200x1200_w_g-1-247x247.jpg\" alt=\"Apple iPhone 17 Pro Max 512GB - S\u00f8lv (Silver)\" loading=\"lazy\" \/>\n                <\/div>\n                <div class=\"lp-product-card__body\">\n                                            <div class=\"lp-product-card__category\">Mobiltelefoner<\/div>\n                                        <div class=\"lp-product-card__name\">Apple iPhone 17 Pro Max 512GB - S\u00f8lv (Silver)<\/div>\n                                        <div class=\"lp-product-card__price-row\">\n                        <div class=\"lp-product-card__price\">\n                            1 946 <small>&euro;<\/small>\n                        <\/div>\n                                                    <span class=\"lwa-stock is-out\">\n                                <span class=\"lwa-stock__dot\"><\/span>\n                                Slut                            <\/span>\n                                            <\/div>\n                <\/div>\n                <span class=\"lp-product-card__btn\">Visa<\/span>\n            <\/a>\n            <div class=\"lp-product-card__dots\"><\/div>        <\/div>\n                            <\/div>\n                <\/div>\n                \n                            <\/div>\n        <\/section>\n        \n        <section class=\"lp-trust\">\n            <div class=\"lp-container\">\n                <h2>Varf\u00f6r handla hos Linn\u00e9?<\/h2>\n                                    <p class=\"lp-trust__text\">Vi erbjuder elektronik till konkurrenskraftiga priser med snabb leverans fr\u00e5n v\u00e5rt lager i G\u00f6teborg.<\/p>\n                                <div class=\"lp-trust__usps\">\n                                            <div class=\"lp-trust__usp\">\n                            <span class=\"lp-trust__check\">&#10003;<\/span>\n                            Livraison rapide                        <\/div>\n                                            <div class=\"lp-trust__usp\">\n                            <span class=\"lp-trust__check\">&#10003;<\/span>\n                            Command\u00e9 avant 14h \u2014 exp\u00e9di\u00e9 le jour m\u00eame                        <\/div>\n                                            <div class=\"lp-trust__usp\">\n                            <span class=\"lp-trust__check\">&#10003;<\/span>\n                            30 jours satisfait ou rembours\u00e9                        <\/div>\n                                            <div class=\"lp-trust__usp\">\n                            <span class=\"lp-trust__check\">&#10003;<\/span>\n                            Paiement s\u00e9curis\u00e9                        <\/div>\n                                    <\/div>\n                                    <a href=\"https:\/\/www.linneelektronik.com\/fr\/butik\/\" class=\"lp-cta\">Utforska hela sortimentet &rarr;<\/a>\n                            <\/div>\n        <\/section>\n        \n","protected":false},"excerpt":{"rendered":"<p>Apple iPhone 17 Pro Max iPhone 17 Pro Max \u00e4r Apples mest avancerade iPhone med st\u00f6rsta sk\u00e4rmen, l\u00e4ngsta batteritiden och kraftfullaste kamerasystemet. A19 Pro-chip, 5x optisk zoom med tetraprisma-objektiv, upp till 1 TB lagring. Titan-design i Cosmic Orange, Deep Blue och Silver.<\/p>\n","protected":false},"author":0,"featured_media":0,"parent":41167,"menu_order":0,"comment_status":"closed","ping_status":"closed","template":"","meta":{"_uag_custom_page_level_css":"","footnotes":""},"class_list":["post-41176","page","type-page","status-publish","hentry"],"aioseo_notices":[],"uagb_featured_image_src":{"full":false,"thumbnail":false,"medium":false,"medium_large":false,"large":false,"1536x1536":false,"2048x2048":false,"woocommerce_thumbnail":false,"woocommerce_single":false,"woocommerce_gallery_thumbnail":false},"uagb_author_info":{"display_name":"Admin","author_link":"https:\/\/www.linneelektronik.com\/fr\/author\/"},"uagb_comment_info":0,"uagb_excerpt":"Apple iPhone 17 Pro Max iPhone 17 Pro Max \u00e4r Apples mest avancerade iPhone med st\u00f6rsta sk\u00e4rmen, l\u00e4ngsta batteritiden och kraftfullaste kamerasystemet. A19 Pro-chip, 5x optisk zoom med tetraprisma-objektiv, upp till 1 TB lagring. Titan-design i Cosmic Orange, Deep Blue och Silver.","jetpack_sharing_enabled":true,"_links":{"self":[{"href":"https:\/\/www.linneelektronik.com\/fr\/wp-json\/wp\/v2\/pages\/41176","targetHints":{"allow":["GET"]}}],"collection":[{"href":"https:\/\/www.linneelektronik.com\/fr\/wp-json\/wp\/v2\/pages"}],"about":[{"href":"https:\/\/www.linneelektronik.com\/fr\/wp-json\/wp\/v2\/types\/page"}],"replies":[{"embeddable":true,"href":"https:\/\/www.linneelektronik.com\/fr\/wp-json\/wp\/v2\/comments?post=41176"}],"version-history":[{"count":3,"href":"https:\/\/www.linneelektronik.com\/fr\/wp-json\/wp\/v2\/pages\/41176\/revisions"}],"predecessor-version":[{"id":41256,"href":"https:\/\/www.linneelektronik.com\/fr\/wp-json\/wp\/v2\/pages\/41176\/revisions\/41256"}],"up":[{"embeddable":true,"href":"https:\/\/www.linneelektronik.com\/fr\/wp-json\/wp\/v2\/pages\/41167"}],"wp:attachment":[{"href":"https:\/\/www.linneelektronik.com\/fr\/wp-json\/wp\/v2\/media?parent=41176"}],"curies":[{"name":"wp","href":"https:\/\/api.w.org\/{rel}","templated":true}]}}