{"id":41182,"date":"2026-04-11T15:09:03","date_gmt":"2026-04-11T13:09:03","guid":{"rendered":"https:\/\/www.linneelektronik.com\/apple-2\/iphone\/iphone-15\/"},"modified":"2026-04-11T16:43:12","modified_gmt":"2026-04-11T14:43:12","slug":"iphone-15","status":"publish","type":"page","link":"https:\/\/www.linneelektronik.com\/fr\/apple\/iphone\/iphone-15\/","title":{"rendered":"iPhone 15"},"content":{"rendered":"<h1>Apple iPhone 15<\/h1>\n<p>iPhone 15 med 48 MP huvudkamera, A16 Bionic-chip och USB-C i Dynamic Island-design. Premium-iPhone till bra pris med 30 dagars \u00f6ppet k\u00f6p.<\/p>\n        <section class=\"lp-section\">\n            <div class=\"lp-container\">\n                                    <div class=\"lp-section__header\">\n                        <h2>V\u00e4lj din iPhone <span class=\"lp-accent\">15<\/span><\/h2>\n                                                    <p>Alla varianter och f\u00e4rger<\/p>\n                                                <div class=\"lp-section__divider\"><\/div>\n                    <\/div>\n                \n                                                                                <div class=\"lp-products-grid\" style=\"grid-template-columns:repeat(4,1fr);\">\n                            <div class=\"lp-product-card\">\n            <a href=\"https:\/\/www.linneelektronik.com\/da\/butik\/apple-iphone-15-5g-6gb-ram-128gb-sort-black-mtmh3\/\" class=\"lp-product-card__link\">\n                <div class=\"lp-product-card__img\">\n                    <img decoding=\"async\" src=\"https:\/\/www.linneelektronik.com\/wp-content\/uploads\/2025\/10\/2668232_10_1200x1200_w_g-1-247x247.jpg\" alt=\"Apple iPhone 15 128GB - Sort (Black)\" loading=\"lazy\" \/>\n                <\/div>\n                <div class=\"lp-product-card__body\">\n                                            <div class=\"lp-product-card__category\">Apple \u00b7 iPhone \u00b7 iPhone 15 \u00b7 Mobiltelefoner<\/div>\n                                        <div class=\"lp-product-card__name\">Apple iPhone 15 128GB - Sort (Black)<\/div>\n                                        <div class=\"lp-product-card__price-row\">\n                        <div class=\"lp-product-card__price\">\n                            599 <small>&euro;<\/small>\n                        <\/div>\n                                                    <span class=\"lwa-stock is-available\">\n                                <span class=\"lwa-stock__dot\"><\/span>\n                                En stock                            <\/span>\n                                            <\/div>\n                <\/div>\n                <span class=\"lp-product-card__btn\">Visa<\/span>\n            <\/a>\n            <div class=\"lp-product-card__dots\"><\/div>        <\/div>\n                        <\/div>\n                                                                <div style=\"margin-top:32px;padding-top:24px;border-top:2px solid #e5e7eb;opacity:0.7\">\n                    <div class=\"lp-section__header\" style=\"margin-bottom:16px\">\n                        <h3 style=\"font-size:18px;color:#9ca3af\">\u00c9puis\u00e9s<\/h3>\n                        <p style=\"font-size:13px;color:#9ca3af\">Ces variantes ne sont pas en stock actuellement<\/p>\n                    <\/div>\n                    <div class=\"lp-products-grid\" style=\"grid-template-columns:repeat(4,1fr);\">\n                                <div class=\"lp-product-card\">\n            <a href=\"https:\/\/www.linneelektronik.com\/da\/butik\/apple-iphone-15-5g-6gb-ram-128gb-sort-black-mtmh3-kopia-3\/\" class=\"lp-product-card__link\">\n                <div class=\"lp-product-card__img\">\n                    <img decoding=\"async\" src=\"https:\/\/www.linneelektronik.com\/wp-content\/uploads\/12105524-1-247x247.jpg\" alt=\"Apple iPhone 15 128GB - Gr\u00f8n (Green)\" loading=\"lazy\" \/>\n                <\/div>\n                <div class=\"lp-product-card__body\">\n                                            <div class=\"lp-product-card__category\">Mobiltelefoner<\/div>\n                                        <div class=\"lp-product-card__name\">Apple iPhone 15 128GB - Gr\u00f8n (Green)<\/div>\n                                        <div class=\"lp-product-card__price-row\">\n                        <div class=\"lp-product-card__price\">\n                            586 <small>&euro;<\/small>\n                        <\/div>\n                                                    <span class=\"lwa-stock is-out\">\n                                <span class=\"lwa-stock__dot\"><\/span>\n                                Slut                            <\/span>\n                                            <\/div>\n                <\/div>\n                <span class=\"lp-product-card__btn\">Visa<\/span>\n            <\/a>\n            <div class=\"lp-product-card__dots\"><\/div>        <\/div>\n                <div class=\"lp-product-card\">\n            <a href=\"https:\/\/www.linneelektronik.com\/da\/butik\/apple-iphone-15-5g-6gb-ram-128gb-sort-black-mtmh3-kopia-2\/\" class=\"lp-product-card__link\">\n                <div class=\"lp-product-card__img\">\n                    <img decoding=\"async\" src=\"https:\/\/www.linneelektronik.com\/wp-content\/uploads\/12105524-247x247.jpg\" alt=\"Apple iPhone 15 128GB - Pink (Rosa)\" loading=\"lazy\" \/>\n                <\/div>\n                <div class=\"lp-product-card__body\">\n                                            <div class=\"lp-product-card__category\">Mobiltelefoner<\/div>\n                                        <div class=\"lp-product-card__name\">Apple iPhone 15 128GB - Pink (Rosa)<\/div>\n                                        <div class=\"lp-product-card__price-row\">\n                        <div class=\"lp-product-card__price\">\n                            603 <small>&euro;<\/small>\n                        <\/div>\n                                                    <span class=\"lwa-stock is-out\">\n                                <span class=\"lwa-stock__dot\"><\/span>\n                                Slut                            <\/span>\n                                            <\/div>\n                <\/div>\n                <span class=\"lp-product-card__btn\">Visa<\/span>\n            <\/a>\n            <div class=\"lp-product-card__dots\"><\/div>        <\/div>\n                <div class=\"lp-product-card\">\n            <a href=\"https:\/\/www.linneelektronik.com\/da\/butik\/apple-iphone-15-5g-6gb-ram-128gb-blaa-blue-mtml3\/\" class=\"lp-product-card__link\">\n                <div class=\"lp-product-card__img\">\n                    <img decoding=\"async\" src=\"https:\/\/www.linneelektronik.com\/wp-content\/uploads\/2025\/10\/2668235_10_1200x1200_w_g-1-247x247.jpg\" alt=\"Apple iPhone 15 128GB - Bl\u00e5 (Blue)\" loading=\"lazy\" \/>\n                <\/div>\n                <div class=\"lp-product-card__body\">\n                                            <div class=\"lp-product-card__category\">Apple \u00b7 iPhone \u00b7 iPhone 15 \u00b7 Mobiltelefoner<\/div>\n                                        <div class=\"lp-product-card__name\">Apple iPhone 15 128GB - Bl\u00e5 (Blue)<\/div>\n                                        <div class=\"lp-product-card__price-row\">\n                        <div class=\"lp-product-card__price\">\n                            608 <small>&euro;<\/small>\n                        <\/div>\n                                                    <span class=\"lwa-stock is-out\">\n                                <span class=\"lwa-stock__dot\"><\/span>\n                                Slut                            <\/span>\n                                            <\/div>\n                <\/div>\n                <span class=\"lp-product-card__btn\">Visa<\/span>\n            <\/a>\n            <div class=\"lp-product-card__dots\"><\/div>        <\/div>\n                            <\/div>\n                <\/div>\n                \n                            <\/div>\n        <\/section>\n        \n        <section class=\"lp-trust\">\n            <div class=\"lp-container\">\n                <h2>Varf\u00f6r handla hos Linn\u00e9?<\/h2>\n                                    <p class=\"lp-trust__text\">Vi erbjuder elektronik till konkurrenskraftiga priser med snabb leverans fr\u00e5n v\u00e5rt lager i G\u00f6teborg.<\/p>\n                                <div class=\"lp-trust__usps\">\n                                            <div class=\"lp-trust__usp\">\n                            <span class=\"lp-trust__check\">&#10003;<\/span>\n                            Livraison rapide                        <\/div>\n                                            <div class=\"lp-trust__usp\">\n                            <span class=\"lp-trust__check\">&#10003;<\/span>\n                            Command\u00e9 avant 14h \u2014 exp\u00e9di\u00e9 le jour m\u00eame                        <\/div>\n                                            <div class=\"lp-trust__usp\">\n                            <span class=\"lp-trust__check\">&#10003;<\/span>\n                            30 jours satisfait ou rembours\u00e9                        <\/div>\n                                            <div class=\"lp-trust__usp\">\n                            <span class=\"lp-trust__check\">&#10003;<\/span>\n                            Paiement s\u00e9curis\u00e9                        <\/div>\n                                    <\/div>\n                                    <a href=\"https:\/\/www.linneelektronik.com\/fr\/butik\/\" class=\"lp-cta\">Utforska hela sortimentet &rarr;<\/a>\n                            <\/div>\n        <\/section>\n        \n","protected":false},"excerpt":{"rendered":"<p>Apple iPhone 15 iPhone 15 med 48 MP huvudkamera, A16 Bionic-chip och USB-C i Dynamic Island-design. Premium-iPhone till bra pris med 30 dagars \u00f6ppet k\u00f6p.<\/p>\n","protected":false},"author":0,"featured_media":0,"parent":41167,"menu_order":0,"comment_status":"closed","ping_status":"closed","template":"","meta":{"_uag_custom_page_level_css":"","footnotes":""},"class_list":["post-41182","page","type-page","status-publish","hentry"],"aioseo_notices":[],"uagb_featured_image_src":{"full":false,"thumbnail":false,"medium":false,"medium_large":false,"large":false,"1536x1536":false,"2048x2048":false,"woocommerce_thumbnail":false,"woocommerce_single":false,"woocommerce_gallery_thumbnail":false},"uagb_author_info":{"display_name":"Admin","author_link":"https:\/\/www.linneelektronik.com\/fr\/author\/"},"uagb_comment_info":0,"uagb_excerpt":"Apple iPhone 15 iPhone 15 med 48 MP huvudkamera, A16 Bionic-chip och USB-C i Dynamic Island-design. Premium-iPhone till bra pris med 30 dagars \u00f6ppet k\u00f6p.","jetpack_sharing_enabled":true,"_links":{"self":[{"href":"https:\/\/www.linneelektronik.com\/fr\/wp-json\/wp\/v2\/pages\/41182","targetHints":{"allow":["GET"]}}],"collection":[{"href":"https:\/\/www.linneelektronik.com\/fr\/wp-json\/wp\/v2\/pages"}],"about":[{"href":"https:\/\/www.linneelektronik.com\/fr\/wp-json\/wp\/v2\/types\/page"}],"replies":[{"embeddable":true,"href":"https:\/\/www.linneelektronik.com\/fr\/wp-json\/wp\/v2\/comments?post=41182"}],"version-history":[{"count":3,"href":"https:\/\/www.linneelektronik.com\/fr\/wp-json\/wp\/v2\/pages\/41182\/revisions"}],"predecessor-version":[{"id":41264,"href":"https:\/\/www.linneelektronik.com\/fr\/wp-json\/wp\/v2\/pages\/41182\/revisions\/41264"}],"up":[{"embeddable":true,"href":"https:\/\/www.linneelektronik.com\/fr\/wp-json\/wp\/v2\/pages\/41167"}],"wp:attachment":[{"href":"https:\/\/www.linneelektronik.com\/fr\/wp-json\/wp\/v2\/media?parent=41182"}],"curies":[{"name":"wp","href":"https:\/\/api.w.org\/{rel}","templated":true}]}}