{"id":41379,"date":"2026-04-11T17:18:34","date_gmt":"2026-04-11T15:18:34","guid":{"rendered":"https:\/\/www.linneelektronik.com\/apple\/airpods\/"},"modified":"2026-04-11T21:46:12","modified_gmt":"2026-04-11T19:46:12","slug":"airpods","status":"publish","type":"page","link":"https:\/\/www.linneelektronik.com\/fr\/apple\/airpods\/","title":{"rendered":"AirPods"},"content":{"rendered":"<h1>Apple AirPods<\/h1>\n<p>Apple AirPods \u2014 tr\u00e5dl\u00f6sa h\u00f6rlurar f\u00f6r alla. Fr\u00e5n de prisv\u00e4rda AirPods 4 till de brusreducerande AirPods Pro. 30 dagars \u00f6ppet k\u00f6p och fri frakt.<\/p>\n        <section class=\"lp-models\" style=\"padding:40px 0;\">\n            <div class=\"lp-container\">\n                                    <div class=\"lp-section__header\">\n                        <h2><span class=\"lp-accent\">AirPods-modeller<\/span><\/h2>\n                                                    <p>V\u00e4lj din modell<\/p>\n                                                <div class=\"lp-section__divider\"><\/div>\n                    <\/div>\n                \n                <div style=\"display:grid;grid-template-columns:repeat(auto-fill,minmax(150px,1fr));gap:12px;padding:4px 0 12px\">\n                                            <a href=\"https:\/\/www.linneelektronik.com\/fr\/apple\/airpods\/airpods-4\/\" style=\"display:flex;flex-direction:column;align-items:center;padding:20px 12px 16px;background:#fff;border:1.5px solid #e5e7eb;border-radius:12px;text-decoration:none;color:#1d2327;transition:all 0.2s;text-align:center\" onmouseover=\"this.style.borderColor='#6366f1';this.style.transform='translateY(-3px)';this.style.boxShadow='0 6px 20px rgba(0,0,0,0.08)'\" onmouseout=\"this.style.borderColor='#e5e7eb';this.style.transform='none';this.style.boxShadow='none'\">\n                                                            <img decoding=\"async\" src=\"https:\/\/www.linneelektronik.com\/wp-content\/uploads\/2025\/10\/195290171-337857411-11453-org-1-1-247x329.jpg\" alt=\"AirPods 4\" style=\"width:120px;height:120px;object-fit:contain;margin-bottom:12px\" loading=\"lazy\">\n                                                        <span style=\"font-size:14px;font-weight:800;color:#1e293b;margin-bottom:4px\">AirPods 4<\/span>\n                                                            <span style=\"font-size:12px;color:#6b7280\">\u00e0 partir de 121,63&nbsp;&euro;<\/span>\n                                                    <\/a>\n                                            <a href=\"https:\/\/www.linneelektronik.com\/fr\/apple\/airpods\/airpods-pro\/\" style=\"display:flex;flex-direction:column;align-items:center;padding:20px 12px 16px;background:#fff;border:1.5px solid #e5e7eb;border-radius:12px;text-decoration:none;color:#1d2327;transition:all 0.2s;text-align:center\" onmouseover=\"this.style.borderColor='#6366f1';this.style.transform='translateY(-3px)';this.style.boxShadow='0 6px 20px rgba(0,0,0,0.08)'\" onmouseout=\"this.style.borderColor='#e5e7eb';this.style.transform='none';this.style.boxShadow='none'\">\n                                                            <img decoding=\"async\" src=\"https:\/\/www.linneelektronik.com\/wp-content\/uploads\/2025\/10\/15415649-1-247x247.jpg\" alt=\"AirPods Pro\" style=\"width:120px;height:120px;object-fit:contain;margin-bottom:12px\" loading=\"lazy\">\n                                                        <span style=\"font-size:14px;font-weight:800;color:#1e293b;margin-bottom:4px\">AirPods Pro<\/span>\n                                                            <span style=\"font-size:12px;color:#6b7280\">\u00e0 partir de 198,88&nbsp;&euro;<\/span>\n                                                    <\/a>\n                                    <\/div>\n            <\/div>\n        <\/section>\n        \n        <section class=\"lp-section\">\n            <div class=\"lp-container\">\n                                    <div class=\"lp-section__header\">\n                        <h2>Alla <span class=\"lp-accent\">AirPods<\/span><\/h2>\n                                                    <p>V\u00e4lj din modell<\/p>\n                                                <div class=\"lp-section__divider\"><\/div>\n                    <\/div>\n                \n                                                                                <div class=\"lp-products-grid\" style=\"grid-template-columns:repeat(4,1fr);\">\n                            <div class=\"lp-product-card\">\n            <a href=\"https:\/\/www.linneelektronik.com\/fr\/butik\/apple-airpods-4-wireless-in-ear\/\" class=\"lp-product-card__link\">\n                <div class=\"lp-product-card__img\">\n                    <img decoding=\"async\" src=\"https:\/\/www.linneelektronik.com\/wp-content\/uploads\/2025\/10\/195290171-337857411-11453-org-1-1-247x329.jpg\" alt=\"Apple AirPods 4 Wireless In-ear\" loading=\"lazy\" \/>\n                <\/div>\n                <div class=\"lp-product-card__body\">\n                                            <div class=\"lp-product-card__category\">AirPods \u00b7 AirPods 4 \u00b7 Apple \u00b7 \u00c9couteurs \u00b7 In-Ear<\/div>\n                                        <div class=\"lp-product-card__name\">Apple AirPods 4 Wireless In-ear<\/div>\n                                        <div class=\"lp-product-card__price-row\">\n                        <div class=\"lp-product-card__price\">\n                            122 <small>&euro;<\/small>\n                        <\/div>\n                                                    <span class=\"lwa-stock is-available\">\n                                <span class=\"lwa-stock__dot\"><\/span>\n                                En stock                            <\/span>\n                                            <\/div>\n                <\/div>\n                <span class=\"lp-product-card__btn\">Visa<\/span>\n            <\/a>\n            <div class=\"lp-product-card__dots\"><\/div>        <\/div>\n                <div class=\"lp-product-card\">\n            <a href=\"https:\/\/www.linneelektronik.com\/fr\/butik\/apple-airpods-4-active-noise-cancellation-wireless-in-ear\/\" class=\"lp-product-card__link\">\n                <div class=\"lp-product-card__img\">\n                    <img decoding=\"async\" src=\"https:\/\/www.linneelektronik.com\/wp-content\/uploads\/2025\/10\/195290293-337857416-11453-org-1-1-247x232.jpg\" alt=\"Apple AirPods 4 Active Noise Cancellation Wireless In-ear\" loading=\"lazy\" \/>\n                <\/div>\n                <div class=\"lp-product-card__body\">\n                                            <div class=\"lp-product-card__category\">AirPods \u00b7 AirPods 4 \u00b7 \u00c9couteurs \u00b7 In-Ear<\/div>\n                                        <div class=\"lp-product-card__name\">Apple AirPods 4 Active Noise Cancellation Wireless In-ear<\/div>\n                                        <div class=\"lp-product-card__price-row\">\n                        <div class=\"lp-product-card__price\">\n                            168 <small>&euro;<\/small>\n                        <\/div>\n                                                    <span class=\"lwa-stock is-available\">\n                                <span class=\"lwa-stock__dot\"><\/span>\n                                En stock                            <\/span>\n                                            <\/div>\n                <\/div>\n                <span class=\"lp-product-card__btn\">Visa<\/span>\n            <\/a>\n            <div class=\"lp-product-card__dots\"><\/div>        <\/div>\n                <div class=\"lp-product-card\">\n            <a href=\"https:\/\/www.linneelektronik.com\/fr\/butik\/apple-airpods-andra-generation-med-lightning-laddningsetui\/\" class=\"lp-product-card__link\">\n                <div class=\"lp-product-card__img\">\n                    <img decoding=\"async\" src=\"https:\/\/www.linneelektronik.com\/wp-content\/uploads\/2025\/10\/163274019-298300416-11453-org-1-1-247x247.jpg\" alt=\"Apple AirPods (2nd Generation) Wireless In-ear med Lightning Laddningsetui\" loading=\"lazy\" \/>\n                <\/div>\n                <div class=\"lp-product-card__body\">\n                                            <div class=\"lp-product-card__category\">AirPods \u00b7 Apple \u00b7 \u00c9couteurs \u00b7 In-Ear<\/div>\n                                        <div class=\"lp-product-card__name\">Apple AirPods (2nd Generation) Wireless In-ear med Lightning Laddningsetui<\/div>\n                                        <div class=\"lp-product-card__price-row\">\n                        <div class=\"lp-product-card__price\">\n                            209 <small>&euro;<\/small>\n                        <\/div>\n                                                    <span class=\"lwa-stock is-available\">\n                                <span class=\"lwa-stock__dot\"><\/span>\n                                En stock                            <\/span>\n                                            <\/div>\n                <\/div>\n                <span class=\"lp-product-card__btn\">Visa<\/span>\n            <\/a>\n            <div class=\"lp-product-card__dots\"><\/div>        <\/div>\n                        <\/div>\n                                                <div style=\"margin-top:32px;padding-top:24px;border-top:2px solid #fde68a\">\n                    <div class=\"lp-section__header\" style=\"margin-bottom:16px\">\n                        <h3 style=\"font-size:18px;color:#92400e\">\ud83c\udff7\ufe0f Bonnes affaires<\/h3>\n                        <p style=\"font-size:13px;color:#a16207\">Occasions et retours \u00e0 prix r\u00e9duit<\/p>\n                    <\/div>\n                    <div class=\"lp-products-grid\" style=\"grid-template-columns:repeat(4,1fr);\">\n                                <div class=\"lp-product-card\">\n            <a href=\"https:\/\/www.linneelektronik.com\/fr\/butik\/apple-airpods-4-wireless-in-ear-p63-fyndvara\/\" class=\"lp-product-card__link\">\n                <div class=\"lp-product-card__img\">\n                    <img decoding=\"async\" src=\"https:\/\/www.linneelektronik.com\/wp-content\/uploads\/2025\/10\/195290171-337857411-11453-org-1-1-247x329.jpg\" alt=\"Apple AirPods 4 Wireless In-ear P63 (Reconditionn\u00e9)\" loading=\"lazy\" \/>\n                <\/div>\n                <div class=\"lp-product-card__body\">\n                                            <div class=\"lp-product-card__category\">Article retourn\u00e9<\/div>\n                                        <div class=\"lp-product-card__name\">Apple AirPods 4 Wireless In-ear P63 (Reconditionn\u00e9)<\/div>\n                                        <div class=\"lp-product-card__fynd\">\n                        <span class=\"lp-product-card__fynd-badge lp-product-card__fynd-grade-0\">Occasion \u2013 Emballage ouvert<\/span>\n                        <span class=\"lp-product-card__fynd-desc\">Article ouvert ou retourn\u00e9 en \u00e9tat neuf. Contr\u00f4l\u00e9 et test\u00e9.<\/span>\n                    <\/div>\n                                        <div class=\"lp-product-card__price-row\">\n                        <div class=\"lp-product-card__price\">\n                            126 <small>&euro;<\/small>\n                        <\/div>\n                                                    <span class=\"lwa-stock is-low\">\n                                <span class=\"lwa-stock__dot\"><\/span>\n                                Stock limit\u00e9                            <\/span>\n                                            <\/div>\n                <\/div>\n                <span class=\"lp-product-card__btn\">Visa<\/span>\n            <\/a>\n            <div class=\"lp-product-card__dots\"><\/div>        <\/div>\n                            <\/div>\n                <\/div>\n                                                <div style=\"margin-top:32px;padding-top:24px;border-top:2px solid #e5e7eb;opacity:0.7\">\n                    <div class=\"lp-section__header\" style=\"margin-bottom:16px\">\n                        <h3 style=\"font-size:18px;color:#9ca3af\">\u00c9puis\u00e9s<\/h3>\n                        <p style=\"font-size:13px;color:#9ca3af\">Ces variantes ne sont pas en stock actuellement<\/p>\n                    <\/div>\n                    <div class=\"lp-products-grid\" style=\"grid-template-columns:repeat(4,1fr);\">\n                                <div class=\"lp-product-card\">\n            <a href=\"https:\/\/www.linneelektronik.com\/fr\/butik\/apple-airpods-3rd-generation-wireless-in-ear-med-magsafe-tradlost-laddningsetui-2021-e73-fyndvara-klass-2\/\" class=\"lp-product-card__link\">\n                <div class=\"lp-product-card__img\">\n                    <img decoding=\"async\" src=\"https:\/\/www.linneelektronik.com\/wp-content\/uploads\/2025\/10\/164538697-299377170-11453-org-1-1-247x239.jpg\" alt=\"Apple AirPods (3rd Generation) Wireless In-ear med MagSafe tr\u00e5dl\u00f6st laddningsetui - 2021 E73 (Article retourn\u00e9 Classe 2)\" loading=\"lazy\" \/>\n                <\/div>\n                <div class=\"lp-product-card__body\">\n                                            <div class=\"lp-product-card__category\">AirPods \u00b7 Apple \u00b7 Article retourn\u00e9 \u00b7 \u00c9couteurs \u00b7 In-Ear<\/div>\n                                        <div class=\"lp-product-card__name\">Apple AirPods (3rd Generation) Wireless In-ear med MagSafe tr\u00e5dl\u00f6st laddningsetui - 2021 E73 (Article retourn\u00e9 Classe 2)<\/div>\n                                        <div class=\"lp-product-card__fynd\">\n                        <span class=\"lp-product-card__fynd-badge lp-product-card__fynd-grade-2\">Occasion \u2013 classe 2<\/span>\n                        <span class=\"lp-product-card__fynd-desc\">Marques esth\u00e9tiques visibles. Produit enti\u00e8rement fonctionnel.<\/span>\n                    <\/div>\n                                        <div class=\"lp-product-card__price-row\">\n                        <div class=\"lp-product-card__price\">\n                            119 <small>&euro;<\/small>\n                        <\/div>\n                                                    <span class=\"lwa-stock is-out\">\n                                <span class=\"lwa-stock__dot\"><\/span>\n                                Slut                            <\/span>\n                                            <\/div>\n                <\/div>\n                <span class=\"lp-product-card__btn\">Visa<\/span>\n            <\/a>\n            <div class=\"lp-product-card__dots\"><\/div>        <\/div>\n                <div class=\"lp-product-card\">\n            <a href=\"https:\/\/www.linneelektronik.com\/fr\/butik\/apple-airpods-3rd-generation-wireless-in-ear-med-lightning-laddningsetui-2022-ny3-fyndvara-klass-2\/\" class=\"lp-product-card__link\">\n                <div class=\"lp-product-card__img\">\n                    <img decoding=\"async\" src=\"https:\/\/www.linneelektronik.com\/wp-content\/uploads\/2025\/10\/164620199-299477000-11453-org-1-1-247x247.jpg\" alt=\"Apple AirPods (3rd Generation) Wireless In-ear med Lightning laddningsetui - 2022 NY3 (Article retourn\u00e9 Klass 2)\" loading=\"lazy\" \/>\n                <\/div>\n                <div class=\"lp-product-card__body\">\n                                            <div class=\"lp-product-card__category\">AirPods \u00b7 Apple \u00b7 Article retourn\u00e9 \u00b7 \u00c9couteurs \u00b7 In-Ear<\/div>\n                                        <div class=\"lp-product-card__name\">Apple AirPods (3rd Generation) Wireless In-ear med Lightning laddningsetui - 2022 NY3 (Article retourn\u00e9 Klass 2)<\/div>\n                                        <div class=\"lp-product-card__fynd\">\n                        <span class=\"lp-product-card__fynd-badge lp-product-card__fynd-grade-2\">Occasion \u2013 classe 2<\/span>\n                        <span class=\"lp-product-card__fynd-desc\">Marques esth\u00e9tiques visibles. Produit enti\u00e8rement fonctionnel.<\/span>\n                    <\/div>\n                                        <div class=\"lp-product-card__price-row\">\n                        <div class=\"lp-product-card__price\">\n                            160 <small>&euro;<\/small>\n                        <\/div>\n                                                    <span class=\"lwa-stock is-out\">\n                                <span class=\"lwa-stock__dot\"><\/span>\n                                Slut                            <\/span>\n                                            <\/div>\n                <\/div>\n                <span class=\"lp-product-card__btn\">Visa<\/span>\n            <\/a>\n            <div class=\"lp-product-card__dots\"><\/div>        <\/div>\n                <div class=\"lp-product-card\">\n            <a href=\"https:\/\/www.linneelektronik.com\/fr\/butik\/apple-airpods-pro-andra-generationen-2023-med-magsafe-fodral-usb-c-jv3-fyndvara\/\" class=\"lp-product-card__link\">\n                <div class=\"lp-product-card__img\">\n                    <img decoding=\"async\" src=\"https:\/\/www.linneelektronik.com\/wp-content\/uploads\/2025\/10\/163274250-298300434-11453-org-1-1-247x247.jpg\" alt=\"Apple AirPods Pro (andra generationen) 2023 med MagSafe-fodral (USB-C) JV3 (Article retourn\u00e9)\" loading=\"lazy\" \/>\n                <\/div>\n                <div class=\"lp-product-card__body\">\n                                            <div class=\"lp-product-card__category\">Article retourn\u00e9 \u00b7 \u00c9couteurs<\/div>\n                                        <div class=\"lp-product-card__name\">Apple AirPods Pro (andra generationen) 2023 med MagSafe-fodral (USB-C) JV3 (Article retourn\u00e9)<\/div>\n                                        <div class=\"lp-product-card__fynd\">\n                        <span class=\"lp-product-card__fynd-badge lp-product-card__fynd-grade-0\">Occasion \u2013 Emballage ouvert<\/span>\n                        <span class=\"lp-product-card__fynd-desc\">Article ouvert ou retourn\u00e9 en \u00e9tat neuf. Contr\u00f4l\u00e9 et test\u00e9.<\/span>\n                    <\/div>\n                                        <div class=\"lp-product-card__price-row\">\n                        <div class=\"lp-product-card__price\">\n                            191 <small>&euro;<\/small>\n                        <\/div>\n                                                    <span class=\"lwa-stock is-out\">\n                                <span class=\"lwa-stock__dot\"><\/span>\n                                Slut                            <\/span>\n                                            <\/div>\n                <\/div>\n                <span class=\"lp-product-card__btn\">Visa<\/span>\n            <\/a>\n            <div class=\"lp-product-card__dots\"><\/div>        <\/div>\n                            <\/div>\n                <\/div>\n                \n                            <\/div>\n        <\/section>\n        \n        <section class=\"lp-trust\">\n            <div class=\"lp-container\">\n                <h2>Varf\u00f6r handla hos Linn\u00e9?<\/h2>\n                                    <p class=\"lp-trust__text\">Vi erbjuder elektronik till konkurrenskraftiga priser med snabb leverans fr\u00e5n v\u00e5rt lager i G\u00f6teborg.<\/p>\n                                <div class=\"lp-trust__usps\">\n                                            <div class=\"lp-trust__usp\">\n                            <span class=\"lp-trust__check\">&#10003;<\/span>\n                            Livraison rapide                        <\/div>\n                                            <div class=\"lp-trust__usp\">\n                            <span class=\"lp-trust__check\">&#10003;<\/span>\n                            Command\u00e9 avant 14h \u2014 exp\u00e9di\u00e9 le jour m\u00eame                        <\/div>\n                                            <div class=\"lp-trust__usp\">\n                            <span class=\"lp-trust__check\">&#10003;<\/span>\n                            30 jours satisfait ou rembours\u00e9                        <\/div>\n                                            <div class=\"lp-trust__usp\">\n                            <span class=\"lp-trust__check\">&#10003;<\/span>\n                            Paiement s\u00e9curis\u00e9                        <\/div>\n                                    <\/div>\n                                    <a href=\"https:\/\/www.linneelektronik.com\/fr\/butik\/\" class=\"lp-cta\">Utforska hela sortimentet &rarr;<\/a>\n                            <\/div>\n        <\/section>\n        \n","protected":false},"excerpt":{"rendered":"<p>Apple AirPods Apple AirPods \u2014 tr\u00e5dl\u00f6sa h\u00f6rlurar f\u00f6r alla. Fr\u00e5n de prisv\u00e4rda AirPods 4 till de brusreducerande AirPods Pro. 30 dagars \u00f6ppet k\u00f6p och fri frakt.<\/p>\n","protected":false},"author":2,"featured_media":0,"parent":41164,"menu_order":0,"comment_status":"closed","ping_status":"closed","template":"","meta":{"_uag_custom_page_level_css":"","footnotes":""},"class_list":["post-41379","page","type-page","status-publish","hentry"],"aioseo_notices":[],"uagb_featured_image_src":{"full":false,"thumbnail":false,"medium":false,"medium_large":false,"large":false,"1536x1536":false,"2048x2048":false,"woocommerce_thumbnail":false,"woocommerce_single":false,"woocommerce_gallery_thumbnail":false},"uagb_author_info":{"display_name":"Marcus","author_link":"https:\/\/www.linneelektronik.com\/fr\/author\/marcus\/"},"uagb_comment_info":0,"uagb_excerpt":"Apple AirPods Apple AirPods \u2014 tr\u00e5dl\u00f6sa h\u00f6rlurar f\u00f6r alla. Fr\u00e5n de prisv\u00e4rda AirPods 4 till de brusreducerande AirPods Pro. 30 dagars \u00f6ppet k\u00f6p och fri frakt.","jetpack_sharing_enabled":true,"_links":{"self":[{"href":"https:\/\/www.linneelektronik.com\/fr\/wp-json\/wp\/v2\/pages\/41379","targetHints":{"allow":["GET"]}}],"collection":[{"href":"https:\/\/www.linneelektronik.com\/fr\/wp-json\/wp\/v2\/pages"}],"about":[{"href":"https:\/\/www.linneelektronik.com\/fr\/wp-json\/wp\/v2\/types\/page"}],"author":[{"embeddable":true,"href":"https:\/\/www.linneelektronik.com\/fr\/wp-json\/wp\/v2\/users\/2"}],"replies":[{"embeddable":true,"href":"https:\/\/www.linneelektronik.com\/fr\/wp-json\/wp\/v2\/comments?post=41379"}],"version-history":[{"count":0,"href":"https:\/\/www.linneelektronik.com\/fr\/wp-json\/wp\/v2\/pages\/41379\/revisions"}],"up":[{"embeddable":true,"href":"https:\/\/www.linneelektronik.com\/fr\/wp-json\/wp\/v2\/pages\/41164"}],"wp:attachment":[{"href":"https:\/\/www.linneelektronik.com\/fr\/wp-json\/wp\/v2\/media?parent=41379"}],"curies":[{"name":"wp","href":"https:\/\/api.w.org\/{rel}","templated":true}]}}