{"id":41400,"date":"2026-04-11T18:59:59","date_gmt":"2026-04-11T16:59:59","guid":{"rendered":"https:\/\/www.linneelektronik.com\/samsung-2\/galaxy-s25\/"},"modified":"2026-04-11T21:46:14","modified_gmt":"2026-04-11T19:46:14","slug":"galaxy-s25","status":"publish","type":"page","link":"https:\/\/www.linneelektronik.com\/fr\/samsung-2\/mobiltelefoner\/galaxy-s25\/","title":{"rendered":"Samsung Galaxy S25"},"content":{"rendered":"<h1>Samsung Galaxy S25<\/h1>\n<p>Samsung Galaxy S25 hos Linn\u00e9 Elektronik. 30 dagars \u00f6ppet k\u00f6p och fri frakt \u00f6ver 1 000 kr.<\/p>\n        <section class=\"lp-section\">\n            <div class=\"lp-container\">\n                                    <div class=\"lp-section__header\">\n                        <h2>V\u00e4lj din <span class=\"lp-accent\">modell<\/span><\/h2>\n                                                    <p>Alla varianter och f\u00e4rger<\/p>\n                                                <div class=\"lp-section__divider\"><\/div>\n                    <\/div>\n                \n                                                                                <div class=\"lp-products-grid\" style=\"grid-template-columns:repeat(4,1fr);\">\n                            <div class=\"lp-product-card\">\n            <a href=\"https:\/\/www.linneelektronik.com\/fr\/butik\/samsung-galaxy-s25-5g-12gb-ram-128gb-bla-navy-s931b\/\" class=\"lp-product-card__link\">\n                <div class=\"lp-product-card__img\">\n                    <img decoding=\"async\" src=\"https:\/\/www.linneelektronik.com\/wp-content\/uploads\/2025\/10\/1-nav-1-247x298.png\" alt=\"Samsung Galaxy S25 5G 12GB RAM 128GB - Bl\u00e5 (Navy) S931B\" loading=\"lazy\" \/>\n                <\/div>\n                <div class=\"lp-product-card__body\">\n                                            <div class=\"lp-product-card__category\">T\u00e9l\u00e9phones mobiles<\/div>\n                                        <div class=\"lp-product-card__name\">Samsung Galaxy S25 5G 12GB RAM 128GB - Bl\u00e5 (Navy) S931B<\/div>\n                                        <div class=\"lp-product-card__price-row\">\n                        <div class=\"lp-product-card__price\">\n                            679 <small>&euro;<\/small>\n                        <\/div>\n                                                    <span class=\"lwa-stock is-available\">\n                                <span class=\"lwa-stock__dot\"><\/span>\n                                En stock                            <\/span>\n                                            <\/div>\n                <\/div>\n                <span class=\"lp-product-card__btn\">Visa<\/span>\n            <\/a>\n            <div class=\"lp-product-card__dots\"><div class=\"lwa-catalog-color-dots\"><a class=\"lwa-catalog-dot is-current\" href=\"https:\/\/www.linneelektronik.com\/fr\/butik\/samsung-galaxy-s25-5g-12gb-ram-128gb-bla-navy-s931b\/\" title=\"Bleu\"><img loading=\"lazy\" decoding=\"async\" width=\"32\" height=\"32\" src=\"https:\/\/www.linneelektronik.com\/wp-content\/uploads\/2025\/10\/1-nav-1-100x100.png\" class=\"lwa-catalog-dot__img\" alt=\"\" srcset=\"https:\/\/www.linneelektronik.com\/wp-content\/uploads\/2025\/10\/1-nav-1-100x100.png 100w, https:\/\/www.linneelektronik.com\/wp-content\/uploads\/2025\/10\/1-nav-1-150x150.png 150w\" sizes=\"auto, (max-width: 32px) 100vw, 32px\" \/><\/a><a class=\"lwa-catalog-dot is-out-of-stock\" href=\"https:\/\/www.linneelektronik.com\/fr\/butik\/samsung-galaxy-s25-5g-12gb-ram-256gb-silver-shadow-s931b\/\" title=\"Argent\"><img loading=\"lazy\" decoding=\"async\" width=\"32\" height=\"32\" src=\"https:\/\/www.linneelektronik.com\/wp-content\/uploads\/2025\/10\/1-sil-1-100x100.png\" class=\"lwa-catalog-dot__img\" alt=\"\" srcset=\"https:\/\/www.linneelektronik.com\/wp-content\/uploads\/2025\/10\/1-sil-1-100x100.png 100w, https:\/\/www.linneelektronik.com\/wp-content\/uploads\/2025\/10\/1-sil-1-150x150.png 150w\" sizes=\"auto, (max-width: 32px) 100vw, 32px\" \/><\/a><\/div><\/div>        <\/div>\n                <div class=\"lp-product-card\">\n            <a href=\"https:\/\/www.linneelektronik.com\/fr\/butik\/samsung-galaxy-s25-5g-12512gb-gron-mint-s936b\/\" class=\"lp-product-card__link\">\n                <div class=\"lp-product-card__img\">\n                    <img decoding=\"async\" src=\"https:\/\/www.linneelektronik.com\/wp-content\/uploads\/2025\/10\/1-4-247x302.jpeg\" alt=\"Samsung Galaxy S25+ 5G 12GB RAM 512GB - Gr\u00f6n (Mint) S936B\" loading=\"lazy\" \/>\n                <\/div>\n                <div class=\"lp-product-card__body\">\n                                            <div class=\"lp-product-card__category\">T\u00e9l\u00e9phones mobiles<\/div>\n                                        <div class=\"lp-product-card__name\">Samsung Galaxy S25+ 5G 12GB RAM 512GB - Gr\u00f6n (Mint) S936B<\/div>\n                                        <div class=\"lp-product-card__price-row\">\n                        <div class=\"lp-product-card__price\">\n                            998 <small>&euro;<\/small>\n                        <\/div>\n                                                    <span class=\"lwa-stock is-low\">\n                                <span class=\"lwa-stock__dot\"><\/span>\n                                Stock limit\u00e9                            <\/span>\n                                            <\/div>\n                <\/div>\n                <span class=\"lp-product-card__btn\">Visa<\/span>\n            <\/a>\n            <div class=\"lp-product-card__dots\"><\/div>        <\/div>\n                        <\/div>\n                                                                <div style=\"margin-top:32px;padding-top:24px;border-top:2px solid #e5e7eb;opacity:0.7\">\n                    <div class=\"lp-section__header\" style=\"margin-bottom:16px\">\n                        <h3 style=\"font-size:18px;color:#9ca3af\">\u00c9puis\u00e9s<\/h3>\n                        <p style=\"font-size:13px;color:#9ca3af\">Ces variantes ne sont pas en stock actuellement<\/p>\n                    <\/div>\n                    <div class=\"lp-products-grid\" style=\"grid-template-columns:repeat(4,1fr);\">\n                                <div class=\"lp-product-card\">\n            <a href=\"https:\/\/www.linneelektronik.com\/fr\/butik\/samsung-galaxy-s25-5g-12gb-ram-256gb-silver-shadow-s931b\/\" class=\"lp-product-card__link\">\n                <div class=\"lp-product-card__img\">\n                    <img decoding=\"async\" src=\"https:\/\/www.linneelektronik.com\/wp-content\/uploads\/2025\/10\/1-sil-1-247x296.png\" alt=\"Samsung Galaxy S25 5G 12GB RAM 256GB - Argent (Argent Shadow) S931B\" loading=\"lazy\" \/>\n                <\/div>\n                <div class=\"lp-product-card__body\">\n                                            <div class=\"lp-product-card__category\">T\u00e9l\u00e9phones mobiles<\/div>\n                                        <div class=\"lp-product-card__name\">Samsung Galaxy S25 5G 12GB RAM 256GB - Argent (Argent Shadow) S931B<\/div>\n                                        <div class=\"lp-product-card__price-row\">\n                        <div class=\"lp-product-card__price\">\n                            703 <small>&euro;<\/small>\n                        <\/div>\n                                                    <span class=\"lwa-stock is-out\">\n                                <span class=\"lwa-stock__dot\"><\/span>\n                                Slut                            <\/span>\n                                            <\/div>\n                <\/div>\n                <span class=\"lp-product-card__btn\">Visa<\/span>\n            <\/a>\n            <div class=\"lp-product-card__dots\"><div class=\"lwa-catalog-color-dots\"><a class=\"lwa-catalog-dot\" href=\"https:\/\/www.linneelektronik.com\/fr\/butik\/samsung-galaxy-s25-5g-12gb-ram-128gb-bla-navy-s931b\/\" title=\"Bleu\"><img loading=\"lazy\" decoding=\"async\" width=\"32\" height=\"32\" src=\"https:\/\/www.linneelektronik.com\/wp-content\/uploads\/2025\/10\/1-nav-1-100x100.png\" class=\"lwa-catalog-dot__img\" alt=\"\" srcset=\"https:\/\/www.linneelektronik.com\/wp-content\/uploads\/2025\/10\/1-nav-1-100x100.png 100w, https:\/\/www.linneelektronik.com\/wp-content\/uploads\/2025\/10\/1-nav-1-150x150.png 150w\" sizes=\"auto, (max-width: 32px) 100vw, 32px\" \/><\/a><a class=\"lwa-catalog-dot is-current is-out-of-stock\" href=\"https:\/\/www.linneelektronik.com\/fr\/butik\/samsung-galaxy-s25-5g-12gb-ram-256gb-silver-shadow-s931b\/\" title=\"Argent\"><img loading=\"lazy\" decoding=\"async\" width=\"32\" height=\"32\" src=\"https:\/\/www.linneelektronik.com\/wp-content\/uploads\/2025\/10\/1-sil-1-100x100.png\" class=\"lwa-catalog-dot__img\" alt=\"\" srcset=\"https:\/\/www.linneelektronik.com\/wp-content\/uploads\/2025\/10\/1-sil-1-100x100.png 100w, https:\/\/www.linneelektronik.com\/wp-content\/uploads\/2025\/10\/1-sil-1-150x150.png 150w\" sizes=\"auto, (max-width: 32px) 100vw, 32px\" \/><\/a><\/div><\/div>        <\/div>\n                            <\/div>\n                <\/div>\n                \n                            <\/div>\n        <\/section>\n        \n        <section class=\"lp-trust\">\n            <div class=\"lp-container\">\n                <h2>Varf\u00f6r handla hos Linn\u00e9?<\/h2>\n                                    <p class=\"lp-trust__text\">Vi erbjuder elektronik till konkurrenskraftiga priser med snabb leverans fr\u00e5n v\u00e5rt lager i G\u00f6teborg.<\/p>\n                                <div class=\"lp-trust__usps\">\n                                            <div class=\"lp-trust__usp\">\n                            <span class=\"lp-trust__check\">&#10003;<\/span>\n                            Livraison rapide                        <\/div>\n                                            <div class=\"lp-trust__usp\">\n                            <span class=\"lp-trust__check\">&#10003;<\/span>\n                            Command\u00e9 avant 14h \u2014 exp\u00e9di\u00e9 le jour m\u00eame                        <\/div>\n                                            <div class=\"lp-trust__usp\">\n                            <span class=\"lp-trust__check\">&#10003;<\/span>\n                            30 jours satisfait ou rembours\u00e9                        <\/div>\n                                            <div class=\"lp-trust__usp\">\n                            <span class=\"lp-trust__check\">&#10003;<\/span>\n                            Paiement s\u00e9curis\u00e9                        <\/div>\n                                    <\/div>\n                                    <a href=\"https:\/\/www.linneelektronik.com\/fr\/butik\/\" class=\"lp-cta\">Utforska hela sortimentet &rarr;<\/a>\n                            <\/div>\n        <\/section>\n        \n","protected":false},"excerpt":{"rendered":"<p>Samsung Galaxy S25 Samsung Galaxy S25 hos Linn\u00e9 Elektronik. 30 dagars \u00f6ppet k\u00f6p och fri frakt \u00f6ver 1 000 kr.<\/p>\n","protected":false},"author":2,"featured_media":0,"parent":41510,"menu_order":0,"comment_status":"closed","ping_status":"closed","template":"","meta":{"_uag_custom_page_level_css":"","footnotes":""},"class_list":["post-41400","page","type-page","status-publish","hentry"],"aioseo_notices":[],"uagb_featured_image_src":{"full":false,"thumbnail":false,"medium":false,"medium_large":false,"large":false,"1536x1536":false,"2048x2048":false,"woocommerce_thumbnail":false,"woocommerce_single":false,"woocommerce_gallery_thumbnail":false},"uagb_author_info":{"display_name":"Marcus","author_link":"https:\/\/www.linneelektronik.com\/fr\/author\/marcus\/"},"uagb_comment_info":0,"uagb_excerpt":"Samsung Galaxy S25 Samsung Galaxy S25 hos Linn\u00e9 Elektronik. 30 dagars \u00f6ppet k\u00f6p och fri frakt \u00f6ver 1 000 kr.","jetpack_sharing_enabled":true,"_links":{"self":[{"href":"https:\/\/www.linneelektronik.com\/fr\/wp-json\/wp\/v2\/pages\/41400","targetHints":{"allow":["GET"]}}],"collection":[{"href":"https:\/\/www.linneelektronik.com\/fr\/wp-json\/wp\/v2\/pages"}],"about":[{"href":"https:\/\/www.linneelektronik.com\/fr\/wp-json\/wp\/v2\/types\/page"}],"author":[{"embeddable":true,"href":"https:\/\/www.linneelektronik.com\/fr\/wp-json\/wp\/v2\/users\/2"}],"replies":[{"embeddable":true,"href":"https:\/\/www.linneelektronik.com\/fr\/wp-json\/wp\/v2\/comments?post=41400"}],"version-history":[{"count":0,"href":"https:\/\/www.linneelektronik.com\/fr\/wp-json\/wp\/v2\/pages\/41400\/revisions"}],"up":[{"embeddable":true,"href":"https:\/\/www.linneelektronik.com\/fr\/wp-json\/wp\/v2\/pages\/41510"}],"wp:attachment":[{"href":"https:\/\/www.linneelektronik.com\/fr\/wp-json\/wp\/v2\/media?parent=41400"}],"curies":[{"name":"wp","href":"https:\/\/api.w.org\/{rel}","templated":true}]}}