{"id":41554,"date":"2026-04-11T23:47:02","date_gmt":"2026-04-11T21:47:02","guid":{"rendered":"https:\/\/www.linneelektronik.com\/apple\/tillbehor\/iphone-skal\/"},"modified":"2026-04-11T23:47:02","modified_gmt":"2026-04-11T21:47:02","slug":"iphone-skal","status":"publish","type":"page","link":"https:\/\/www.linneelektronik.com\/fr\/apple\/tillbehor\/iphone-skal\/","title":{"rendered":"iPhone-skal"},"content":{"rendered":"<h1>iPhone-skal<\/h1>\n<p>Apple iPhone-skal: Silicone Case med MagSafe i alla f\u00e4rger.<\/p>\n\n        <section class=\"lp-trust\">\n            <div class=\"lp-container\">\n                <h2>Varf\u00f6r handla hos Linn\u00e9?<\/h2>\n                                    <p class=\"lp-trust__text\">Vi erbjuder elektronik till konkurrenskraftiga priser med snabb leverans fr\u00e5n v\u00e5rt lager i G\u00f6teborg.<\/p>\n                                <div class=\"lp-trust__usps\">\n                                            <div class=\"lp-trust__usp\">\n                            <span class=\"lp-trust__check\">&#10003;<\/span>\n                            Livraison rapide                        <\/div>\n                                            <div class=\"lp-trust__usp\">\n                            <span class=\"lp-trust__check\">&#10003;<\/span>\n                            Command\u00e9 avant 14h \u2014 exp\u00e9di\u00e9 le jour m\u00eame                        <\/div>\n                                            <div class=\"lp-trust__usp\">\n                            <span class=\"lp-trust__check\">&#10003;<\/span>\n                            30 jours satisfait ou rembours\u00e9                        <\/div>\n                                            <div class=\"lp-trust__usp\">\n                            <span class=\"lp-trust__check\">&#10003;<\/span>\n                            Paiement s\u00e9curis\u00e9                        <\/div>\n                                    <\/div>\n                                    <a href=\"https:\/\/www.linneelektronik.com\/fr\/butik\/\" class=\"lp-cta\">Utforska hela sortimentet &rarr;<\/a>\n                            <\/div>\n        <\/section>\n        \n","protected":false},"excerpt":{"rendered":"<p>iPhone-skal Apple iPhone-skal: Silicone Case med MagSafe i alla f\u00e4rger.<\/p>\n","protected":false},"author":0,"featured_media":0,"parent":41382,"menu_order":0,"comment_status":"closed","ping_status":"closed","template":"","meta":{"_uag_custom_page_level_css":"","footnotes":""},"class_list":["post-41554","page","type-page","status-publish","hentry"],"aioseo_notices":[],"uagb_featured_image_src":{"full":false,"thumbnail":false,"medium":false,"medium_large":false,"large":false,"1536x1536":false,"2048x2048":false,"woocommerce_thumbnail":false,"woocommerce_single":false,"woocommerce_gallery_thumbnail":false},"uagb_author_info":{"display_name":"","author_link":"https:\/\/www.linneelektronik.com\/fr\/author\/"},"uagb_comment_info":0,"uagb_excerpt":"iPhone-skal Apple iPhone-skal: Silicone Case med MagSafe i alla f\u00e4rger.","jetpack_sharing_enabled":true,"_links":{"self":[{"href":"https:\/\/www.linneelektronik.com\/fr\/wp-json\/wp\/v2\/pages\/41554","targetHints":{"allow":["GET"]}}],"collection":[{"href":"https:\/\/www.linneelektronik.com\/fr\/wp-json\/wp\/v2\/pages"}],"about":[{"href":"https:\/\/www.linneelektronik.com\/fr\/wp-json\/wp\/v2\/types\/page"}],"replies":[{"embeddable":true,"href":"https:\/\/www.linneelektronik.com\/fr\/wp-json\/wp\/v2\/comments?post=41554"}],"version-history":[{"count":0,"href":"https:\/\/www.linneelektronik.com\/fr\/wp-json\/wp\/v2\/pages\/41554\/revisions"}],"up":[{"embeddable":true,"href":"https:\/\/www.linneelektronik.com\/fr\/wp-json\/wp\/v2\/pages\/41382"}],"wp:attachment":[{"href":"https:\/\/www.linneelektronik.com\/fr\/wp-json\/wp\/v2\/media?parent=41554"}],"curies":[{"name":"wp","href":"https:\/\/api.w.org\/{rel}","templated":true}]}}