{"id":25475,"date":"2025-10-26T18:22:56","date_gmt":"2025-10-26T17:22:56","guid":{"rendered":"https:\/\/www.linneelektronik.com\/butik\/pokemon-card-151-box-japansk-4521329346038\/"},"modified":"2026-04-09T15:22:23","modified_gmt":"2026-04-09T13:22:23","slug":"pokemon-card-151-box-japansk-4521329346038","status":"publish","type":"product","link":"https:\/\/www.linneelektronik.com\/fr\/butik\/pokemon-card-151-box-japansk-4521329346038\/","title":{"rendered":"POKEMON CARD 151 BOX Japansk &#8211; 4521329346038"},"content":{"rendered":"<p>Pok\u00e9mon Trading Card Game Enhanced Expansion Pack &#8211; Japansk Edition<\/p>\n<p>Upplev den autentiska Pok\u00e9mon-upplevelsen med denna officiella japanska Enhanced Expansion Pack fr\u00e5n The Pok\u00e9mon Company. Denna box inneh\u00e5ller 20 booster pack med 7 kort vardera \u2014 totalt 140 kort per box.<\/p>\n<p>Inneh\u00e5ll:<br \/>\n\u2022 20 booster pack<br \/>\n\u2022 7 kort per pack (totalt 140 kort)<br \/>\n\u2022 Holografiska och ultra-rare kort<br \/>\n\u2022 Originalt japanskt konstverk<\/p>\n<p>Perfekt f\u00f6r samlare som s\u00f6ker s\u00e4llsynta kort med original japansk design.<\/p>\n","protected":false},"excerpt":{"rendered":"<p>Pok\u00e9mon TCG japansk edition med 20 booster pack, 7 kort\/pack \u2014 totalt 140 kort. Holografiska kort, s\u00e4llsynta kort och originalkonstverk.<\/p>\n","protected":false},"featured_media":25477,"comment_status":"open","ping_status":"closed","template":"","meta":{"_uag_custom_page_level_css":""},"product_brand":[1560],"product_cat":[1561],"product_tag":[],"woo-feed-brand":[],"class_list":{"0":"post-25475","1":"product","2":"type-product","3":"status-publish","4":"has-post-thumbnail","6":"product_brand-pokemon","7":"product_cat-samlarkort","8":"product_shipping_class-shipping-class-01","10":"first","11":"outofstock","12":"taxable","13":"shipping-taxable","14":"purchasable","15":"product-type-simple"},"aioseo_notices":[],"uagb_featured_image_src":{"full":["https:\/\/www.linneelektronik.com\/wp-content\/uploads\/2025\/10\/4521329346038-1.jpg",675,675,false],"thumbnail":["https:\/\/www.linneelektronik.com\/wp-content\/uploads\/2025\/10\/4521329346038-1-150x150.jpg",150,150,true],"medium":["https:\/\/www.linneelektronik.com\/wp-content\/uploads\/2025\/10\/4521329346038-1-300x300.jpg",300,300,true],"medium_large":["https:\/\/www.linneelektronik.com\/wp-content\/uploads\/2025\/10\/4521329346038-1.jpg",675,675,false],"large":["https:\/\/www.linneelektronik.com\/wp-content\/uploads\/2025\/10\/4521329346038-1.jpg",675,675,false],"1536x1536":["https:\/\/www.linneelektronik.com\/wp-content\/uploads\/2025\/10\/4521329346038-1.jpg",675,675,false],"2048x2048":["https:\/\/www.linneelektronik.com\/wp-content\/uploads\/2025\/10\/4521329346038-1.jpg",675,675,false],"woocommerce_thumbnail":["https:\/\/www.linneelektronik.com\/wp-content\/uploads\/2025\/10\/4521329346038-1-247x247.jpg",247,247,true],"woocommerce_single":["https:\/\/www.linneelektronik.com\/wp-content\/uploads\/2025\/10\/4521329346038-1-510x510.jpg",510,510,true],"woocommerce_gallery_thumbnail":["https:\/\/www.linneelektronik.com\/wp-content\/uploads\/2025\/10\/4521329346038-1-100x100.jpg",100,100,true]},"uagb_author_info":{"display_name":"Admin","author_link":"https:\/\/www.linneelektronik.com\/fr\/author\/"},"uagb_comment_info":0,"uagb_excerpt":"Pok\u00e9mon TCG japansk edition med 20 booster pack, 7 kort\/pack \u2014 totalt 140 kort. Holografiska kort, s\u00e4llsynta kort och originalkonstverk.","jetpack_sharing_enabled":true,"_links":{"self":[{"href":"https:\/\/www.linneelektronik.com\/fr\/wp-json\/wp\/v2\/product\/25475","targetHints":{"allow":["GET"]}}],"collection":[{"href":"https:\/\/www.linneelektronik.com\/fr\/wp-json\/wp\/v2\/product"}],"about":[{"href":"https:\/\/www.linneelektronik.com\/fr\/wp-json\/wp\/v2\/types\/product"}],"replies":[{"embeddable":true,"href":"https:\/\/www.linneelektronik.com\/fr\/wp-json\/wp\/v2\/comments?post=25475"}],"wp:featuredmedia":[{"embeddable":true,"href":"https:\/\/www.linneelektronik.com\/fr\/wp-json\/wp\/v2\/media\/25477"}],"wp:attachment":[{"href":"https:\/\/www.linneelektronik.com\/fr\/wp-json\/wp\/v2\/media?parent=25475"}],"wp:term":[{"taxonomy":"product_brand","embeddable":true,"href":"https:\/\/www.linneelektronik.com\/fr\/wp-json\/wp\/v2\/product_brand?post=25475"},{"taxonomy":"product_cat","embeddable":true,"href":"https:\/\/www.linneelektronik.com\/fr\/wp-json\/wp\/v2\/product_cat?post=25475"},{"taxonomy":"product_tag","embeddable":true,"href":"https:\/\/www.linneelektronik.com\/fr\/wp-json\/wp\/v2\/product_tag?post=25475"},{"taxonomy":"woo-feed-brand","embeddable":true,"href":"https:\/\/www.linneelektronik.com\/fr\/wp-json\/wp\/v2\/woo-feed-brand?post=25475"}],"curies":[{"name":"wp","href":"https:\/\/api.w.org\/{rel}","templated":true}]}}