{"id":28042,"date":"2026-02-03T06:47:52","date_gmt":"2026-02-03T05:47:52","guid":{"rendered":"https:\/\/www.linneelektronik.com\/?post_type=product&#038;p=28042"},"modified":"2026-02-03T06:53:27","modified_gmt":"2026-02-03T05:53:27","slug":"samsung-galaxy-a36-8128gb-lavender-lavender-a366b","status":"publish","type":"product","link":"https:\/\/www.linneelektronik.com\/fr\/butik\/samsung-galaxy-a36-8128gb-lavender-lavender-a366b\/","title":{"rendered":"Samsung galaxy A36 8+128GB &#8211; Lavender (Lavender) A366B"},"content":{"rendered":"<h2>Samsung Galaxy A36 5G 8GB RAM 128GB<\/h2>\n<p><strong>Samsung Galaxy A36 5G<\/strong> est un smartphone au design moderne qui combine un grand \u00e9cran, des performances stables et une longue autonomie de batterie.<\/p>\n<p>Avec <strong>6 Go de RAM<\/strong> et <strong>128 Go de stockage<\/strong>, vous b\u00e9n\u00e9ficiez d\u2019une exp\u00e9rience fluide pour les applications, les r\u00e9seaux sociaux et l\u2019utilisation quotidienne.<\/p>\n<p>Le grand \u00e9cran <strong>AMOLED de 6,7 pouces<\/strong> avec un taux de rafra\u00eechissement de <strong>120Hz<\/strong> offre des mouvements fluides et des d\u00e9tails pr\u00e9cis \u2013 id\u00e9al pour le streaming, les jeux, la navigation et les r\u00e9seaux sociaux.<\/p>\n<p>Gr\u00e2ce \u00e0 sa batterie puissante de <strong>5000 mAh<\/strong>, le Galaxy A36 5G tient facilement toute une journ\u00e9e d\u2019utilisation, avec jusqu\u2019\u00e0 <strong>29 heures de lecture vid\u00e9o<\/strong>.<\/p>\n<p>Au dos se trouve un <strong>syst\u00e8me \u00e0 triple cam\u00e9ra avec un capteur principal de 50 MP<\/strong>, une stabilisation optique d\u2019image et un support vid\u00e9o <strong>4K<\/strong>. Cela vous permet de prendre des photos nettes et des vid\u00e9os stables m\u00eame en basse lumi\u00e8re.<\/p>\n<p>La cam\u00e9ra frontale de <strong>12 MP<\/strong> est parfaite pour les selfies et les appels vid\u00e9o.<\/p>\n<p>Avec la prise en charge de la <strong>5G<\/strong>, du <strong>NFC<\/strong> (pour les paiements sans contact), du <strong>Bluetooth 5.4<\/strong>, du <strong>lecteur d\u2019empreintes digitales<\/strong> et la certification <strong>IP67<\/strong> pour la r\u00e9sistance \u00e0 la poussi\u00e8re et \u00e0 l\u2019eau, le Galaxy A36 5G est con\u00e7u pour une utilisation fiable au quotidien.<\/p>\n<p>Il est \u00e9galement <strong>compatible avec les appareils auditifs<\/strong> et supporte \u00e0 la fois le <strong>nano-SIM et l\u2019eSIM<\/strong>.<\/p>\n<p><strong>Samsung Galaxy A36 5G 6GB\/128GB<\/strong> est un excellent choix pour ceux qui veulent un grand \u00e9cran net, un bon appareil photo, une longue autonomie et des connexions modernes \u2013 \u00e0 un prix attractif.<\/p>\n","protected":false},"excerpt":{"rendered":"<p><strong>Samsung Galaxy A36 5G 8GB RAM 128GB<\/strong> est un smartphone moderne et \u00e9l\u00e9gant dot\u00e9 d\u2019un grand \u00e9cran, d\u2019une performance stable et d\u2019une longue autonomie.<\/p>\n","protected":false},"featured_media":28045,"comment_status":"open","ping_status":"closed","template":"","meta":{"_uag_custom_page_level_css":""},"product_brand":[1551],"product_cat":[1552],"product_tag":[],"woo-feed-brand":[],"class_list":{"0":"post-28042","1":"product","2":"type-product","3":"status-publish","4":"has-post-thumbnail","6":"product_brand-samsung","7":"product_cat-telephones-mobiles","8":"product_shipping_class-shipping-class-01","10":"first","11":"instock","12":"taxable","13":"shipping-taxable","14":"purchasable","15":"product-type-simple"},"aioseo_notices":[],"uagb_featured_image_src":{"full":["https:\/\/www.linneelektronik.com\/wp-content\/uploads\/Namnlos-1.png",2180,2180,false],"thumbnail":["https:\/\/www.linneelektronik.com\/wp-content\/uploads\/Namnlos-1-150x180.png",150,180,true],"medium":["https:\/\/www.linneelektronik.com\/wp-content\/uploads\/Namnlos-1-300x300.png",300,300,true],"medium_large":["https:\/\/www.linneelektronik.com\/wp-content\/uploads\/Namnlos-1-768x768.png",768,768,true],"large":["https:\/\/www.linneelektronik.com\/wp-content\/uploads\/Namnlos-1-1024x1024.png",1020,1020,true],"1536x1536":["https:\/\/www.linneelektronik.com\/wp-content\/uploads\/Namnlos-1-1536x1536.png",1536,1536,true],"2048x2048":["https:\/\/www.linneelektronik.com\/wp-content\/uploads\/Namnlos-1-2048x2048.png",2048,2048,true],"woocommerce_thumbnail":["https:\/\/www.linneelektronik.com\/wp-content\/uploads\/Namnlos-1-247x247.png",247,247,true],"woocommerce_single":["https:\/\/www.linneelektronik.com\/wp-content\/uploads\/Namnlos-1-510x510.png",510,510,true],"woocommerce_gallery_thumbnail":["https:\/\/www.linneelektronik.com\/wp-content\/uploads\/Namnlos-1-100x100.png",100,100,true]},"uagb_author_info":{"display_name":"Lasse p\u00e5 Linn\u00e9 Elektronikhandel","author_link":"https:\/\/www.linneelektronik.com\/fr\/author\/"},"uagb_comment_info":0,"uagb_excerpt":"Samsung Galaxy A36 5G 8GB RAM 128GB est un smartphone moderne et \u00e9l\u00e9gant dot\u00e9 d\u2019un grand \u00e9cran, d\u2019une performance stable et d\u2019une longue autonomie.","jetpack_sharing_enabled":true,"_links":{"self":[{"href":"https:\/\/www.linneelektronik.com\/fr\/wp-json\/wp\/v2\/product\/28042","targetHints":{"allow":["GET"]}}],"collection":[{"href":"https:\/\/www.linneelektronik.com\/fr\/wp-json\/wp\/v2\/product"}],"about":[{"href":"https:\/\/www.linneelektronik.com\/fr\/wp-json\/wp\/v2\/types\/product"}],"replies":[{"embeddable":true,"href":"https:\/\/www.linneelektronik.com\/fr\/wp-json\/wp\/v2\/comments?post=28042"}],"wp:featuredmedia":[{"embeddable":true,"href":"https:\/\/www.linneelektronik.com\/fr\/wp-json\/wp\/v2\/media\/28045"}],"wp:attachment":[{"href":"https:\/\/www.linneelektronik.com\/fr\/wp-json\/wp\/v2\/media?parent=28042"}],"wp:term":[{"taxonomy":"product_brand","embeddable":true,"href":"https:\/\/www.linneelektronik.com\/fr\/wp-json\/wp\/v2\/product_brand?post=28042"},{"taxonomy":"product_cat","embeddable":true,"href":"https:\/\/www.linneelektronik.com\/fr\/wp-json\/wp\/v2\/product_cat?post=28042"},{"taxonomy":"product_tag","embeddable":true,"href":"https:\/\/www.linneelektronik.com\/fr\/wp-json\/wp\/v2\/product_tag?post=28042"},{"taxonomy":"woo-feed-brand","embeddable":true,"href":"https:\/\/www.linneelektronik.com\/fr\/wp-json\/wp\/v2\/woo-feed-brand?post=28042"}],"curies":[{"name":"wp","href":"https:\/\/api.w.org\/{rel}","templated":true}]}}