{"id":40710,"date":"2025-06-26T16:11:29","date_gmt":"2025-06-26T14:11:29","guid":{"rendered":"https:\/\/www.linneelektronik.com\/butik\/apple-airpods-andra-generation-med-lightning-laddningsetui\/"},"modified":"2026-04-09T19:53:13","modified_gmt":"2026-04-09T17:53:13","slug":"apple-airpods-andra-generation-med-lightning-laddningsetui","status":"publish","type":"product","link":"https:\/\/www.linneelektronik.com\/fr\/butik\/apple-airpods-andra-generation-med-lightning-laddningsetui\/","title":{"rendered":"Apple AirPods (2nd Generation) Wireless In-ear med Lightning Laddningsetui"},"content":{"rendered":"<div class=\"lwa-desc-row\">\n<div class=\"lwa-desc-media\"><img decoding=\"async\" src=\"{{image_1}}\" alt=\"Apple AirPods avec \u00e9tui de charge ouvert\"><\/div>\n<div class=\"lwa-desc-content\">\n<h2>Son sans fil puissant<\/h2>\n<p>Les AirPods offrent une qualit\u00e9 audio exceptionnelle avec des basses puissantes et des aigus cristallins. La puce Apple H1 avanc\u00e9e assure une connexion Bluetooth stable et optimise la qualit\u00e9 sonore pour tous types de contenus. Le design ergonomique s&rsquo;adapte confortablement \u00e0 l&rsquo;oreille et offre un ajustement naturel qui permet de les porter pendant de longues p\u00e9riodes sans inconfort. Avec l&rsquo;activation et la connexion automatiques, il suffit de les sortir de l&rsquo;\u00e9tui pour qu&rsquo;ils se connectent \u00e0 votre iPhone ou autres appareils Apple.<\/p>\n<\/div>\n<\/div>\n<div class=\"lwa-desc-row lwa-desc-row--reverse\">\n<div class=\"lwa-desc-media\"><img decoding=\"async\" src=\"{{image_2}}\" alt=\"Connexion AirPods \u00e0 iPhone et Apple Watch\"><\/div>\n<div class=\"lwa-desc-content\">\n<h2>Int\u00e9gration parfaite dans l&rsquo;\u00e9cosyst\u00e8me Apple<\/h2>\n<p>L&rsquo;exp\u00e9rience est magique lorsque les AirPods reconnaissent automatiquement tous vos appareils Apple connect\u00e9s avec le m\u00eame identifiant Apple. Basculez facilement entre iPhone, iPad, Mac et Apple Watch sans avoir besoin de vous reconnecter manuellement. Avec la fonction \u00ab\u00a0Dis Siri\u00a0\u00bb, vous pouvez contr\u00f4ler la musique, passer des appels ou obtenir des r\u00e9ponses \u00e0 vos questions en mode mains libres. La puce H1 avanc\u00e9e r\u00e9duit consid\u00e9rablement la latence audio, ce qui les rend parfaits pour les jeux et la lecture vid\u00e9o.<\/p>\n<\/div>\n<\/div>\n<div class=\"lwa-desc-row\">\n<div class=\"lwa-desc-content\">\n<h2>Solution de batterie intelligente<\/h2>\n<p>Avec jusqu&rsquo;\u00e0 5 heures d&rsquo;\u00e9coute par charge et plus de 30 heures au total avec l&rsquo;\u00e9tui de charge inclus, vous n&rsquo;avez que rarement besoin de vous soucier de la batterie. La fonction de charge rapide vous donne 3 heures de lecture avec seulement 15 minutes de charge. L&rsquo;\u00e9tui se charge facilement via le port Lightning et l&rsquo;indicateur LED int\u00e9gr\u00e9 affiche clairement l&rsquo;\u00e9tat de la batterie des \u00e9couteurs et de l&rsquo;\u00e9tui.<\/p>\n<\/div>\n<\/div>\n<div class=\"lwa-desc-row\">\n<div class=\"lwa-desc-content\">\n<h2>Appels cristallins partout<\/h2>\n<p>Les microphones int\u00e9gr\u00e9s utilisent un traitement de signal avanc\u00e9 pour filtrer les bruits de fond et se concentrer sur votre voix. Cela rend les AirPods id\u00e9aux pour les conf\u00e9rences t\u00e9l\u00e9phoniques, les appels vid\u00e9o et les commandes vocales. L&rsquo;acc\u00e9l\u00e9rom\u00e8tre d\u00e9tecte quand vous parlez et active automatiquement les microphones pour une qualit\u00e9 d&rsquo;appel optimale. La technologie de formation de faisceau dirige la capture audio vers votre bouche pour une communication encore plus claire.<\/p>\n<\/div>\n<\/div>\n<p><strong>Avantages des Apple AirPods :<\/strong><br \/>\u2022 Connexion automatique \u00e0 tous les appareils Apple<br \/>\u2022 Activation Siri mains libres avec commande vocale<br \/>\u2022 Charge rapide : 15 min = 3 heures de lecture<br \/>\u2022 Design ergonomique pour un confort toute la journ\u00e9e<br \/>\u2022 Qualit\u00e9 d&rsquo;appel cristalline avec doubles microphones<\/p>\n","protected":false},"excerpt":{"rendered":"<p>\u00c9couteurs sans fil intra-auriculaires avec 5h d&rsquo;autonomie (30h avec \u00e9tui), puce Apple H1 et connexion rapide aux appareils Apple.<\/p>\n","protected":false},"featured_media":40712,"comment_status":"open","ping_status":"closed","template":"","meta":{"_uag_custom_page_level_css":""},"product_brand":[1682],"product_cat":[1925,1926],"product_tag":[],"woo-feed-brand":[712],"class_list":{"0":"post-40710","1":"product","2":"type-product","3":"status-publish","4":"has-post-thumbnail","6":"product_brand-apple","7":"product_cat-horlurar","8":"product_cat-in-ear","9":"product_shipping_class-shipping-class-01","10":"woo-feed-brand-apple","12":"first","13":"instock","14":"featured","15":"taxable","16":"shipping-taxable","17":"purchasable","18":"product-type-simple"},"aioseo_notices":[],"uagb_featured_image_src":{"full":["https:\/\/www.linneelektronik.com\/wp-content\/uploads\/2025\/10\/163274019-298300416-11453-org-1-1.jpg",1000,1000,false],"thumbnail":["https:\/\/www.linneelektronik.com\/wp-content\/uploads\/2025\/10\/163274019-298300416-11453-org-1-1-150x150.jpg",150,150,true],"medium":["https:\/\/www.linneelektronik.com\/wp-content\/uploads\/2025\/10\/163274019-298300416-11453-org-1-1-300x300.jpg",300,300,true],"medium_large":["https:\/\/www.linneelektronik.com\/wp-content\/uploads\/2025\/10\/163274019-298300416-11453-org-1-1-768x768.jpg",768,768,true],"large":["https:\/\/www.linneelektronik.com\/wp-content\/uploads\/2025\/10\/163274019-298300416-11453-org-1-1.jpg",1000,1000,false],"1536x1536":["https:\/\/www.linneelektronik.com\/wp-content\/uploads\/2025\/10\/163274019-298300416-11453-org-1-1.jpg",1000,1000,false],"2048x2048":["https:\/\/www.linneelektronik.com\/wp-content\/uploads\/2025\/10\/163274019-298300416-11453-org-1-1.jpg",1000,1000,false],"woocommerce_thumbnail":["https:\/\/www.linneelektronik.com\/wp-content\/uploads\/2025\/10\/163274019-298300416-11453-org-1-1-247x247.jpg",247,247,true],"woocommerce_single":["https:\/\/www.linneelektronik.com\/wp-content\/uploads\/2025\/10\/163274019-298300416-11453-org-1-1-510x510.jpg",510,510,true],"woocommerce_gallery_thumbnail":["https:\/\/www.linneelektronik.com\/wp-content\/uploads\/2025\/10\/163274019-298300416-11453-org-1-1-100x100.jpg",100,100,true]},"uagb_author_info":{"display_name":"Admin","author_link":"https:\/\/www.linneelektronik.com\/fr\/author\/"},"uagb_comment_info":5,"uagb_excerpt":"\u00c9couteurs sans fil intra-auriculaires avec 5h d'autonomie (30h avec \u00e9tui), puce Apple H1 et connexion rapide aux appareils Apple.","jetpack_sharing_enabled":true,"_links":{"self":[{"href":"https:\/\/www.linneelektronik.com\/fr\/wp-json\/wp\/v2\/product\/40710","targetHints":{"allow":["GET"]}}],"collection":[{"href":"https:\/\/www.linneelektronik.com\/fr\/wp-json\/wp\/v2\/product"}],"about":[{"href":"https:\/\/www.linneelektronik.com\/fr\/wp-json\/wp\/v2\/types\/product"}],"replies":[{"embeddable":true,"href":"https:\/\/www.linneelektronik.com\/fr\/wp-json\/wp\/v2\/comments?post=40710"}],"wp:featuredmedia":[{"embeddable":true,"href":"https:\/\/www.linneelektronik.com\/fr\/wp-json\/wp\/v2\/media\/40712"}],"wp:attachment":[{"href":"https:\/\/www.linneelektronik.com\/fr\/wp-json\/wp\/v2\/media?parent=40710"}],"wp:term":[{"taxonomy":"product_brand","embeddable":true,"href":"https:\/\/www.linneelektronik.com\/fr\/wp-json\/wp\/v2\/product_brand?post=40710"},{"taxonomy":"product_cat","embeddable":true,"href":"https:\/\/www.linneelektronik.com\/fr\/wp-json\/wp\/v2\/product_cat?post=40710"},{"taxonomy":"product_tag","embeddable":true,"href":"https:\/\/www.linneelektronik.com\/fr\/wp-json\/wp\/v2\/product_tag?post=40710"},{"taxonomy":"woo-feed-brand","embeddable":true,"href":"https:\/\/www.linneelektronik.com\/fr\/wp-json\/wp\/v2\/woo-feed-brand?post=40710"}],"curies":[{"name":"wp","href":"https:\/\/api.w.org\/{rel}","templated":true}]}}