{"id":41383,"date":"2026-04-11T21:45:03","date_gmt":"2026-04-11T19:45:03","guid":{"rendered":"https:\/\/www.linneelektronik.com\/apple\/apple-watch\/"},"modified":"2026-04-11T21:46:12","modified_gmt":"2026-04-11T19:46:12","slug":"apple-watch","status":"publish","type":"page","link":"https:\/\/www.linneelektronik.com\/no\/apple\/apple-watch\/","title":{"rendered":"Apple Watch"},"content":{"rendered":"<h1>Apple Watch<\/h1>\n<p>Apple Watch hos Linn\u00e9 Elektronik \u2014 Series 10, Ultra och tillbeh\u00f6r. Tr\u00e4ning, h\u00e4lsa och kommunikation direkt p\u00e5 handleden.<\/p>\n        <section class=\"lp-models\" style=\"padding:40px 0;\">\n            <div class=\"lp-container\">\n                                    <div class=\"lp-section__header\">\n                        <h2><span class=\"lp-accent\">Modeller<\/span><\/h2>\n                                                    <p>V\u00e4lj din Apple Watch<\/p>\n                                                <div class=\"lp-section__divider\"><\/div>\n                    <\/div>\n                \n                <div style=\"display:grid;grid-template-columns:repeat(auto-fill,minmax(150px,1fr));gap:12px;padding:4px 0 12px\">\n                                            <a href=\"https:\/\/www.linneelektronik.com\/no\/apple\/apple-watch\/apple-watch-series-10\/\" style=\"display:flex;flex-direction:column;align-items:center;padding:20px 12px 16px;background:#fff;border:1.5px solid #e5e7eb;border-radius:12px;text-decoration:none;color:#1d2327;transition:all 0.2s;text-align:center\" onmouseover=\"this.style.borderColor='#6366f1';this.style.transform='translateY(-3px)';this.style.boxShadow='0 6px 20px rgba(0,0,0,0.08)'\" onmouseout=\"this.style.borderColor='#e5e7eb';this.style.transform='none';this.style.boxShadow='none'\">\n                                                            <img decoding=\"async\" src=\"https:\/\/www.linneelektronik.com\/wp-content\/uploads\/2025\/10\/201318037-357081836-11453-org-1-1-247x287.jpg\" alt=\"Apple Watch Series 10\" style=\"width:120px;height:120px;object-fit:contain;margin-bottom:12px\" loading=\"lazy\">\n                                                        <span style=\"font-size:14px;font-weight:800;color:#1e293b;margin-bottom:4px\">Apple Watch Series 10<\/span>\n                                                            <span style=\"font-size:12px;color:#6b7280\">fra 4 021,00&nbsp;kr<\/span>\n                                                    <\/a>\n                                            <a href=\"https:\/\/www.linneelektronik.com\/no\/apple\/apple-watch\/apple-watch-ultra\/\" style=\"display:flex;flex-direction:column;align-items:center;padding:20px 12px 16px;background:#fff;border:1.5px solid #e5e7eb;border-radius:12px;text-decoration:none;color:#1d2327;transition:all 0.2s;text-align:center\" onmouseover=\"this.style.borderColor='#6366f1';this.style.transform='translateY(-3px)';this.style.boxShadow='0 6px 20px rgba(0,0,0,0.08)'\" onmouseout=\"this.style.borderColor='#e5e7eb';this.style.transform='none';this.style.boxShadow='none'\">\n                                                            <img decoding=\"async\" src=\"https:\/\/www.linneelektronik.com\/wp-content\/uploads\/2025\/10\/163274250-298300434-11453-org-1-1-247x247.jpg\" alt=\"Apple Watch Ultra\" style=\"width:120px;height:120px;object-fit:contain;margin-bottom:12px\" loading=\"lazy\">\n                                                        <span style=\"font-size:14px;font-weight:800;color:#1e293b;margin-bottom:4px\">Apple Watch Ultra<\/span>\n                                                            <span style=\"font-size:12px;color:#6b7280\">fra 2 479,00&nbsp;kr<\/span>\n                                                    <\/a>\n                                    <\/div>\n            <\/div>\n        <\/section>\n        \n        <section class=\"lp-section\">\n            <div class=\"lp-container\">\n                                    <div class=\"lp-section__header\">\n                        <h2>Alla Apple <span class=\"lp-accent\">Watch<\/span><\/h2>\n                                                <div class=\"lp-section__divider\"><\/div>\n                    <\/div>\n                \n                                                                                <div class=\"lp-products-grid\" style=\"grid-template-columns:repeat(4,1fr);\" id=\"lp-grid-1\" data-collapse=\"12\">\n                            <div class=\"lp-product-card\">\n            <a href=\"https:\/\/www.linneelektronik.com\/no\/butik\/apple-airpods-pro-andre-generasjon-2023-med-magsafe-etui-usb-c-jv3\/\" class=\"lp-product-card__link\">\n                <div class=\"lp-product-card__img\">\n                    <img decoding=\"async\" src=\"https:\/\/www.linneelektronik.com\/wp-content\/uploads\/2025\/10\/163274250-298300434-11453-org-1-1-247x247.jpg\" alt=\"Apple AirPods Pro (andre generasjon) 2023 med MagSafe-etui (USB-C)\" loading=\"lazy\" \/>\n                <\/div>\n                <div class=\"lp-product-card__body\">\n                                            <div class=\"lp-product-card__category\">AirPods \u00b7 AirPods Pro \u00b7 Hodetelefoner \u00b7 In-Ear<\/div>\n                                        <div class=\"lp-product-card__name\">Apple AirPods Pro (andre generasjon) 2023 med MagSafe-etui (USB-C)<\/div>\n                                        <div class=\"lp-product-card__price-row\">\n                        <div class=\"lp-product-card__price\">\n                            2 479 <small>kr<\/small>\n                        <\/div>\n                                                    <span class=\"lwa-stock is-available\">\n                                <span class=\"lwa-stock__dot\"><\/span>\n                                P\u00e5 lager                            <\/span>\n                                            <\/div>\n                <\/div>\n                <span class=\"lp-product-card__btn\">Visa<\/span>\n            <\/a>\n            <div class=\"lp-product-card__dots\"><\/div>        <\/div>\n                <div class=\"lp-product-card\">\n            <a href=\"https:\/\/www.linneelektronik.com\/no\/butik\/apple-airpods-4-active-noise-cancellation-wireless-in-ear-p93\/\" class=\"lp-product-card__link\">\n                <div class=\"lp-product-card__img\">\n                    <img decoding=\"async\" src=\"https:\/\/www.linneelektronik.com\/wp-content\/uploads\/2025\/10\/195290293-337857416-11453-org-1-1-247x232.jpg\" alt=\"Apple AirPods 4 Active Noise Cancellation Wireless In-ear\" loading=\"lazy\" \/>\n                <\/div>\n                <div class=\"lp-product-card__body\">\n                                            <div class=\"lp-product-card__category\">AirPods \u00b7 AirPods 4 \u00b7 Hodetelefoner \u00b7 In-Ear<\/div>\n                                        <div class=\"lp-product-card__name\">Apple AirPods 4 Active Noise Cancellation Wireless In-ear<\/div>\n                                        <div class=\"lp-product-card__price-row\">\n                        <div class=\"lp-product-card__price\">\n                            2 029 <small>kr<\/small>\n                        <\/div>\n                                                    <span class=\"lwa-stock is-available\">\n                                <span class=\"lwa-stock__dot\"><\/span>\n                                P\u00e5 lager                            <\/span>\n                                            <\/div>\n                <\/div>\n                <span class=\"lp-product-card__btn\">Visa<\/span>\n            <\/a>\n            <div class=\"lp-product-card__dots\"><\/div>        <\/div>\n                <div class=\"lp-product-card\">\n            <a href=\"https:\/\/www.linneelektronik.com\/no\/butik\/apple-airpods-2-generasjon-tradlose-in-ear-med-lightning-ladeetui-7n2\/\" class=\"lp-product-card__link\">\n                <div class=\"lp-product-card__img\">\n                    <img decoding=\"async\" src=\"https:\/\/www.linneelektronik.com\/wp-content\/uploads\/2025\/10\/163274019-298300416-11453-org-1-1-247x247.jpg\" alt=\"Apple AirPods (2nd Generation) Wireless In-ear med Lightning Laddningsetui\" loading=\"lazy\" \/>\n                <\/div>\n                <div class=\"lp-product-card__body\">\n                                            <div class=\"lp-product-card__category\">AirPods \u00b7 Apple \u00b7 Hodetelefoner \u00b7 In-Ear<\/div>\n                                        <div class=\"lp-product-card__name\">Apple AirPods (2nd Generation) Wireless In-ear med Lightning Laddningsetui<\/div>\n                                        <div class=\"lp-product-card__price-row\">\n                        <div class=\"lp-product-card__price\">\n                            1 899 <small>kr<\/small>\n                        <\/div>\n                                                    <span class=\"lwa-stock is-available\">\n                                <span class=\"lwa-stock__dot\"><\/span>\n                                P\u00e5 lager                            <\/span>\n                                            <\/div>\n                <\/div>\n                <span class=\"lp-product-card__btn\">Visa<\/span>\n            <\/a>\n            <div class=\"lp-product-card__dots\"><\/div>        <\/div>\n                <div class=\"lp-product-card\">\n            <a href=\"https:\/\/www.linneelektronik.com\/no\/butik\/apple-airpods-3-generasjon-tradlose-in-ear-med-lightning-ladeetui-2022-ny3\/\" class=\"lp-product-card__link\">\n                <div class=\"lp-product-card__img\">\n                    <img decoding=\"async\" src=\"https:\/\/www.linneelektronik.com\/wp-content\/uploads\/2025\/10\/164620199-299477000-11453-org-1-1-247x247.jpg\" alt=\"Apple AirPods (3. generasjon) Tr\u00e5dl\u00f8se In-ear med Lightning ladeetui - 2022\" loading=\"lazy\" \/>\n                <\/div>\n                <div class=\"lp-product-card__body\">\n                                            <div class=\"lp-product-card__category\">AirPods \u00b7 Apple \u00b7 Hodetelefoner \u00b7 In-Ear<\/div>\n                                        <div class=\"lp-product-card__name\">Apple AirPods (3. generasjon) Tr\u00e5dl\u00f8se In-ear med Lightning ladeetui - 2022<\/div>\n                                        <div class=\"lp-product-card__price-row\">\n                        <div class=\"lp-product-card__price\">\n                            1 987 <small>kr<\/small>\n                        <\/div>\n                                                    <span class=\"lwa-stock is-available\">\n                                <span class=\"lwa-stock__dot\"><\/span>\n                                P\u00e5 lager                            <\/span>\n                                            <\/div>\n                <\/div>\n                <span class=\"lp-product-card__btn\">Visa<\/span>\n            <\/a>\n            <div class=\"lp-product-card__dots\"><div class=\"lwa-catalog-color-dots\"><a class=\"lwa-catalog-dot is-current\" href=\"https:\/\/www.linneelektronik.com\/no\/butik\/apple-airpods-3-generasjon-tradlose-in-ear-med-lightning-ladeetui-2022-ny3\/\" title=\"Hvit\"><img loading=\"lazy\" decoding=\"async\" width=\"32\" height=\"32\" src=\"https:\/\/www.linneelektronik.com\/wp-content\/uploads\/2025\/10\/164620199-299477000-11453-org-1-1-100x100.jpg\" class=\"lwa-catalog-dot__img\" alt=\"\" srcset=\"https:\/\/www.linneelektronik.com\/wp-content\/uploads\/2025\/10\/164620199-299477000-11453-org-1-1-100x100.jpg 100w, https:\/\/www.linneelektronik.com\/wp-content\/uploads\/2025\/10\/164620199-299477000-11453-org-1-1-247x247.jpg 247w, https:\/\/www.linneelektronik.com\/wp-content\/uploads\/2025\/10\/164620199-299477000-11453-org-1-1-510x510.jpg 510w, https:\/\/www.linneelektronik.com\/wp-content\/uploads\/2025\/10\/164620199-299477000-11453-org-1-1-300x300.jpg 300w, https:\/\/www.linneelektronik.com\/wp-content\/uploads\/2025\/10\/164620199-299477000-11453-org-1-1-150x150.jpg 150w, https:\/\/www.linneelektronik.com\/wp-content\/uploads\/2025\/10\/164620199-299477000-11453-org-1-1-768x768.jpg 768w, https:\/\/www.linneelektronik.com\/wp-content\/uploads\/2025\/10\/164620199-299477000-11453-org-1-1.jpg 1000w\" sizes=\"auto, (max-width: 32px) 100vw, 32px\" \/><\/a><span class=\"lwa-catalog-dot lwa-catalog-dot--more\">+1<\/span><\/div><\/div>        <\/div>\n                <div class=\"lp-product-card\">\n            <a href=\"https:\/\/www.linneelektronik.com\/no\/butik\/apple-watch-series-10-42mm-aluminium-with-sport-loop-mwwe3-us-versjon\/\" class=\"lp-product-card__link\">\n                <div class=\"lp-product-card__img\">\n                    <img decoding=\"async\" src=\"https:\/\/www.linneelektronik.com\/wp-content\/uploads\/2025\/10\/201318036-357081836-11453-org-1-1-247x287.jpg\" alt=\"Apple Watch Series 10 42mm Aluminium with Sport Loop MWWE3 (US-versjon)\" loading=\"lazy\" \/>\n                <\/div>\n                <div class=\"lp-product-card__body\">\n                                            <div class=\"lp-product-card__category\">Apple \u00b7 Apple Watch \u00b7 Apple Watch Series 10 \u00b7 Smartwatches<\/div>\n                                        <div class=\"lp-product-card__name\">Apple Watch Series 10 42mm Aluminium with Sport Loop MWWE3 (US-versjon)<\/div>\n                                        <div class=\"lp-product-card__price-row\">\n                        <div class=\"lp-product-card__price\">\n                            4 021 <small>kr<\/small>\n                        <\/div>\n                                                    <span class=\"lwa-stock is-low\">\n                                <span class=\"lwa-stock__dot\"><\/span>\n                                F\u00e5 igjen                            <\/span>\n                                            <\/div>\n                <\/div>\n                <span class=\"lp-product-card__btn\">Visa<\/span>\n            <\/a>\n            <div class=\"lp-product-card__dots\"><\/div>        <\/div>\n                <div class=\"lp-product-card\">\n            <a href=\"https:\/\/www.linneelektronik.com\/no\/butik\/apple-watch-series-10-46mm-aluminium-with-sport-loop-mwwp3-us-version\/\" class=\"lp-product-card__link\">\n                <div class=\"lp-product-card__img\">\n                    <img decoding=\"async\" src=\"https:\/\/www.linneelektronik.com\/wp-content\/uploads\/2025\/10\/201318037-357081836-11453-org-1-1-247x287.jpg\" alt=\"Apple Watch Series 10 46mm Aluminium with Sport Loop MWWP3 (US Version)\" loading=\"lazy\" \/>\n                <\/div>\n                <div class=\"lp-product-card__body\">\n                                            <div class=\"lp-product-card__category\">Smartwatches<\/div>\n                                        <div class=\"lp-product-card__name\">Apple Watch Series 10 46mm Aluminium with Sport Loop MWWP3 (US Version)<\/div>\n                                        <div class=\"lp-product-card__price-row\">\n                        <div class=\"lp-product-card__price\">\n                            4 335 <small>kr<\/small>\n                        <\/div>\n                                                    <span class=\"lwa-stock is-low\">\n                                <span class=\"lwa-stock__dot\"><\/span>\n                                F\u00e5 igjen                            <\/span>\n                                            <\/div>\n                <\/div>\n                <span class=\"lp-product-card__btn\">Visa<\/span>\n            <\/a>\n            <div class=\"lp-product-card__dots\"><\/div>        <\/div>\n                        <\/div>\n                                                \n                            <\/div>\n        <\/section>\n        \n        <section class=\"lp-trust\">\n            <div class=\"lp-container\">\n                <h2>Varf\u00f6r handla hos Linn\u00e9?<\/h2>\n                                    <p class=\"lp-trust__text\">Vi erbjuder elektronik till konkurrenskraftiga priser med snabb leverans fr\u00e5n v\u00e5rt lager i G\u00f6teborg.<\/p>\n                                <div class=\"lp-trust__usps\">\n                                            <div class=\"lp-trust__usp\">\n                            <span class=\"lp-trust__check\">&#10003;<\/span>\n                            Rask levering                        <\/div>\n                                            <div class=\"lp-trust__usp\">\n                            <span class=\"lp-trust__check\">&#10003;<\/span>\n                            Bestill f\u00f8r 14:00 \u2014 sendes samme dag                        <\/div>\n                                            <div class=\"lp-trust__usp\">\n                            <span class=\"lp-trust__check\">&#10003;<\/span>\n                            30 dagers \u00e5pent kj\u00f8p                        <\/div>\n                                            <div class=\"lp-trust__usp\">\n                            <span class=\"lp-trust__check\">&#10003;<\/span>\n                            Sikker betaling                        <\/div>\n                                    <\/div>\n                                    <a href=\"https:\/\/www.linneelektronik.com\/no\/butik\/\" class=\"lp-cta\">Utforska hela sortimentet &rarr;<\/a>\n                            <\/div>\n        <\/section>\n        \n","protected":false},"excerpt":{"rendered":"<p>Apple Watch Apple Watch hos Linn\u00e9 Elektronik \u2014 Series 10, Ultra och tillbeh\u00f6r. Tr\u00e4ning, h\u00e4lsa och kommunikation direkt p\u00e5 handleden.<\/p>\n","protected":false},"author":2,"featured_media":0,"parent":41162,"menu_order":0,"comment_status":"closed","ping_status":"closed","template":"","meta":{"_uag_custom_page_level_css":"","footnotes":""},"class_list":["post-41383","page","type-page","status-publish","hentry"],"aioseo_notices":[],"uagb_featured_image_src":{"full":false,"thumbnail":false,"medium":false,"medium_large":false,"large":false,"1536x1536":false,"2048x2048":false,"woocommerce_thumbnail":false,"woocommerce_single":false,"woocommerce_gallery_thumbnail":false},"uagb_author_info":{"display_name":"Marcus","author_link":"https:\/\/www.linneelektronik.com\/no\/author\/marcus\/"},"uagb_comment_info":0,"uagb_excerpt":"Apple Watch Apple Watch hos Linn\u00e9 Elektronik \u2014 Series 10, Ultra och tillbeh\u00f6r. Tr\u00e4ning, h\u00e4lsa och kommunikation direkt p\u00e5 handleden.","jetpack_sharing_enabled":true,"_links":{"self":[{"href":"https:\/\/www.linneelektronik.com\/no\/wp-json\/wp\/v2\/pages\/41383","targetHints":{"allow":["GET"]}}],"collection":[{"href":"https:\/\/www.linneelektronik.com\/no\/wp-json\/wp\/v2\/pages"}],"about":[{"href":"https:\/\/www.linneelektronik.com\/no\/wp-json\/wp\/v2\/types\/page"}],"author":[{"embeddable":true,"href":"https:\/\/www.linneelektronik.com\/no\/wp-json\/wp\/v2\/users\/2"}],"replies":[{"embeddable":true,"href":"https:\/\/www.linneelektronik.com\/no\/wp-json\/wp\/v2\/comments?post=41383"}],"version-history":[{"count":0,"href":"https:\/\/www.linneelektronik.com\/no\/wp-json\/wp\/v2\/pages\/41383\/revisions"}],"up":[{"embeddable":true,"href":"https:\/\/www.linneelektronik.com\/no\/wp-json\/wp\/v2\/pages\/41162"}],"wp:attachment":[{"href":"https:\/\/www.linneelektronik.com\/no\/wp-json\/wp\/v2\/media?parent=41383"}],"curies":[{"name":"wp","href":"https:\/\/api.w.org\/{rel}","templated":true}]}}