{"id":41392,"date":"2026-04-11T17:18:37","date_gmt":"2026-04-11T15:18:37","guid":{"rendered":"https:\/\/www.linneelektronik.com\/apple\/airpods\/airpods-pro\/"},"modified":"2026-04-11T21:46:13","modified_gmt":"2026-04-11T19:46:13","slug":"airpods-pro","status":"publish","type":"page","link":"https:\/\/www.linneelektronik.com\/no\/apple\/airpods\/airpods-pro\/","title":{"rendered":"AirPods Pro"},"content":{"rendered":"<h1>Apple AirPods Pro<\/h1>\n<p>AirPods Pro med aktiv brusreducering, adaptiv transparens och spatial audio. USB-C MagSafe-laddningsetui. Den ultimata in-ear-upplevelsen.<\/p>\n        <section class=\"lp-section\">\n            <div class=\"lp-container\">\n                                    <div class=\"lp-section__header\">\n                        <h2>V\u00e4lj din AirPods <span class=\"lp-accent\">Pro<\/span><\/h2>\n                                                    <p>Alla varianter<\/p>\n                                                <div class=\"lp-section__divider\"><\/div>\n                    <\/div>\n                \n                                                                                <div class=\"lp-products-grid\" style=\"grid-template-columns:repeat(4,1fr);\">\n                            <div class=\"lp-product-card\">\n            <a href=\"https:\/\/www.linneelektronik.com\/da\/butik\/apple-airpods-pro-anden-generation-2023-med-magsafe-etui-usb-c-jv3\/\" class=\"lp-product-card__link\">\n                <div class=\"lp-product-card__img\">\n                    <img decoding=\"async\" src=\"https:\/\/www.linneelektronik.com\/wp-content\/uploads\/2025\/10\/163274250-298300434-11453-org-1-1-247x247.jpg\" alt=\"Apple AirPods Pro (anden generation) 2023 med MagSafe-etui (USB-C)\" loading=\"lazy\" \/>\n                <\/div>\n                <div class=\"lp-product-card__body\">\n                                            <div class=\"lp-product-card__category\">AirPods Pro \u00b7 Hovedtelefoner \u00b7 In-Ear<\/div>\n                                        <div class=\"lp-product-card__name\">Apple AirPods Pro (anden generation) 2023 med MagSafe-etui (USB-C)<\/div>\n                                        <div class=\"lp-product-card__price-row\">\n                        <div class=\"lp-product-card__price\">\n                            2 479 <small>kr<\/small>\n                        <\/div>\n                                                    <span class=\"lwa-stock is-available\">\n                                <span class=\"lwa-stock__dot\"><\/span>\n                                P\u00e5 lager                            <\/span>\n                                            <\/div>\n                <\/div>\n                <span class=\"lp-product-card__btn\">Visa<\/span>\n            <\/a>\n            <div class=\"lp-product-card__dots\"><\/div>        <\/div>\n                <div class=\"lp-product-card\">\n            <a href=\"https:\/\/www.linneelektronik.com\/da\/butik\/apple-airpods-pro-3-2025-hp4\/\" class=\"lp-product-card__link\">\n                <div class=\"lp-product-card__img\">\n                    <img decoding=\"async\" src=\"https:\/\/www.linneelektronik.com\/wp-content\/uploads\/2025\/10\/15415649-1-247x247.jpg\" alt=\"Apple AirPods Pro 3 2025\" loading=\"lazy\" \/>\n                <\/div>\n                <div class=\"lp-product-card__body\">\n                                            <div class=\"lp-product-card__category\">Hovedtelefoner \u00b7 In-Ear<\/div>\n                                        <div class=\"lp-product-card__name\">Apple AirPods Pro 3 2025<\/div>\n                                        <div class=\"lp-product-card__price-row\">\n                        <div class=\"lp-product-card__price\">\n                            2 584 <small>kr<\/small>\n                        <\/div>\n                                                    <span class=\"lwa-stock is-available\">\n                                <span class=\"lwa-stock__dot\"><\/span>\n                                P\u00e5 lager                            <\/span>\n                                            <\/div>\n                <\/div>\n                <span class=\"lp-product-card__btn\">Visa<\/span>\n            <\/a>\n            <div class=\"lp-product-card__dots\"><\/div>        <\/div>\n                        <\/div>\n                                                                <div style=\"margin-top:32px;padding-top:24px;border-top:2px solid #e5e7eb;opacity:0.7\">\n                    <div class=\"lp-section__header\" style=\"margin-bottom:16px\">\n                        <h3 style=\"font-size:18px;color:#9ca3af\">Utsolgte<\/h3>\n                        <p style=\"font-size:13px;color:#9ca3af\">Disse variantene er ikke p\u00e5 lager akkurat n\u00e5<\/p>\n                    <\/div>\n                    <div class=\"lp-products-grid\" style=\"grid-template-columns:repeat(4,1fr);\">\n                                <div class=\"lp-product-card\">\n            <a href=\"https:\/\/www.linneelektronik.com\/da\/butik\/apple-airpods-pro-anden-generation-2023-med-magsafe-etui-usb-c-jv3-kopia\/\" class=\"lp-product-card__link\">\n                <div class=\"lp-product-card__img\">\n                    <img decoding=\"async\" src=\"https:\/\/www.linneelektronik.com\/wp-content\/uploads\/2025\/10\/163274250-298300434-11453-org-1-1-247x247.jpg\" alt=\"Apple AirPods Pro (anden generation) 2023 med MagSafe-etui (USB-C) JV3\" loading=\"lazy\" \/>\n                <\/div>\n                <div class=\"lp-product-card__body\">\n                                            <div class=\"lp-product-card__category\">Hovedtelefoner \u00b7 Open Box<\/div>\n                                        <div class=\"lp-product-card__name\">Apple AirPods Pro (anden generation) 2023 med MagSafe-etui (USB-C) JV3<\/div>\n                                        <div class=\"lp-product-card__fynd\">\n                        <span class=\"lp-product-card__fynd-badge lp-product-card__fynd-grade-0\">Tilbudsprodukt \u2013 \u00c5pnet emballasje<\/span>\n                        <span class=\"lp-product-card__fynd-desc\">\u00c5pnet eller returnert vare i nytilstand. Kontrollert og testet.<\/span>\n                    <\/div>\n                                        <div class=\"lp-product-card__price-row\">\n                        <div class=\"lp-product-card__price\">\n                            2 299 <small>kr<\/small>\n                        <\/div>\n                                                    <span class=\"lwa-stock is-out\">\n                                <span class=\"lwa-stock__dot\"><\/span>\n                                Slut                            <\/span>\n                                            <\/div>\n                <\/div>\n                <span class=\"lp-product-card__btn\">Visa<\/span>\n            <\/a>\n            <div class=\"lp-product-card__dots\"><\/div>        <\/div>\n                            <\/div>\n                <\/div>\n                \n                            <\/div>\n        <\/section>\n        \n        <section class=\"lp-trust\">\n            <div class=\"lp-container\">\n                <h2>Varf\u00f6r handla hos Linn\u00e9?<\/h2>\n                                    <p class=\"lp-trust__text\">Vi erbjuder elektronik till konkurrenskraftiga priser med snabb leverans fr\u00e5n v\u00e5rt lager i G\u00f6teborg.<\/p>\n                                <div class=\"lp-trust__usps\">\n                                            <div class=\"lp-trust__usp\">\n                            <span class=\"lp-trust__check\">&#10003;<\/span>\n                            Rask levering                        <\/div>\n                                            <div class=\"lp-trust__usp\">\n                            <span class=\"lp-trust__check\">&#10003;<\/span>\n                            Bestill f\u00f8r 14:00 \u2014 sendes samme dag                        <\/div>\n                                            <div class=\"lp-trust__usp\">\n                            <span class=\"lp-trust__check\">&#10003;<\/span>\n                            30 dagers \u00e5pent kj\u00f8p                        <\/div>\n                                            <div class=\"lp-trust__usp\">\n                            <span class=\"lp-trust__check\">&#10003;<\/span>\n                            Sikker betaling                        <\/div>\n                                    <\/div>\n                                    <a href=\"https:\/\/www.linneelektronik.com\/no\/butik\/\" class=\"lp-cta\">Utforska hela sortimentet &rarr;<\/a>\n                            <\/div>\n        <\/section>\n        \n","protected":false},"excerpt":{"rendered":"<p>Apple AirPods Pro AirPods Pro med aktiv brusreducering, adaptiv transparens och spatial audio. USB-C MagSafe-laddningsetui. Den ultimata in-ear-upplevelsen.<\/p>\n","protected":false},"author":2,"featured_media":0,"parent":41377,"menu_order":0,"comment_status":"closed","ping_status":"closed","template":"","meta":{"_uag_custom_page_level_css":"","footnotes":""},"class_list":["post-41392","page","type-page","status-publish","hentry"],"aioseo_notices":[],"uagb_featured_image_src":{"full":false,"thumbnail":false,"medium":false,"medium_large":false,"large":false,"1536x1536":false,"2048x2048":false,"woocommerce_thumbnail":false,"woocommerce_single":false,"woocommerce_gallery_thumbnail":false},"uagb_author_info":{"display_name":"Marcus","author_link":"https:\/\/www.linneelektronik.com\/no\/author\/marcus\/"},"uagb_comment_info":0,"uagb_excerpt":"Apple AirPods Pro AirPods Pro med aktiv brusreducering, adaptiv transparens och spatial audio. USB-C MagSafe-laddningsetui. Den ultimata in-ear-upplevelsen.","jetpack_sharing_enabled":true,"_links":{"self":[{"href":"https:\/\/www.linneelektronik.com\/no\/wp-json\/wp\/v2\/pages\/41392","targetHints":{"allow":["GET"]}}],"collection":[{"href":"https:\/\/www.linneelektronik.com\/no\/wp-json\/wp\/v2\/pages"}],"about":[{"href":"https:\/\/www.linneelektronik.com\/no\/wp-json\/wp\/v2\/types\/page"}],"author":[{"embeddable":true,"href":"https:\/\/www.linneelektronik.com\/no\/wp-json\/wp\/v2\/users\/2"}],"replies":[{"embeddable":true,"href":"https:\/\/www.linneelektronik.com\/no\/wp-json\/wp\/v2\/comments?post=41392"}],"version-history":[{"count":0,"href":"https:\/\/www.linneelektronik.com\/no\/wp-json\/wp\/v2\/pages\/41392\/revisions"}],"up":[{"embeddable":true,"href":"https:\/\/www.linneelektronik.com\/no\/wp-json\/wp\/v2\/pages\/41377"}],"wp:attachment":[{"href":"https:\/\/www.linneelektronik.com\/no\/wp-json\/wp\/v2\/media?parent=41392"}],"curies":[{"name":"wp","href":"https:\/\/api.w.org\/{rel}","templated":true}]}}