{"id":41410,"date":"2026-04-11T19:00:04","date_gmt":"2026-04-11T17:00:04","guid":{"rendered":"https:\/\/www.linneelektronik.com\/samsung-2\/galaxy-watch8\/"},"modified":"2026-04-11T21:46:15","modified_gmt":"2026-04-11T19:46:15","slug":"galaxy-watch8","status":"publish","type":"page","link":"https:\/\/www.linneelektronik.com\/no\/samsung-2\/smartklockor\/galaxy-watch8\/","title":{"rendered":"Samsung Galaxy Watch8"},"content":{"rendered":"<h1>Samsung Galaxy Watch8<\/h1>\n<p>Samsung Galaxy Watch8 hos Linn\u00e9 Elektronik. 30 dagars \u00f6ppet k\u00f6p och fri frakt \u00f6ver 1 000 kr.<\/p>\n        <section class=\"lp-section\">\n            <div class=\"lp-container\">\n                                    <div class=\"lp-section__header\">\n                        <h2>V\u00e4lj din <span class=\"lp-accent\">modell<\/span><\/h2>\n                                                    <p>Alla varianter och f\u00e4rger<\/p>\n                                                <div class=\"lp-section__divider\"><\/div>\n                    <\/div>\n                \n                                                                                <div class=\"lp-products-grid\" style=\"grid-template-columns:repeat(4,1fr);\">\n                            <div class=\"lp-product-card\">\n            <a href=\"https:\/\/www.linneelektronik.com\/fr\/butik\/samsung-galaxy-watch8-44mm-argent-argent-l330\/\" class=\"lp-product-card__link\">\n                <div class=\"lp-product-card__img\">\n                    <img decoding=\"async\" src=\"https:\/\/www.linneelektronik.com\/wp-content\/uploads\/2025\/10\/14886103-2-247x165.jpg\" alt=\"Samsung Galaxy Watch8 44mm \u2013 Argent (Argent) L330\" loading=\"lazy\" \/>\n                <\/div>\n                <div class=\"lp-product-card__body\">\n                                            <div class=\"lp-product-card__category\">Montres connect\u00e9es<\/div>\n                                        <div class=\"lp-product-card__name\">Samsung Galaxy Watch8 44mm \u2013 Argent (Argent) L330<\/div>\n                                        <div class=\"lp-product-card__price-row\">\n                        <div class=\"lp-product-card__price\">\n                            2 875 <small>kr<\/small>\n                        <\/div>\n                                                    <span class=\"lwa-stock is-low\">\n                                <span class=\"lwa-stock__dot\"><\/span>\n                                F\u00e5 igjen                            <\/span>\n                                            <\/div>\n                <\/div>\n                <span class=\"lp-product-card__btn\">Visa<\/span>\n            <\/a>\n            <div class=\"lp-product-card__dots\"><\/div>        <\/div>\n                <div class=\"lp-product-card\">\n            <a href=\"https:\/\/www.linneelektronik.com\/fr\/butik\/samsung-galaxy-watch8-44mm-graphite-graphite-l330\/\" class=\"lp-product-card__link\">\n                <div class=\"lp-product-card__img\">\n                    <img decoding=\"async\" src=\"https:\/\/www.linneelektronik.com\/wp-content\/uploads\/2025\/10\/14886103-1-1-247x165.jpg\" alt=\"Samsung Galaxy Watch8 44mm \u2013 Graphite (Graphite) L330\" loading=\"lazy\" \/>\n                <\/div>\n                <div class=\"lp-product-card__body\">\n                                            <div class=\"lp-product-card__category\">Montres connect\u00e9es<\/div>\n                                        <div class=\"lp-product-card__name\">Samsung Galaxy Watch8 44mm \u2013 Graphite (Graphite) L330<\/div>\n                                        <div class=\"lp-product-card__price-row\">\n                        <div class=\"lp-product-card__price\">\n                            2 875 <small>kr<\/small>\n                        <\/div>\n                                                    <span class=\"lwa-stock is-low\">\n                                <span class=\"lwa-stock__dot\"><\/span>\n                                F\u00e5 igjen                            <\/span>\n                                            <\/div>\n                <\/div>\n                <span class=\"lp-product-card__btn\">Visa<\/span>\n            <\/a>\n            <div class=\"lp-product-card__dots\"><\/div>        <\/div>\n                <div class=\"lp-product-card\">\n            <a href=\"https:\/\/www.linneelektronik.com\/fr\/butik\/samsung-galaxy-watch8-44mm-lte-argent-argent-l335\/\" class=\"lp-product-card__link\">\n                <div class=\"lp-product-card__img\">\n                    <img decoding=\"async\" src=\"https:\/\/www.linneelektronik.com\/wp-content\/uploads\/2025\/08\/1s-247x292.jpg\" alt=\"Samsung Galaxy Watch8 44mm LTE - Argent (Argent) L335\" loading=\"lazy\" \/>\n                <\/div>\n                <div class=\"lp-product-card__body\">\n                                            <div class=\"lp-product-card__category\">Montres connect\u00e9es<\/div>\n                                        <div class=\"lp-product-card__name\">Samsung Galaxy Watch8 44mm LTE - Argent (Argent) L335<\/div>\n                                        <div class=\"lp-product-card__price-row\">\n                        <div class=\"lp-product-card__price\">\n                            3 764 <small>kr<\/small>\n                        <\/div>\n                                                    <span class=\"lwa-stock is-low\">\n                                <span class=\"lwa-stock__dot\"><\/span>\n                                F\u00e5 igjen                            <\/span>\n                                            <\/div>\n                <\/div>\n                <span class=\"lp-product-card__btn\">Visa<\/span>\n            <\/a>\n            <div class=\"lp-product-card__dots\"><\/div>        <\/div>\n                        <\/div>\n                                                <div style=\"margin-top:32px;padding-top:24px;border-top:2px solid #fde68a\">\n                    <div class=\"lp-section__header\" style=\"margin-bottom:16px\">\n                        <h3 style=\"font-size:18px;color:#92400e\">\ud83c\udff7\ufe0f Fyndvarer<\/h3>\n                        <p style=\"font-size:13px;color:#a16207\">Brukte og returer til rabattert pris<\/p>\n                    <\/div>\n                    <div class=\"lp-products-grid\" style=\"grid-template-columns:repeat(4,1fr);\">\n                                <div class=\"lp-product-card\">\n            <a href=\"https:\/\/www.linneelektronik.com\/fr\/butik\/samsung-galaxy-watch8-40mm-bt-graphite-graphite-l320-kopia\/\" class=\"lp-product-card__link\">\n                <div class=\"lp-product-card__img\">\n                    <img decoding=\"async\" src=\"https:\/\/www.linneelektronik.com\/wp-content\/uploads\/2025\/10\/graphite-1-1-247x247.png\" alt=\"Samsung Galaxy Watch8 40mm BT - Graphite (Graphite) L320\" loading=\"lazy\" \/>\n                <\/div>\n                <div class=\"lp-product-card__body\">\n                                            <div class=\"lp-product-card__category\">Article retourn\u00e9 \u00b7 Montres connect\u00e9es<\/div>\n                                        <div class=\"lp-product-card__name\">Samsung Galaxy Watch8 40mm BT - Graphite (Graphite) L320<\/div>\n                                        <div class=\"lp-product-card__fynd\">\n                        <span class=\"lp-product-card__fynd-badge lp-product-card__fynd-grade-0\">Tilbudsprodukt \u2013 \u00c5pnet emballasje<\/span>\n                        <span class=\"lp-product-card__fynd-desc\">\u00c5pnet eller returnert vare i nytilstand. Kontrollert og testet.<\/span>\n                    <\/div>\n                                        <div class=\"lp-product-card__price-row\">\n                        <div class=\"lp-product-card__price\">\n                            3 045 <small>kr<\/small>\n                        <\/div>\n                                                    <span class=\"lwa-stock is-low\">\n                                <span class=\"lwa-stock__dot\"><\/span>\n                                F\u00e5 igjen                            <\/span>\n                                            <\/div>\n                <\/div>\n                <span class=\"lp-product-card__btn\">Visa<\/span>\n            <\/a>\n            <div class=\"lp-product-card__dots\"><\/div>        <\/div>\n                            <\/div>\n                <\/div>\n                                                <div style=\"margin-top:32px;padding-top:24px;border-top:2px solid #e5e7eb;opacity:0.7\">\n                    <div class=\"lp-section__header\" style=\"margin-bottom:16px\">\n                        <h3 style=\"font-size:18px;color:#9ca3af\">Utsolgte<\/h3>\n                        <p style=\"font-size:13px;color:#9ca3af\">Disse variantene er ikke p\u00e5 lager akkurat n\u00e5<\/p>\n                    <\/div>\n                    <div class=\"lp-products-grid\" style=\"grid-template-columns:repeat(4,1fr);\">\n                                <div class=\"lp-product-card\">\n            <a href=\"https:\/\/www.linneelektronik.com\/fr\/butik\/samsung-galaxy-watch8-40mm-bt-argent-argent-l320\/\" class=\"lp-product-card__link\">\n                <div class=\"lp-product-card__img\">\n                    <img decoding=\"async\" src=\"https:\/\/www.linneelektronik.com\/wp-content\/uploads\/2025\/10\/14886121-1-247x247.jpg\" alt=\"Samsung Galaxy Watch8 40mm BT - Argent (Argent) L320\" loading=\"lazy\" \/>\n                <\/div>\n                <div class=\"lp-product-card__body\">\n                                            <div class=\"lp-product-card__category\">Montres connect\u00e9es<\/div>\n                                        <div class=\"lp-product-card__name\">Samsung Galaxy Watch8 40mm BT - Argent (Argent) L320<\/div>\n                                        <div class=\"lp-product-card__price-row\">\n                        <div class=\"lp-product-card__price\">\n                            3 394 <small>kr<\/small>\n                        <\/div>\n                                                    <span class=\"lwa-stock is-out\">\n                                <span class=\"lwa-stock__dot\"><\/span>\n                                Slut                            <\/span>\n                                            <\/div>\n                <\/div>\n                <span class=\"lp-product-card__btn\">Visa<\/span>\n            <\/a>\n            <div class=\"lp-product-card__dots\"><\/div>        <\/div>\n                <div class=\"lp-product-card\">\n            <a href=\"https:\/\/www.linneelektronik.com\/fr\/butik\/samsung-galaxy-watch8-40mm-bt-graphite-graphite-l320\/\" class=\"lp-product-card__link\">\n                <div class=\"lp-product-card__img\">\n                    <img decoding=\"async\" src=\"https:\/\/www.linneelektronik.com\/wp-content\/uploads\/2025\/10\/graphite-1-1-247x247.png\" alt=\"Samsung Galaxy Watch8 40mm BT - Graphite (Graphite) L320\" loading=\"lazy\" \/>\n                <\/div>\n                <div class=\"lp-product-card__body\">\n                                            <div class=\"lp-product-card__category\">Montres connect\u00e9es<\/div>\n                                        <div class=\"lp-product-card__name\">Samsung Galaxy Watch8 40mm BT - Graphite (Graphite) L320<\/div>\n                                        <div class=\"lp-product-card__price-row\">\n                        <div class=\"lp-product-card__price\">\n                            3 394 <small>kr<\/small>\n                        <\/div>\n                                                    <span class=\"lwa-stock is-out\">\n                                <span class=\"lwa-stock__dot\"><\/span>\n                                Slut                            <\/span>\n                                            <\/div>\n                <\/div>\n                <span class=\"lp-product-card__btn\">Visa<\/span>\n            <\/a>\n            <div class=\"lp-product-card__dots\"><\/div>        <\/div>\n                <div class=\"lp-product-card\">\n            <a href=\"https:\/\/www.linneelektronik.com\/fr\/butik\/samsung-galaxy-watch8-40mm-lte-argent-argent-l325\/\" class=\"lp-product-card__link\">\n                <div class=\"lp-product-card__img\">\n                    <img decoding=\"async\" src=\"https:\/\/www.linneelektronik.com\/wp-content\/uploads\/2025\/10\/silver-1-247x247.png\" alt=\"Samsung Galaxy Watch8 40mm LTE - Argent (Argent) L325\" loading=\"lazy\" \/>\n                <\/div>\n                <div class=\"lp-product-card__body\">\n                                            <div class=\"lp-product-card__category\">Montres connect\u00e9es<\/div>\n                                        <div class=\"lp-product-card__name\">Samsung Galaxy Watch8 40mm LTE - Argent (Argent) L325<\/div>\n                                        <div class=\"lp-product-card__price-row\">\n                        <div class=\"lp-product-card__price\">\n                            3 910 <small>kr<\/small>\n                        <\/div>\n                                                    <span class=\"lwa-stock is-out\">\n                                <span class=\"lwa-stock__dot\"><\/span>\n                                Slut                            <\/span>\n                                            <\/div>\n                <\/div>\n                <span class=\"lp-product-card__btn\">Visa<\/span>\n            <\/a>\n            <div class=\"lp-product-card__dots\"><\/div>        <\/div>\n                <div class=\"lp-product-card\">\n            <a href=\"https:\/\/www.linneelektronik.com\/fr\/butik\/samsung-galaxy-watch8-40mm-lte-graphite-graphite-l325\/\" class=\"lp-product-card__link\">\n                <div class=\"lp-product-card__img\">\n                    <img decoding=\"async\" src=\"https:\/\/www.linneelektronik.com\/wp-content\/uploads\/2025\/10\/graphite-2-247x247.png\" alt=\"Samsung Galaxy Watch8 40mm LTE - Graphite (Graphite) L325\" loading=\"lazy\" \/>\n                <\/div>\n                <div class=\"lp-product-card__body\">\n                                            <div class=\"lp-product-card__category\">Montres connect\u00e9es<\/div>\n                                        <div class=\"lp-product-card__name\">Samsung Galaxy Watch8 40mm LTE - Graphite (Graphite) L325<\/div>\n                                        <div class=\"lp-product-card__price-row\">\n                        <div class=\"lp-product-card__price\">\n                            3 910 <small>kr<\/small>\n                        <\/div>\n                                                    <span class=\"lwa-stock is-out\">\n                                <span class=\"lwa-stock__dot\"><\/span>\n                                Slut                            <\/span>\n                                            <\/div>\n                <\/div>\n                <span class=\"lp-product-card__btn\">Visa<\/span>\n            <\/a>\n            <div class=\"lp-product-card__dots\"><\/div>        <\/div>\n                <div class=\"lp-product-card\">\n            <a href=\"https:\/\/www.linneelektronik.com\/fr\/butik\/samsung-galaxy-watch8-44mm-lte-graphite-graphite-l335\/\" class=\"lp-product-card__link\">\n                <div class=\"lp-product-card__img\">\n                    <img decoding=\"async\" src=\"https:\/\/www.linneelektronik.com\/wp-content\/uploads\/2025\/08\/1-247x292.jpg\" alt=\"Samsung Galaxy Watch8 44mm LTE - Graphite (Graphite) L335\" loading=\"lazy\" \/>\n                <\/div>\n                <div class=\"lp-product-card__body\">\n                                            <div class=\"lp-product-card__category\">Montres connect\u00e9es<\/div>\n                                        <div class=\"lp-product-card__name\">Samsung Galaxy Watch8 44mm LTE - Graphite (Graphite) L335<\/div>\n                                        <div class=\"lp-product-card__price-row\">\n                        <div class=\"lp-product-card__price\">\n                            4 152 <small>kr<\/small>\n                        <\/div>\n                                                    <span class=\"lwa-stock is-out\">\n                                <span class=\"lwa-stock__dot\"><\/span>\n                                Slut                            <\/span>\n                                            <\/div>\n                <\/div>\n                <span class=\"lp-product-card__btn\">Visa<\/span>\n            <\/a>\n            <div class=\"lp-product-card__dots\"><\/div>        <\/div>\n                            <\/div>\n                <\/div>\n                \n                            <\/div>\n        <\/section>\n        \n        <section class=\"lp-trust\">\n            <div class=\"lp-container\">\n                <h2>Varf\u00f6r handla hos Linn\u00e9?<\/h2>\n                                    <p class=\"lp-trust__text\">Vi erbjuder elektronik till konkurrenskraftiga priser med snabb leverans fr\u00e5n v\u00e5rt lager i G\u00f6teborg.<\/p>\n                                <div class=\"lp-trust__usps\">\n                                            <div class=\"lp-trust__usp\">\n                            <span class=\"lp-trust__check\">&#10003;<\/span>\n                            Rask levering                        <\/div>\n                                            <div class=\"lp-trust__usp\">\n                            <span class=\"lp-trust__check\">&#10003;<\/span>\n                            Bestill f\u00f8r 14:00 \u2014 sendes samme dag                        <\/div>\n                                            <div class=\"lp-trust__usp\">\n                            <span class=\"lp-trust__check\">&#10003;<\/span>\n                            30 dagers \u00e5pent kj\u00f8p                        <\/div>\n                                            <div class=\"lp-trust__usp\">\n                            <span class=\"lp-trust__check\">&#10003;<\/span>\n                            Sikker betaling                        <\/div>\n                                    <\/div>\n                                    <a href=\"https:\/\/www.linneelektronik.com\/no\/butik\/\" class=\"lp-cta\">Utforska hela sortimentet &rarr;<\/a>\n                            <\/div>\n        <\/section>\n        \n","protected":false},"excerpt":{"rendered":"<p>Samsung Galaxy Watch8 Samsung Galaxy Watch8 hos Linn\u00e9 Elektronik. 30 dagars \u00f6ppet k\u00f6p och fri frakt \u00f6ver 1 000 kr.<\/p>\n","protected":false},"author":2,"featured_media":0,"parent":41511,"menu_order":0,"comment_status":"closed","ping_status":"closed","template":"","meta":{"_uag_custom_page_level_css":"","footnotes":""},"class_list":["post-41410","page","type-page","status-publish","hentry"],"aioseo_notices":[],"uagb_featured_image_src":{"full":false,"thumbnail":false,"medium":false,"medium_large":false,"large":false,"1536x1536":false,"2048x2048":false,"woocommerce_thumbnail":false,"woocommerce_single":false,"woocommerce_gallery_thumbnail":false},"uagb_author_info":{"display_name":"Marcus","author_link":"https:\/\/www.linneelektronik.com\/no\/author\/marcus\/"},"uagb_comment_info":0,"uagb_excerpt":"Samsung Galaxy Watch8 Samsung Galaxy Watch8 hos Linn\u00e9 Elektronik. 30 dagars \u00f6ppet k\u00f6p och fri frakt \u00f6ver 1 000 kr.","jetpack_sharing_enabled":true,"_links":{"self":[{"href":"https:\/\/www.linneelektronik.com\/no\/wp-json\/wp\/v2\/pages\/41410","targetHints":{"allow":["GET"]}}],"collection":[{"href":"https:\/\/www.linneelektronik.com\/no\/wp-json\/wp\/v2\/pages"}],"about":[{"href":"https:\/\/www.linneelektronik.com\/no\/wp-json\/wp\/v2\/types\/page"}],"author":[{"embeddable":true,"href":"https:\/\/www.linneelektronik.com\/no\/wp-json\/wp\/v2\/users\/2"}],"replies":[{"embeddable":true,"href":"https:\/\/www.linneelektronik.com\/no\/wp-json\/wp\/v2\/comments?post=41410"}],"version-history":[{"count":0,"href":"https:\/\/www.linneelektronik.com\/no\/wp-json\/wp\/v2\/pages\/41410\/revisions"}],"up":[{"embeddable":true,"href":"https:\/\/www.linneelektronik.com\/no\/wp-json\/wp\/v2\/pages\/41511"}],"wp:attachment":[{"href":"https:\/\/www.linneelektronik.com\/no\/wp-json\/wp\/v2\/media?parent=41410"}],"curies":[{"name":"wp","href":"https:\/\/api.w.org\/{rel}","templated":true}]}}