{"id":41413,"date":"2026-04-11T19:00:11","date_gmt":"2026-04-11T17:00:11","guid":{"rendered":"https:\/\/www.linneelektronik.com\/samsung-2\/galaxy-z-flip\/"},"modified":"2026-04-11T21:46:15","modified_gmt":"2026-04-11T19:46:15","slug":"galaxy-z-flip","status":"publish","type":"page","link":"https:\/\/www.linneelektronik.com\/no\/samsung-2\/mobiltelefoner\/galaxy-z-flip\/","title":{"rendered":"Samsung Galaxy Z Flip"},"content":{"rendered":"<h1>Samsung Galaxy Z Flip<\/h1>\n<p>Samsung Galaxy Z Flip hos Linn\u00e9 Elektronik. 30 dagars \u00f6ppet k\u00f6p och fri frakt \u00f6ver 1 000 kr.<\/p>\n        <section class=\"lp-section\">\n            <div class=\"lp-container\">\n                                    <div class=\"lp-section__header\">\n                        <h2>V\u00e4lj din <span class=\"lp-accent\">modell<\/span><\/h2>\n                                                    <p>Alla varianter och f\u00e4rger<\/p>\n                                                <div class=\"lp-section__divider\"><\/div>\n                    <\/div>\n                \n                                                                                <div class=\"lp-products-grid\" style=\"grid-template-columns:repeat(4,1fr);\">\n                            <div class=\"lp-product-card\">\n            <a href=\"https:\/\/www.linneelektronik.com\/no\/butik\/samsung-galaxy-z-flip3-5g-sm-f711b-lila-128-gb\/\" class=\"lp-product-card__link\">\n                <div class=\"lp-product-card__img\">\n                    <img decoding=\"async\" src=\"https:\/\/www.linneelektronik.com\/wp-content\/uploads\/samsung_flip3_pruple_1-247x565.webp\" alt=\"Samsung Galaxy Z Flip3 5G SM-F711B Lilla 128 GB\" loading=\"lazy\" \/>\n                <\/div>\n                <div class=\"lp-product-card__body\">\n                                            <div class=\"lp-product-card__category\">Mobiltelefoner<\/div>\n                                        <div class=\"lp-product-card__name\">Samsung Galaxy Z Flip3 5G SM-F711B Lilla 128 GB<\/div>\n                                        <div class=\"lp-product-card__price-row\">\n                        <div class=\"lp-product-card__price\">\n                            3 828 <small>kr<\/small>\n                        <\/div>\n                                                    <span class=\"lwa-stock is-low\">\n                                <span class=\"lwa-stock__dot\"><\/span>\n                                F\u00e5 igjen                            <\/span>\n                                            <\/div>\n                <\/div>\n                <span class=\"lp-product-card__btn\">Visa<\/span>\n            <\/a>\n            <div class=\"lp-product-card__dots\"><\/div>        <\/div>\n                <div class=\"lp-product-card\">\n            <a href=\"https:\/\/www.linneelektronik.com\/no\/butik\/samsung-galaxy-z-flip3-5g-sm-f711b-8gb-ram-128gb-svart\/\" class=\"lp-product-card__link\">\n                <div class=\"lp-product-card__img\">\n                    <img decoding=\"async\" src=\"https:\/\/www.linneelektronik.com\/wp-content\/uploads\/samsung_flip3_black_1-247x564.webp\" alt=\"Samsung Galaxy Z Flip3 5G SM-F711B 8GB RAM 128GB - Svart\" loading=\"lazy\" \/>\n                <\/div>\n                <div class=\"lp-product-card__body\">\n                                            <div class=\"lp-product-card__category\">Mobiltelefoner<\/div>\n                                        <div class=\"lp-product-card__name\">Samsung Galaxy Z Flip3 5G SM-F711B 8GB RAM 128GB - Svart<\/div>\n                                        <div class=\"lp-product-card__price-row\">\n                        <div class=\"lp-product-card__price\">\n                            3 828 <small>kr<\/small>\n                        <\/div>\n                                                    <span class=\"lwa-stock is-low\">\n                                <span class=\"lwa-stock__dot\"><\/span>\n                                F\u00e5 igjen                            <\/span>\n                                            <\/div>\n                <\/div>\n                <span class=\"lp-product-card__btn\">Visa<\/span>\n            <\/a>\n            <div class=\"lp-product-card__dots\"><\/div>        <\/div>\n                        <\/div>\n                                                \n                            <\/div>\n        <\/section>\n        \n        <section class=\"lp-trust\">\n            <div class=\"lp-container\">\n                <h2>Varf\u00f6r handla hos Linn\u00e9?<\/h2>\n                                    <p class=\"lp-trust__text\">Vi erbjuder elektronik till konkurrenskraftiga priser med snabb leverans fr\u00e5n v\u00e5rt lager i G\u00f6teborg.<\/p>\n                                <div class=\"lp-trust__usps\">\n                                            <div class=\"lp-trust__usp\">\n                            <span class=\"lp-trust__check\">&#10003;<\/span>\n                            Rask levering                        <\/div>\n                                            <div class=\"lp-trust__usp\">\n                            <span class=\"lp-trust__check\">&#10003;<\/span>\n                            Bestill f\u00f8r 14:00 \u2014 sendes samme dag                        <\/div>\n                                            <div class=\"lp-trust__usp\">\n                            <span class=\"lp-trust__check\">&#10003;<\/span>\n                            30 dagers \u00e5pent kj\u00f8p                        <\/div>\n                                            <div class=\"lp-trust__usp\">\n                            <span class=\"lp-trust__check\">&#10003;<\/span>\n                            Sikker betaling                        <\/div>\n                                    <\/div>\n                                    <a href=\"https:\/\/www.linneelektronik.com\/no\/butik\/\" class=\"lp-cta\">Utforska hela sortimentet &rarr;<\/a>\n                            <\/div>\n        <\/section>\n        \n","protected":false},"excerpt":{"rendered":"<p>Samsung Galaxy Z Flip Samsung Galaxy Z Flip hos Linn\u00e9 Elektronik. 30 dagars \u00f6ppet k\u00f6p och fri frakt \u00f6ver 1 000 kr.<\/p>\n","protected":false},"author":2,"featured_media":0,"parent":41508,"menu_order":0,"comment_status":"closed","ping_status":"closed","template":"","meta":{"_uag_custom_page_level_css":"","footnotes":""},"class_list":["post-41413","page","type-page","status-publish","hentry"],"aioseo_notices":[],"uagb_featured_image_src":{"full":false,"thumbnail":false,"medium":false,"medium_large":false,"large":false,"1536x1536":false,"2048x2048":false,"woocommerce_thumbnail":false,"woocommerce_single":false,"woocommerce_gallery_thumbnail":false},"uagb_author_info":{"display_name":"Marcus","author_link":"https:\/\/www.linneelektronik.com\/no\/author\/marcus\/"},"uagb_comment_info":0,"uagb_excerpt":"Samsung Galaxy Z Flip Samsung Galaxy Z Flip hos Linn\u00e9 Elektronik. 30 dagars \u00f6ppet k\u00f6p och fri frakt \u00f6ver 1 000 kr.","jetpack_sharing_enabled":true,"_links":{"self":[{"href":"https:\/\/www.linneelektronik.com\/no\/wp-json\/wp\/v2\/pages\/41413","targetHints":{"allow":["GET"]}}],"collection":[{"href":"https:\/\/www.linneelektronik.com\/no\/wp-json\/wp\/v2\/pages"}],"about":[{"href":"https:\/\/www.linneelektronik.com\/no\/wp-json\/wp\/v2\/types\/page"}],"author":[{"embeddable":true,"href":"https:\/\/www.linneelektronik.com\/no\/wp-json\/wp\/v2\/users\/2"}],"replies":[{"embeddable":true,"href":"https:\/\/www.linneelektronik.com\/no\/wp-json\/wp\/v2\/comments?post=41413"}],"version-history":[{"count":0,"href":"https:\/\/www.linneelektronik.com\/no\/wp-json\/wp\/v2\/pages\/41413\/revisions"}],"up":[{"embeddable":true,"href":"https:\/\/www.linneelektronik.com\/no\/wp-json\/wp\/v2\/pages\/41508"}],"wp:attachment":[{"href":"https:\/\/www.linneelektronik.com\/no\/wp-json\/wp\/v2\/media?parent=41413"}],"curies":[{"name":"wp","href":"https:\/\/api.w.org\/{rel}","templated":true}]}}