{"id":41511,"date":"2026-04-11T22:28:37","date_gmt":"2026-04-11T20:28:37","guid":{"rendered":"https:\/\/www.linneelektronik.com\/samsung-2\/smartklockor\/"},"modified":"2026-04-12T08:20:57","modified_gmt":"2026-04-12T06:20:57","slug":"smartklockor","status":"publish","type":"page","link":"https:\/\/www.linneelektronik.com\/no\/samsung-2\/smartklockor\/","title":{"rendered":"Samsung Smartklockor"},"content":{"rendered":"<h1>Samsung Smartklockor<\/h1>\n<p>Samsung Galaxy Watch \u2014 fitness, h\u00e4lsa och stil direkt p\u00e5 handleden. Watch8, Watch Ultra och mer.<\/p>\n        <section class=\"lp-models\" style=\"padding:40px 0;\">\n            <div class=\"lp-container\">\n                                    <div class=\"lp-section__header\">\n                        <h2><span class=\"lp-accent\">Modeller<\/span><\/h2>\n                                                    <p>V\u00e4lj modell<\/p>\n                                                <div class=\"lp-section__divider\"><\/div>\n                    <\/div>\n                \n                <div style=\"display:grid;grid-template-columns:repeat(auto-fill,minmax(150px,1fr));gap:12px;padding:4px 0 12px\">\n                                            <a href=\"https:\/\/www.linneelektronik.com\/no\/samsung-2\/smartklockor\/galaxy-watch8\/\" style=\"display:flex;flex-direction:column;align-items:center;padding:20px 12px 16px;background:#fff;border:1.5px solid #e5e7eb;border-radius:12px;text-decoration:none;color:#1d2327;transition:all 0.2s;text-align:center\" onmouseover=\"this.style.borderColor='#6366f1';this.style.transform='translateY(-3px)';this.style.boxShadow='0 6px 20px rgba(0,0,0,0.08)'\" onmouseout=\"this.style.borderColor='#e5e7eb';this.style.transform='none';this.style.boxShadow='none'\">\n                                                            <img decoding=\"async\" src=\"https:\/\/www.linneelektronik.com\/wp-content\/uploads\/2025\/10\/graphite-1-1-247x247.png\" alt=\"Samsung Galaxy Watch8\" style=\"width:120px;height:120px;object-fit:contain;margin-bottom:12px\" loading=\"lazy\">\n                                                        <span style=\"font-size:14px;font-weight:800;color:#1e293b;margin-bottom:4px\">Samsung Galaxy Watch8<\/span>\n                                                            <span style=\"font-size:12px;color:#6b7280\">fra 2 875,00&nbsp;kr<\/span>\n                                                    <\/a>\n                                    <\/div>\n            <\/div>\n        <\/section>\n        \n        <section class=\"lp-section\">\n            <div class=\"lp-container\">\n                                    <div class=\"lp-section__header\">\n                        <h2>Alla <span class=\"lp-accent\">Samsung-klockor<\/span><\/h2>\n                                                <div class=\"lp-section__divider\"><\/div>\n                    <\/div>\n                \n                                                                                <div class=\"lp-products-grid\" style=\"grid-template-columns:repeat(4,1fr);\" id=\"lp-grid-1\" data-collapse=\"12\">\n                            <div class=\"lp-product-card\">\n            <a href=\"https:\/\/www.linneelektronik.com\/fr\/butik\/samsung-galaxy-watch7-44mm-argent-argent-l310\/\" class=\"lp-product-card__link\">\n                <div class=\"lp-product-card__img\">\n                    <img decoding=\"async\" src=\"https:\/\/www.linneelektronik.com\/wp-content\/uploads\/2025\/10\/201320402-357083225-11453-org-1-1-247x285.jpg\" alt=\"Samsung Galaxy Watch7 44mm - Argent (Argent) L310\" loading=\"lazy\" \/>\n                <\/div>\n                <div class=\"lp-product-card__body\">\n                                            <div class=\"lp-product-card__category\">Montres connect\u00e9es<\/div>\n                                        <div class=\"lp-product-card__name\">Samsung Galaxy Watch7 44mm - Argent (Argent) L310<\/div>\n                                        <div class=\"lp-product-card__price-row\">\n                        <div class=\"lp-product-card__price\">\n                            1 824 <small>kr<\/small>\n                        <\/div>\n                                                    <span class=\"lwa-stock is-available\">\n                                <span class=\"lwa-stock__dot\"><\/span>\n                                P\u00e5 lager                            <\/span>\n                                            <\/div>\n                <\/div>\n                <span class=\"lp-product-card__btn\">Visa<\/span>\n            <\/a>\n            <div class=\"lp-product-card__dots\"><\/div>        <\/div>\n                <div class=\"lp-product-card\">\n            <a href=\"https:\/\/www.linneelektronik.com\/fr\/butik\/samsung-galaxy-watch-ultra-47mm-32gb-lte-blanc-blanc-titane-l705\/\" class=\"lp-product-card__link\">\n                <div class=\"lp-product-card__img\">\n                    <img decoding=\"async\" src=\"https:\/\/www.linneelektronik.com\/wp-content\/uploads\/2025\/10\/197850556-348785061-11453-org-1-1-247x285.jpg\" alt=\"Samsung Galaxy Watch Ultra 47mm 32GB LTE - Blanc (Blanc Titane) L705\" loading=\"lazy\" \/>\n                <\/div>\n                <div class=\"lp-product-card__body\">\n                                            <div class=\"lp-product-card__category\">Galaxy Watch \u00b7 Galaxy Watch Ultra \u00b7 Montres connect\u00e9es \u00b7 Samsung<\/div>\n                                        <div class=\"lp-product-card__name\">Samsung Galaxy Watch Ultra 47mm 32GB LTE - Blanc (Blanc Titane) L705<\/div>\n                                        <div class=\"lp-product-card__price-row\">\n                        <div class=\"lp-product-card__price\">\n                            4 910 <small>kr<\/small>\n                        <\/div>\n                                                    <span class=\"lwa-stock is-low\">\n                                <span class=\"lwa-stock__dot\"><\/span>\n                                F\u00e5 igjen                            <\/span>\n                                            <\/div>\n                <\/div>\n                <span class=\"lp-product-card__btn\">Visa<\/span>\n            <\/a>\n            <div class=\"lp-product-card__dots\"><\/div>        <\/div>\n                <div class=\"lp-product-card\">\n            <a href=\"https:\/\/www.linneelektronik.com\/fr\/butik\/samsung-galaxy-watch8-44mm-graphite-graphite-l330\/\" class=\"lp-product-card__link\">\n                <div class=\"lp-product-card__img\">\n                    <img decoding=\"async\" src=\"https:\/\/www.linneelektronik.com\/wp-content\/uploads\/2025\/10\/14886103-1-1-247x165.jpg\" alt=\"Samsung Galaxy Watch8 44mm \u2013 Graphite (Graphite) L330\" loading=\"lazy\" \/>\n                <\/div>\n                <div class=\"lp-product-card__body\">\n                                            <div class=\"lp-product-card__category\">Montres connect\u00e9es<\/div>\n                                        <div class=\"lp-product-card__name\">Samsung Galaxy Watch8 44mm \u2013 Graphite (Graphite) L330<\/div>\n                                        <div class=\"lp-product-card__price-row\">\n                        <div class=\"lp-product-card__price\">\n                            2 875 <small>kr<\/small>\n                        <\/div>\n                                                    <span class=\"lwa-stock is-low\">\n                                <span class=\"lwa-stock__dot\"><\/span>\n                                F\u00e5 igjen                            <\/span>\n                                            <\/div>\n                <\/div>\n                <span class=\"lp-product-card__btn\">Visa<\/span>\n            <\/a>\n            <div class=\"lp-product-card__dots\"><\/div>        <\/div>\n                <div class=\"lp-product-card\">\n            <a href=\"https:\/\/www.linneelektronik.com\/fr\/butik\/samsung-galaxy-watch-ultra-47mm-64gb-lte-2025-blanc-blanc-titane-l705\/\" class=\"lp-product-card__link\">\n                <div class=\"lp-product-card__img\">\n                    <img decoding=\"async\" src=\"https:\/\/www.linneelektronik.com\/wp-content\/uploads\/2025\/10\/9-2-1-247x247.png\" alt=\"Samsung Galaxy Watch Ultra 47mm 64GB LTE (2025) - Blanc (Blanc Titane) L705\" loading=\"lazy\" \/>\n                <\/div>\n                <div class=\"lp-product-card__body\">\n                                            <div class=\"lp-product-card__category\">Galaxy Watch \u00b7 Galaxy Watch Ultra \u00b7 Montres connect\u00e9es \u00b7 Samsung<\/div>\n                                        <div class=\"lp-product-card__name\">Samsung Galaxy Watch Ultra 47mm 64GB LTE (2025) - Blanc (Blanc Titane) L705<\/div>\n                                        <div class=\"lp-product-card__price-row\">\n                        <div class=\"lp-product-card__price\">\n                            5 708 <small>kr<\/small>\n                        <\/div>\n                                                    <span class=\"lwa-stock is-low\">\n                                <span class=\"lwa-stock__dot\"><\/span>\n                                F\u00e5 igjen                            <\/span>\n                                            <\/div>\n                <\/div>\n                <span class=\"lp-product-card__btn\">Visa<\/span>\n            <\/a>\n            <div class=\"lp-product-card__dots\"><\/div>        <\/div>\n                <div class=\"lp-product-card\">\n            <a href=\"https:\/\/www.linneelektronik.com\/fr\/butik\/samsung-galaxy-watch8-44mm-argent-argent-l330\/\" class=\"lp-product-card__link\">\n                <div class=\"lp-product-card__img\">\n                    <img decoding=\"async\" src=\"https:\/\/www.linneelektronik.com\/wp-content\/uploads\/2025\/10\/14886103-2-247x165.jpg\" alt=\"Samsung Galaxy Watch8 44mm \u2013 Argent (Argent) L330\" loading=\"lazy\" \/>\n                <\/div>\n                <div class=\"lp-product-card__body\">\n                                            <div class=\"lp-product-card__category\">Montres connect\u00e9es<\/div>\n                                        <div class=\"lp-product-card__name\">Samsung Galaxy Watch8 44mm \u2013 Argent (Argent) L330<\/div>\n                                        <div class=\"lp-product-card__price-row\">\n                        <div class=\"lp-product-card__price\">\n                            2 875 <small>kr<\/small>\n                        <\/div>\n                                                    <span class=\"lwa-stock is-low\">\n                                <span class=\"lwa-stock__dot\"><\/span>\n                                F\u00e5 igjen                            <\/span>\n                                            <\/div>\n                <\/div>\n                <span class=\"lp-product-card__btn\">Visa<\/span>\n            <\/a>\n            <div class=\"lp-product-card__dots\"><\/div>        <\/div>\n                <div class=\"lp-product-card\">\n            <a href=\"https:\/\/www.linneelektronik.com\/fr\/butik\/samsung-galaxy-watch-ultra-47mm-lte-gris-open-box-l705\/\" class=\"lp-product-card__link\">\n                <div class=\"lp-product-card__img\">\n                    <img decoding=\"async\" src=\"https:\/\/www.linneelektronik.com\/wp-content\/uploads\/2025\/10\/200632159-355584614-11453-org-1-1-247x283.jpg\" alt=\"Samsung Galaxy Watch Ultra 47mm LTE - Gris - Open Box L705\" loading=\"lazy\" \/>\n                <\/div>\n                <div class=\"lp-product-card__body\">\n                                            <div class=\"lp-product-card__category\">Galaxy Watch \u00b7 Galaxy Watch Ultra \u00b7 Montres connect\u00e9es \u00b7 Samsung<\/div>\n                                        <div class=\"lp-product-card__name\">Samsung Galaxy Watch Ultra 47mm LTE - Gris - Open Box L705<\/div>\n                                        <div class=\"lp-product-card__fynd\">\n                        <span class=\"lp-product-card__fynd-badge lp-product-card__fynd-grade-0\">Tilbudsprodukt \u2013 \u00c5pnet emballasje<\/span>\n                        <span class=\"lp-product-card__fynd-desc\">\u00c5pnet eller returnert vare i nytilstand. Kontrollert og testet.<\/span>\n                    <\/div>\n                                        <div class=\"lp-product-card__price-row\">\n                        <div class=\"lp-product-card__price\">\n                            4 362 <small>kr<\/small>\n                        <\/div>\n                                                    <span class=\"lwa-stock is-low\">\n                                <span class=\"lwa-stock__dot\"><\/span>\n                                F\u00e5 igjen                            <\/span>\n                                            <\/div>\n                <\/div>\n                <span class=\"lp-product-card__btn\">Visa<\/span>\n            <\/a>\n            <div class=\"lp-product-card__dots\"><\/div>        <\/div>\n                <div class=\"lp-product-card\">\n            <a href=\"https:\/\/www.linneelektronik.com\/fr\/butik\/samsung-galaxy-watch8-44mm-lte-argent-argent-l335\/\" class=\"lp-product-card__link\">\n                <div class=\"lp-product-card__img\">\n                    <img decoding=\"async\" src=\"https:\/\/www.linneelektronik.com\/wp-content\/uploads\/2025\/08\/1s-247x292.jpg\" alt=\"Samsung Galaxy Watch8 44mm LTE - Argent (Argent) L335\" loading=\"lazy\" \/>\n                <\/div>\n                <div class=\"lp-product-card__body\">\n                                            <div class=\"lp-product-card__category\">Montres connect\u00e9es<\/div>\n                                        <div class=\"lp-product-card__name\">Samsung Galaxy Watch8 44mm LTE - Argent (Argent) L335<\/div>\n                                        <div class=\"lp-product-card__price-row\">\n                        <div class=\"lp-product-card__price\">\n                            3 764 <small>kr<\/small>\n                        <\/div>\n                                                    <span class=\"lwa-stock is-low\">\n                                <span class=\"lwa-stock__dot\"><\/span>\n                                F\u00e5 igjen                            <\/span>\n                                            <\/div>\n                <\/div>\n                <span class=\"lp-product-card__btn\">Visa<\/span>\n            <\/a>\n            <div class=\"lp-product-card__dots\"><\/div>        <\/div>\n                <div class=\"lp-product-card\">\n            <a href=\"https:\/\/www.linneelektronik.com\/fr\/butik\/samsung-galaxy-watch-6-classic-47mm-argent-argent-r960\/\" class=\"lp-product-card__link\">\n                <div class=\"lp-product-card__img\">\n                    <img decoding=\"async\" src=\"https:\/\/www.linneelektronik.com\/wp-content\/uploads\/2025\/10\/11623538-1-247x259.jpg\" alt=\"SAMSUNG GALAXY WATCH 6 CLASSIC 47MM - Argent (Argent) R960\" loading=\"lazy\" \/>\n                <\/div>\n                <div class=\"lp-product-card__body\">\n                                            <div class=\"lp-product-card__category\">Montres connect\u00e9es \u00b7 Samsung<\/div>\n                                        <div class=\"lp-product-card__name\">SAMSUNG GALAXY WATCH 6 CLASSIC 47MM - Argent (Argent) R960<\/div>\n                                        <div class=\"lp-product-card__price-row\">\n                        <div class=\"lp-product-card__price\">\n                            2 188 <small>kr<\/small>\n                        <\/div>\n                                                    <span class=\"lwa-stock is-low\">\n                                <span class=\"lwa-stock__dot\"><\/span>\n                                F\u00e5 igjen                            <\/span>\n                                            <\/div>\n                <\/div>\n                <span class=\"lp-product-card__btn\">Visa<\/span>\n            <\/a>\n            <div class=\"lp-product-card__dots\"><\/div>        <\/div>\n                <div class=\"lp-product-card\">\n            <a href=\"https:\/\/www.linneelektronik.com\/fr\/butik\/samsung-galaxy-watch8-classic-46mm-bt-blanc-blanc-l500\/\" class=\"lp-product-card__link\">\n                <div class=\"lp-product-card__img\">\n                    <img decoding=\"async\" src=\"https:\/\/www.linneelektronik.com\/wp-content\/uploads\/2025\/10\/14886104-1-1-247x165.jpg\" alt=\"Samsung Galaxy Watch8 Classic 46mm BT - Blanc (Blanc) L500\" loading=\"lazy\" \/>\n                <\/div>\n                <div class=\"lp-product-card__body\">\n                                            <div class=\"lp-product-card__category\">Montres connect\u00e9es<\/div>\n                                        <div class=\"lp-product-card__name\">Samsung Galaxy Watch8 Classic 46mm BT - Blanc (Blanc) L500<\/div>\n                                        <div class=\"lp-product-card__price-row\">\n                        <div class=\"lp-product-card__price\">\n                            3 690 <small>kr<\/small>\n                        <\/div>\n                                                    <span class=\"lwa-stock is-low\">\n                                <span class=\"lwa-stock__dot\"><\/span>\n                                F\u00e5 igjen                            <\/span>\n                                            <\/div>\n                <\/div>\n                <span class=\"lp-product-card__btn\">Visa<\/span>\n            <\/a>\n            <div class=\"lp-product-card__dots\"><\/div>        <\/div>\n                        <\/div>\n                                                \n                            <\/div>\n        <\/section>\n        \n        <section class=\"lp-trust\">\n            <div class=\"lp-container\">\n                <h2>Varf\u00f6r handla hos Linn\u00e9?<\/h2>\n                                    <p class=\"lp-trust__text\">Vi erbjuder elektronik till konkurrenskraftiga priser med snabb leverans fr\u00e5n v\u00e5rt lager i G\u00f6teborg.<\/p>\n                                <div class=\"lp-trust__usps\">\n                                            <div class=\"lp-trust__usp\">\n                            <span class=\"lp-trust__check\">&#10003;<\/span>\n                            Rask levering                        <\/div>\n                                            <div class=\"lp-trust__usp\">\n                            <span class=\"lp-trust__check\">&#10003;<\/span>\n                            Bestill f\u00f8r 14:00 \u2014 sendes samme dag                        <\/div>\n                                            <div class=\"lp-trust__usp\">\n                            <span class=\"lp-trust__check\">&#10003;<\/span>\n                            30 dagers \u00e5pent kj\u00f8p                        <\/div>\n                                            <div class=\"lp-trust__usp\">\n                            <span class=\"lp-trust__check\">&#10003;<\/span>\n                            Sikker betaling                        <\/div>\n                                    <\/div>\n                                    <a href=\"https:\/\/www.linneelektronik.com\/no\/butik\/\" class=\"lp-cta\">Utforska hela sortimentet &rarr;<\/a>\n                            <\/div>\n        <\/section>\n        \n","protected":false},"excerpt":{"rendered":"<p>Samsung Smartklockor Samsung Galaxy Watch \u2014 fitness, h\u00e4lsa och stil direkt p\u00e5 handleden. Watch8, Watch Ultra och mer.<\/p>\n","protected":false},"author":0,"featured_media":0,"parent":41359,"menu_order":0,"comment_status":"closed","ping_status":"closed","template":"","meta":{"_uag_custom_page_level_css":"","footnotes":""},"class_list":["post-41511","page","type-page","status-publish","hentry"],"aioseo_notices":[],"uagb_featured_image_src":{"full":false,"thumbnail":false,"medium":false,"medium_large":false,"large":false,"1536x1536":false,"2048x2048":false,"woocommerce_thumbnail":false,"woocommerce_single":false,"woocommerce_gallery_thumbnail":false},"uagb_author_info":{"display_name":"Admin","author_link":"https:\/\/www.linneelektronik.com\/no\/author\/"},"uagb_comment_info":0,"uagb_excerpt":"Samsung Smartklockor Samsung Galaxy Watch \u2014 fitness, h\u00e4lsa och stil direkt p\u00e5 handleden. Watch8, Watch Ultra och mer.","jetpack_sharing_enabled":true,"_links":{"self":[{"href":"https:\/\/www.linneelektronik.com\/no\/wp-json\/wp\/v2\/pages\/41511","targetHints":{"allow":["GET"]}}],"collection":[{"href":"https:\/\/www.linneelektronik.com\/no\/wp-json\/wp\/v2\/pages"}],"about":[{"href":"https:\/\/www.linneelektronik.com\/no\/wp-json\/wp\/v2\/types\/page"}],"replies":[{"embeddable":true,"href":"https:\/\/www.linneelektronik.com\/no\/wp-json\/wp\/v2\/comments?post=41511"}],"version-history":[{"count":1,"href":"https:\/\/www.linneelektronik.com\/no\/wp-json\/wp\/v2\/pages\/41511\/revisions"}],"predecessor-version":[{"id":41603,"href":"https:\/\/www.linneelektronik.com\/no\/wp-json\/wp\/v2\/pages\/41511\/revisions\/41603"}],"up":[{"embeddable":true,"href":"https:\/\/www.linneelektronik.com\/no\/wp-json\/wp\/v2\/pages\/41359"}],"wp:attachment":[{"href":"https:\/\/www.linneelektronik.com\/no\/wp-json\/wp\/v2\/media?parent=41511"}],"curies":[{"name":"wp","href":"https:\/\/api.w.org\/{rel}","templated":true}]}}