{"id":41535,"date":"2026-04-11T23:33:43","date_gmt":"2026-04-11T21:33:43","guid":{"rendered":"https:\/\/www.linneelektronik.com\/apple\/ipad\/ipad-11\/"},"modified":"2026-04-11T23:33:43","modified_gmt":"2026-04-11T21:33:43","slug":"ipad-11","status":"publish","type":"page","link":"https:\/\/www.linneelektronik.com\/no\/apple\/ipad\/ipad-11\/","title":{"rendered":"iPad 11"},"content":{"rendered":"<h1>iPad 11<\/h1>\n<p>Apple iPad 11 2025 \u2014 ny design med USB-C, A16-chip och 10,9-tums Liquid Retina-display.<\/p>\n\n        <section class=\"lp-trust\">\n            <div class=\"lp-container\">\n                <h2>Varf\u00f6r handla hos Linn\u00e9?<\/h2>\n                                    <p class=\"lp-trust__text\">Vi erbjuder elektronik till konkurrenskraftiga priser med snabb leverans fr\u00e5n v\u00e5rt lager i G\u00f6teborg.<\/p>\n                                <div class=\"lp-trust__usps\">\n                                            <div class=\"lp-trust__usp\">\n                            <span class=\"lp-trust__check\">&#10003;<\/span>\n                            Rask levering                        <\/div>\n                                            <div class=\"lp-trust__usp\">\n                            <span class=\"lp-trust__check\">&#10003;<\/span>\n                            Bestill f\u00f8r 14:00 \u2014 sendes samme dag                        <\/div>\n                                            <div class=\"lp-trust__usp\">\n                            <span class=\"lp-trust__check\">&#10003;<\/span>\n                            30 dagers \u00e5pent kj\u00f8p                        <\/div>\n                                            <div class=\"lp-trust__usp\">\n                            <span class=\"lp-trust__check\">&#10003;<\/span>\n                            Sikker betaling                        <\/div>\n                                    <\/div>\n                                    <a href=\"https:\/\/www.linneelektronik.com\/no\/butik\/\" class=\"lp-cta\">Utforska hela sortimentet &rarr;<\/a>\n                            <\/div>\n        <\/section>\n        \n","protected":false},"excerpt":{"rendered":"<p>iPad 11 Apple iPad 11 2025 \u2014 ny design med USB-C, A16-chip och 10,9-tums Liquid Retina-display.<\/p>\n","protected":false},"author":0,"featured_media":0,"parent":41386,"menu_order":0,"comment_status":"closed","ping_status":"closed","template":"","meta":{"_uag_custom_page_level_css":"","footnotes":""},"class_list":["post-41535","page","type-page","status-publish","hentry"],"aioseo_notices":[],"uagb_featured_image_src":{"full":false,"thumbnail":false,"medium":false,"medium_large":false,"large":false,"1536x1536":false,"2048x2048":false,"woocommerce_thumbnail":false,"woocommerce_single":false,"woocommerce_gallery_thumbnail":false},"uagb_author_info":{"display_name":"","author_link":"https:\/\/www.linneelektronik.com\/no\/author\/"},"uagb_comment_info":0,"uagb_excerpt":"iPad 11 Apple iPad 11 2025 \u2014 ny design med USB-C, A16-chip och 10,9-tums Liquid Retina-display.","jetpack_sharing_enabled":true,"_links":{"self":[{"href":"https:\/\/www.linneelektronik.com\/no\/wp-json\/wp\/v2\/pages\/41535","targetHints":{"allow":["GET"]}}],"collection":[{"href":"https:\/\/www.linneelektronik.com\/no\/wp-json\/wp\/v2\/pages"}],"about":[{"href":"https:\/\/www.linneelektronik.com\/no\/wp-json\/wp\/v2\/types\/page"}],"replies":[{"embeddable":true,"href":"https:\/\/www.linneelektronik.com\/no\/wp-json\/wp\/v2\/comments?post=41535"}],"version-history":[{"count":0,"href":"https:\/\/www.linneelektronik.com\/no\/wp-json\/wp\/v2\/pages\/41535\/revisions"}],"up":[{"embeddable":true,"href":"https:\/\/www.linneelektronik.com\/no\/wp-json\/wp\/v2\/pages\/41386"}],"wp:attachment":[{"href":"https:\/\/www.linneelektronik.com\/no\/wp-json\/wp\/v2\/media?parent=41535"}],"curies":[{"name":"wp","href":"https:\/\/api.w.org\/{rel}","templated":true}]}}