{"id":18764,"date":"2025-10-31T09:35:38","date_gmt":"2025-10-31T08:35:38","guid":{"rendered":"https:\/\/www.linneelektronik.com\/produkt\/sony-playstation-5-pro-ps5-2tb\/"},"modified":"2026-04-02T05:43:53","modified_gmt":"2026-04-02T03:43:53","slug":"sony-playstation-5-pro-ps5-2tb","status":"publish","type":"product","link":"https:\/\/www.linneelektronik.com\/no\/butik\/sony-playstation-5-pro-ps5-2tb\/","title":{"rendered":"Sony PlayStation 5 Pro (PS5) 2TB"},"content":{"rendered":"<h3 data-start=\"151\" data-end=\"230\"><strong data-start=\"155\" data-end=\"230\">Sony PlayStation 5 Pro 2TB \u2013 Maksimal ytelse for neste generasjons spill<\/strong><\/h3>\n<p data-start=\"232\" data-end=\"515\">Ta spillingen din til neste niv\u00e5 med <strong data-start=\"269\" data-end=\"290\">PlayStation 5 Pro<\/strong> \u2013 den kraftigste PS5 til n\u00e5.<br data-start=\"326\" data-end=\"329\">Med <strong data-start=\"333\" data-end=\"360\">17 TFLOPs GPU-ytelse<\/strong>, <strong data-start=\"362\" data-end=\"382\">2 TB SSD-lagring<\/strong> og st\u00f8tte for <strong data-start=\"396\" data-end=\"413\">8K-oppl\u00f8sning<\/strong> leverer den lynraske lastetider, utrolig grafikk og en spillopplevelse i absolutt toppklasse.<\/p>\n<h4 data-start=\"517\" data-end=\"537\"><strong data-start=\"522\" data-end=\"537\">H\u00f8ydepunkter<\/strong><\/h4>\n<ul data-start=\"538\" data-end=\"900\">\n<li data-start=\"538\" data-end=\"592\">\n<p data-start=\"540\" data-end=\"592\"><strong data-start=\"540\" data-end=\"560\">Ekstrem ytelse<\/strong> \u2013 17 TFLOPs GPU og 16 GB RAM<\/p>\n<\/li>\n<li data-start=\"593\" data-end=\"665\">\n<p data-start=\"595\" data-end=\"665\"><strong data-start=\"595\" data-end=\"607\">2 TB SSD<\/strong> \u2013 masse plass og rask tilgang til alle spillene dine<\/p>\n<\/li>\n<li data-start=\"666\" data-end=\"731\">\n<p data-start=\"668\" data-end=\"731\"><strong data-start=\"668\" data-end=\"689\">Fantastisk grafikk<\/strong> \u2013 opp til 8K-oppl\u00f8sning med HDR10-st\u00f8tte<\/p>\n<\/li>\n<li data-start=\"732\" data-end=\"785\">\n<p data-start=\"734\" data-end=\"785\"><strong data-start=\"734\" data-end=\"754\">Dolby Atmos-lyd<\/strong> \u2013 oppslukende lydopplevelse<\/p>\n<\/li>\n<li data-start=\"786\" data-end=\"850\">\n<p data-start=\"788\" data-end=\"850\"><strong data-start=\"788\" data-end=\"820\">Wi-Fi 7 og gigabit Ethernet<\/strong> \u2013 fremtidssikker tilkobling<\/p>\n<\/li>\n<li data-start=\"851\" data-end=\"900\">\n<p data-start=\"853\" data-end=\"900\"><strong data-start=\"853\" data-end=\"900\">St\u00f8tte for opptil 4 tr\u00e5dl\u00f8se kontrollere<\/strong><\/p>\n<\/li>\n<\/ul>\n<h4 data-start=\"902\" data-end=\"927\"><strong data-start=\"907\" data-end=\"927\">Teknisk oversikt<\/strong><\/h4>\n<ul data-start=\"928\" data-end=\"1087\">\n<li data-start=\"928\" data-end=\"954\">\n<p data-start=\"930\" data-end=\"954\"><strong data-start=\"930\" data-end=\"944\">Prosessor:<\/strong> 3,5 GHz<\/p>\n<\/li>\n<li data-start=\"955\" data-end=\"984\">\n<p data-start=\"957\" data-end=\"984\"><strong data-start=\"957\" data-end=\"977\">HDMI 2.1-utgang:<\/strong> 1 stk<\/p>\n<\/li>\n<li data-start=\"985\" data-end=\"1027\">\n<p data-start=\"987\" data-end=\"1027\"><strong data-start=\"987\" data-end=\"1002\">USB-porter:<\/strong> 4 stk (2.0 &amp; 3.1 Gen 1)<\/p>\n<\/li>\n<li data-start=\"1028\" data-end=\"1060\">\n<p data-start=\"1030\" data-end=\"1060\"><strong data-start=\"1030\" data-end=\"1039\">M\u00e5l:<\/strong> 390 \u00d7 260 \u00d7 104 mm<\/p>\n<\/li>\n<li data-start=\"1061\" data-end=\"1087\">\n<p data-start=\"1063\" data-end=\"1087\"><strong data-start=\"1063\" data-end=\"1080\">Lanserings\u00e5r:<\/strong> 2024<\/p>\n<\/li>\n<\/ul>\n","protected":false},"excerpt":{"rendered":"<p>Sony PlayStation 5 Pro 2TB \u2013 Maksimal ytelse for neste generasjons spill Ta spillingen din til neste niv\u00e5 med PlayStation 5 Pro \u2013 den kraftigste PS5 til n\u00e5.Med 17 TFLOPs GPU-ytelse, 2 TB SSD-lagring og st\u00f8tte for 8K-oppl\u00f8sning leverer den lynraske lastetider, utrolig grafikk og en spillopplevelse i absolutt toppklasse. H\u00f8ydepunkter Ekstrem ytelse \u2013 17 [&#8230;]\n","protected":false},"featured_media":18767,"comment_status":"open","ping_status":"closed","template":"","meta":{"_uag_custom_page_level_css":""},"product_brand":[1164],"product_cat":[828,6434,6444,6429],"product_tag":[],"woo-feed-brand":[],"class_list":{"0":"post-18764","1":"product","2":"type-product","3":"status-publish","4":"has-post-thumbnail","6":"product_brand-sony","7":"product_cat-konsoller","8":"product_cat-playstation-no","9":"product_cat-playstation-5-pro-no","10":"product_cat-sony-no","11":"product_shipping_class-shipping-class-01","13":"first","14":"instock","15":"featured","16":"taxable","17":"shipping-taxable","18":"purchasable","19":"product-type-simple"},"aioseo_notices":[],"uagb_featured_image_src":{"full":["https:\/\/www.linneelektronik.com\/wp-content\/uploads\/2025\/10\/13395263-1.jpg",697,600,false],"thumbnail":["https:\/\/www.linneelektronik.com\/wp-content\/uploads\/2025\/10\/13395263-1-150x150.jpg",150,150,true],"medium":["https:\/\/www.linneelektronik.com\/wp-content\/uploads\/2025\/10\/13395263-1-300x258.jpg",300,258,true],"medium_large":["https:\/\/www.linneelektronik.com\/wp-content\/uploads\/2025\/10\/13395263-1.jpg",697,600,false],"large":["https:\/\/www.linneelektronik.com\/wp-content\/uploads\/2025\/10\/13395263-1.jpg",697,600,false],"1536x1536":["https:\/\/www.linneelektronik.com\/wp-content\/uploads\/2025\/10\/13395263-1.jpg",697,600,false],"2048x2048":["https:\/\/www.linneelektronik.com\/wp-content\/uploads\/2025\/10\/13395263-1.jpg",697,600,false],"woocommerce_thumbnail":["https:\/\/www.linneelektronik.com\/wp-content\/uploads\/2025\/10\/13395263-1-247x213.jpg",247,213,true],"woocommerce_single":["https:\/\/www.linneelektronik.com\/wp-content\/uploads\/2025\/10\/13395263-1-510x439.jpg",510,439,true],"woocommerce_gallery_thumbnail":["https:\/\/www.linneelektronik.com\/wp-content\/uploads\/2025\/10\/13395263-1-100x100.jpg",100,100,true]},"uagb_author_info":{"display_name":"Admin","author_link":"https:\/\/www.linneelektronik.com\/no\/author\/"},"uagb_comment_info":0,"uagb_excerpt":"Sony PlayStation 5 Pro 2TB \u2013 Maksimal ytelse for neste generasjons spill Ta spillingen din til neste niv\u00e5 med PlayStation 5 Pro \u2013 den kraftigste PS5 til n\u00e5.Med 17 TFLOPs GPU-ytelse, 2 TB SSD-lagring og st\u00f8tte for 8K-oppl\u00f8sning leverer den lynraske lastetider, utrolig grafikk og en spillopplevelse i absolutt toppklasse. H\u00f8ydepunkter Ekstrem ytelse \u2013 17&hellip;","jetpack_sharing_enabled":true,"_links":{"self":[{"href":"https:\/\/www.linneelektronik.com\/no\/wp-json\/wp\/v2\/product\/18764","targetHints":{"allow":["GET"]}}],"collection":[{"href":"https:\/\/www.linneelektronik.com\/no\/wp-json\/wp\/v2\/product"}],"about":[{"href":"https:\/\/www.linneelektronik.com\/no\/wp-json\/wp\/v2\/types\/product"}],"replies":[{"embeddable":true,"href":"https:\/\/www.linneelektronik.com\/no\/wp-json\/wp\/v2\/comments?post=18764"}],"wp:featuredmedia":[{"embeddable":true,"href":"https:\/\/www.linneelektronik.com\/no\/wp-json\/wp\/v2\/media\/18767"}],"wp:attachment":[{"href":"https:\/\/www.linneelektronik.com\/no\/wp-json\/wp\/v2\/media?parent=18764"}],"wp:term":[{"taxonomy":"product_brand","embeddable":true,"href":"https:\/\/www.linneelektronik.com\/no\/wp-json\/wp\/v2\/product_brand?post=18764"},{"taxonomy":"product_cat","embeddable":true,"href":"https:\/\/www.linneelektronik.com\/no\/wp-json\/wp\/v2\/product_cat?post=18764"},{"taxonomy":"product_tag","embeddable":true,"href":"https:\/\/www.linneelektronik.com\/no\/wp-json\/wp\/v2\/product_tag?post=18764"},{"taxonomy":"woo-feed-brand","embeddable":true,"href":"https:\/\/www.linneelektronik.com\/no\/wp-json\/wp\/v2\/woo-feed-brand?post=18764"}],"curies":[{"name":"wp","href":"https:\/\/api.w.org\/{rel}","templated":true}]}}