{"id":19368,"date":"2025-10-03T07:50:01","date_gmt":"2025-10-03T05:50:01","guid":{"rendered":"https:\/\/www.linneelektronik.com\/butik\/apple-iphone-17-5g-8gb-ram-256gb-hvit-white-mg684\/"},"modified":"2026-04-11T17:06:16","modified_gmt":"2026-04-11T15:06:16","slug":"apple-iphone-17-5g-8gb-ram-256gb-hvit-white-mg684","status":"publish","type":"product","link":"https:\/\/www.linneelektronik.com\/no\/butik\/apple-iphone-17-5g-8gb-ram-256gb-hvit-white-mg684\/","title":{"rendered":"Apple iPhone 17 256GB &#8211; Hvit (White) (eSIM)"},"content":{"rendered":"<h2>Apple iPhone 17 5G (256 GB) \u2013 8 GB RAM<\/h2>\n<p><b>Rask, smidig og fremtidssikker<\/b><\/p>\n<p>Sekskjernet prosessor og 8 GB RAM gir rask respons i apper, spill og multitasking \u2013 med iOS for en enkel, sikker hverdag.<\/p>\n<p><b>Skjerm som imponerer<\/b><\/p>\n<p>6,3&#8243; OLED med HDR og 120 Hz for silkemyk scrolling og sterk kontrast. 460 ppi gir knivskarp tekst og detaljrikt bilde. <\/p>\n<p><b>Kamera klar for alle \u00f8yeblikk<\/b><\/p>\n<p>Doble kameraer med 48 MP hovedkamera (f\/1,6) fanger mer lys og detaljer \u2013 fra hverdagsscener til reiser og portretter.<\/p>\n<p><b>Video i proffklasse<\/b><\/p>\n<p>4K-video og opptil 240 fps slow motion gj\u00f8r det enkelt \u00e5 skape filmiske klipp direkte p\u00e5 mobilen.<\/p>\n<p><b>Robust og elegant<\/b><\/p>\n<p>IP68-klassifisert mot vann og st\u00f8v. Pen, slitesterk konstruksjon som t\u00e5ler livet p\u00e5 farten. <\/p>\n<p><b>Rask tilkobling og lading<\/b><\/p>\n<p>5G, Wi-Fi 7\/6E\/6, Bluetooth og NFC for smidig tilkobling. USB-C, hurtiglading og tr\u00e5dl\u00f8s lading for maksimal komfort. <\/p>\n<p><b>Lett og hendig<\/b><\/p>\n<p>Kun ca. 177 g og smidige m\u00e5l: 71,5 \u00d7 149,6 \u00d7 8 mm \u2013 behagelig \u00e5 bruke hele dagen.<\/p>\n<p><b>Plass til alt viktig<\/b><\/p>\n<p>256 GB lagring rommer bilder, video, apper og dokumenter uten kompromisser.<\/p>\n","protected":false},"excerpt":{"rendered":"<p>Apple iPhone 17 5G (256 GB) \u2013 8 GB RAM Rask, smidig og fremtidssikker Sekskjernet prosessor og 8 GB RAM gir rask respons i apper, spill og multitasking \u2013 med iOS for en enkel, sikker hverdag. Skjerm som imponerer 6,3&#8243; OLED med HDR og 120 Hz for silkemyk scrolling og sterk kontrast. 460 ppi gir [&#8230;]\n","protected":false},"featured_media":19369,"comment_status":"open","ping_status":"closed","template":"","meta":{"_uag_custom_page_level_css":""},"product_brand":[1157],"product_cat":[819],"product_tag":[],"woo-feed-brand":[],"class_list":{"0":"post-19368","1":"product","2":"type-product","3":"status-publish","4":"has-post-thumbnail","6":"product_brand-apple","7":"product_cat-mobiltelefoner","8":"product_shipping_class-shipping-class-01","10":"first","11":"instock","12":"taxable","13":"shipping-taxable","14":"purchasable","15":"product-type-simple"},"aioseo_notices":[],"uagb_featured_image_src":{"full":["https:\/\/www.linneelektronik.com\/wp-content\/uploads\/2025\/10\/White-1-1.jpg",1200,1200,false],"thumbnail":["https:\/\/www.linneelektronik.com\/wp-content\/uploads\/2025\/10\/White-1-1-150x150.jpg",150,150,true],"medium":["https:\/\/www.linneelektronik.com\/wp-content\/uploads\/2025\/10\/White-1-1-300x300.jpg",300,300,true],"medium_large":["https:\/\/www.linneelektronik.com\/wp-content\/uploads\/2025\/10\/White-1-1-768x768.jpg",768,768,true],"large":["https:\/\/www.linneelektronik.com\/wp-content\/uploads\/2025\/10\/White-1-1-1024x1024.jpg",1020,1020,true],"1536x1536":["https:\/\/www.linneelektronik.com\/wp-content\/uploads\/2025\/10\/White-1-1.jpg",1200,1200,false],"2048x2048":["https:\/\/www.linneelektronik.com\/wp-content\/uploads\/2025\/10\/White-1-1.jpg",1200,1200,false],"woocommerce_thumbnail":["https:\/\/www.linneelektronik.com\/wp-content\/uploads\/2025\/10\/White-1-1-247x247.jpg",247,247,true],"woocommerce_single":["https:\/\/www.linneelektronik.com\/wp-content\/uploads\/2025\/10\/White-1-1-510x510.jpg",510,510,true],"woocommerce_gallery_thumbnail":["https:\/\/www.linneelektronik.com\/wp-content\/uploads\/2025\/10\/White-1-1-100x100.jpg",100,100,true]},"uagb_author_info":{"display_name":"Admin","author_link":"https:\/\/www.linneelektronik.com\/no\/author\/"},"uagb_comment_info":0,"uagb_excerpt":"Apple iPhone 17 5G (256 GB) \u2013 8 GB RAM Rask, smidig og fremtidssikker Sekskjernet prosessor og 8 GB RAM gir rask respons i apper, spill og multitasking \u2013 med iOS for en enkel, sikker hverdag. Skjerm som imponerer 6,3&#8243; OLED med HDR og 120 Hz for silkemyk scrolling og sterk kontrast. 460 ppi gir&hellip;","jetpack_sharing_enabled":true,"_links":{"self":[{"href":"https:\/\/www.linneelektronik.com\/no\/wp-json\/wp\/v2\/product\/19368","targetHints":{"allow":["GET"]}}],"collection":[{"href":"https:\/\/www.linneelektronik.com\/no\/wp-json\/wp\/v2\/product"}],"about":[{"href":"https:\/\/www.linneelektronik.com\/no\/wp-json\/wp\/v2\/types\/product"}],"replies":[{"embeddable":true,"href":"https:\/\/www.linneelektronik.com\/no\/wp-json\/wp\/v2\/comments?post=19368"}],"wp:featuredmedia":[{"embeddable":true,"href":"https:\/\/www.linneelektronik.com\/no\/wp-json\/wp\/v2\/media\/19369"}],"wp:attachment":[{"href":"https:\/\/www.linneelektronik.com\/no\/wp-json\/wp\/v2\/media?parent=19368"}],"wp:term":[{"taxonomy":"product_brand","embeddable":true,"href":"https:\/\/www.linneelektronik.com\/no\/wp-json\/wp\/v2\/product_brand?post=19368"},{"taxonomy":"product_cat","embeddable":true,"href":"https:\/\/www.linneelektronik.com\/no\/wp-json\/wp\/v2\/product_cat?post=19368"},{"taxonomy":"product_tag","embeddable":true,"href":"https:\/\/www.linneelektronik.com\/no\/wp-json\/wp\/v2\/product_tag?post=19368"},{"taxonomy":"woo-feed-brand","embeddable":true,"href":"https:\/\/www.linneelektronik.com\/no\/wp-json\/wp\/v2\/woo-feed-brand?post=19368"}],"curies":[{"name":"wp","href":"https:\/\/api.w.org\/{rel}","templated":true}]}}