{"id":19927,"date":"2025-10-03T10:15:49","date_gmt":"2025-10-03T08:15:49","guid":{"rendered":"https:\/\/www.linneelektronik.com\/butik\/apple-iphone-air-8gb-ram-1tb-gull-light-gold-mg2j4\/"},"modified":"2026-04-11T08:39:03","modified_gmt":"2026-04-11T06:39:03","slug":"apple-iphone-air-8gb-ram-1tb-gull-light-gold-mg2j4","status":"publish","type":"product","link":"https:\/\/www.linneelektronik.com\/no\/butik\/apple-iphone-air-8gb-ram-1tb-gull-light-gold-mg2j4\/","title":{"rendered":"Apple iPhone Air 1TB &#8211; Gull (Light Gold)"},"content":{"rendered":"<h2>Mobiltelefon Apple iPhone Air<\/h2>\n<p><b>Apple iPhone Air.<\/b><\/p>\n<p>Tidenes tynneste iPhone. En mobiltelefon med 6,5-tommers skjerm, robust for- og bakside med Ceramic Shield, A19 Pro-brikke, 48 MP Fusion-kamerasystem og Center Stage-frontkamera. <\/p>\n<p><b>Sensasjonelt tynn. Sl\u00e5ende lett. Sjeldent sterk.  <\/b><\/p>\n<p>Tidenes tynneste iPhone med en ekstremt kraftig Pro-brikke. Med sine 5,6 mm er nye iPhone Air s\u00e5 utrolig tynn og lett at den nesten ikke kjennes i h\u00e5nden. <\/p>\n<p><b>Mer slitesterk enn noen tidligere iPhone<\/b><\/p>\n<p>Ultralett ramme i titan. Ceramic Shield beskytter baksiden av iPhone Air og gj\u00f8r den 4\u00d7 mer motstandsdyktig mot sprekker. Nye Ceramic Shield 2 p\u00e5 forsiden har 3\u00d7 bedre ripemotstand.  <\/p>\n<p><b>To avanserte kameraer i ett<\/b><\/p>\n<p>48 MP Fusion-kamerasystem med 2\u00d7 zoom av optisk kvalitet. Komponer det perfekte bildet uten \u00e5 m\u00e5tte bevege deg fra plassen. <\/p>\n<p><b>18 MP Center Stage-frontkamera<\/b><\/p>\n<p>Smidige m\u00e5ter \u00e5 komponere bilder p\u00e5. Smartere gruppeselfier og dobbel videoopptak for \u00e5 filme med for- og bakside samtidig. <\/p>\n<p><b>A19 Pro-brikken. Lynrask. Hypereffektiv.  <\/b><\/p>\n<p>A19 Pro er den mest effektive iPhone-brikken til n\u00e5. Den gir profesjonell ytelse i et banebrytende tynt og lett format. <\/p>\n<p><b>Batteri som varer hele dagen<\/b><\/p>\n<p>\u00c9n lading varer til videoavspilling i opptil 27 timer.<\/p>\n<p><b>iOS 26. Nytt utseende. Ny magi.  <\/b><\/p>\n<p>Helt ny design med Liquid Glass. Mer levende l\u00e5seskjerm, tilpassbare bakgrunner og nye funksjoner i Meldinger og samtalefiltrering. <\/p>\n<p><b>Bygget for Apple Intelligence<\/b><\/p>\n<p>Personlig, sikker og smart. Hjelper deg med \u00e5 skrive, uttrykke deg og f\u00e5 ting gjort enklere. <\/p>\n<p>Apple Intelligence kommer snart p\u00e5 norsk.<\/p>\n<p><b>Viktige sikkerhetsfunksjoner<\/b><\/p>\n<p>Krasjdeteksjon f\u00f8ler om du har v\u00e6rt med i en alvorlig bilulykke og kan tilkalle hjelp automatisk.<\/p>\n<p><b>Bedre tilkoblinger. Skyh\u00f8ye hastigheter. <\/b><\/p>\n<p>Raskere og sikrere med Wi-Fi 7, 5G, Bluetooth 6 og eSIM.<\/p>\n<p><b>eSIM. Fleksibelt. Sikkert. S\u00f8ml\u00f8st.   <\/b><\/p>\n<p>Mer bekvemmelighet og h\u00f8yere sikkerhet. Perfekt n\u00e5r du reiser utenlands. <\/p>\n<p><b>Personvernbeskyttelse<\/b><\/p>\n<p>Sikkerhet og personvern p\u00e5 et helt nytt niv\u00e5 \u2013 alltid innebygd.<\/p>\n","protected":false},"excerpt":{"rendered":"<p>Mobiltelefon Apple iPhone Air Apple iPhone Air. Tidenes tynneste iPhone. En mobiltelefon med 6,5-tommers skjerm, robust for- og bakside med Ceramic Shield, A19 Pro-brikke, 48 MP Fusion-kamerasystem og Center Stage-frontkamera. Sensasjonelt tynn. Sl\u00e5ende lett. Sjeldent sterk. Tidenes tynneste iPhone med en ekstremt kraftig Pro-brikke. Med sine 5,6 mm er nye iPhone Air s\u00e5 utrolig tynn [&#8230;]\n","protected":false},"featured_media":19550,"comment_status":"open","ping_status":"closed","template":"","meta":{"_uag_custom_page_level_css":""},"product_brand":[1157],"product_cat":[819],"product_tag":[],"woo-feed-brand":[],"class_list":{"0":"post-19927","1":"product","2":"type-product","3":"status-publish","4":"has-post-thumbnail","6":"product_brand-apple","7":"product_cat-mobiltelefoner","8":"product_shipping_class-shipping-class-01","10":"first","11":"instock","12":"taxable","13":"shipping-taxable","14":"purchasable","15":"product-type-simple"},"aioseo_notices":[],"uagb_featured_image_src":{"full":["https:\/\/www.linneelektronik.com\/wp-content\/uploads\/2025\/10\/Gold-1.jpg",1200,1200,false],"thumbnail":["https:\/\/www.linneelektronik.com\/wp-content\/uploads\/2025\/10\/Gold-1-150x150.jpg",150,150,true],"medium":["https:\/\/www.linneelektronik.com\/wp-content\/uploads\/2025\/10\/Gold-1-300x300.jpg",300,300,true],"medium_large":["https:\/\/www.linneelektronik.com\/wp-content\/uploads\/2025\/10\/Gold-1-768x768.jpg",768,768,true],"large":["https:\/\/www.linneelektronik.com\/wp-content\/uploads\/2025\/10\/Gold-1-1024x1024.jpg",1020,1020,true],"1536x1536":["https:\/\/www.linneelektronik.com\/wp-content\/uploads\/2025\/10\/Gold-1.jpg",1200,1200,false],"2048x2048":["https:\/\/www.linneelektronik.com\/wp-content\/uploads\/2025\/10\/Gold-1.jpg",1200,1200,false],"woocommerce_thumbnail":["https:\/\/www.linneelektronik.com\/wp-content\/uploads\/2025\/10\/Gold-1-247x247.jpg",247,247,true],"woocommerce_single":["https:\/\/www.linneelektronik.com\/wp-content\/uploads\/2025\/10\/Gold-1-510x510.jpg",510,510,true],"woocommerce_gallery_thumbnail":["https:\/\/www.linneelektronik.com\/wp-content\/uploads\/2025\/10\/Gold-1-100x100.jpg",100,100,true]},"uagb_author_info":{"display_name":"Admin","author_link":"https:\/\/www.linneelektronik.com\/no\/author\/"},"uagb_comment_info":0,"uagb_excerpt":"Mobiltelefon Apple iPhone Air Apple iPhone Air. Tidenes tynneste iPhone. En mobiltelefon med 6,5-tommers skjerm, robust for- og bakside med Ceramic Shield, A19 Pro-brikke, 48 MP Fusion-kamerasystem og Center Stage-frontkamera. Sensasjonelt tynn. Sl\u00e5ende lett. Sjeldent sterk. Tidenes tynneste iPhone med en ekstremt kraftig Pro-brikke. Med sine 5,6 mm er nye iPhone Air s\u00e5 utrolig tynn&hellip;","jetpack_sharing_enabled":true,"_links":{"self":[{"href":"https:\/\/www.linneelektronik.com\/no\/wp-json\/wp\/v2\/product\/19927","targetHints":{"allow":["GET"]}}],"collection":[{"href":"https:\/\/www.linneelektronik.com\/no\/wp-json\/wp\/v2\/product"}],"about":[{"href":"https:\/\/www.linneelektronik.com\/no\/wp-json\/wp\/v2\/types\/product"}],"replies":[{"embeddable":true,"href":"https:\/\/www.linneelektronik.com\/no\/wp-json\/wp\/v2\/comments?post=19927"}],"wp:featuredmedia":[{"embeddable":true,"href":"https:\/\/www.linneelektronik.com\/no\/wp-json\/wp\/v2\/media\/19550"}],"wp:attachment":[{"href":"https:\/\/www.linneelektronik.com\/no\/wp-json\/wp\/v2\/media?parent=19927"}],"wp:term":[{"taxonomy":"product_brand","embeddable":true,"href":"https:\/\/www.linneelektronik.com\/no\/wp-json\/wp\/v2\/product_brand?post=19927"},{"taxonomy":"product_cat","embeddable":true,"href":"https:\/\/www.linneelektronik.com\/no\/wp-json\/wp\/v2\/product_cat?post=19927"},{"taxonomy":"product_tag","embeddable":true,"href":"https:\/\/www.linneelektronik.com\/no\/wp-json\/wp\/v2\/product_tag?post=19927"},{"taxonomy":"woo-feed-brand","embeddable":true,"href":"https:\/\/www.linneelektronik.com\/no\/wp-json\/wp\/v2\/woo-feed-brand?post=19927"}],"curies":[{"name":"wp","href":"https:\/\/api.w.org\/{rel}","templated":true}]}}