{"id":20891,"date":"2025-06-26T16:11:30","date_gmt":"2025-06-26T14:11:30","guid":{"rendered":"https:\/\/www.linneelektronik.com\/butik\/apple-ipad-pro-11-m4-2024-256gb-space-black-mvv83\/"},"modified":"2025-12-08T22:05:37","modified_gmt":"2025-12-08T21:05:37","slug":"apple-ipad-pro-11-m4-2024-256gb-space-black-mvv83","status":"publish","type":"product","link":"https:\/\/www.linneelektronik.com\/no\/butik\/apple-ipad-pro-11-m4-2024-256gb-space-black-mvv83\/","title":{"rendered":"Apple iPad Pro 11&#8243; M4 (2024) 256GB &#8211; Space Black"},"content":{"rendered":"<h2 data-start=\"191\" data-end=\"256\"><strong data-start=\"194\" data-end=\"256\">Apple iPad Pro 11\u2033 (M4, 2024) \u2013 kraft m\u00f8ter kreativ frihet<\/strong><\/h2>\n<p data-start=\"258\" data-end=\"512\">Nye <strong data-start=\"262\" data-end=\"290\">iPad Pro 11\u2033 med M4-brikke<\/strong> setter en ny standard for ytelse og design. Med den avanserte <strong data-start=\"358\" data-end=\"399\">Tandem OLED Liquid Retina XDR-skjermen<\/strong> f\u00e5r du utrolig lysstyrke, kontrast og fargen\u00f8yaktighet \u2013 perfekt for kreativt arbeid, film og fotografering. <\/p>\n<p data-start=\"514\" data-end=\"801\">Drevet av <strong data-start=\"523\" data-end=\"546\">Apple M4-prosessoren<\/strong> med 9 kjerner og <strong data-start=\"564\" data-end=\"576\">8 GB RAM<\/strong>, som gj\u00f8r alt fra bilderedigering til 3D-modellering lynraskt. Den er dessuten ekstremt tynn (bare <strong data-start=\"684\" data-end=\"694\">5,3 mm<\/strong>) og veier kun <strong data-start=\"711\" data-end=\"723\">444 gram<\/strong>, noe som gj\u00f8r den til Apples letteste og mest b\u00e6rbare Pro-modell til n\u00e5. <\/p>\n<p data-start=\"803\" data-end=\"965\">Med <strong data-start=\"807\" data-end=\"841\">12 MP kamera b\u00e5de foran og bak<\/strong>, <strong data-start=\"843\" data-end=\"854\">Face ID<\/strong>, <strong data-start=\"856\" data-end=\"868\">Wi-Fi 6E<\/strong> og opptil <strong data-start=\"882\" data-end=\"907\">10 timers batteritid<\/strong>, er iPad Pro 11\u2033 bygget for \u00e5 prestere \u2013 uansett hvor du er.<\/p>\n<hr data-start=\"967\" data-end=\"970\">\n<h3 data-start=\"972\" data-end=\"995\"><strong data-start=\"976\" data-end=\"995\">Spesifikasjoner<\/strong><\/h3>\n<ul data-start=\"996\" data-end=\"1469\">\n<li data-start=\"996\" data-end=\"1065\">\n<p data-start=\"998\" data-end=\"1065\"><strong data-start=\"998\" data-end=\"1008\">Skjerm:<\/strong> 11\u2033 Tandem OLED Liquid Retina XDR, 2420\u00d71668 (264 ppi)<\/p>\n<\/li>\n<li data-start=\"1066\" data-end=\"1106\">\n<p data-start=\"1068\" data-end=\"1106\"><strong data-start=\"1068\" data-end=\"1082\">Prosessor:<\/strong> Apple M4 (9-core CPU)<\/p>\n<\/li>\n<li data-start=\"1107\" data-end=\"1143\">\n<p data-start=\"1109\" data-end=\"1143\"><strong data-start=\"1109\" data-end=\"1127\">RAM \/ Lagring:<\/strong> 8 GB \/ 256 GB<\/p>\n<\/li>\n<li data-start=\"1144\" data-end=\"1182\">\n<p data-start=\"1146\" data-end=\"1182\"><strong data-start=\"1146\" data-end=\"1157\">Kamera:<\/strong> 12 MP bak | 12 MP foran<\/p>\n<\/li>\n<li data-start=\"1183\" data-end=\"1226\">\n<p data-start=\"1185\" data-end=\"1226\"><strong data-start=\"1185\" data-end=\"1200\">Tilkobling:<\/strong> Wi-Fi 6E, Bluetooth 5.3<\/p>\n<\/li>\n<li data-start=\"1227\" data-end=\"1252\">\n<p data-start=\"1229\" data-end=\"1252\"><strong data-start=\"1229\" data-end=\"1242\">Sikkerhet:<\/strong> Face ID<\/p>\n<\/li>\n<li data-start=\"1253\" data-end=\"1291\">\n<p data-start=\"1255\" data-end=\"1291\"><strong data-start=\"1255\" data-end=\"1270\">Batteritid:<\/strong> Opptil 10 timer<\/p>\n<\/li>\n<li data-start=\"1292\" data-end=\"1329\">\n<p data-start=\"1294\" data-end=\"1329\"><strong data-start=\"1294\" data-end=\"1303\">M\u00e5l:<\/strong> 17,75 \u00d7 0,53 \u00d7 24,97 cm<\/p>\n<\/li>\n<li data-start=\"1330\" data-end=\"1349\">\n<p data-start=\"1332\" data-end=\"1349\"><strong data-start=\"1332\" data-end=\"1341\">Vekt:<\/strong> 444 g<\/p>\n<\/li>\n<li data-start=\"1350\" data-end=\"1375\">\n<p data-start=\"1352\" data-end=\"1375\"><strong data-start=\"1352\" data-end=\"1361\">Farge:<\/strong> Space Black<\/p>\n<\/li>\n<li data-start=\"1376\" data-end=\"1469\">\n<p data-start=\"1378\" data-end=\"1469\"><strong data-start=\"1378\" data-end=\"1388\">Milj\u00f8:<\/strong> 99 % resirkulerte sjeldne jordartmetaller, EPEAT Gold, ENERGY STAR-sertifisert<\/p>\n<\/li>\n<\/ul>\n","protected":false},"excerpt":{"rendered":"<p>Lader selges separat<\/p>\n","protected":false},"featured_media":20893,"comment_status":"open","ping_status":"closed","template":"","meta":{"_uag_custom_page_level_css":""},"product_brand":[1157],"product_cat":[852],"product_tag":[],"woo-feed-brand":[],"class_list":{"0":"post-20891","1":"product","2":"type-product","3":"status-publish","4":"has-post-thumbnail","6":"product_brand-apple","7":"product_cat-nettbrett","8":"product_shipping_class-shipping-class-01","10":"first","11":"instock","12":"taxable","13":"shipping-taxable","14":"purchasable","15":"product-type-simple"},"aioseo_notices":[],"uagb_featured_image_src":{"full":["https:\/\/www.linneelektronik.com\/wp-content\/uploads\/2025\/10\/195290834-337864435-11453-org-1-1.jpg",800,600,false],"thumbnail":["https:\/\/www.linneelektronik.com\/wp-content\/uploads\/2025\/10\/195290834-337864435-11453-org-1-1-150x150.jpg",150,150,true],"medium":["https:\/\/www.linneelektronik.com\/wp-content\/uploads\/2025\/10\/195290834-337864435-11453-org-1-1-300x225.jpg",300,225,true],"medium_large":["https:\/\/www.linneelektronik.com\/wp-content\/uploads\/2025\/10\/195290834-337864435-11453-org-1-1-768x576.jpg",768,576,true],"large":["https:\/\/www.linneelektronik.com\/wp-content\/uploads\/2025\/10\/195290834-337864435-11453-org-1-1.jpg",800,600,false],"1536x1536":["https:\/\/www.linneelektronik.com\/wp-content\/uploads\/2025\/10\/195290834-337864435-11453-org-1-1.jpg",800,600,false],"2048x2048":["https:\/\/www.linneelektronik.com\/wp-content\/uploads\/2025\/10\/195290834-337864435-11453-org-1-1.jpg",800,600,false],"woocommerce_thumbnail":["https:\/\/www.linneelektronik.com\/wp-content\/uploads\/2025\/10\/195290834-337864435-11453-org-1-1-247x185.jpg",247,185,true],"woocommerce_single":["https:\/\/www.linneelektronik.com\/wp-content\/uploads\/2025\/10\/195290834-337864435-11453-org-1-1-510x383.jpg",510,383,true],"woocommerce_gallery_thumbnail":["https:\/\/www.linneelektronik.com\/wp-content\/uploads\/2025\/10\/195290834-337864435-11453-org-1-1-100x100.jpg",100,100,true]},"uagb_author_info":{"display_name":"Admin","author_link":"https:\/\/www.linneelektronik.com\/no\/author\/"},"uagb_comment_info":0,"uagb_excerpt":"Lader selges separat","jetpack_sharing_enabled":true,"_links":{"self":[{"href":"https:\/\/www.linneelektronik.com\/no\/wp-json\/wp\/v2\/product\/20891","targetHints":{"allow":["GET"]}}],"collection":[{"href":"https:\/\/www.linneelektronik.com\/no\/wp-json\/wp\/v2\/product"}],"about":[{"href":"https:\/\/www.linneelektronik.com\/no\/wp-json\/wp\/v2\/types\/product"}],"replies":[{"embeddable":true,"href":"https:\/\/www.linneelektronik.com\/no\/wp-json\/wp\/v2\/comments?post=20891"}],"wp:featuredmedia":[{"embeddable":true,"href":"https:\/\/www.linneelektronik.com\/no\/wp-json\/wp\/v2\/media\/20893"}],"wp:attachment":[{"href":"https:\/\/www.linneelektronik.com\/no\/wp-json\/wp\/v2\/media?parent=20891"}],"wp:term":[{"taxonomy":"product_brand","embeddable":true,"href":"https:\/\/www.linneelektronik.com\/no\/wp-json\/wp\/v2\/product_brand?post=20891"},{"taxonomy":"product_cat","embeddable":true,"href":"https:\/\/www.linneelektronik.com\/no\/wp-json\/wp\/v2\/product_cat?post=20891"},{"taxonomy":"product_tag","embeddable":true,"href":"https:\/\/www.linneelektronik.com\/no\/wp-json\/wp\/v2\/product_tag?post=20891"},{"taxonomy":"woo-feed-brand","embeddable":true,"href":"https:\/\/www.linneelektronik.com\/no\/wp-json\/wp\/v2\/woo-feed-brand?post=20891"}],"curies":[{"name":"wp","href":"https:\/\/api.w.org\/{rel}","templated":true}]}}