{"id":26132,"date":"2025-07-19T16:50:37","date_gmt":"2025-07-19T14:50:37","guid":{"rendered":"https:\/\/www.linneelektronik.com\/?post_type=product&#038;p=26132"},"modified":"2026-04-15T13:26:09","modified_gmt":"2026-04-15T11:26:09","slug":"sony-wf-1000xm5-tradlose-in-ear-svart","status":"publish","type":"product","link":"https:\/\/www.linneelektronik.com\/no\/butik\/sony-wf-1000xm5-tradlose-in-ear-svart\/","title":{"rendered":"Sony WF-1000XM5 Tr\u00e5dl\u00f8se in-ear \u2013 Svart"},"content":{"rendered":"<h2>Sony WF-1000XM5 \u2013 True Wireless in-ear<\/h2>\n<p><b>Bransjeledende st\u00f8ydemping<\/b><br \/>\nAktiv st\u00f8ydemping (ANC) med smart omgivelsesmodus lar deg veksle mellom full fokus og kontakt med omverdenen.<\/p>\n<p><b>Premiumlyd med kraft og detaljer<\/b><br \/>\n8,4 mm Dynamic Driver X-element leverer fyldig bass, \u00e5pent mellomtoneomr\u00e5de og krystallklare h\u00f8ye toner \u2013 optimalisert for musikk, podkaster og film.<\/p>\n<p><b>Klare samtaler med AI<\/b><br \/>\nAvansert mikrofonteknologi og mikrofon-ANC gj\u00f8r stemmen tydelig selv i st\u00f8yende omgivelser \u2013 perfekt for m\u00f8ter og samtaler p\u00e5 farten.<\/p>\n<p><b>Stabil tilkobling og h\u00f8yoppl\u00f8st tr\u00e5dl\u00f8s lyd<\/b><br \/>\nBluetooth 5.3 med Multipoint. St\u00f8tte for LDAC, AAC, SBC og LC3 (LE Audio) for h\u00f8y kvalitet og lav forsinkelse.<\/p>\n<p><b>Batteri for hele dagen<\/b><br \/>\nOpptil ca. 36 timers total spilletid med ladeetuiet. Hurtiglading via USB og praktisk tr\u00e5dl\u00f8s lading.<\/p>\n<p><b>Komfortabel og sikker passform<\/b><br \/>\nLette in-ear-propper som slutter tett i \u00f8regangen for bedre lyd og stabilitet under aktivitet.<\/p>\n<p><b>Robuste for hverdagsbruk<\/b><br \/>\nIPX4-klassifisering mot svette og sprut \u2013 lytt p\u00e5 treningssenteret, i regnet eller p\u00e5 reisen uten bekymringer.<\/p>\n","protected":false},"excerpt":{"rendered":"<p>Sony WF-1000XM5 \u2013 True Wireless in-ear Bransjeledende st\u00f8ydemping Aktiv st\u00f8ydemping (ANC) med smart omgivelsesmodus lar deg veksle mellom full fokus og kontakt med omverdenen. Premiumlyd med kraft og detaljer 8,4 mm Dynamic Driver X-element leverer fyldig bass, \u00e5pent mellomtoneomr\u00e5de og krystallklare h\u00f8ye toner \u2013 optimalisert for musikk, podkaster og film. Klare samtaler med AI Avansert [&#8230;]\n","protected":false},"featured_media":26131,"comment_status":"open","ping_status":"closed","template":"","meta":{"_uag_custom_page_level_css":""},"product_brand":[1164],"product_cat":[738,1605],"product_tag":[],"woo-feed-brand":[],"class_list":{"0":"post-26132","1":"product","2":"type-product","3":"status-publish","4":"has-post-thumbnail","6":"product_brand-sony","7":"product_cat-hodetelefoner","8":"product_cat-in-ear","9":"product_shipping_class-shipping-class-01","11":"first","12":"outofstock","13":"taxable","14":"shipping-taxable","15":"purchasable","16":"product-type-simple"},"aioseo_notices":[],"uagb_featured_image_src":{"full":["https:\/\/www.linneelektronik.com\/wp-content\/uploads\/2025\/10\/11584813-2.jpg",600,600,false],"thumbnail":["https:\/\/www.linneelektronik.com\/wp-content\/uploads\/2025\/10\/11584813-2-150x150.jpg",150,150,true],"medium":["https:\/\/www.linneelektronik.com\/wp-content\/uploads\/2025\/10\/11584813-2-300x300.jpg",300,300,true],"medium_large":["https:\/\/www.linneelektronik.com\/wp-content\/uploads\/2025\/10\/11584813-2.jpg",600,600,false],"large":["https:\/\/www.linneelektronik.com\/wp-content\/uploads\/2025\/10\/11584813-2.jpg",600,600,false],"1536x1536":["https:\/\/www.linneelektronik.com\/wp-content\/uploads\/2025\/10\/11584813-2.jpg",600,600,false],"2048x2048":["https:\/\/www.linneelektronik.com\/wp-content\/uploads\/2025\/10\/11584813-2.jpg",600,600,false],"woocommerce_thumbnail":["https:\/\/www.linneelektronik.com\/wp-content\/uploads\/2025\/10\/11584813-2-247x247.jpg",247,247,true],"woocommerce_single":["https:\/\/www.linneelektronik.com\/wp-content\/uploads\/2025\/10\/11584813-2-510x510.jpg",510,510,true],"woocommerce_gallery_thumbnail":["https:\/\/www.linneelektronik.com\/wp-content\/uploads\/2025\/10\/11584813-2-100x100.jpg",100,100,true]},"uagb_author_info":{"display_name":"Marcus","author_link":"https:\/\/www.linneelektronik.com\/no\/author\/"},"uagb_comment_info":0,"uagb_excerpt":"Sony WF-1000XM5 \u2013 True Wireless in-ear Bransjeledende st\u00f8ydemping Aktiv st\u00f8ydemping (ANC) med smart omgivelsesmodus lar deg veksle mellom full fokus og kontakt med omverdenen. Premiumlyd med kraft og detaljer 8,4 mm Dynamic Driver X-element leverer fyldig bass, \u00e5pent mellomtoneomr\u00e5de og krystallklare h\u00f8ye toner \u2013 optimalisert for musikk, podkaster og film. Klare samtaler med AI Avansert&hellip;","jetpack_sharing_enabled":true,"_links":{"self":[{"href":"https:\/\/www.linneelektronik.com\/no\/wp-json\/wp\/v2\/product\/26132","targetHints":{"allow":["GET"]}}],"collection":[{"href":"https:\/\/www.linneelektronik.com\/no\/wp-json\/wp\/v2\/product"}],"about":[{"href":"https:\/\/www.linneelektronik.com\/no\/wp-json\/wp\/v2\/types\/product"}],"replies":[{"embeddable":true,"href":"https:\/\/www.linneelektronik.com\/no\/wp-json\/wp\/v2\/comments?post=26132"}],"wp:featuredmedia":[{"embeddable":true,"href":"https:\/\/www.linneelektronik.com\/no\/wp-json\/wp\/v2\/media\/26131"}],"wp:attachment":[{"href":"https:\/\/www.linneelektronik.com\/no\/wp-json\/wp\/v2\/media?parent=26132"}],"wp:term":[{"taxonomy":"product_brand","embeddable":true,"href":"https:\/\/www.linneelektronik.com\/no\/wp-json\/wp\/v2\/product_brand?post=26132"},{"taxonomy":"product_cat","embeddable":true,"href":"https:\/\/www.linneelektronik.com\/no\/wp-json\/wp\/v2\/product_cat?post=26132"},{"taxonomy":"product_tag","embeddable":true,"href":"https:\/\/www.linneelektronik.com\/no\/wp-json\/wp\/v2\/product_tag?post=26132"},{"taxonomy":"woo-feed-brand","embeddable":true,"href":"https:\/\/www.linneelektronik.com\/no\/wp-json\/wp\/v2\/woo-feed-brand?post=26132"}],"curies":[{"name":"wp","href":"https:\/\/api.w.org\/{rel}","templated":true}]}}