{"id":26242,"date":"2025-08-03T01:37:27","date_gmt":"2025-08-02T23:37:27","guid":{"rendered":"https:\/\/www.linneelektronik.com\/butik\/samsung-galaxy-watch8-classic-46mm-bt-vit-white\/"},"modified":"2026-03-22T13:21:33","modified_gmt":"2026-03-22T12:21:33","slug":"samsung-galaxy-watch8-classic-46mm-bt-vit-white","status":"publish","type":"product","link":"https:\/\/www.linneelektronik.com\/no\/butik\/samsung-galaxy-watch8-classic-46mm-bt-vit-white\/","title":{"rendered":"Samsung Galaxy Watch8 Classic 46mm BT &#8211; Hvit (Hvit) L500"},"content":{"rendered":"<h2 data-start=\"174\" data-end=\"259\"><strong data-start=\"177\" data-end=\"259\">Samsung Galaxy Watch 8 Classic 46mm BT \u2013 klassisk premiumdesign med smart str\u00f8m<\/strong><\/h2>\n<p data-start=\"261\" data-end=\"536\"><strong data-start=\"261\" data-end=\"302\">Samsung Galaxy Watch8 Classic 46mm BT<\/strong> kombinerer det ikoniske, klassiske runde designet med moderne smartklokketeknologi. Den store <strong data-start=\"393\" data-end=\"420\">1,5-tommers AMOLED-skjermen<\/strong> med <strong data-start=\"425\" data-end=\"447\">oppl\u00f8sning p\u00e5 480\u00d7480<\/strong> gir skarpe og levende bilder med Always-On-skjermen, perfekt b\u00e5de for trening og daglig bruk. <\/p>\n<p data-start=\"538\" data-end=\"800\">Laget av <strong data-start=\"551\" data-end=\"569\">rustfritt st\u00e5l<\/strong> med slitesterk <strong data-start=\"581\" data-end=\"594\">safirglass<\/strong> og en komfortabel <strong data-start=\"611\" data-end=\"629\">silikonrem,<\/strong> er klokken bygget for \u00e5 vare. Den tilbyr avanserte helsesensorer som <strong data-start=\"705\" data-end=\"712\">EKG,<\/strong> <strong data-start=\"714\" data-end=\"735\">blodtrykksm\u00e5ling<\/strong>, <strong data-start=\"737\" data-end=\"751\">s\u00f8vnanalyse<\/strong>, <strong data-start=\"753\" data-end=\"768\">pulsm\u00e5ling<\/strong>, aktivitetssporing og mer. <\/p>\n<p data-start=\"802\" data-end=\"1039\">Med <strong data-start=\"806\" data-end=\"823\">Bluetooth 5.3<\/strong>, <strong data-start=\"825\" data-end=\"834\">Wi-Fi<\/strong>, <strong data-start=\"836\" data-end=\"843\">NFC,<\/strong> <strong data-start=\"845\" data-end=\"852\">GPS<\/strong> og <strong data-start=\"857\" data-end=\"885\">innebygd tr\u00e5dl\u00f8s lading<\/strong> f\u00e5r du en komplett smartklokkeopplevelse. Det kraftige <strong data-start=\"943\" data-end=\"964\">590 mAh-batteriet<\/strong> varer opptil <strong data-start=\"981\" data-end=\"1002\">40 timer i drift<\/strong> og hele <strong data-start=\"1012\" data-end=\"1036\">120 timer i standby<\/strong>. <\/p>\n<hr data-start=\"1041\" data-end=\"1044\">\n<h3 data-start=\"1046\" data-end=\"1069\"><strong data-start=\"1050\" data-end=\"1069\">Spesifikasjoner<\/strong><\/h3>\n<ul data-start=\"1070\" data-end=\"1673\">\n<li data-start=\"1070\" data-end=\"1105\">\n<p data-start=\"1072\" data-end=\"1105\"><strong data-start=\"1072\" data-end=\"1082\">Skjerm:<\/strong> 1,5&#8243; AMOLED, 480\u00d7480<\/p>\n<\/li>\n<li data-start=\"1106\" data-end=\"1165\">\n<p data-start=\"1108\" data-end=\"1165\"><strong data-start=\"1108\" data-end=\"1121\">Materiale:<\/strong> Rustfritt st\u00e5l, safirglass, silikonarmb\u00e5nd<\/p>\n<\/li>\n<li data-start=\"1166\" data-end=\"1209\">\n<p data-start=\"1168\" data-end=\"1209\"><strong data-start=\"1168\" data-end=\"1181\">Tr\u00e5dl\u00f8st:<\/strong> Bluetooth 5.3, Wi-Fi, NFC<\/p>\n<\/li>\n<li data-start=\"1210\" data-end=\"1265\">\n<p data-start=\"1212\" data-end=\"1265\"><strong data-start=\"1212\" data-end=\"1227\">Navigasjon:<\/strong> GPS, BeiDou, Galileo, GLONASS, QZSS<\/p>\n<\/li>\n<li data-start=\"1266\" data-end=\"1333\">\n<p data-start=\"1268\" data-end=\"1333\"><strong data-start=\"1268\" data-end=\"1286\">Helsesensorer:<\/strong> EKG, blodtrykk, pulsm\u00e5ling, s\u00f8vn, aktivitet<\/p>\n<\/li>\n<li data-start=\"1334\" data-end=\"1429\">\n<p data-start=\"1336\" data-end=\"1429\"><strong data-start=\"1336\" data-end=\"1351\">Funksjoner:<\/strong> Tr\u00e5dl\u00f8s lading, Always-On Display, vibrasjonsalarm, gyroskop\/akselerometer<\/p>\n<\/li>\n<li data-start=\"1430\" data-end=\"1463\">\n<p data-start=\"1432\" data-end=\"1463\"><strong data-start=\"1432\" data-end=\"1448\">Lagring\/RAM:<\/strong> 32 GB \/ 2 GB<\/p>\n<\/li>\n<li data-start=\"1464\" data-end=\"1525\">\n<p data-start=\"1466\" data-end=\"1525\"><strong data-start=\"1466\" data-end=\"1478\">Batteri:<\/strong> 590 mAh \u2013 opptil 40 timer drift, 120 timer standby<\/p>\n<\/li>\n<li data-start=\"1526\" data-end=\"1551\">\n<p data-start=\"1528\" data-end=\"1551\"><strong data-start=\"1528\" data-end=\"1544\">Vannbeskyttelse:<\/strong> IP68<\/p>\n<\/li>\n<li data-start=\"1552\" data-end=\"1570\">\n<p data-start=\"1554\" data-end=\"1570\"><strong data-start=\"1554\" data-end=\"1563\">Vekt:<\/strong> 54 g<\/p>\n<\/li>\n<li data-start=\"1571\" data-end=\"1596\">\n<p data-start=\"1573\" data-end=\"1596\"><strong data-start=\"1573\" data-end=\"1586\">Tykkelse:<\/strong> 12,1 mm<\/p>\n<\/li>\n<li data-start=\"1597\" data-end=\"1623\">\n<p data-start=\"1599\" data-end=\"1623\"><strong data-start=\"1599\" data-end=\"1616\">Lanserings\u00e5r:<\/strong> 2025<\/p>\n<\/li>\n<li data-start=\"1644\" data-end=\"1673\">\n<p data-start=\"1646\" data-end=\"1673\"><strong data-start=\"1646\" data-end=\"1656\">Serie:<\/strong> Galaxy Watch 7<\/p>\n<\/li>\n<\/ul>\n","protected":false},"excerpt":{"rendered":"<p>Samsung Galaxy Watch 8 Classic 46mm BT \u2013 klassisk premiumdesign med smart str\u00f8m Samsung Galaxy Watch8 Classic 46mm BT kombinerer det ikoniske, klassiske runde designet med moderne smartklokketeknologi. Den store 1,5-tommers AMOLED-skjermen med oppl\u00f8sning p\u00e5 480\u00d7480 gir skarpe og levende bilder med Always-On-skjermen, perfekt b\u00e5de for trening og daglig bruk. Laget av rustfritt st\u00e5l med [&#8230;]\n","protected":false},"featured_media":26244,"comment_status":"open","ping_status":"closed","template":"","meta":{"_uag_custom_page_level_css":""},"product_brand":[1161],"product_cat":[839],"product_tag":[],"woo-feed-brand":[],"class_list":{"0":"post-26242","1":"product","2":"type-product","3":"status-publish","4":"has-post-thumbnail","6":"product_brand-samsung","7":"product_cat-smartwatches","8":"product_shipping_class-shipping-class-01","10":"first","11":"instock","12":"taxable","13":"shipping-taxable","14":"purchasable","15":"product-type-simple"},"aioseo_notices":[],"uagb_featured_image_src":{"full":["https:\/\/www.linneelektronik.com\/wp-content\/uploads\/2025\/10\/14886104-1-1.jpg",800,533,false],"thumbnail":["https:\/\/www.linneelektronik.com\/wp-content\/uploads\/2025\/10\/14886104-1-1-150x150.jpg",150,150,true],"medium":["https:\/\/www.linneelektronik.com\/wp-content\/uploads\/2025\/10\/14886104-1-1-300x200.jpg",300,200,true],"medium_large":["https:\/\/www.linneelektronik.com\/wp-content\/uploads\/2025\/10\/14886104-1-1-768x512.jpg",768,512,true],"large":["https:\/\/www.linneelektronik.com\/wp-content\/uploads\/2025\/10\/14886104-1-1.jpg",800,533,false],"1536x1536":["https:\/\/www.linneelektronik.com\/wp-content\/uploads\/2025\/10\/14886104-1-1.jpg",800,533,false],"2048x2048":["https:\/\/www.linneelektronik.com\/wp-content\/uploads\/2025\/10\/14886104-1-1.jpg",800,533,false],"woocommerce_thumbnail":["https:\/\/www.linneelektronik.com\/wp-content\/uploads\/2025\/10\/14886104-1-1-247x165.jpg",247,165,true],"woocommerce_single":["https:\/\/www.linneelektronik.com\/wp-content\/uploads\/2025\/10\/14886104-1-1-510x340.jpg",510,340,true],"woocommerce_gallery_thumbnail":["https:\/\/www.linneelektronik.com\/wp-content\/uploads\/2025\/10\/14886104-1-1-100x100.jpg",100,100,true]},"uagb_author_info":{"display_name":"Admin","author_link":"https:\/\/www.linneelektronik.com\/no\/author\/"},"uagb_comment_info":0,"uagb_excerpt":"Samsung Galaxy Watch 8 Classic 46mm BT \u2013 klassisk premiumdesign med smart str\u00f8m Samsung Galaxy Watch8 Classic 46mm BT kombinerer det ikoniske, klassiske runde designet med moderne smartklokketeknologi. Den store 1,5-tommers AMOLED-skjermen med oppl\u00f8sning p\u00e5 480\u00d7480 gir skarpe og levende bilder med Always-On-skjermen, perfekt b\u00e5de for trening og daglig bruk. Laget av rustfritt st\u00e5l med&hellip;","jetpack_sharing_enabled":true,"_links":{"self":[{"href":"https:\/\/www.linneelektronik.com\/no\/wp-json\/wp\/v2\/product\/26242","targetHints":{"allow":["GET"]}}],"collection":[{"href":"https:\/\/www.linneelektronik.com\/no\/wp-json\/wp\/v2\/product"}],"about":[{"href":"https:\/\/www.linneelektronik.com\/no\/wp-json\/wp\/v2\/types\/product"}],"replies":[{"embeddable":true,"href":"https:\/\/www.linneelektronik.com\/no\/wp-json\/wp\/v2\/comments?post=26242"}],"wp:featuredmedia":[{"embeddable":true,"href":"https:\/\/www.linneelektronik.com\/no\/wp-json\/wp\/v2\/media\/26244"}],"wp:attachment":[{"href":"https:\/\/www.linneelektronik.com\/no\/wp-json\/wp\/v2\/media?parent=26242"}],"wp:term":[{"taxonomy":"product_brand","embeddable":true,"href":"https:\/\/www.linneelektronik.com\/no\/wp-json\/wp\/v2\/product_brand?post=26242"},{"taxonomy":"product_cat","embeddable":true,"href":"https:\/\/www.linneelektronik.com\/no\/wp-json\/wp\/v2\/product_cat?post=26242"},{"taxonomy":"product_tag","embeddable":true,"href":"https:\/\/www.linneelektronik.com\/no\/wp-json\/wp\/v2\/product_tag?post=26242"},{"taxonomy":"woo-feed-brand","embeddable":true,"href":"https:\/\/www.linneelektronik.com\/no\/wp-json\/wp\/v2\/woo-feed-brand?post=26242"}],"curies":[{"name":"wp","href":"https:\/\/api.w.org\/{rel}","templated":true}]}}