{"id":26249,"date":"2025-06-26T16:12:14","date_gmt":"2025-06-26T14:12:14","guid":{"rendered":"https:\/\/www.linneelektronik.com\/butik\/samsung-galaxy-s25-ultra-5g-12gb-ram-4\/"},"modified":"2026-03-25T22:43:23","modified_gmt":"2026-03-25T21:43:23","slug":"samsung-galaxy-s25-ultra-5g-12gb-ram-4","status":"publish","type":"product","link":"https:\/\/www.linneelektronik.com\/no\/butik\/samsung-galaxy-s25-ultra-5g-12gb-ram-4\/","title":{"rendered":"Samsung Galaxy S25 Ultra 5G 12+512GB &#8211; Svart (Titanium Black) S938B"},"content":{"rendered":"<h2>Samsung Galaxy S25 Ultra \u2013 EU-modell<\/h2>\n<p><strong>Effektiv og intuitiv bruk<\/strong><\/p>\n<p>Cross App Action gj\u00f8r multitasking enklere enn noen gang \u2013 hold inne sideknappen og snakk med Google Gemini for \u00e5 sende meldinger, \u00e5pne apper eller s\u00f8ke info uten \u00e5 bytte app. Now Brief gir personlige daglige oversikter: morgenplan med Energy Score og p\u00e5minnelser, samt kveldsoppsummering. Du holder deg organisert og et skritt foran.<\/p>\n<p><strong>Innovative s\u00f8ke- og lydfunksjoner<\/strong><\/p>\n<p>Circle to Search lar deg markere tekst, bilder eller lyd direkte p\u00e5 skjermen og f\u00e5 resultater uten \u00e5 bytte app \u2013 perfekt med S Pen. Audio Eraser reduserer bakgrunnsst\u00f8y i video og finjusterer lyd med Galaxy AI for klare stemmer og renere opptak.<\/p>\n<p><strong>Banebrytende kamera og video<\/strong><\/p>\n<p>200 MP vidvinkel + 12 MP ultravidvinkel og to teleobjektiver med opptil 10\u00d7 optisk zoom fanger skarphet i hver detalj. Nightography gir klarhet i lite lys, mens 10-bit HDR og Object-aware Engine optimaliserer farger og portretter. AI-drevet Auto Trim hjelper deg \u00e5 lage profesjonelle klipp p\u00e5 sekunder.<\/p>\n<p><strong>Kraftig ytelse og batteri<\/strong><\/p>\n<p>Spesialtilpasset prosessor med ca 37 % raskere CPU, 30 % kraftigere grafikk og 40 % bedre AI-ytelse for tunge apper og avansert multitasking. mDNIe og programvareoptimalisering forbedrer batteritiden \u2013 stream video i opptil ca. 31 timer og bruk mobilen hele dagen uten bekymring.<\/p>\n<p><strong>Robust og elegant design<\/strong><\/p>\n<p>Ultrastark titanramme og Corning Gorilla Armor 2-glass gir h\u00f8y slitestyrke. IP68-klassifisering for vann og st\u00f8v. Til tross for robusthet: et sofistikert, stilrent utseende for jobb og fritid.<\/p>\n<p><strong>I pakken<\/strong><\/p>\n<p>Galaxy S25 Ultra<\/p>\n<p>USB-C til USB-C-kabel<\/p>\n<p>SIM-verkt\u00f8y<\/p>\n","protected":false},"excerpt":{"rendered":"<p><strong>Effektiv og intuitiv bruk<\/strong> med multitasking, avanserte s\u00f8k- og lydfunksjoner, banebrytende kamera, kraftig ytelse og robust design.<\/p>\n","protected":false},"featured_media":26251,"comment_status":"open","ping_status":"closed","template":"","meta":{"_uag_custom_page_level_css":""},"product_brand":[1161],"product_cat":[819],"product_tag":[],"woo-feed-brand":[],"class_list":{"0":"post-26249","1":"product","2":"type-product","3":"status-publish","4":"has-post-thumbnail","6":"product_brand-samsung","7":"product_cat-mobiltelefoner","8":"product_shipping_class-shipping-class-01","10":"first","11":"instock","12":"taxable","13":"shipping-taxable","14":"purchasable","15":"product-type-simple"},"aioseo_notices":[],"uagb_featured_image_src":{"full":["https:\/\/www.linneelektronik.com\/wp-content\/uploads\/2025\/10\/13866328-2-1.jpg",599,599,false],"thumbnail":["https:\/\/www.linneelektronik.com\/wp-content\/uploads\/2025\/10\/13866328-2-1-150x150.jpg",150,150,true],"medium":["https:\/\/www.linneelektronik.com\/wp-content\/uploads\/2025\/10\/13866328-2-1-300x300.jpg",300,300,true],"medium_large":["https:\/\/www.linneelektronik.com\/wp-content\/uploads\/2025\/10\/13866328-2-1.jpg",599,599,false],"large":["https:\/\/www.linneelektronik.com\/wp-content\/uploads\/2025\/10\/13866328-2-1.jpg",599,599,false],"1536x1536":["https:\/\/www.linneelektronik.com\/wp-content\/uploads\/2025\/10\/13866328-2-1.jpg",599,599,false],"2048x2048":["https:\/\/www.linneelektronik.com\/wp-content\/uploads\/2025\/10\/13866328-2-1.jpg",599,599,false],"woocommerce_thumbnail":["https:\/\/www.linneelektronik.com\/wp-content\/uploads\/2025\/10\/13866328-2-1-247x247.jpg",247,247,true],"woocommerce_single":["https:\/\/www.linneelektronik.com\/wp-content\/uploads\/2025\/10\/13866328-2-1-510x510.jpg",510,510,true],"woocommerce_gallery_thumbnail":["https:\/\/www.linneelektronik.com\/wp-content\/uploads\/2025\/10\/13866328-2-1-100x100.jpg",100,100,true]},"uagb_author_info":{"display_name":"Admin","author_link":"https:\/\/www.linneelektronik.com\/no\/author\/"},"uagb_comment_info":0,"uagb_excerpt":"Effektiv og intuitiv bruk med multitasking, avanserte s\u00f8k- og lydfunksjoner, banebrytende kamera, kraftig ytelse og robust design.","jetpack_sharing_enabled":true,"_links":{"self":[{"href":"https:\/\/www.linneelektronik.com\/no\/wp-json\/wp\/v2\/product\/26249","targetHints":{"allow":["GET"]}}],"collection":[{"href":"https:\/\/www.linneelektronik.com\/no\/wp-json\/wp\/v2\/product"}],"about":[{"href":"https:\/\/www.linneelektronik.com\/no\/wp-json\/wp\/v2\/types\/product"}],"replies":[{"embeddable":true,"href":"https:\/\/www.linneelektronik.com\/no\/wp-json\/wp\/v2\/comments?post=26249"}],"wp:featuredmedia":[{"embeddable":true,"href":"https:\/\/www.linneelektronik.com\/no\/wp-json\/wp\/v2\/media\/26251"}],"wp:attachment":[{"href":"https:\/\/www.linneelektronik.com\/no\/wp-json\/wp\/v2\/media?parent=26249"}],"wp:term":[{"taxonomy":"product_brand","embeddable":true,"href":"https:\/\/www.linneelektronik.com\/no\/wp-json\/wp\/v2\/product_brand?post=26249"},{"taxonomy":"product_cat","embeddable":true,"href":"https:\/\/www.linneelektronik.com\/no\/wp-json\/wp\/v2\/product_cat?post=26249"},{"taxonomy":"product_tag","embeddable":true,"href":"https:\/\/www.linneelektronik.com\/no\/wp-json\/wp\/v2\/product_tag?post=26249"},{"taxonomy":"woo-feed-brand","embeddable":true,"href":"https:\/\/www.linneelektronik.com\/no\/wp-json\/wp\/v2\/woo-feed-brand?post=26249"}],"curies":[{"name":"wp","href":"https:\/\/api.w.org\/{rel}","templated":true}]}}