{"id":26844,"date":"2025-08-12T12:08:37","date_gmt":"2025-08-12T10:08:37","guid":{"rendered":"https:\/\/www.linneelektronik.com\/butik\/samsung-galaxy-watch-ultra-47mm-2025-vit-titanium-white-l705\/"},"modified":"2026-03-22T13:27:47","modified_gmt":"2026-03-22T12:27:47","slug":"samsung-galaxy-watch-ultra-47mm-2025-vit-titanium-white-l705","status":"publish","type":"product","link":"https:\/\/www.linneelektronik.com\/no\/butik\/samsung-galaxy-watch-ultra-47mm-2025-vit-titanium-white-l705\/","title":{"rendered":"Samsung Galaxy Watch Ultra 47mm 64GB LTE (2025) &#8211; Hvit (Titanium Hvit) L705"},"content":{"rendered":"<h2>Samsung Galaxy Watch Ultra 47mm \u2013 bygget for uendelige dager<\/h2>\n<p><b>Premium titandesign<\/b><\/p>\n<p>Et solid og lett titandeksel med safirkrystall gir en eksklusiv f\u00f8lelse og holdbarhet for hvert eventyr.<\/p>\n<p><b>Crisp AMOLED \u2013 alltid lett \u00e5 lese<\/b><\/p>\n<p>1,5&#8243; AMOLED med h\u00f8y klarhet (480 \u00d7 480) og alltid-p\u00e5-modus gj\u00f8r statistikk, kart og varsler klare i alle lys.<\/p>\n<p><b>Helse- og treningsniv\u00e5 p\u00e5 proffniv\u00e5<\/b><\/p>\n<p>EKG, blodtrykk, SpO2, temperatur-, s\u00f8vn- og stressm\u00e5linger, samt avansert pulsm\u00e5ling hjelper deg \u00e5 forst\u00e5 kroppen din i dybden.<\/p>\n<p><b>Presisjon med flere satellittsystemer<\/b><\/p>\n<p>GPS med st\u00f8tte for BeiDou, Galileo, GLONASS og QZSS gir rask posisjonering og n\u00f8yaktig ruting \u2013 selv i utfordrende milj\u00f8er.<\/p>\n<p><b>Alltid tilkoblet<\/b><\/p>\n<p>eSIM med 4G (LTE), Wi-Fi, Bluetooth 5.3 og NFC holder deg tilgjengelig, betaler jevnt og synkroniserer s\u00f8ml\u00f8st med telefonen din.<\/p>\n<p><b>T\u00e5ler v\u00e6r og hverdagsliv<\/b><\/p>\n<p>IP68-klassifisering og holdbar konstruksjon \u2013 klar for regn, treningsstudio, sti og alt imellom.<\/p>\n<p><b>Sterk batterilevetid<\/b><\/p>\n<p>Opptil 60 timer i aktiv bruk og opptil 96 timer i standby \u2013 lader raskt n\u00e5r du m\u00e5 g\u00e5 videre.<\/p>\n<p><b>Hvorfor Galaxy Watch Ultra<\/b><\/p>\n<p>Kraft, presisjon og f\u00f8rsteklasses komfort i en smartklokke som l\u00f8fter din trening, helse og hverdag \u2013 hver dag.<\/p>\n","protected":false},"excerpt":{"rendered":"<p>Samsung Galaxy Watch Ultra 47 mm \u2013 designet for grensel\u00f8se dager<\/p>\n","protected":false},"featured_media":26846,"comment_status":"open","ping_status":"closed","template":"","meta":{"_uag_custom_page_level_css":""},"product_brand":[1161],"product_cat":[6364,6379,6264,839],"product_tag":[],"woo-feed-brand":[],"class_list":{"0":"post-26844","1":"product","2":"type-product","3":"status-publish","4":"has-post-thumbnail","6":"product_brand-samsung","7":"product_cat-galaxy-watch-no","8":"product_cat-galaxy-watch-ultra-no","9":"product_cat-samsung-no","10":"product_cat-smartwatches","11":"product_shipping_class-shipping-class-01","13":"first","14":"instock","15":"taxable","16":"shipping-taxable","17":"purchasable","18":"product-type-simple"},"aioseo_notices":[],"uagb_featured_image_src":{"full":["https:\/\/www.linneelektronik.com\/wp-content\/uploads\/2025\/10\/9-2-1.png",800,800,false],"thumbnail":["https:\/\/www.linneelektronik.com\/wp-content\/uploads\/2025\/10\/9-2-1-150x150.png",150,150,true],"medium":["https:\/\/www.linneelektronik.com\/wp-content\/uploads\/2025\/10\/9-2-1-300x300.png",300,300,true],"medium_large":["https:\/\/www.linneelektronik.com\/wp-content\/uploads\/2025\/10\/9-2-1-768x768.png",768,768,true],"large":["https:\/\/www.linneelektronik.com\/wp-content\/uploads\/2025\/10\/9-2-1.png",800,800,false],"1536x1536":["https:\/\/www.linneelektronik.com\/wp-content\/uploads\/2025\/10\/9-2-1.png",800,800,false],"2048x2048":["https:\/\/www.linneelektronik.com\/wp-content\/uploads\/2025\/10\/9-2-1.png",800,800,false],"woocommerce_thumbnail":["https:\/\/www.linneelektronik.com\/wp-content\/uploads\/2025\/10\/9-2-1-247x247.png",247,247,true],"woocommerce_single":["https:\/\/www.linneelektronik.com\/wp-content\/uploads\/2025\/10\/9-2-1-510x510.png",510,510,true],"woocommerce_gallery_thumbnail":["https:\/\/www.linneelektronik.com\/wp-content\/uploads\/2025\/10\/9-2-1-100x100.png",100,100,true]},"uagb_author_info":{"display_name":"Admin","author_link":"https:\/\/www.linneelektronik.com\/no\/author\/"},"uagb_comment_info":0,"uagb_excerpt":"Samsung Galaxy Watch Ultra 47 mm \u2013 designet for grensel\u00f8se dager","jetpack_sharing_enabled":true,"_links":{"self":[{"href":"https:\/\/www.linneelektronik.com\/no\/wp-json\/wp\/v2\/product\/26844","targetHints":{"allow":["GET"]}}],"collection":[{"href":"https:\/\/www.linneelektronik.com\/no\/wp-json\/wp\/v2\/product"}],"about":[{"href":"https:\/\/www.linneelektronik.com\/no\/wp-json\/wp\/v2\/types\/product"}],"replies":[{"embeddable":true,"href":"https:\/\/www.linneelektronik.com\/no\/wp-json\/wp\/v2\/comments?post=26844"}],"wp:featuredmedia":[{"embeddable":true,"href":"https:\/\/www.linneelektronik.com\/no\/wp-json\/wp\/v2\/media\/26846"}],"wp:attachment":[{"href":"https:\/\/www.linneelektronik.com\/no\/wp-json\/wp\/v2\/media?parent=26844"}],"wp:term":[{"taxonomy":"product_brand","embeddable":true,"href":"https:\/\/www.linneelektronik.com\/no\/wp-json\/wp\/v2\/product_brand?post=26844"},{"taxonomy":"product_cat","embeddable":true,"href":"https:\/\/www.linneelektronik.com\/no\/wp-json\/wp\/v2\/product_cat?post=26844"},{"taxonomy":"product_tag","embeddable":true,"href":"https:\/\/www.linneelektronik.com\/no\/wp-json\/wp\/v2\/product_tag?post=26844"},{"taxonomy":"woo-feed-brand","embeddable":true,"href":"https:\/\/www.linneelektronik.com\/no\/wp-json\/wp\/v2\/woo-feed-brand?post=26844"}],"curies":[{"name":"wp","href":"https:\/\/api.w.org\/{rel}","templated":true}]}}