{"id":26854,"date":"2025-08-08T06:01:16","date_gmt":"2025-08-08T04:01:16","guid":{"rendered":"https:\/\/www.linneelektronik.com\/butik\/samsung-galaxy-watch-6-classic-47mm-silver-silver-r960\/"},"modified":"2026-03-22T13:27:41","modified_gmt":"2026-03-22T12:27:41","slug":"samsung-galaxy-watch-6-classic-47mm-silver-silver-r960","status":"publish","type":"product","link":"https:\/\/www.linneelektronik.com\/no\/butik\/samsung-galaxy-watch-6-classic-47mm-silver-silver-r960\/","title":{"rendered":"SAMSUNG GALAXY WATCH 6 CLASSIC 47MM &#8211; S\u00f8lv (S\u00f8lv) R960"},"content":{"rendered":"<h2 data-start=\"168\" data-end=\"249\"><strong data-start=\"171\" data-end=\"249\">Samsung Galaxy Watch 6 Classic 47mm \u2013 tidl\u00f8st design m\u00f8ter avansert teknologi<\/strong><\/h2>\n<p data-start=\"251\" data-end=\"527\"><strong data-start=\"251\" data-end=\"290\">Samsung Galaxy Watch 6 Classic 47mm<\/strong> kombinerer et klassisk premium-utseende med kraftige smartklokkefunksjoner. Den store <strong data-start=\"374\" data-end=\"402\">1,47-tommers AMOLED-skjermen<\/strong> med <strong data-start=\"407\" data-end=\"429\">oppl\u00f8sning p\u00e5 480\u00d7480<\/strong> gir knivskarpe bilder, dype svarttoner og en Always-On-skjerm for rask informasjon rett ved fingertuppene. <\/p>\n<p data-start=\"529\" data-end=\"864\">Det solide <strong data-start=\"551\" data-end=\"569\">rustfrie st\u00e5ldekselet<\/strong> kombinert med slitesterk <strong data-start=\"593\" data-end=\"606\">safirkrystall<\/strong> gir en luksuri\u00f8s og holdbar konstruksjon. Klokken tilbyr omfattende helsem\u00e5linger som <strong data-start=\"693\" data-end=\"700\">EKG,<\/strong> <strong data-start=\"702\" data-end=\"715\">blodtrykk<\/strong>, <strong data-start=\"717\" data-end=\"729\">oksygenmetning<\/strong>, <strong data-start=\"731\" data-end=\"745\">s\u00f8vnanalyse<\/strong>, <strong data-start=\"747\" data-end=\"764\">stressm\u00e5ling<\/strong>, aktivitetsm\u00e5ling og en innebygd pulsm\u00e5ler \u2013 perfekt for dem som \u00f8nsker \u00e5 holde oversikt over helsen sin. <\/p>\n<p data-start=\"866\" data-end=\"1117\">Med <strong data-start=\"870\" data-end=\"887\">Bluetooth 5.3<\/strong>, <strong data-start=\"889\" data-end=\"898\">Wi-Fi<\/strong>, <strong data-start=\"900\" data-end=\"907\">NFC,<\/strong> innebygd mikrofon og h\u00f8yttaler, samt st\u00f8tte for <strong data-start=\"953\" data-end=\"971\">GPS-navigasjon<\/strong>, er Galaxy Watch 6 Classic klar for alt fra trening til hverdagsliv. Det kraftige <strong data-start=\"1054\" data-end=\"1075\">425 mAh-batteriet<\/strong> gir opptil <strong data-start=\"1089\" data-end=\"1114\">40 timers bruk<\/strong>. <\/p>\n<hr data-start=\"1119\" data-end=\"1122\">\n<h3 data-start=\"1124\" data-end=\"1147\"><strong data-start=\"1128\" data-end=\"1147\">Spesifikasjoner<\/strong><\/h3>\n<ul data-start=\"1148\" data-end=\"1764\">\n<li data-start=\"1148\" data-end=\"1184\">\n<p data-start=\"1150\" data-end=\"1184\"><strong data-start=\"1150\" data-end=\"1160\">Skjerm:<\/strong> 1,47&#8243; AMOLED, 480\u00d7480<\/p>\n<\/li>\n<li data-start=\"1185\" data-end=\"1228\">\n<p data-start=\"1187\" data-end=\"1228\"><strong data-start=\"1187\" data-end=\"1200\">Materiale:<\/strong> Rustfritt st\u00e5l, safirkrystall<\/p>\n<\/li>\n<li data-start=\"1229\" data-end=\"1287\">\n<p data-start=\"1231\" data-end=\"1287\"><strong data-start=\"1231\" data-end=\"1243\">Armb\u00e5nd:<\/strong> Flere fargevalg (avhengig av modell)<\/p>\n<\/li>\n<li data-start=\"1288\" data-end=\"1331\">\n<p data-start=\"1290\" data-end=\"1331\"><strong data-start=\"1290\" data-end=\"1303\">Tr\u00e5dl\u00f8st:<\/strong> Bluetooth 5.3, Wi-Fi, NFC<\/p>\n<\/li>\n<li data-start=\"1332\" data-end=\"1381\">\n<p data-start=\"1334\" data-end=\"1381\"><strong data-start=\"1334\" data-end=\"1349\">Navigasjon:<\/strong> GPS, Galileo, GLONASS, BeiDou<\/p>\n<\/li>\n<li data-start=\"1382\" data-end=\"1446\">\n<p data-start=\"1384\" data-end=\"1446\"><strong data-start=\"1384\" data-end=\"1394\">Helse:<\/strong> EKG, blodtrykk, oksygenmetning, s\u00f8vn, stress, aktivitet<\/p>\n<\/li>\n<li data-start=\"1447\" data-end=\"1558\">\n<p data-start=\"1449\" data-end=\"1558\"><strong data-start=\"1449\" data-end=\"1464\">Funksjoner:<\/strong> Tr\u00e5dl\u00f8s lading, mikrofon, h\u00f8yttalere, Alltid-p\u00e5-skjerm, barometer, kompass, hybridbevegelse<\/p>\n<\/li>\n<li data-start=\"1559\" data-end=\"1592\">\n<p data-start=\"1561\" data-end=\"1592\"><strong data-start=\"1561\" data-end=\"1577\">Lagring\/RAM:<\/strong> 16 GB \/ 2 GB<\/p>\n<\/li>\n<li data-start=\"1593\" data-end=\"1639\">\n<p data-start=\"1595\" data-end=\"1639\"><strong data-start=\"1595\" data-end=\"1607\">Batteri:<\/strong> 425 mAh \u2013 opptil 40 timers drift<\/p>\n<\/li>\n<li data-start=\"1640\" data-end=\"1658\">\n<p data-start=\"1642\" data-end=\"1658\"><strong data-start=\"1642\" data-end=\"1651\">Vekt:<\/strong> 59 g<\/p>\n<\/li>\n<li data-start=\"1659\" data-end=\"1684\">\n<p data-start=\"1661\" data-end=\"1684\"><strong data-start=\"1661\" data-end=\"1674\">Tykkelse:<\/strong> 10,9 mm<\/p>\n<\/li>\n<li data-start=\"1685\" data-end=\"1707\">\n<p data-start=\"1687\" data-end=\"1707\"><strong data-start=\"1687\" data-end=\"1700\">IP-klasse:<\/strong> IP68<\/p>\n<\/li>\n<li data-start=\"1708\" data-end=\"1734\">\n<p data-start=\"1710\" data-end=\"1734\"><strong data-start=\"1710\" data-end=\"1727\">Lanserings\u00e5r:<\/strong> 2023<\/p>\n<\/li>\n<\/ul>\n","protected":false},"excerpt":{"rendered":"<p><strong>Samsung Galaxy Watch 6 Classic 47mm<\/strong> kombinerer klassisk premiumdesign med avansert smartklokketeknologi. Perfekt for deg som \u00f8nsker en robust og stilig klokke med omfattende helse- og treningsfunksjoner.<\/p>\n","protected":false},"featured_media":26856,"comment_status":"open","ping_status":"closed","template":"","meta":{"_uag_custom_page_level_css":""},"product_brand":[1161],"product_cat":[839],"product_tag":[],"woo-feed-brand":[],"class_list":{"0":"post-26854","1":"product","2":"type-product","3":"status-publish","4":"has-post-thumbnail","6":"product_brand-samsung","7":"product_cat-smartwatches","8":"product_shipping_class-shipping-class-01","10":"first","11":"instock","12":"taxable","13":"shipping-taxable","14":"purchasable","15":"product-type-simple"},"aioseo_notices":[],"uagb_featured_image_src":{"full":["https:\/\/www.linneelektronik.com\/wp-content\/uploads\/2025\/10\/11623538-1.jpg",502,526,false],"thumbnail":["https:\/\/www.linneelektronik.com\/wp-content\/uploads\/2025\/10\/11623538-1-150x150.jpg",150,150,true],"medium":["https:\/\/www.linneelektronik.com\/wp-content\/uploads\/2025\/10\/11623538-1-286x300.jpg",286,300,true],"medium_large":["https:\/\/www.linneelektronik.com\/wp-content\/uploads\/2025\/10\/11623538-1.jpg",502,526,false],"large":["https:\/\/www.linneelektronik.com\/wp-content\/uploads\/2025\/10\/11623538-1.jpg",502,526,false],"1536x1536":["https:\/\/www.linneelektronik.com\/wp-content\/uploads\/2025\/10\/11623538-1.jpg",502,526,false],"2048x2048":["https:\/\/www.linneelektronik.com\/wp-content\/uploads\/2025\/10\/11623538-1.jpg",502,526,false],"woocommerce_thumbnail":["https:\/\/www.linneelektronik.com\/wp-content\/uploads\/2025\/10\/11623538-1-247x259.jpg",247,259,true],"woocommerce_single":["https:\/\/www.linneelektronik.com\/wp-content\/uploads\/2025\/10\/11623538-1.jpg",502,526,false],"woocommerce_gallery_thumbnail":["https:\/\/www.linneelektronik.com\/wp-content\/uploads\/2025\/10\/11623538-1-100x100.jpg",100,100,true]},"uagb_author_info":{"display_name":"Admin","author_link":"https:\/\/www.linneelektronik.com\/no\/author\/"},"uagb_comment_info":0,"uagb_excerpt":"Samsung Galaxy Watch 6 Classic 47mm kombinerer klassisk premiumdesign med avansert smartklokketeknologi. Perfekt for deg som \u00f8nsker en robust og stilig klokke med omfattende helse- og treningsfunksjoner.","jetpack_sharing_enabled":true,"_links":{"self":[{"href":"https:\/\/www.linneelektronik.com\/no\/wp-json\/wp\/v2\/product\/26854","targetHints":{"allow":["GET"]}}],"collection":[{"href":"https:\/\/www.linneelektronik.com\/no\/wp-json\/wp\/v2\/product"}],"about":[{"href":"https:\/\/www.linneelektronik.com\/no\/wp-json\/wp\/v2\/types\/product"}],"replies":[{"embeddable":true,"href":"https:\/\/www.linneelektronik.com\/no\/wp-json\/wp\/v2\/comments?post=26854"}],"wp:featuredmedia":[{"embeddable":true,"href":"https:\/\/www.linneelektronik.com\/no\/wp-json\/wp\/v2\/media\/26856"}],"wp:attachment":[{"href":"https:\/\/www.linneelektronik.com\/no\/wp-json\/wp\/v2\/media?parent=26854"}],"wp:term":[{"taxonomy":"product_brand","embeddable":true,"href":"https:\/\/www.linneelektronik.com\/no\/wp-json\/wp\/v2\/product_brand?post=26854"},{"taxonomy":"product_cat","embeddable":true,"href":"https:\/\/www.linneelektronik.com\/no\/wp-json\/wp\/v2\/product_cat?post=26854"},{"taxonomy":"product_tag","embeddable":true,"href":"https:\/\/www.linneelektronik.com\/no\/wp-json\/wp\/v2\/product_tag?post=26854"},{"taxonomy":"woo-feed-brand","embeddable":true,"href":"https:\/\/www.linneelektronik.com\/no\/wp-json\/wp\/v2\/woo-feed-brand?post=26854"}],"curies":[{"name":"wp","href":"https:\/\/api.w.org\/{rel}","templated":true}]}}