{"id":26891,"date":"2025-08-03T01:46:27","date_gmt":"2025-08-02T23:46:27","guid":{"rendered":"https:\/\/www.linneelektronik.com\/butik\/samsung-galaxy-watch-ultra-47mm-2025-bla-blue\/"},"modified":"2026-03-22T13:22:38","modified_gmt":"2026-03-22T12:22:38","slug":"samsung-galaxy-watch-ultra-47mm-2025-bla-blue","status":"publish","type":"product","link":"https:\/\/www.linneelektronik.com\/no\/butik\/samsung-galaxy-watch-ultra-47mm-2025-bla-blue\/","title":{"rendered":"Samsung Galaxy Watch Ultra 47mm 64GB LTE (2025) &#8211; Bl\u00e5 (Titaniumbl\u00e5) L705"},"content":{"rendered":"<h2>Samsung Galaxy Watch Ultra 47mm \u2013 bygget for uendelige dager<\/h2>\n<p><b>Premium titandesign<\/b><\/p>\n<p>Et solid og lett titandeksel med safirkrystall gir en eksklusiv f\u00f8lelse og holdbarhet for hvert eventyr.<\/p>\n<p><b>Crisp AMOLED \u2013 alltid lett \u00e5 lese<\/b><\/p>\n<p>1,5&#8243; AMOLED med h\u00f8y klarhet (480 \u00d7 480) og alltid-p\u00e5-modus gj\u00f8r statistikk, kart og varsler klare i alle lys.<\/p>\n<p><b>Helse- og treningsniv\u00e5 p\u00e5 proffniv\u00e5<\/b><\/p>\n<p>EKG, blodtrykk, SpO2, temperatur-, s\u00f8vn- og stressm\u00e5linger, samt avansert pulsm\u00e5ling hjelper deg \u00e5 forst\u00e5 kroppen din i dybden.<\/p>\n<p><b>Presisjon med flere satellittsystemer<\/b><\/p>\n<p>GPS med st\u00f8tte for BeiDou, Galileo, GLONASS og QZSS gir rask posisjonering og n\u00f8yaktig ruting \u2013 selv i utfordrende milj\u00f8er.<\/p>\n<p><b>Alltid tilkoblet<\/b><\/p>\n<p>eSIM med 4G (LTE), Wi-Fi, Bluetooth 5.3 og NFC holder deg tilgjengelig, betaler jevnt og synkroniserer s\u00f8ml\u00f8st med telefonen din.<\/p>\n<p><b>T\u00e5ler v\u00e6r og hverdagsliv<\/b><\/p>\n<p>IP68-klassifisering og holdbar konstruksjon \u2013 klar for regn, treningsstudio, sti og alt imellom.<\/p>\n<p><b>Sterk batterilevetid<\/b><\/p>\n<p>Opptil 60 timer i aktiv bruk og opptil 96 timer i standby \u2013 lader raskt n\u00e5r du m\u00e5 g\u00e5 videre.<\/p>\n<p><b>Hvorfor Galaxy Watch Ultra<\/b><\/p>\n<p>Kraft, presisjon og f\u00f8rsteklasses komfort i en smartklokke som l\u00f8fter din trening, helse og hverdag \u2013 hver dag.<\/p>\n<p><strong>Importmodell<\/strong> \u2013 manuell og emballasje kan avvike fra nordisk versjon, men produktet har samme funksjoner og ytelse<\/p>\n","protected":false},"excerpt":{"rendered":"<p>Samsung Galaxy Watch Ultra 47mm \u2013 bygget for uendelige dager Premium titandesign Et solid og lett titandeksel med safirkrystall gir en eksklusiv f\u00f8lelse og holdbarhet for hvert eventyr. Crisp AMOLED \u2013 alltid lett \u00e5 lese 1,5&#8243; AMOLED med h\u00f8y klarhet (480 \u00d7 480) og alltid-p\u00e5-modus gj\u00f8r statistikk, kart og varsler klare i alle lys. Helse- [&#8230;]\n","protected":false},"featured_media":30826,"comment_status":"open","ping_status":"closed","template":"","meta":{"_uag_custom_page_level_css":""},"product_brand":[1161],"product_cat":[6364,6379,6264,839],"product_tag":[],"woo-feed-brand":[],"class_list":{"0":"post-26891","1":"product","2":"type-product","3":"status-publish","4":"has-post-thumbnail","6":"product_brand-samsung","7":"product_cat-galaxy-watch-no","8":"product_cat-galaxy-watch-ultra-no","9":"product_cat-samsung-no","10":"product_cat-smartwatches","11":"product_shipping_class-shipping-class-01","13":"first","14":"outofstock","15":"taxable","16":"shipping-taxable","17":"purchasable","18":"product-type-simple"},"aioseo_notices":[],"uagb_featured_image_src":{"full":["https:\/\/www.linneelektronik.com\/wp-content\/uploads\/dv_web_D18000135112533.webp",947,1093,false],"thumbnail":["https:\/\/www.linneelektronik.com\/wp-content\/uploads\/dv_web_D18000135112533-150x180.webp",150,180,true],"medium":["https:\/\/www.linneelektronik.com\/wp-content\/uploads\/dv_web_D18000135112533-300x346.webp",300,346,true],"medium_large":["https:\/\/www.linneelektronik.com\/wp-content\/uploads\/dv_web_D18000135112533-768x886.webp",768,886,true],"large":["https:\/\/www.linneelektronik.com\/wp-content\/uploads\/dv_web_D18000135112533.webp",947,1093,false],"1536x1536":["https:\/\/www.linneelektronik.com\/wp-content\/uploads\/dv_web_D18000135112533.webp",947,1093,false],"2048x2048":["https:\/\/www.linneelektronik.com\/wp-content\/uploads\/dv_web_D18000135112533.webp",947,1093,false],"woocommerce_thumbnail":["https:\/\/www.linneelektronik.com\/wp-content\/uploads\/dv_web_D18000135112533-247x285.webp",247,285,true],"woocommerce_single":["https:\/\/www.linneelektronik.com\/wp-content\/uploads\/dv_web_D18000135112533-510x589.webp",510,589,true],"woocommerce_gallery_thumbnail":["https:\/\/www.linneelektronik.com\/wp-content\/uploads\/dv_web_D18000135112533-100x100.webp",100,100,true]},"uagb_author_info":{"display_name":"Admin","author_link":"https:\/\/www.linneelektronik.com\/no\/author\/"},"uagb_comment_info":0,"uagb_excerpt":"Samsung Galaxy Watch Ultra 47mm \u2013 bygget for uendelige dager Premium titandesign Et solid og lett titandeksel med safirkrystall gir en eksklusiv f\u00f8lelse og holdbarhet for hvert eventyr. Crisp AMOLED \u2013 alltid lett \u00e5 lese 1,5&#8243; AMOLED med h\u00f8y klarhet (480 \u00d7 480) og alltid-p\u00e5-modus gj\u00f8r statistikk, kart og varsler klare i alle lys. Helse-&hellip;","jetpack_sharing_enabled":true,"_links":{"self":[{"href":"https:\/\/www.linneelektronik.com\/no\/wp-json\/wp\/v2\/product\/26891","targetHints":{"allow":["GET"]}}],"collection":[{"href":"https:\/\/www.linneelektronik.com\/no\/wp-json\/wp\/v2\/product"}],"about":[{"href":"https:\/\/www.linneelektronik.com\/no\/wp-json\/wp\/v2\/types\/product"}],"replies":[{"embeddable":true,"href":"https:\/\/www.linneelektronik.com\/no\/wp-json\/wp\/v2\/comments?post=26891"}],"wp:featuredmedia":[{"embeddable":true,"href":"https:\/\/www.linneelektronik.com\/no\/wp-json\/wp\/v2\/media\/30826"}],"wp:attachment":[{"href":"https:\/\/www.linneelektronik.com\/no\/wp-json\/wp\/v2\/media?parent=26891"}],"wp:term":[{"taxonomy":"product_brand","embeddable":true,"href":"https:\/\/www.linneelektronik.com\/no\/wp-json\/wp\/v2\/product_brand?post=26891"},{"taxonomy":"product_cat","embeddable":true,"href":"https:\/\/www.linneelektronik.com\/no\/wp-json\/wp\/v2\/product_cat?post=26891"},{"taxonomy":"product_tag","embeddable":true,"href":"https:\/\/www.linneelektronik.com\/no\/wp-json\/wp\/v2\/product_tag?post=26891"},{"taxonomy":"woo-feed-brand","embeddable":true,"href":"https:\/\/www.linneelektronik.com\/no\/wp-json\/wp\/v2\/woo-feed-brand?post=26891"}],"curies":[{"name":"wp","href":"https:\/\/api.w.org\/{rel}","templated":true}]}}