{"id":27045,"date":"2025-10-26T16:53:50","date_gmt":"2025-10-26T15:53:50","guid":{"rendered":"https:\/\/www.linneelektronik.com\/butik\/apple-ipad-pro-m5-11-2025-wi-fi-cellular-1tb-silver-silver-me2v4\/"},"modified":"2026-01-27T11:44:36","modified_gmt":"2026-01-27T10:44:36","slug":"apple-ipad-pro-m5-11-2025-wi-fi-cellular-1tb-silver-silver-me2v4","status":"publish","type":"product","link":"https:\/\/www.linneelektronik.com\/no\/butik\/apple-ipad-pro-m5-11-2025-wi-fi-cellular-1tb-silver-silver-me2v4\/","title":{"rendered":"Apple iPad Pro M5 11&#8243; 2025 Wi-Fi + Cellular 1TB &#8211; S\u00f8lv (S\u00f8lv)"},"content":{"rendered":"<h2><strong>iPad Pro (M5)<\/strong><\/h2>\n<p>Kraftfull nettbrett for arbeid og kreativitet \u2013 rask respons, profesjonelle apper og en fantastisk skjerm. Passer b\u00e5de til studier, reiser og krevende arbeidsflyter.<\/p>\n<ul>\n<li><strong>Ytelse og lagring:<\/strong> M5-brikken gir neste generasjons hastighet og AI p\u00e5 enheten for alt fra redigering til multitasking.<\/li>\n<li><strong>iPadOS:<\/strong> Kj\u00f8r profesjonelle apper og arbeid s\u00f8ml\u00f8st i iPadOS 26 med Liquid Glass-design og fleksible vinduer som gj\u00f8r det enkelt \u00e5 organisere arbeidsflyter.<\/li>\n<li><strong>Apple Intelligence:<\/strong> Personlig intelligenssystem som hjelper deg \u00e5 skrive, oppsummere og f\u00e5 ting gjort \u2013 med sterk personvern.<\/li>\n<li><strong>Ultra Retina XDR-skjerm:<\/strong> Ekstrem lysstyrke og n\u00f8yaktig kontrast med ProMotion (opptil 120 Hz), P3-fargeskala og True Tone for naturlige farger.<\/li>\n<li><strong>Kameraer og lyd:<\/strong> 12 MP frontkamera i liggende modus med Center Stage samt 12 MP vidvinkel bak med adaptiv True Tone-blits. Fire mikrofoner i studioklasse og lyd med fire h\u00f8yttalere.<\/li>\n<li><strong>Face ID:<\/strong> L\u00e5s opp, godkjenn kj\u00f8p og logg inn i apper sikkert \u2013 med bare et blikk.<\/li>\n<\/ul>\n<p><strong>Velg modellen som passer deg:<\/strong><br \/>Lagring opptil 2 TB, Wi-Fi eller Wi-Fi + Cellular (5G) og flere fargevalg avhengig av modell.<\/p>\n","protected":false},"excerpt":{"rendered":"<p>Lader selges separat<\/p>\n","protected":false},"featured_media":27032,"comment_status":"open","ping_status":"closed","template":"","meta":{"_uag_custom_page_level_css":""},"product_brand":[1157],"product_cat":[852],"product_tag":[],"woo-feed-brand":[],"class_list":{"0":"post-27045","1":"product","2":"type-product","3":"status-publish","4":"has-post-thumbnail","6":"product_brand-apple","7":"product_cat-nettbrett","8":"product_shipping_class-shipping-class-01","10":"first","11":"outofstock","12":"taxable","13":"shipping-taxable","14":"purchasable","15":"product-type-simple"},"aioseo_notices":[],"uagb_featured_image_src":{"full":["https:\/\/www.linneelektronik.com\/wp-content\/uploads\/2025\/10\/Silver-4031501_2-scaled-2.jpg",2560,2560,false],"thumbnail":["https:\/\/www.linneelektronik.com\/wp-content\/uploads\/2025\/10\/Silver-4031501_2-scaled-2-150x150.jpg",150,150,true],"medium":["https:\/\/www.linneelektronik.com\/wp-content\/uploads\/2025\/10\/Silver-4031501_2-scaled-2-300x300.jpg",300,300,true],"medium_large":["https:\/\/www.linneelektronik.com\/wp-content\/uploads\/2025\/10\/Silver-4031501_2-scaled-2-768x768.jpg",768,768,true],"large":["https:\/\/www.linneelektronik.com\/wp-content\/uploads\/2025\/10\/Silver-4031501_2-scaled-2-1024x1024.jpg",1020,1020,true],"1536x1536":["https:\/\/www.linneelektronik.com\/wp-content\/uploads\/2025\/10\/Silver-4031501_2-scaled-2-1536x1536.jpg",1536,1536,true],"2048x2048":["https:\/\/www.linneelektronik.com\/wp-content\/uploads\/2025\/10\/Silver-4031501_2-scaled-2-2048x2048.jpg",2048,2048,true],"woocommerce_thumbnail":["https:\/\/www.linneelektronik.com\/wp-content\/uploads\/2025\/10\/Silver-4031501_2-scaled-2-247x247.jpg",247,247,true],"woocommerce_single":["https:\/\/www.linneelektronik.com\/wp-content\/uploads\/2025\/10\/Silver-4031501_2-scaled-2-510x510.jpg",510,510,true],"woocommerce_gallery_thumbnail":["https:\/\/www.linneelektronik.com\/wp-content\/uploads\/2025\/10\/Silver-4031501_2-scaled-2-100x100.jpg",100,100,true]},"uagb_author_info":{"display_name":"Admin","author_link":"https:\/\/www.linneelektronik.com\/no\/author\/"},"uagb_comment_info":0,"uagb_excerpt":"Lader selges separat","jetpack_sharing_enabled":true,"_links":{"self":[{"href":"https:\/\/www.linneelektronik.com\/no\/wp-json\/wp\/v2\/product\/27045","targetHints":{"allow":["GET"]}}],"collection":[{"href":"https:\/\/www.linneelektronik.com\/no\/wp-json\/wp\/v2\/product"}],"about":[{"href":"https:\/\/www.linneelektronik.com\/no\/wp-json\/wp\/v2\/types\/product"}],"replies":[{"embeddable":true,"href":"https:\/\/www.linneelektronik.com\/no\/wp-json\/wp\/v2\/comments?post=27045"}],"wp:featuredmedia":[{"embeddable":true,"href":"https:\/\/www.linneelektronik.com\/no\/wp-json\/wp\/v2\/media\/27032"}],"wp:attachment":[{"href":"https:\/\/www.linneelektronik.com\/no\/wp-json\/wp\/v2\/media?parent=27045"}],"wp:term":[{"taxonomy":"product_brand","embeddable":true,"href":"https:\/\/www.linneelektronik.com\/no\/wp-json\/wp\/v2\/product_brand?post=27045"},{"taxonomy":"product_cat","embeddable":true,"href":"https:\/\/www.linneelektronik.com\/no\/wp-json\/wp\/v2\/product_cat?post=27045"},{"taxonomy":"product_tag","embeddable":true,"href":"https:\/\/www.linneelektronik.com\/no\/wp-json\/wp\/v2\/product_tag?post=27045"},{"taxonomy":"woo-feed-brand","embeddable":true,"href":"https:\/\/www.linneelektronik.com\/no\/wp-json\/wp\/v2\/woo-feed-brand?post=27045"}],"curies":[{"name":"wp","href":"https:\/\/api.w.org\/{rel}","templated":true}]}}