{"id":30608,"date":"2025-06-26T16:11:43","date_gmt":"2025-06-26T14:11:43","guid":{"rendered":"https:\/\/www.linneelektronik.com\/butik\/samsung-galaxy-s25-ultra-256gb-titanium-black\/"},"modified":"2026-04-01T23:26:03","modified_gmt":"2026-04-01T21:26:03","slug":"samsung-galaxy-s25-ultra-256gb-titanium-black","status":"publish","type":"product","link":"https:\/\/www.linneelektronik.com\/no\/butik\/samsung-galaxy-s25-ultra-256gb-titanium-black\/","title":{"rendered":"Samsung Galaxy S25 Ultra 12+256GB &#8211; Svart (Titanium Black) S938"},"content":{"rendered":"<h2>Samsung Galaxy S25 Ultra<\/h2>\n<p><b>Effektiv og intuitiv bruk<\/b><\/p>\n<p>Cross App Action gj\u00f8r multitasking enklere enn noen gang \u2013 hold inne sideknappen og snakk med Google Gemini for \u00e5 sende meldinger, \u00e5pne apper eller s\u00f8ke informasjon uten \u00e5 bytte app. Now Brief gir personlige daglige oversikter: morgendagens plan med Energy Score og p\u00e5minnelser, samt kvelden oppsummering. Du holder deg organisert og ett skritt foran.<\/p>\n<p><b>Innovative s\u00f8ke- og lydfunksjoner<\/b><\/p>\n<p>Circle to Search lar deg ringe inn tekst, bilder eller det du h\u00f8rer direkte p\u00e5 skjermen og f\u00e5 resultater uten \u00e5 bytte app \u2013 perfekt sammen med S Pen. Audio Eraser reduserer bakgrunnsst\u00f8y i video og finjusterer lyden med Galaxy AI for tydelige stemmer og renere opptak.<\/p>\n<p><b>Banebrytende kamera og video<\/b><\/p>\n<p>200 MP vidvinkel + 12 MP ultravidvinkel og to teleobjektiver med opptil 10\u00d7 optisk zoom fanger skarphet i hver detalj. Nightography gir klarhet i svakt lys, mens 10-bit HDR og Object-aware Engine optimaliserer farge og portretter. AI-drevet Auto Trim hjelper deg \u00e5 lage profesjonelle klipp p\u00e5 sekunder.<\/p>\n<p><b>Kraftfull ytelse og batteri<\/b><\/p>\n<p>Spesialtilpasset prosessor med ca. 37 % raskere CPU, 30 % kraftigere grafikk og 40 % bedre AI-ytelse for tunge apper og avansert multitasking. mDNIe og programvareoptimalisering forbedrer batteritiden \u2013 str\u00f8mming av video opptil ca. 31 timer og bruk av mobilen hele dagen uten bekymring.<\/p>\n<p><b>Robust og elegant design<\/b><\/p>\n<p>Ultrast\u00f8 sterk titanramme og Corning Gorilla Armor 2-glass gir h\u00f8y slitestyrke. IP68-klassifisering for vann og st\u00f8v. Til tross for robusthet: et sofistikert, stilrent utseende for b\u00e5de jobb og fritid.<\/p>\n<p><b>I pakken<\/b><\/p>\n<p>Galaxy S25 Ultra<\/p>\n<p>USB-C til USB-C-kabel<\/p>\n<p>SIM-verkt\u00f8y<\/p>\n","protected":false},"excerpt":{"rendered":"<p><b>Effektiv og intuitiv bruk<\/b> med mulighet for multitasking og personlig tilpasning via Google Gemini og Now Brief.<\/p>\n<p><b>Innovative s\u00f8ke- og lydfunksjoner<\/b> som Circle to Search og Audio Eraser gir deg intuitive verkt\u00f8y for \u00e5 forbedre opplevelsen.<\/p>\n<p><b>Banebrytende kamera og video<\/b> med 200 MP vidvinkel, nattfotografering og AI-drevet videoautomatisering.<\/p>\n<p><b>Kraftfull ytelse og batteri<\/b> med raskere CPU og optimalisert batterilevetid for langvarig bruk.<\/p>\n<p><b>Robust og elegant design<\/b> med titanramme og IP68-sertifisering.<\/p>\n","protected":false},"featured_media":26251,"comment_status":"open","ping_status":"closed","template":"","meta":{"_uag_custom_page_level_css":""},"product_brand":[1161],"product_cat":[819],"product_tag":[],"woo-feed-brand":[],"class_list":{"0":"post-30608","1":"product","2":"type-product","3":"status-publish","4":"has-post-thumbnail","6":"product_brand-samsung","7":"product_cat-mobiltelefoner","8":"product_shipping_class-shipping-class-01","10":"first","11":"outofstock","12":"taxable","13":"shipping-taxable","14":"purchasable","15":"product-type-simple"},"aioseo_notices":[],"uagb_featured_image_src":{"full":["https:\/\/www.linneelektronik.com\/wp-content\/uploads\/2025\/10\/13866328-2-1.jpg",599,599,false],"thumbnail":["https:\/\/www.linneelektronik.com\/wp-content\/uploads\/2025\/10\/13866328-2-1-150x150.jpg",150,150,true],"medium":["https:\/\/www.linneelektronik.com\/wp-content\/uploads\/2025\/10\/13866328-2-1-300x300.jpg",300,300,true],"medium_large":["https:\/\/www.linneelektronik.com\/wp-content\/uploads\/2025\/10\/13866328-2-1.jpg",599,599,false],"large":["https:\/\/www.linneelektronik.com\/wp-content\/uploads\/2025\/10\/13866328-2-1.jpg",599,599,false],"1536x1536":["https:\/\/www.linneelektronik.com\/wp-content\/uploads\/2025\/10\/13866328-2-1.jpg",599,599,false],"2048x2048":["https:\/\/www.linneelektronik.com\/wp-content\/uploads\/2025\/10\/13866328-2-1.jpg",599,599,false],"woocommerce_thumbnail":["https:\/\/www.linneelektronik.com\/wp-content\/uploads\/2025\/10\/13866328-2-1-247x247.jpg",247,247,true],"woocommerce_single":["https:\/\/www.linneelektronik.com\/wp-content\/uploads\/2025\/10\/13866328-2-1-510x510.jpg",510,510,true],"woocommerce_gallery_thumbnail":["https:\/\/www.linneelektronik.com\/wp-content\/uploads\/2025\/10\/13866328-2-1-100x100.jpg",100,100,true]},"uagb_author_info":{"display_name":"Admin","author_link":"https:\/\/www.linneelektronik.com\/no\/author\/"},"uagb_comment_info":1,"uagb_excerpt":"Effektiv og intuitiv bruk med mulighet for multitasking og personlig tilpasning via Google Gemini og Now Brief.Innovative s\u00f8ke- og lydfunksjoner som Circle to Search og Audio Eraser gir deg intuitive verkt\u00f8y for \u00e5 forbedre opplevelsen.Banebrytende kamera og video med 200 MP vidvinkel, nattfotografering og AI-drevet videoautomatisering.Kraftfull ytelse og batteri med raskere CPU og optimalisert batterilevetid&hellip;","jetpack_sharing_enabled":true,"_links":{"self":[{"href":"https:\/\/www.linneelektronik.com\/no\/wp-json\/wp\/v2\/product\/30608","targetHints":{"allow":["GET"]}}],"collection":[{"href":"https:\/\/www.linneelektronik.com\/no\/wp-json\/wp\/v2\/product"}],"about":[{"href":"https:\/\/www.linneelektronik.com\/no\/wp-json\/wp\/v2\/types\/product"}],"replies":[{"embeddable":true,"href":"https:\/\/www.linneelektronik.com\/no\/wp-json\/wp\/v2\/comments?post=30608"}],"wp:featuredmedia":[{"embeddable":true,"href":"https:\/\/www.linneelektronik.com\/no\/wp-json\/wp\/v2\/media\/26251"}],"wp:attachment":[{"href":"https:\/\/www.linneelektronik.com\/no\/wp-json\/wp\/v2\/media?parent=30608"}],"wp:term":[{"taxonomy":"product_brand","embeddable":true,"href":"https:\/\/www.linneelektronik.com\/no\/wp-json\/wp\/v2\/product_brand?post=30608"},{"taxonomy":"product_cat","embeddable":true,"href":"https:\/\/www.linneelektronik.com\/no\/wp-json\/wp\/v2\/product_cat?post=30608"},{"taxonomy":"product_tag","embeddable":true,"href":"https:\/\/www.linneelektronik.com\/no\/wp-json\/wp\/v2\/product_tag?post=30608"},{"taxonomy":"woo-feed-brand","embeddable":true,"href":"https:\/\/www.linneelektronik.com\/no\/wp-json\/wp\/v2\/woo-feed-brand?post=30608"}],"curies":[{"name":"wp","href":"https:\/\/api.w.org\/{rel}","templated":true}]}}