{"id":36581,"date":"2025-06-26T16:11:57","date_gmt":"2025-06-26T14:11:57","guid":{"rendered":"https:\/\/www.linneelektronik.com\/butik\/samsung-galaxy-watch-ultra-47mm-lte-gra-apen-eske-l705\/"},"modified":"2026-03-24T14:36:30","modified_gmt":"2026-03-24T13:36:30","slug":"samsung-galaxy-watch-ultra-47mm-lte-gra-apen-eske-l705","status":"publish","type":"product","link":"https:\/\/www.linneelektronik.com\/no\/butik\/samsung-galaxy-watch-ultra-47mm-lte-gra-apen-eske-l705\/","title":{"rendered":"Samsung Galaxy Watch Ultra 47mm LTE &#8211; Gr\u00e5 &#8211; \u00c5pen Eske L705"},"content":{"rendered":"<p><strong>Merk: Emballasjen \u00e5pnet seg, men produktet er nytt.<\/strong><\/p>\n<p>Samsung Galaxy Watch \u2013 Din smarte f\u00f8lgesvenn for hverdagsliv og trening Samsung Galaxy Watch kombinerer elegant design med smart funksjonalitet for \u00e5 hjelpe deg \u00e5 holde tritt med b\u00e5de helse og hverdag. Enten du er p\u00e5 jobb, trener, eller bare vil holde bedre \u00f8ye med varslene dine, er Galaxy Watch det perfekte valget. Stilig design for enhver anledning Samsung Galaxy Watch er tilgjengelig i ulike st\u00f8rrelser og farger, med utskiftbare stropper som lar deg tilpasse stilen etter din smak.  <\/p>\n<p>Den runde AMOLED-skjermen er b\u00e5de lys og energieffektiv \u2013 perfekt for \u00e5 se informasjon under alle lysforhold. Med avanserte helsefunksjoner som pulsm\u00e5ling, s\u00f8vnsporing, stressmestring og SpO2-sporing, f\u00e5r du innsikt i din velv\u00e6re \u2013 d\u00f8gnet rundt. Den integrerte treningsm\u00e5leren oppdager automatisk aktivitetene dine og hjelper deg \u00e5 n\u00e5 m\u00e5lene dine, enten du l\u00f8per, sykler eller trener p\u00e5 treningssenteret.  <\/p>\n<p>Smarte funksjoner for et enklere liv Par Galaxy Watch med din Samsung Galaxy-telefon eller annen Android-enhet for \u00e5 f\u00e5 varsler, svare p\u00e5 anrop, kontrollere musikk og bruke apper \u2013 rett fra h\u00e5ndleddet. Med st\u00f8tte for Samsung Pay kan du til og med betale uten \u00e5 bruke lommeboken. Batterilevetid og holdbarhet Galaxy Watch er designet for \u00e5 t\u00e5le hverdagens p\u00e5kjenninger, med vann- og st\u00f8vbeskyttelse (IP68 og MIL-STD-810G).  <\/p>\n<p>Batteriet varer i flere dager avhengig av bruk og modell, s\u00e5 du kan fokusere p\u00e5 livet \u2013 ikke lading.<\/p>\n","protected":false},"excerpt":{"rendered":"<p>Merk: Emballasjen \u00e5pnet seg, men produktet er nytt. Samsung Galaxy Watch \u2013 Din smarte f\u00f8lgesvenn for hverdagsliv og trening Samsung Galaxy Watch kombinerer elegant design med smart funksjonalitet for \u00e5 hjelpe deg \u00e5 holde tritt med b\u00e5de helse og hverdag. Enten du er p\u00e5 jobb, trener, eller bare vil holde bedre \u00f8ye med varslene dine, [&#8230;]\n","protected":false},"featured_media":36583,"comment_status":"open","ping_status":"closed","template":"","meta":{"_uag_custom_page_level_css":""},"product_brand":[1161],"product_cat":[839],"product_tag":[],"woo-feed-brand":[],"class_list":{"0":"post-36581","1":"product","2":"type-product","3":"status-publish","4":"has-post-thumbnail","6":"product_brand-samsung","7":"product_cat-smartwatches","9":"first","10":"instock","11":"taxable","12":"shipping-taxable","13":"purchasable","14":"product-type-simple"},"aioseo_notices":[],"uagb_featured_image_src":{"full":["https:\/\/www.linneelektronik.com\/wp-content\/uploads\/2025\/10\/200632159-355584614-11453-org-1-1.jpg",523,600,false],"thumbnail":["https:\/\/www.linneelektronik.com\/wp-content\/uploads\/2025\/10\/200632159-355584614-11453-org-1-1-150x150.jpg",150,150,true],"medium":["https:\/\/www.linneelektronik.com\/wp-content\/uploads\/2025\/10\/200632159-355584614-11453-org-1-1-262x300.jpg",262,300,true],"medium_large":["https:\/\/www.linneelektronik.com\/wp-content\/uploads\/2025\/10\/200632159-355584614-11453-org-1-1.jpg",523,600,false],"large":["https:\/\/www.linneelektronik.com\/wp-content\/uploads\/2025\/10\/200632159-355584614-11453-org-1-1.jpg",523,600,false],"1536x1536":["https:\/\/www.linneelektronik.com\/wp-content\/uploads\/2025\/10\/200632159-355584614-11453-org-1-1.jpg",523,600,false],"2048x2048":["https:\/\/www.linneelektronik.com\/wp-content\/uploads\/2025\/10\/200632159-355584614-11453-org-1-1.jpg",523,600,false],"woocommerce_thumbnail":["https:\/\/www.linneelektronik.com\/wp-content\/uploads\/2025\/10\/200632159-355584614-11453-org-1-1-247x283.jpg",247,283,true],"woocommerce_single":["https:\/\/www.linneelektronik.com\/wp-content\/uploads\/2025\/10\/200632159-355584614-11453-org-1-1-510x585.jpg",510,585,true],"woocommerce_gallery_thumbnail":["https:\/\/www.linneelektronik.com\/wp-content\/uploads\/2025\/10\/200632159-355584614-11453-org-1-1-100x100.jpg",100,100,true]},"uagb_author_info":{"display_name":"Admin","author_link":"https:\/\/www.linneelektronik.com\/no\/author\/"},"uagb_comment_info":0,"uagb_excerpt":"Merk: Emballasjen \u00e5pnet seg, men produktet er nytt. Samsung Galaxy Watch \u2013 Din smarte f\u00f8lgesvenn for hverdagsliv og trening Samsung Galaxy Watch kombinerer elegant design med smart funksjonalitet for \u00e5 hjelpe deg \u00e5 holde tritt med b\u00e5de helse og hverdag. Enten du er p\u00e5 jobb, trener, eller bare vil holde bedre \u00f8ye med varslene dine,&hellip;","jetpack_sharing_enabled":true,"_links":{"self":[{"href":"https:\/\/www.linneelektronik.com\/no\/wp-json\/wp\/v2\/product\/36581","targetHints":{"allow":["GET"]}}],"collection":[{"href":"https:\/\/www.linneelektronik.com\/no\/wp-json\/wp\/v2\/product"}],"about":[{"href":"https:\/\/www.linneelektronik.com\/no\/wp-json\/wp\/v2\/types\/product"}],"replies":[{"embeddable":true,"href":"https:\/\/www.linneelektronik.com\/no\/wp-json\/wp\/v2\/comments?post=36581"}],"wp:featuredmedia":[{"embeddable":true,"href":"https:\/\/www.linneelektronik.com\/no\/wp-json\/wp\/v2\/media\/36583"}],"wp:attachment":[{"href":"https:\/\/www.linneelektronik.com\/no\/wp-json\/wp\/v2\/media?parent=36581"}],"wp:term":[{"taxonomy":"product_brand","embeddable":true,"href":"https:\/\/www.linneelektronik.com\/no\/wp-json\/wp\/v2\/product_brand?post=36581"},{"taxonomy":"product_cat","embeddable":true,"href":"https:\/\/www.linneelektronik.com\/no\/wp-json\/wp\/v2\/product_cat?post=36581"},{"taxonomy":"product_tag","embeddable":true,"href":"https:\/\/www.linneelektronik.com\/no\/wp-json\/wp\/v2\/product_tag?post=36581"},{"taxonomy":"woo-feed-brand","embeddable":true,"href":"https:\/\/www.linneelektronik.com\/no\/wp-json\/wp\/v2\/woo-feed-brand?post=36581"}],"curies":[{"name":"wp","href":"https:\/\/api.w.org\/{rel}","templated":true}]}}